{"id":16608,"date":"2024-08-06T10:57:00","date_gmt":"2024-08-06T02:57:00","guid":{"rendered":"https:\/\/www.vape4wholesale.com\/?post_type=product&#038;p=16608"},"modified":"2026-01-26T13:40:16","modified_gmt":"2026-01-26T13:40:16","slug":"bang-king-coloor-20000-puffar-dubbel-kristall-engangs-vape-grossist","status":"publish","type":"product","link":"https:\/\/www.vape4wholesale.com\/sv\/product\/bang-king-coloor-20000-puffs-double-crystal-disposable-vape-wholesale","title":{"rendered":"Bang King Coloor 20000 puffar dubbelkristall eng\u00e5ngsvape grossist"},"content":{"rendered":"<p class=\"detail_name themes_products_title\">Bang King Coloor 20000 Double Crystal Vape kommer med smart LED-sk\u00e4rm snygg design, den bygger med 25 ml elv\u00e4tska och med 650mah uppladdningsbart batteri som st\u00f6der upp till 20 000 puffar.<\/p>\n<p>LED-sk\u00e4rmen visar str\u00f6m och elv\u00e4tskeniv\u00e5, 0% 2% 3% 5% nikotin f\u00f6r val.<\/p>\n<p>Bulkbest\u00e4ll v\u00e5rt breda urval 12 smaker av Bang King Coloor 20000 dubbelkristall till b\u00e4sta pris och snabb leverans.<\/p>\n<h2>Bang King Coloor 20000 Puffs Double Crystal Quick Details<\/h2>\n<ul>\n<li>Nikotin:0% 2% 3% 5%<\/li>\n<li>Puffar:20000<\/li>\n<li>Kapacitet:25ml<\/li>\n<li>12 olika smaker tillg\u00e4ngliga<\/li>\n<li>1,0 ohm Mesh-spole<\/li>\n<li>650mah Uppladdningsbar<\/li>\n<li>Led-sk\u00e4rmfunktioner: elv\u00e4tskevisning &amp; str\u00f6mvisning<\/li>\n<li>200 st i en kartong.<\/li>\n<\/ul>\n<h2>Smak\u00e4mnen tillg\u00e4ngliga<\/h2>\n<p>1. surt \u00e4pple hallon<br \/>\n2. persika is<br \/>\n3. blandad frukt<br \/>\n4. jordgubb vattenmelon<br \/>\n5. vattenmelon-is<br \/>\n6. druv-is<br \/>\n7. bl\u00e5b\u00e4rsis<br \/>\n8. Blue Razz<br \/>\n9. jordgubbe mango<br \/>\n10.Kiwi Passionsfrukt Guava<br \/>\n11.Energidryck<br \/>\n12. jordgubbe kiwi<\/p>\n<figure id=\"attachment_16614\" aria-describedby=\"caption-attachment-16614\" style=\"width: 800px\" class=\"wp-caption alignnone\"><img loading=\"lazy\" decoding=\"async\" class=\"wp-image-16614 size-full\" title=\"Bang King Coloor 20000 Puffs Double Crystal Eng\u00e5ngs Vape Partihandel Sour Apple Raspberry\" src=\"https:\/\/www.vape4wholesale.com\/wp-content\/uploads\/2024\/08\/Bang-King-Coloor-20000-Puffs-Double-Crystal-Disposable-Vape-Wholesale-Sour-Apple-Raspberry.webp\" alt=\"Bang King Coloor 20000 Puffs Double Crystal Eng\u00e5ngs Vape Partihandel Sour Apple Raspberry\" width=\"800\" height=\"800\" srcset=\"https:\/\/www.vape4wholesale.com\/wp-content\/uploads\/2024\/08\/Bang-King-Coloor-20000-Puffs-Double-Crystal-Disposable-Vape-Wholesale-Sour-Apple-Raspberry.webp 800w, https:\/\/www.vape4wholesale.com\/wp-content\/uploads\/2024\/08\/Bang-King-Coloor-20000-Puffs-Double-Crystal-Disposable-Vape-Wholesale-Sour-Apple-Raspberry-247x247.webp 247w, https:\/\/www.vape4wholesale.com\/wp-content\/uploads\/2024\/08\/Bang-King-Coloor-20000-Puffs-Double-Crystal-Disposable-Vape-Wholesale-Sour-Apple-Raspberry-100x100.webp 100w, https:\/\/www.vape4wholesale.com\/wp-content\/uploads\/2024\/08\/Bang-King-Coloor-20000-Puffs-Double-Crystal-Disposable-Vape-Wholesale-Sour-Apple-Raspberry-510x510.webp 510w, https:\/\/www.vape4wholesale.com\/wp-content\/uploads\/2024\/08\/Bang-King-Coloor-20000-Puffs-Double-Crystal-Disposable-Vape-Wholesale-Sour-Apple-Raspberry-64x64.webp 64w, https:\/\/www.vape4wholesale.com\/wp-content\/uploads\/2024\/08\/Bang-King-Coloor-20000-Puffs-Double-Crystal-Disposable-Vape-Wholesale-Sour-Apple-Raspberry-300x300.webp 300w, https:\/\/www.vape4wholesale.com\/wp-content\/uploads\/2024\/08\/Bang-King-Coloor-20000-Puffs-Double-Crystal-Disposable-Vape-Wholesale-Sour-Apple-Raspberry-150x150.webp 150w, https:\/\/www.vape4wholesale.com\/wp-content\/uploads\/2024\/08\/Bang-King-Coloor-20000-Puffs-Double-Crystal-Disposable-Vape-Wholesale-Sour-Apple-Raspberry-768x768.webp 768w, https:\/\/www.vape4wholesale.com\/wp-content\/uploads\/2024\/08\/Bang-King-Coloor-20000-Puffs-Double-Crystal-Disposable-Vape-Wholesale-Sour-Apple-Raspberry-12x12.webp 12w\" sizes=\"auto, (max-width: 800px) 100vw, 800px\" \/><figcaption id=\"caption-attachment-16614\" class=\"wp-caption-text\">Bang King Coloor 20000 puffar dubbelkristall eng\u00e5ngsvape grossist<\/figcaption><\/figure>\n<figure id=\"attachment_16615\" aria-describedby=\"caption-attachment-16615\" style=\"width: 800px\" class=\"wp-caption alignnone\"><img loading=\"lazy\" decoding=\"async\" class=\"wp-image-16615 size-full\" title=\"Bang King Coloor 20000 Puffs Double Crystal Eng\u00e5ngs Vape grossistf\u00f6rpackning l\u00e5da\" src=\"https:\/\/www.vape4wholesale.com\/wp-content\/uploads\/2024\/08\/Bang-King-Coloor-20000-Puffs-Double-Crystal-Disposable-Vape-Wholesale-Packing-box.webp\" alt=\"Bang King Coloor 20000 Puffs Double Crystal Eng\u00e5ngs Vape grossistf\u00f6rpackning l\u00e5da\" width=\"800\" height=\"800\" srcset=\"https:\/\/www.vape4wholesale.com\/wp-content\/uploads\/2024\/08\/Bang-King-Coloor-20000-Puffs-Double-Crystal-Disposable-Vape-Wholesale-Packing-box.webp 800w, https:\/\/www.vape4wholesale.com\/wp-content\/uploads\/2024\/08\/Bang-King-Coloor-20000-Puffs-Double-Crystal-Disposable-Vape-Wholesale-Packing-box-247x247.webp 247w, https:\/\/www.vape4wholesale.com\/wp-content\/uploads\/2024\/08\/Bang-King-Coloor-20000-Puffs-Double-Crystal-Disposable-Vape-Wholesale-Packing-box-100x100.webp 100w, https:\/\/www.vape4wholesale.com\/wp-content\/uploads\/2024\/08\/Bang-King-Coloor-20000-Puffs-Double-Crystal-Disposable-Vape-Wholesale-Packing-box-510x510.webp 510w\" sizes=\"auto, (max-width: 800px) 100vw, 800px\" \/><figcaption id=\"caption-attachment-16615\" class=\"wp-caption-text\">Bang King Coloor 20000 Puffs Double Crystal Eng\u00e5ngsf\u00f6rpackning f\u00f6r Vape F\u00f6rpackningsl\u00e5da<\/figcaption><\/figure>\n<h2>VARF\u00d6R OSS?<\/h2>\r\n<ul>\r\n<li>Verklig, p\u00e5litlig och professionell vape-k\u00e4lla.<\/li>\r\n<li>100% \u00e4kta garanti: Vi tillhandah\u00e5ller endast original- och \u00e4kta produkter, v\u00e4grar f\u00f6rfalskning.<\/li>\r\n<li>100% Leveransgaranti: Vi anv\u00e4nder den b\u00e4sta fraktmetoden f\u00f6r att s\u00e4kerst\u00e4lla att du f\u00e5r best\u00e4llningen 100%.<\/li>\r\n<li>Vi kommer att ge dig sp\u00e5rningsnumret och fraktetiketten efter leverans och sp\u00e5ra varorna \u00e5t dig tills du kvitterar ut dem.<\/li>\r\n<li>Inga tullproblem, inga tullar<\/li>\r\n<\/ul>","protected":false},"excerpt":{"rendered":"<div class=\"wsppc_div_block woocommerce_before_add_to_cart_form\">\r\n<p><strong><span style=\"color: #00a859;\">Clear customs<\/span> before delivery &amp; 100% Delivery Guarantee, Delivery in 19~25 days around.\u00a0<\/strong><\/p>\r\n<\/div>","protected":false},"featured_media":16618,"comment_status":"open","ping_status":"closed","template":"","meta":[],"pwb-brand":[1275],"product_cat":[873],"product_tag":[692,794,22,24,249],"class_list":{"0":"post-16608","1":"product","2":"type-product","3":"status-publish","4":"has-post-thumbnail","6":"pwb-brand-bang","7":"product_cat-above-20k-puffs","8":"product_tag-25-0ml","9":"product_tag-20000-puffs","10":"product_tag-disposable","11":"product_tag-wholesale","12":"product_tag-bang","13":"wcpa_has_options","15":"first","16":"instock","17":"shipping-taxable","18":"purchasable","19":"product-type-variable"},"aioseo_notices":[],"brands":[{"id":1275,"name":"Pang","slug":"bang"}],"_links":{"self":[{"href":"https:\/\/www.vape4wholesale.com\/sv\/wp-json\/wp\/v2\/product\/16608","targetHints":{"allow":["GET"]}}],"collection":[{"href":"https:\/\/www.vape4wholesale.com\/sv\/wp-json\/wp\/v2\/product"}],"about":[{"href":"https:\/\/www.vape4wholesale.com\/sv\/wp-json\/wp\/v2\/types\/product"}],"replies":[{"embeddable":true,"href":"https:\/\/www.vape4wholesale.com\/sv\/wp-json\/wp\/v2\/comments?post=16608"}],"wp:featuredmedia":[{"embeddable":true,"href":"https:\/\/www.vape4wholesale.com\/sv\/wp-json\/wp\/v2\/media\/16618"}],"wp:attachment":[{"href":"https:\/\/www.vape4wholesale.com\/sv\/wp-json\/wp\/v2\/media?parent=16608"}],"wp:term":[{"taxonomy":"pwb-brand","embeddable":true,"href":"https:\/\/www.vape4wholesale.com\/sv\/wp-json\/wp\/v2\/pwb-brand?post=16608"},{"taxonomy":"product_cat","embeddable":true,"href":"https:\/\/www.vape4wholesale.com\/sv\/wp-json\/wp\/v2\/product_cat?post=16608"},{"taxonomy":"product_tag","embeddable":true,"href":"https:\/\/www.vape4wholesale.com\/sv\/wp-json\/wp\/v2\/product_tag?post=16608"}],"curies":[{"name":"wp","href":"https:\/\/api.w.org\/{rel}","templated":true}]}}