{"id":16538,"date":"2024-08-01T08:35:00","date_gmt":"2024-08-01T00:35:00","guid":{"rendered":"https:\/\/www.vape4wholesale.com\/?post_type=product&#038;p=16538"},"modified":"2026-01-26T13:40:18","modified_gmt":"2026-01-26T13:40:18","slug":"bang-king-25000-engangs-vape-grossist","status":"publish","type":"product","link":"https:\/\/www.vape4wholesale.com\/sv\/product\/bang-king-25000-disposable-vape-wholesale","title":{"rendered":"Bang King 25000 eng\u00e5ngsvape grossist"},"content":{"rendered":"<p>Bang King 25000 \u00e4r utformad f\u00f6r vapers som s\u00f6ker exceptionell prestanda och bekv\u00e4mlighet. som st\u00f6der upp till 25 000 puffar och med dubbla 23 ml pods. Finns i 2% och 5% nikotin. Dual pod-system f\u00f6r minskar koluppbyggnad och \u00e5terst\u00e4ller smak. med Type-C-laddning.<\/p>\n<p>V\u00e4lj mellan nikotinalternativen 0%, 2%, 3% eller 5% och njut av mjuka bloss med mesh-spolen p\u00e5 1,0 ohm. Typ-C-laddningsporten garanterar snabb laddning och 12 l\u00e4ckra smaker finns tillg\u00e4ngliga.<\/p>\n<p>Bulkorder v\u00e5rt breda urval 12 smaker av Bang King 25000 med snabb frakt och b\u00e4sta pris.<\/p>\n<h2><strong>Bang King 25000 eng\u00e5ngsvape <\/strong><strong>Funktioner<\/strong><\/h2>\n<ul>\n<li>Puffar: 25000 puffar<\/li>\n<li>Batteri: 650mah uppladdningsbart<\/li>\n<li>23 mL f\u00f6rfylld e-juice (2 PODS, 11,5 ml + 11,5 ml)<\/li>\n<li>0%, 2%, 3%, 5% Nikotinhalt<\/li>\n<li>1,0 ohm Mesh-spole<\/li>\n<li>Typ C-laddningsport<\/li>\n<li>12 smaker tillg\u00e4ngliga<\/li>\n<\/ul>\n<h2><strong>Smaklista<\/strong><\/h2>\n<ol>\n<li>Blue Razz Ice<\/li>\n<li>Juicy Peach Ice<\/li>\n<li>Jordgubbar Vattenmelon<\/li>\n<li>Vattenmelon-is<\/li>\n<li>Jordgubbar Bananer<\/li>\n<li>Sur \u00e4pple-is<\/li>\n<li>Trippelb\u00e4rsis<\/li>\n<li>Tropisk frukt<\/li>\n<li>K\u00f6rsb\u00e4rsbomb<\/li>\n<li>Grape Ice<\/li>\n<li>Persika Mango<\/li>\n<li>Jordgubb Mango<\/li>\n<\/ol>\n<figure id=\"attachment_16589\" aria-describedby=\"caption-attachment-16589\" style=\"width: 800px\" class=\"wp-caption alignnone\"><img loading=\"lazy\" decoding=\"async\" class=\"size-full wp-image-16589\" title=\"Bang King 25000 puffar eng\u00e5ngsvape grossist TROPICAL FRUIT\" src=\"https:\/\/www.vape4wholesale.com\/wp-content\/uploads\/2024\/08\/Bang-King-25000-Puffs-Disposable-Vape-Wholesale-TROPICAL-FRUIT.jpg\" alt=\"Bang King 25000 puffar eng\u00e5ngsvape grossist TROPICAL FRUIT\" width=\"800\" height=\"800\" srcset=\"https:\/\/www.vape4wholesale.com\/wp-content\/uploads\/2024\/08\/Bang-King-25000-Puffs-Disposable-Vape-Wholesale-TROPICAL-FRUIT.jpg 800w, https:\/\/www.vape4wholesale.com\/wp-content\/uploads\/2024\/08\/Bang-King-25000-Puffs-Disposable-Vape-Wholesale-TROPICAL-FRUIT-247x247.jpg 247w, https:\/\/www.vape4wholesale.com\/wp-content\/uploads\/2024\/08\/Bang-King-25000-Puffs-Disposable-Vape-Wholesale-TROPICAL-FRUIT-100x100.jpg 100w, https:\/\/www.vape4wholesale.com\/wp-content\/uploads\/2024\/08\/Bang-King-25000-Puffs-Disposable-Vape-Wholesale-TROPICAL-FRUIT-510x510.jpg 510w, https:\/\/www.vape4wholesale.com\/wp-content\/uploads\/2024\/08\/Bang-King-25000-Puffs-Disposable-Vape-Wholesale-TROPICAL-FRUIT-64x64.jpg 64w, https:\/\/www.vape4wholesale.com\/wp-content\/uploads\/2024\/08\/Bang-King-25000-Puffs-Disposable-Vape-Wholesale-TROPICAL-FRUIT-300x300.jpg 300w, https:\/\/www.vape4wholesale.com\/wp-content\/uploads\/2024\/08\/Bang-King-25000-Puffs-Disposable-Vape-Wholesale-TROPICAL-FRUIT-150x150.jpg 150w, https:\/\/www.vape4wholesale.com\/wp-content\/uploads\/2024\/08\/Bang-King-25000-Puffs-Disposable-Vape-Wholesale-TROPICAL-FRUIT-768x768.jpg 768w, https:\/\/www.vape4wholesale.com\/wp-content\/uploads\/2024\/08\/Bang-King-25000-Puffs-Disposable-Vape-Wholesale-TROPICAL-FRUIT-12x12.jpg 12w\" sizes=\"auto, (max-width: 800px) 100vw, 800px\" \/><figcaption id=\"caption-attachment-16589\" class=\"wp-caption-text\">Bang King 25000 Puffs Eng\u00e5ngs Vape Partihandel<\/figcaption><\/figure>\n<h2>VARF\u00d6R OSS?<\/h2>\r\n<ul>\r\n<li>Verklig, p\u00e5litlig och professionell vape-k\u00e4lla.<\/li>\r\n<li>100% \u00e4kta garanti: Vi tillhandah\u00e5ller endast original- och \u00e4kta produkter, v\u00e4grar f\u00f6rfalskning.<\/li>\r\n<li>100% Leveransgaranti: Vi anv\u00e4nder den b\u00e4sta fraktmetoden f\u00f6r att s\u00e4kerst\u00e4lla att du f\u00e5r best\u00e4llningen 100%.<\/li>\r\n<li>Vi kommer att ge dig sp\u00e5rningsnumret och fraktetiketten efter leverans och sp\u00e5ra varorna \u00e5t dig tills du kvitterar ut dem.<\/li>\r\n<li>Inga tullproblem, inga tullar<\/li>\r\n<\/ul>","protected":false},"excerpt":{"rendered":"<div class=\"wsppc_div_block woocommerce_before_add_to_cart_form\">\r\n<p><strong><span style=\"color: #00a859;\">Clear customs<\/span> before delivery &amp; 100% Delivery Guarantee, Delivery in 19~25 days around.\u00a0<\/strong><\/p>\r\n<\/div>","protected":false},"featured_media":16579,"comment_status":"open","ping_status":"closed","template":"","meta":[],"pwb-brand":[1275],"product_cat":[873],"product_tag":[22,24,249,557,915],"class_list":{"0":"post-16538","1":"product","2":"type-product","3":"status-publish","4":"has-post-thumbnail","6":"pwb-brand-bang","7":"product_cat-above-20k-puffs","8":"product_tag-disposable","9":"product_tag-wholesale","10":"product_tag-bang","11":"product_tag-23-0ml","12":"product_tag-25000-puffs","13":"wcpa_has_options","15":"first","16":"instock","17":"featured","18":"shipping-taxable","19":"purchasable","20":"product-type-variable"},"aioseo_notices":[],"brands":[{"id":1275,"name":"Pang","slug":"bang"}],"_links":{"self":[{"href":"https:\/\/www.vape4wholesale.com\/sv\/wp-json\/wp\/v2\/product\/16538","targetHints":{"allow":["GET"]}}],"collection":[{"href":"https:\/\/www.vape4wholesale.com\/sv\/wp-json\/wp\/v2\/product"}],"about":[{"href":"https:\/\/www.vape4wholesale.com\/sv\/wp-json\/wp\/v2\/types\/product"}],"replies":[{"embeddable":true,"href":"https:\/\/www.vape4wholesale.com\/sv\/wp-json\/wp\/v2\/comments?post=16538"}],"wp:featuredmedia":[{"embeddable":true,"href":"https:\/\/www.vape4wholesale.com\/sv\/wp-json\/wp\/v2\/media\/16579"}],"wp:attachment":[{"href":"https:\/\/www.vape4wholesale.com\/sv\/wp-json\/wp\/v2\/media?parent=16538"}],"wp:term":[{"taxonomy":"pwb-brand","embeddable":true,"href":"https:\/\/www.vape4wholesale.com\/sv\/wp-json\/wp\/v2\/pwb-brand?post=16538"},{"taxonomy":"product_cat","embeddable":true,"href":"https:\/\/www.vape4wholesale.com\/sv\/wp-json\/wp\/v2\/product_cat?post=16538"},{"taxonomy":"product_tag","embeddable":true,"href":"https:\/\/www.vape4wholesale.com\/sv\/wp-json\/wp\/v2\/product_tag?post=16538"}],"curies":[{"name":"wp","href":"https:\/\/api.w.org\/{rel}","templated":true}]}}