{"id":16512,"date":"2024-07-31T23:32:00","date_gmt":"2024-07-31T15:32:00","guid":{"rendered":"https:\/\/www.vape4wholesale.com\/?post_type=product&#038;p=16512"},"modified":"2026-01-26T13:40:20","modified_gmt":"2026-01-26T13:40:20","slug":"bang-30000-puffar-engangs-vape-grossist-3","status":"publish","type":"product","link":"https:\/\/www.vape4wholesale.com\/sv\/produkt\/bang-30000-puffar-engangs-vape-grossist-3","title":{"rendered":"Bang King Coloor 30000 Puffs Eng\u00e5ngs Vape Partihandel"},"content":{"rendered":"<p>Bang King Coloor 30000 Puffs har en design med dubbel smak som syftar till en exceptionell vapingupplevelse, den \u00e4r utrustad med 1.0ohm mesh coil och inneh\u00e5ller 36 ml e-juice.<\/p>\n<p>Finns i nikotinstyrkorna 0%, 2%, 3% och 5%, vilket tillgodoser olika preferenser och behov. Det uppladdningsbara 550mAh-batteriet med Type-C-laddningsst\u00f6d s\u00e4kerst\u00e4ller att du snabbt och effektivt kan ladda din vape, s\u00e5 att den alltid \u00e4r redo att anv\u00e4ndas.<\/p>\n<p>TheBang 30000 Puffs \u00e4r utformad f\u00f6r b\u00e5de nyb\u00f6rjare och erfarna vapers och kombinerar h\u00f6g kapacitet, anv\u00e4ndarv\u00e4nlighet och avancerad teknik. Dess exceptionella smakleverans och anv\u00e4ndarv\u00e4nliga design g\u00f6r det till ett premiumval p\u00e5 vapingmarknaden. f\u00e5 det b\u00e4sta grossistpriset och snabb leverans fr\u00e5n Vape4Wholesale<\/p>\n<h2><strong>Bang King Coloor 30000 Puffs Funktioner<\/strong><\/h2>\n<ul>\n<li>Puffar: Upp till 30000 puffar<\/li>\n<li>K\u00e4rna: Mesh-spole 1,0 ohm<\/li>\n<li>E-v\u00e4tska: 36ml<\/li>\n<li>Nikotin: 0%\/ 2%\/ 3%\/ 5%<\/li>\n<li>Batteri: 550 mAh<\/li>\n<li>Uppladdningsbar: Typ C<\/li>\n<li>LCD Digital Display<\/li>\n<li>Dubbel smak<\/li>\n<li>Bang 30000 puffar<\/li>\n<\/ul>\n<h2><strong>Smaklista<\/strong><\/h2>\n<ul>\n<li>Vattenmelon Ice &amp; Bl\u00e5b\u00e4r Mint<\/li>\n<li>Vattenmelon Ice &amp; Jordgubbar och Mango<\/li>\n<li>Jordgubb Vattenmelon &amp; Kiwi Passionsfrukt Guava<\/li>\n<li>Jordgubbs- och vattenmelon- och druvis<\/li>\n<li>Bl\u00e5b\u00e4rsis &amp; Svart drakis<\/li>\n<li>Bl\u00e5b\u00e4rsis &amp; jordgubb och banan<\/li>\n<li>Red Bull &amp; bl\u00e5b\u00e4rsvattenmelon<\/li>\n<li>Red Bull &amp; vattenmelon bubbelgodis<\/li>\n<li>Bl\u00e5b\u00e4r Hallon &amp; Persika Mango Vattenmelon<\/li>\n<li>Bl\u00e5b\u00e4r Hallon &amp; Blandad m\u00f6glig frukt<\/li>\n<li>Jordgubb Kiwi &amp; Persika Is<\/li>\n<li>Jordgubb Kiwi &amp; Surt \u00e4pple Hallon<\/li>\n<\/ul>\n<figure id=\"attachment_16526\" aria-describedby=\"caption-attachment-16526\" style=\"width: 800px\" class=\"wp-caption alignnone\"><img loading=\"lazy\" decoding=\"async\" class=\"wp-image-16526 size-full\" title=\"Bang King Coloor 30000 Puffs Eng\u00e5ngs Vape Partihandel (2)\" src=\"https:\/\/www.vape4wholesale.com\/wp-content\/uploads\/2024\/07\/Bang-King-Coloor-30000-Puffs-Disposable-Vape-Wholesale-2.jpg\" alt=\"Bang King Coloor 30000 Puffs Eng\u00e5ngs Vape Partihandel (2)\" width=\"800\" height=\"800\" srcset=\"https:\/\/www.vape4wholesale.com\/wp-content\/uploads\/2024\/07\/Bang-King-Coloor-30000-Puffs-Disposable-Vape-Wholesale-2.jpg 800w, https:\/\/www.vape4wholesale.com\/wp-content\/uploads\/2024\/07\/Bang-King-Coloor-30000-Puffs-Disposable-Vape-Wholesale-2-247x247.jpg 247w, https:\/\/www.vape4wholesale.com\/wp-content\/uploads\/2024\/07\/Bang-King-Coloor-30000-Puffs-Disposable-Vape-Wholesale-2-100x100.jpg 100w, https:\/\/www.vape4wholesale.com\/wp-content\/uploads\/2024\/07\/Bang-King-Coloor-30000-Puffs-Disposable-Vape-Wholesale-2-510x510.jpg 510w\" sizes=\"auto, (max-width: 800px) 100vw, 800px\" \/><figcaption id=\"caption-attachment-16526\" class=\"wp-caption-text\">Bang King Coloor 30000 Puffs Eng\u00e5ngs Vape Partihandel<\/figcaption><\/figure>\n<p><img loading=\"lazy\" decoding=\"async\" class=\"alignnone size-full wp-image-16527\" title=\"Bang King Coloor 30000 Puffs Eng\u00e5ngs Vape Partihandel (3)\" src=\"https:\/\/www.vape4wholesale.com\/wp-content\/uploads\/2024\/07\/Bang-King-Coloor-30000-Puffs-Disposable-Vape-Wholesale-3.jpg\" alt=\"Bang King Coloor 30000 Puffs Eng\u00e5ngs Vape Partihandel (3)\" width=\"800\" height=\"800\" srcset=\"https:\/\/www.vape4wholesale.com\/wp-content\/uploads\/2024\/07\/Bang-King-Coloor-30000-Puffs-Disposable-Vape-Wholesale-3.jpg 800w, https:\/\/www.vape4wholesale.com\/wp-content\/uploads\/2024\/07\/Bang-King-Coloor-30000-Puffs-Disposable-Vape-Wholesale-3-247x247.jpg 247w, https:\/\/www.vape4wholesale.com\/wp-content\/uploads\/2024\/07\/Bang-King-Coloor-30000-Puffs-Disposable-Vape-Wholesale-3-100x100.jpg 100w, https:\/\/www.vape4wholesale.com\/wp-content\/uploads\/2024\/07\/Bang-King-Coloor-30000-Puffs-Disposable-Vape-Wholesale-3-510x510.jpg 510w\" sizes=\"auto, (max-width: 800px) 100vw, 800px\" \/><\/p>\n<h2>VARF\u00d6R OSS?<\/h2>\r\n<ul>\r\n<li>Verklig, p\u00e5litlig och professionell vape-k\u00e4lla.<\/li>\r\n<li>100% \u00e4kta garanti: Vi tillhandah\u00e5ller endast original- och \u00e4kta produkter, v\u00e4grar f\u00f6rfalskning.<\/li>\r\n<li>100% Leveransgaranti: Vi anv\u00e4nder den b\u00e4sta fraktmetoden f\u00f6r att s\u00e4kerst\u00e4lla att du f\u00e5r best\u00e4llningen 100%.<\/li>\r\n<li>Vi kommer att ge dig sp\u00e5rningsnumret och fraktetiketten efter leverans och sp\u00e5ra varorna \u00e5t dig tills du kvitterar ut dem.<\/li>\r\n<li>Inga tullproblem, inga tullar<\/li>\r\n<\/ul>","protected":false},"excerpt":{"rendered":"<div class=\"wsppc_div_block woocommerce_before_add_to_cart_form\">\r\n<p><strong><span style=\"color: #00a859;\">Clear customs<\/span> before delivery &amp; 100% Delivery Guarantee, Delivery in 19~25 days around.\u00a0<\/strong><\/p>\r\n<\/div>","protected":false},"featured_media":16537,"comment_status":"open","ping_status":"closed","template":"","meta":[],"pwb-brand":[1275],"product_cat":[873],"product_tag":[22,24,249,849,850],"class_list":{"0":"post-16512","1":"product","2":"type-product","3":"status-publish","4":"has-post-thumbnail","6":"pwb-brand-bang","7":"product_cat-above-20k-puffs","8":"product_tag-disposable","9":"product_tag-wholesale","10":"product_tag-bang","11":"product_tag-36-0ml","12":"product_tag-30000-puffs","13":"wcpa_has_options","15":"first","16":"instock","17":"shipping-taxable","18":"purchasable","19":"product-type-variable"},"aioseo_notices":[],"brands":[{"id":1275,"name":"Pang","slug":"bang"}],"_links":{"self":[{"href":"https:\/\/www.vape4wholesale.com\/sv\/wp-json\/wp\/v2\/product\/16512","targetHints":{"allow":["GET"]}}],"collection":[{"href":"https:\/\/www.vape4wholesale.com\/sv\/wp-json\/wp\/v2\/product"}],"about":[{"href":"https:\/\/www.vape4wholesale.com\/sv\/wp-json\/wp\/v2\/types\/product"}],"replies":[{"embeddable":true,"href":"https:\/\/www.vape4wholesale.com\/sv\/wp-json\/wp\/v2\/comments?post=16512"}],"wp:featuredmedia":[{"embeddable":true,"href":"https:\/\/www.vape4wholesale.com\/sv\/wp-json\/wp\/v2\/media\/16537"}],"wp:attachment":[{"href":"https:\/\/www.vape4wholesale.com\/sv\/wp-json\/wp\/v2\/media?parent=16512"}],"wp:term":[{"taxonomy":"pwb-brand","embeddable":true,"href":"https:\/\/www.vape4wholesale.com\/sv\/wp-json\/wp\/v2\/pwb-brand?post=16512"},{"taxonomy":"product_cat","embeddable":true,"href":"https:\/\/www.vape4wholesale.com\/sv\/wp-json\/wp\/v2\/product_cat?post=16512"},{"taxonomy":"product_tag","embeddable":true,"href":"https:\/\/www.vape4wholesale.com\/sv\/wp-json\/wp\/v2\/product_tag?post=16512"}],"curies":[{"name":"wp","href":"https:\/\/api.w.org\/{rel}","templated":true}]}}