{"id":16486,"date":"2024-07-30T21:08:00","date_gmt":"2024-07-30T13:08:00","guid":{"rendered":"https:\/\/www.vape4wholesale.com\/?post_type=product&#038;p=16486"},"modified":"2026-01-26T13:40:22","modified_gmt":"2026-01-26T13:40:22","slug":"bang-25000-puffar-engangs-vape-grossist","status":"publish","type":"product","link":"https:\/\/www.vape4wholesale.com\/sv\/product\/bang-25000-puffs-disposable-vape-wholesale","title":{"rendered":"Bang 25000 Puffs Eng\u00e5ngs Vape Partihandel"},"content":{"rendered":"<p>Bang 25000 \u00e4r en fin designad eng\u00e5ngsvape med batteri och e-juice niv\u00e5 display, och den bygger med 650mAh uppladdningsbart batteri ocks\u00e5 med 25 ml elv\u00e4tska, som st\u00f6der upp till 25000 puffar.<\/p>\n<p>Bulkorder v\u00e5rt breda urval av 10 smaker av Bang 25000 disaposable vape med b\u00e4sta pris och snabb leverans<\/p>\n<h2><strong>Bang 25000 Puffs Eng\u00e5ngs Vape Detaljer:<\/strong><\/h2>\n<ul>\n<li>650mah uppladdningsbart batteri<\/li>\n<li>25 ml f\u00f6rfylld e-juice<\/li>\n<li>0\/2\/3\/5% nikotinstyrka<\/li>\n<li>N\u00e5 upp till 25000 puffar<\/li>\n<li>1,0 ohm mesh-spole<\/li>\n<li>Typ C-laddningsport<\/li>\n<\/ul>\n<h2><strong>Bang 25000 Puffs Valfria smaker:<\/strong><\/h2>\n<ul>\n<li>Bl\u00e5b\u00e4rsis<\/li>\n<li>Bl\u00e5b\u00e4r Hallon<\/li>\n<li>Bl\u00e5b\u00e4r Mint<\/li>\n<li>Grape Ice<\/li>\n<li>Jordgubbar Vattenmelon<\/li>\n<li>Jordgubb Kiwi<\/li>\n<li>Vattenmelonbubbel Tuggummi<\/li>\n<li>Tigerblod<\/li>\n<li>Vattenmelon-is<\/li>\n<li>Jordgubbsis<\/li>\n<li>Mango Persika<\/li>\n<li>Mixa frukt<\/li>\n<\/ul>\n<figure id=\"attachment_16498\" aria-describedby=\"caption-attachment-16498\" style=\"width: 800px\" class=\"wp-caption alignnone\"><img loading=\"lazy\" decoding=\"async\" class=\"size-full wp-image-16498\" title=\"Bang 25000 Puffs Eng\u00e5ngs Vape grossist Tiger blod\" src=\"https:\/\/www.vape4wholesale.com\/wp-content\/uploads\/2024\/07\/Bang-25000-Puffs-Disposable-Vape-Wholesale-Tiger-blood.jpg\" alt=\"Bang 25000 Puffs Eng\u00e5ngs Vape grossist Tiger blod\" width=\"800\" height=\"800\" srcset=\"https:\/\/www.vape4wholesale.com\/wp-content\/uploads\/2024\/07\/Bang-25000-Puffs-Disposable-Vape-Wholesale-Tiger-blood.jpg 800w, https:\/\/www.vape4wholesale.com\/wp-content\/uploads\/2024\/07\/Bang-25000-Puffs-Disposable-Vape-Wholesale-Tiger-blood-247x247.jpg 247w, https:\/\/www.vape4wholesale.com\/wp-content\/uploads\/2024\/07\/Bang-25000-Puffs-Disposable-Vape-Wholesale-Tiger-blood-100x100.jpg 100w, https:\/\/www.vape4wholesale.com\/wp-content\/uploads\/2024\/07\/Bang-25000-Puffs-Disposable-Vape-Wholesale-Tiger-blood-510x510.jpg 510w, https:\/\/www.vape4wholesale.com\/wp-content\/uploads\/2024\/07\/Bang-25000-Puffs-Disposable-Vape-Wholesale-Tiger-blood-64x64.jpg 64w, https:\/\/www.vape4wholesale.com\/wp-content\/uploads\/2024\/07\/Bang-25000-Puffs-Disposable-Vape-Wholesale-Tiger-blood-300x300.jpg 300w, https:\/\/www.vape4wholesale.com\/wp-content\/uploads\/2024\/07\/Bang-25000-Puffs-Disposable-Vape-Wholesale-Tiger-blood-150x150.jpg 150w, https:\/\/www.vape4wholesale.com\/wp-content\/uploads\/2024\/07\/Bang-25000-Puffs-Disposable-Vape-Wholesale-Tiger-blood-768x768.jpg 768w, https:\/\/www.vape4wholesale.com\/wp-content\/uploads\/2024\/07\/Bang-25000-Puffs-Disposable-Vape-Wholesale-Tiger-blood-12x12.jpg 12w\" sizes=\"auto, (max-width: 800px) 100vw, 800px\" \/><figcaption id=\"caption-attachment-16498\" class=\"wp-caption-text\">Bang 25000 Puffs Eng\u00e5ngs Vape Partihandel<\/figcaption><\/figure>\n<h2>VARF\u00d6R OSS?<\/h2>\r\n<ul>\r\n<li>Verklig, p\u00e5litlig och professionell vape-k\u00e4lla.<\/li>\r\n<li>100% \u00e4kta garanti: Vi tillhandah\u00e5ller endast original- och \u00e4kta produkter, v\u00e4grar f\u00f6rfalskning.<\/li>\r\n<li>100% Leveransgaranti: Vi anv\u00e4nder den b\u00e4sta fraktmetoden f\u00f6r att s\u00e4kerst\u00e4lla att du f\u00e5r best\u00e4llningen 100%.<\/li>\r\n<li>Vi kommer att ge dig sp\u00e5rningsnumret och fraktetiketten efter leverans och sp\u00e5ra varorna \u00e5t dig tills du kvitterar ut dem.<\/li>\r\n<li>Inga tullproblem, inga tullar<\/li>\r\n<\/ul>","protected":false},"excerpt":{"rendered":"<div class=\"wsppc_div_block woocommerce_before_add_to_cart_form\">\r\n<p><strong><span style=\"color: #00a859;\">Klarera tullen<\/span> f\u00f6re leverans &amp; 100% Leveransgaranti, Leverans p\u00e5 cirka 19\u201325 dagar.\u00a0<\/strong><\/p>\r\n<\/div>","protected":false},"featured_media":16492,"comment_status":"open","ping_status":"closed","template":"","meta":[],"pwb-brand":[1275],"product_cat":[873],"product_tag":[22,24,249,692,915],"class_list":{"0":"post-16486","1":"product","2":"type-product","3":"status-publish","4":"has-post-thumbnail","6":"pwb-brand-bang","7":"product_cat-above-20k-puffs","8":"product_tag-disposable","9":"product_tag-wholesale","10":"product_tag-bang","11":"product_tag-25-0ml","12":"product_tag-25000-puffs","13":"wcpa_has_options","15":"first","16":"instock","17":"featured","18":"shipping-taxable","19":"purchasable","20":"product-type-variable"},"aioseo_notices":[],"brands":[{"id":1275,"name":"Pang","slug":"bang"}],"_links":{"self":[{"href":"https:\/\/www.vape4wholesale.com\/sv\/wp-json\/wp\/v2\/product\/16486","targetHints":{"allow":["GET"]}}],"collection":[{"href":"https:\/\/www.vape4wholesale.com\/sv\/wp-json\/wp\/v2\/product"}],"about":[{"href":"https:\/\/www.vape4wholesale.com\/sv\/wp-json\/wp\/v2\/types\/product"}],"replies":[{"embeddable":true,"href":"https:\/\/www.vape4wholesale.com\/sv\/wp-json\/wp\/v2\/comments?post=16486"}],"wp:featuredmedia":[{"embeddable":true,"href":"https:\/\/www.vape4wholesale.com\/sv\/wp-json\/wp\/v2\/media\/16492"}],"wp:attachment":[{"href":"https:\/\/www.vape4wholesale.com\/sv\/wp-json\/wp\/v2\/media?parent=16486"}],"wp:term":[{"taxonomy":"pwb-brand","embeddable":true,"href":"https:\/\/www.vape4wholesale.com\/sv\/wp-json\/wp\/v2\/pwb-brand?post=16486"},{"taxonomy":"product_cat","embeddable":true,"href":"https:\/\/www.vape4wholesale.com\/sv\/wp-json\/wp\/v2\/product_cat?post=16486"},{"taxonomy":"product_tag","embeddable":true,"href":"https:\/\/www.vape4wholesale.com\/sv\/wp-json\/wp\/v2\/product_tag?post=16486"}],"curies":[{"name":"wp","href":"https:\/\/api.w.org\/{rel}","templated":true}]}}