{"id":16414,"date":"2024-07-23T14:13:00","date_gmt":"2024-07-23T06:13:00","guid":{"rendered":"https:\/\/www.vape4wholesale.com\/?post_type=product&#038;p=16414"},"modified":"2026-02-02T07:02:18","modified_gmt":"2026-02-02T07:02:18","slug":"vapsolo-viking-12000-puffar-engangs-vape-grossist-2","status":"publish","type":"product","link":"https:\/\/www.vape4wholesale.com\/sv\/produkt\/vapsolo-viking-12000-puffar-engangs-vape-grossist-2","title":{"rendered":"Vapsolo Viking 12000 Puffs Eng\u00e5ngs Vape Partihandel"},"content":{"rendered":"<p>Den <a href=\"\/sv\/produkt_varumarke\/vapsolo\/\">VapSolo<\/a> Viking 12000 \u00e4r en unikt designad eng\u00e5ngsvape som levereras med mesh-spole, f\u00f6rfylld 22 ml e-juice och med 650mAh typ-c uppladdningsbart batteri. Med sin 4-stegs luftfl\u00f6deshanteringskontroll och med LCD-sk\u00e4rm kan du se \u00e5terst\u00e5ende batteri- och elv\u00e4tskekapacitet.<\/p>\n<p>Bulkbest\u00e4ll v\u00e5rt breda urval av 15 smaker av Vapsolo Viking 12000 eng\u00e5ngs vape med b\u00e4sta pris och snabb leverans.<\/p>\n<div>\n<h2>Vapsolo Viking 12000 Puffs Eng\u00e5ngs Vape Quick Detail<\/h2>\n<ul>\n<li>Puff: Upp till 12000 puffar<\/li>\n<li>V\u00e4tska: 22 mL f\u00f6rfylld<\/li>\n<li>Nikotin: 2%\/5%<\/li>\n<li>Batteri: 650mAh uppladdningsbart<\/li>\n<li>K\u00e4rnan: N\u00e4tspole 1,0 \u03a9<\/li>\n<li>F\u00f6rfylld +Mesh-spiral*2<\/li>\n<li>Uppladdningsbar, typ C-laddningsport<\/li>\n<li>Luftfl\u00f6deskontroll: 4 niv\u00e5er<\/li>\n<li>Visning av str\u00f6m och e-juice<\/li>\n<\/ul>\n<\/div>\n<div>\n<div class=\"wmkc-template-12\">\n<h2 class=\"wmkc-white\">Tillg\u00e4ngliga smaker<\/h2>\n<\/div>\n<ol>\n<li>Bl\u00e5b\u00e4r Hallon<\/li>\n<li>Bl\u00e5b\u00e4r<\/li>\n<li>Fizzy Cherry<\/li>\n<li>Vattenmelon-is<\/li>\n<li>Jordgubb Kiwi<\/li>\n<li>Jordgubbar Vattenmelon<\/li>\n<li>Sommardr\u00f6m<\/li>\n<li>Bl\u00e5b\u00e4r K\u00f6rsb\u00e4r Tranb\u00e4r<\/li>\n<li>Citron Lime<\/li>\n<li>Gummibj\u00f6rn<\/li>\n<li>Jordgubbar Bananer<\/li>\n<li>F\u00e4rsk mynta<\/li>\n<li>Jordgubbs-hallon-is<\/li>\n<li>Citron Persika<\/li>\n<li>Red Apple Ice<\/li>\n<\/ol>\n<\/div>\n<h2>F\u00f6rpackningsdetaljer:<\/h2>\n<ul>\n<li>200 st\/ctn;10 st\/l\u00e5da<\/li>\n<li>Vikt: 85 g\/st<\/li>\n<li>18,6kg\/ctn<\/li>\n<li>Kartongstorlek: 44 * 43 * 26.5CM<\/li>\n<\/ul>\n<figure id=\"attachment_16422\" aria-describedby=\"caption-attachment-16422\" style=\"width: 800px\" class=\"wp-caption alignnone\"><img loading=\"lazy\" decoding=\"async\" class=\"size-full wp-image-16422\" title=\"Vapsolo Viking 12000 Puffs Eng\u00e5ngs Vape Partihandel Citron Persika\" src=\"https:\/\/www.vape4wholesale.com\/wp-content\/uploads\/2024\/07\/Vapsolo-Viking-12000-Puffs-Disposable-Vape-Wholesale-Lemon-Peach.jpg\" alt=\"Vapsolo Viking 12000 Puffs Eng\u00e5ngs Vape Partihandel Citron Persika\" width=\"800\" height=\"800\" srcset=\"https:\/\/www.vape4wholesale.com\/wp-content\/uploads\/2024\/07\/Vapsolo-Viking-12000-Puffs-Disposable-Vape-Wholesale-Lemon-Peach.jpg 800w, https:\/\/www.vape4wholesale.com\/wp-content\/uploads\/2024\/07\/Vapsolo-Viking-12000-Puffs-Disposable-Vape-Wholesale-Lemon-Peach-247x247.jpg 247w, https:\/\/www.vape4wholesale.com\/wp-content\/uploads\/2024\/07\/Vapsolo-Viking-12000-Puffs-Disposable-Vape-Wholesale-Lemon-Peach-100x100.jpg 100w, https:\/\/www.vape4wholesale.com\/wp-content\/uploads\/2024\/07\/Vapsolo-Viking-12000-Puffs-Disposable-Vape-Wholesale-Lemon-Peach-510x510.jpg 510w, https:\/\/www.vape4wholesale.com\/wp-content\/uploads\/2024\/07\/Vapsolo-Viking-12000-Puffs-Disposable-Vape-Wholesale-Lemon-Peach-64x64.jpg 64w, https:\/\/www.vape4wholesale.com\/wp-content\/uploads\/2024\/07\/Vapsolo-Viking-12000-Puffs-Disposable-Vape-Wholesale-Lemon-Peach-300x300.jpg 300w, https:\/\/www.vape4wholesale.com\/wp-content\/uploads\/2024\/07\/Vapsolo-Viking-12000-Puffs-Disposable-Vape-Wholesale-Lemon-Peach-150x150.jpg 150w, https:\/\/www.vape4wholesale.com\/wp-content\/uploads\/2024\/07\/Vapsolo-Viking-12000-Puffs-Disposable-Vape-Wholesale-Lemon-Peach-768x768.jpg 768w, https:\/\/www.vape4wholesale.com\/wp-content\/uploads\/2024\/07\/Vapsolo-Viking-12000-Puffs-Disposable-Vape-Wholesale-Lemon-Peach-12x12.jpg 12w\" sizes=\"auto, (max-width: 800px) 100vw, 800px\" \/><figcaption id=\"caption-attachment-16422\" class=\"wp-caption-text\">Vapsolo Viking 12000 Puffs Eng\u00e5ngs Vape Partihandel<\/figcaption><\/figure>\n<h2>VARF\u00d6R OSS?<\/h2>\r\n<ul>\r\n<li>Verklig, p\u00e5litlig och professionell vape-k\u00e4lla.<\/li>\r\n<li>100% \u00e4kta garanti: Vi tillhandah\u00e5ller endast original- och \u00e4kta produkter, v\u00e4grar f\u00f6rfalskning.<\/li>\r\n<li>100% Leveransgaranti: Vi anv\u00e4nder den b\u00e4sta fraktmetoden f\u00f6r att s\u00e4kerst\u00e4lla att du f\u00e5r best\u00e4llningen 100%.<\/li>\r\n<li>Vi kommer att ge dig sp\u00e5rningsnumret och fraktetiketten efter leverans och sp\u00e5ra varorna \u00e5t dig tills du kvitterar ut dem.<\/li>\r\n<li>Inga tullproblem, inga tullar<\/li>\r\n<\/ul>","protected":false},"excerpt":{"rendered":"<p><b><span style=\"color: #00a859;\">Free shipping<\/span>\u00a0from Europe warehouse, 7-15 working days delivery time.<\/b><\/p>\r\n<div class=\"wsppc_div_block woocommerce_before_add_to_cart_form\">\r\n<p><strong>Clear customs before delivery &amp; 100% Delivery Guarantee<\/strong><\/p>\r\n<\/div>","protected":false},"featured_media":16419,"comment_status":"open","ping_status":"closed","template":"","meta":[],"pwb-brand":[1271],"product_cat":[871],"product_tag":[22,24,556,877,899],"class_list":{"0":"post-16414","1":"product","2":"type-product","3":"status-publish","4":"has-post-thumbnail","6":"pwb-brand-vapsolo","7":"product_cat-10-15k-puffs","8":"product_tag-disposable","9":"product_tag-wholesale","10":"product_tag-12000-puffs","11":"product_tag-22-0ml","12":"product_tag-vapsolo","13":"product_shipping_class-vapsolo-cn-eu","14":"wcpa_has_options","16":"first","17":"outofstock","18":"shipping-taxable","19":"purchasable","20":"product-type-variable"},"aioseo_notices":[],"brands":[{"id":1271,"name":"Vapsolo","slug":"vapsolo"}],"_links":{"self":[{"href":"https:\/\/www.vape4wholesale.com\/sv\/wp-json\/wp\/v2\/product\/16414","targetHints":{"allow":["GET"]}}],"collection":[{"href":"https:\/\/www.vape4wholesale.com\/sv\/wp-json\/wp\/v2\/product"}],"about":[{"href":"https:\/\/www.vape4wholesale.com\/sv\/wp-json\/wp\/v2\/types\/product"}],"replies":[{"embeddable":true,"href":"https:\/\/www.vape4wholesale.com\/sv\/wp-json\/wp\/v2\/comments?post=16414"}],"wp:featuredmedia":[{"embeddable":true,"href":"https:\/\/www.vape4wholesale.com\/sv\/wp-json\/wp\/v2\/media\/16419"}],"wp:attachment":[{"href":"https:\/\/www.vape4wholesale.com\/sv\/wp-json\/wp\/v2\/media?parent=16414"}],"wp:term":[{"taxonomy":"pwb-brand","embeddable":true,"href":"https:\/\/www.vape4wholesale.com\/sv\/wp-json\/wp\/v2\/pwb-brand?post=16414"},{"taxonomy":"product_cat","embeddable":true,"href":"https:\/\/www.vape4wholesale.com\/sv\/wp-json\/wp\/v2\/product_cat?post=16414"},{"taxonomy":"product_tag","embeddable":true,"href":"https:\/\/www.vape4wholesale.com\/sv\/wp-json\/wp\/v2\/product_tag?post=16414"}],"curies":[{"name":"wp","href":"https:\/\/api.w.org\/{rel}","templated":true}]}}