{"id":16379,"date":"2024-07-24T11:33:00","date_gmt":"2024-07-24T03:33:00","guid":{"rendered":"https:\/\/www.vape4wholesale.com\/?post_type=product&#038;p=16379"},"modified":"2026-03-30T08:19:54","modified_gmt":"2026-03-30T00:19:54","slug":"vapsolo-super-15000-puffar-engangs-vape-grossist","status":"publish","type":"product","link":"https:\/\/www.vape4wholesale.com\/sv\/product\/vapsolo-super-15000-puffs-disposable-vape-wholesale","title":{"rendered":"Vapsolo Super 15000 Puffs Eng\u00e5ngsvape Partihandel"},"content":{"rendered":"<p>Den <a href=\"\/sv\/produkt_varumarke\/vapsolo\/\">Vapsolo<\/a> Super 15000 Puffs \u00e4r en laddningsbar premium-vape f\u00f6r eng\u00e5ngsbruk som erbjuder upp till 15.000 puffar med 2% eller 5% nikotinalternativ, med ett 650mAh batteri, 25 ml e-liguidkapacitet och en m\u00e4ngd olika rika smaker, perfekt f\u00f6r grossister och \u00e5terf\u00f6rs\u00e4ljare som s\u00f6ker h\u00f6gkvalitativa vapingprodukter.<\/p>\n<p>Bulkorder v\u00e5rt breda urval av 15 smaker av Vapsolo Super 15000 puffs vape med b\u00e4sta pris och snabb leverans.<\/p>\n<h2><strong>Vapsolo Super 15000 Puffs Eng\u00e5ngs Vape Snabb detalj<\/strong><\/h2>\n<ul>\n<li>Puffar: 15000 Puffar<\/li>\n<li>4 niv\u00e5er luftfl\u00f6de<\/li>\n<li>Kapacitet f\u00f6r e-v\u00e4tska: 25 ML<\/li>\n<li>Batterikapacitet: 650MAH<\/li>\n<li>N\u00e4tspole<\/li>\n<li>Spolmotst\u00e5nd: 1,0\u03a9<\/li>\n<li>typ-c-port, uppladdningsbar<\/li>\n<\/ul>\n<h2><strong>Tillg\u00e4ngliga smaker<\/strong><\/h2>\n<ol>\n<li>Blue Razz<\/li>\n<li>Bl\u00e5b\u00e4rsis<\/li>\n<li>Dubbla \u00e4pplen<\/li>\n<li>Vattenmelon-is<\/li>\n<li>Jordgubb Kiwi<\/li>\n<li>Blandade b\u00e4r<\/li>\n<li>Red Bull<\/li>\n<li>Bl\u00e5b\u00e4r K\u00f6rsb\u00e4r Tranb\u00e4r<\/li>\n<li>Citron Lime<\/li>\n<li>Skittles<\/li>\n<li>Sommardr\u00f6m<\/li>\n<li>Jordgubbar Bananer<\/li>\n<li>Hallon Vattenmelon<\/li>\n<li>Bl\u00e5b\u00e4r K\u00f6rsb\u00e4r Cola<\/li>\n<li>Black Ice Drakfrukt Jordgubb<\/li>\n<li>Jordgubb Vanilj Cola<\/li>\n<li>Rosa lemonad<\/li>\n<li>Jordgubbsis<\/li>\n<li>Persika Mango Ananas<\/li>\n<li>Bl\u00e5b\u00e4rs- och svartvinb\u00e4rsis<\/li>\n<\/ol>\n<h2><strong>F\u00f6rpackningslista<\/strong><\/h2>\n<p>200 st\/ctn; 21,9 kg\/ctn<br \/>\nKartongstorlek: 44 * 43 * 26.5CM<\/p>\n<figure id=\"attachment_16389\" aria-describedby=\"caption-attachment-16389\" style=\"width: 800px\" class=\"wp-caption alignnone\"><img loading=\"lazy\" decoding=\"async\" class=\"size-full wp-image-16389\" title=\"Vapsolo Super 15000 Puffs Eng\u00e5ngs Vape Partihandel Red Bull\" src=\"https:\/\/www.vape4wholesale.com\/wp-content\/uploads\/2024\/07\/Vapsolo-Super-15000-Puffs-Disposable-Vape-Wholesale-Red-Bull.jpg\" alt=\"Vapsolo Super 15000 Puffs Eng\u00e5ngs Vape Partihandel Red Bull\" width=\"800\" height=\"800\" srcset=\"https:\/\/www.vape4wholesale.com\/wp-content\/uploads\/2024\/07\/Vapsolo-Super-15000-Puffs-Disposable-Vape-Wholesale-Red-Bull.jpg 800w, https:\/\/www.vape4wholesale.com\/wp-content\/uploads\/2024\/07\/Vapsolo-Super-15000-Puffs-Disposable-Vape-Wholesale-Red-Bull-247x247.jpg 247w, https:\/\/www.vape4wholesale.com\/wp-content\/uploads\/2024\/07\/Vapsolo-Super-15000-Puffs-Disposable-Vape-Wholesale-Red-Bull-100x100.jpg 100w, https:\/\/www.vape4wholesale.com\/wp-content\/uploads\/2024\/07\/Vapsolo-Super-15000-Puffs-Disposable-Vape-Wholesale-Red-Bull-510x510.jpg 510w, https:\/\/www.vape4wholesale.com\/wp-content\/uploads\/2024\/07\/Vapsolo-Super-15000-Puffs-Disposable-Vape-Wholesale-Red-Bull-64x64.jpg 64w, https:\/\/www.vape4wholesale.com\/wp-content\/uploads\/2024\/07\/Vapsolo-Super-15000-Puffs-Disposable-Vape-Wholesale-Red-Bull-300x300.jpg 300w, https:\/\/www.vape4wholesale.com\/wp-content\/uploads\/2024\/07\/Vapsolo-Super-15000-Puffs-Disposable-Vape-Wholesale-Red-Bull-150x150.jpg 150w, https:\/\/www.vape4wholesale.com\/wp-content\/uploads\/2024\/07\/Vapsolo-Super-15000-Puffs-Disposable-Vape-Wholesale-Red-Bull-768x768.jpg 768w, https:\/\/www.vape4wholesale.com\/wp-content\/uploads\/2024\/07\/Vapsolo-Super-15000-Puffs-Disposable-Vape-Wholesale-Red-Bull-12x12.jpg 12w\" sizes=\"auto, (max-width: 800px) 100vw, 800px\" \/><figcaption id=\"caption-attachment-16389\" class=\"wp-caption-text\">Vapsolo Super 15000 Puffs Eng\u00e5ngsvape Partihandel<\/figcaption><\/figure>\n<h2>VARF\u00d6R OSS?<\/h2>\r\n<ul>\r\n<li>Verklig, p\u00e5litlig och professionell vape-k\u00e4lla.<\/li>\r\n<li>100% \u00e4kta garanti: Vi tillhandah\u00e5ller endast original- och \u00e4kta produkter, v\u00e4grar f\u00f6rfalskning.<\/li>\r\n<li>100% Leveransgaranti: Vi anv\u00e4nder den b\u00e4sta fraktmetoden f\u00f6r att s\u00e4kerst\u00e4lla att du f\u00e5r best\u00e4llningen 100%.<\/li>\r\n<li>Vi kommer att ge dig sp\u00e5rningsnumret och fraktetiketten efter leverans och sp\u00e5ra varorna \u00e5t dig tills du kvitterar ut dem.<\/li>\r\n<li>Inga tullproblem, inga tullar<\/li>\r\n<\/ul>","protected":false},"excerpt":{"rendered":"<p><b><span style=\"color: #00a859;\">Fri frakt<\/span>\u00a0fr\u00e5n Europa-lager, leveranstid 7-15 arbetsdagar.<\/b><\/p>\r\n<div class=\"wsppc_div_block woocommerce_before_add_to_cart_form\">\r\n<p><strong>Tulla varorna f\u00f6re leverans &amp; 100% Leveransgaranti<\/strong><\/p>\r\n<\/div>","protected":false},"featured_media":16388,"comment_status":"open","ping_status":"closed","template":"","meta":[],"pwb-brand":[1271],"product_cat":[938],"product_tag":[899,22,24,684,692],"class_list":{"0":"post-16379","1":"product","2":"type-product","3":"status-publish","4":"has-post-thumbnail","6":"pwb-brand-vapsolo","7":"product_cat-europe-warehouse","8":"product_tag-vapsolo","9":"product_tag-disposable","10":"product_tag-wholesale","11":"product_tag-15000-puffs","12":"product_tag-25-0ml","13":"product_shipping_class-eu-warehouse","14":"wcpa_has_options","16":"first","17":"instock","18":"shipping-taxable","19":"purchasable","20":"product-type-variable"},"aioseo_notices":[],"brands":[{"id":1271,"name":"Vapsolo","slug":"vapsolo"}],"_links":{"self":[{"href":"https:\/\/www.vape4wholesale.com\/sv\/wp-json\/wp\/v2\/product\/16379","targetHints":{"allow":["GET"]}}],"collection":[{"href":"https:\/\/www.vape4wholesale.com\/sv\/wp-json\/wp\/v2\/product"}],"about":[{"href":"https:\/\/www.vape4wholesale.com\/sv\/wp-json\/wp\/v2\/types\/product"}],"replies":[{"embeddable":true,"href":"https:\/\/www.vape4wholesale.com\/sv\/wp-json\/wp\/v2\/comments?post=16379"}],"wp:featuredmedia":[{"embeddable":true,"href":"https:\/\/www.vape4wholesale.com\/sv\/wp-json\/wp\/v2\/media\/16388"}],"wp:attachment":[{"href":"https:\/\/www.vape4wholesale.com\/sv\/wp-json\/wp\/v2\/media?parent=16379"}],"wp:term":[{"taxonomy":"pwb-brand","embeddable":true,"href":"https:\/\/www.vape4wholesale.com\/sv\/wp-json\/wp\/v2\/pwb-brand?post=16379"},{"taxonomy":"product_cat","embeddable":true,"href":"https:\/\/www.vape4wholesale.com\/sv\/wp-json\/wp\/v2\/product_cat?post=16379"},{"taxonomy":"product_tag","embeddable":true,"href":"https:\/\/www.vape4wholesale.com\/sv\/wp-json\/wp\/v2\/product_tag?post=16379"}],"curies":[{"name":"wp","href":"https:\/\/api.w.org\/{rel}","templated":true}]}}