{"id":1604,"date":"2021-12-15T12:57:31","date_gmt":"2021-12-15T04:57:31","guid":{"rendered":"https:\/\/www.vape4wholesale.com\/?post_type=product&#038;p=1604"},"modified":"2026-01-26T13:43:50","modified_gmt":"2026-01-26T13:43:50","slug":"lavie-bar-2-nikotinfri-engangs-vape-800-puffar-grossist","status":"publish","type":"product","link":"https:\/\/www.vape4wholesale.com\/sv\/product\/lavie-bar-2-nicotine-free-disposable-vape-800-puffs-wholesale","title":{"rendered":"Lavie Bar 2% \/ Nikotinfri eng\u00e5ngsvape (800 puffar) Partihandel"},"content":{"rendered":"<p>Den <a href=\"https:\/\/www.vape4wholesale.com\/sv\/produkt_varumarke\/lavie\/\">Lavie<\/a> Bar 2% \/ Nikotinfri version uppfyller kraven i de flesta EU-l\u00e4nder, liksom de som beh\u00f6ver vapes med l\u00e4ttare smak, den levereras med 450mah batteri som varar 800 puffar, e-juice \u00e4r 3.2ml med 2% eller 0% nikotinstyrka.<\/p>\n<p><strong>SMAK\u00c4MNEN:<\/strong><\/p>\n<p>Cocktail, Cool mint, Cola, Bl\u00e5b\u00e4r, Mix berry, Grape is,<br \/>\nMelon coco, persika is, rosa lemonad, vattenmelon-jordgubb.<\/p>\n<p><strong>F\u00f6rpackning:<\/strong><\/p>\n<p>var och en med liten f\u00f6rpackning, 10 st i medium box.<br \/>\n300 st\/masterkartong, 11,5 kg<\/p>\n<p><img loading=\"lazy\" decoding=\"async\" class=\"alignnone size-full wp-image-13436\" title=\"Lavie Bar 2 Eng\u00e5ngs Vape 800 Puffs Partihandel Detalj 2\" src=\"https:\/\/www.vape4wholesale.com\/wp-content\/uploads\/2021\/12\/Lavie-Bar-2-Disposable-Vape-800-Puffs-Wholesale_Detail_2.jpg\" alt=\"Lavie Bar 2 Eng\u00e5ngs Vape 800 Puffs Partihandel Detalj 2\" width=\"800\" height=\"1076\" srcset=\"https:\/\/www.vape4wholesale.com\/wp-content\/uploads\/2021\/12\/Lavie-Bar-2-Disposable-Vape-800-Puffs-Wholesale_Detail_2.jpg 800w, https:\/\/www.vape4wholesale.com\/wp-content\/uploads\/2021\/12\/Lavie-Bar-2-Disposable-Vape-800-Puffs-Wholesale_Detail_2-510x686.jpg 510w, https:\/\/www.vape4wholesale.com\/wp-content\/uploads\/2021\/12\/Lavie-Bar-2-Disposable-Vape-800-Puffs-Wholesale_Detail_2-64x86.jpg 64w, https:\/\/www.vape4wholesale.com\/wp-content\/uploads\/2021\/12\/Lavie-Bar-2-Disposable-Vape-800-Puffs-Wholesale_Detail_2-223x300.jpg 223w, https:\/\/www.vape4wholesale.com\/wp-content\/uploads\/2021\/12\/Lavie-Bar-2-Disposable-Vape-800-Puffs-Wholesale_Detail_2-761x1024.jpg 761w, https:\/\/www.vape4wholesale.com\/wp-content\/uploads\/2021\/12\/Lavie-Bar-2-Disposable-Vape-800-Puffs-Wholesale_Detail_2-768x1033.jpg 768w\" sizes=\"auto, (max-width: 800px) 100vw, 800px\" \/> \u00a0 \u00a0\u00a0<img loading=\"lazy\" decoding=\"async\" class=\"alignnone size-full wp-image-13450\" title=\"Lavie Bar 2 eng\u00e5ngsvape 800 puffar grossist\" src=\"https:\/\/www.vape4wholesale.com\/wp-content\/uploads\/2021\/12\/Lavie-Bar-2-Disposable-Vape-800-Puffs-Wholesale.jpg\" alt=\"Lavie Bar 2 eng\u00e5ngsvape 800 puffar grossist\" width=\"1000\" height=\"1000\" srcset=\"https:\/\/www.vape4wholesale.com\/wp-content\/uploads\/2021\/12\/Lavie-Bar-2-Disposable-Vape-800-Puffs-Wholesale.jpg 1000w, https:\/\/www.vape4wholesale.com\/wp-content\/uploads\/2021\/12\/Lavie-Bar-2-Disposable-Vape-800-Puffs-Wholesale-247x247.jpg 247w, https:\/\/www.vape4wholesale.com\/wp-content\/uploads\/2021\/12\/Lavie-Bar-2-Disposable-Vape-800-Puffs-Wholesale-100x100.jpg 100w, https:\/\/www.vape4wholesale.com\/wp-content\/uploads\/2021\/12\/Lavie-Bar-2-Disposable-Vape-800-Puffs-Wholesale-510x510.jpg 510w, https:\/\/www.vape4wholesale.com\/wp-content\/uploads\/2021\/12\/Lavie-Bar-2-Disposable-Vape-800-Puffs-Wholesale-64x64.jpg 64w, https:\/\/www.vape4wholesale.com\/wp-content\/uploads\/2021\/12\/Lavie-Bar-2-Disposable-Vape-800-Puffs-Wholesale-300x300.jpg 300w, https:\/\/www.vape4wholesale.com\/wp-content\/uploads\/2021\/12\/Lavie-Bar-2-Disposable-Vape-800-Puffs-Wholesale-150x150.jpg 150w, https:\/\/www.vape4wholesale.com\/wp-content\/uploads\/2021\/12\/Lavie-Bar-2-Disposable-Vape-800-Puffs-Wholesale-768x768.jpg 768w\" sizes=\"auto, (max-width: 1000px) 100vw, 1000px\" \/> \u00a0<img loading=\"lazy\" decoding=\"async\" class=\"alignnone size-full wp-image-13452\" title=\"Lavie Bar 2 Eng\u00e5ngs Vape 800 Puffs Partihandel Detalj 1\" src=\"https:\/\/www.vape4wholesale.com\/wp-content\/uploads\/2021\/12\/Lavie-Bar-2-Disposable-Vape-800-Puffs-Wholesale_Detail_1.jpg\" alt=\"Lavie Bar 2 Eng\u00e5ngs Vape 800 Puffs Partihandel Detalj 1\" width=\"800\" height=\"643\" srcset=\"https:\/\/www.vape4wholesale.com\/wp-content\/uploads\/2021\/12\/Lavie-Bar-2-Disposable-Vape-800-Puffs-Wholesale_Detail_1.jpg 800w, https:\/\/www.vape4wholesale.com\/wp-content\/uploads\/2021\/12\/Lavie-Bar-2-Disposable-Vape-800-Puffs-Wholesale_Detail_1-510x410.jpg 510w, https:\/\/www.vape4wholesale.com\/wp-content\/uploads\/2021\/12\/Lavie-Bar-2-Disposable-Vape-800-Puffs-Wholesale_Detail_1-64x51.jpg 64w, https:\/\/www.vape4wholesale.com\/wp-content\/uploads\/2021\/12\/Lavie-Bar-2-Disposable-Vape-800-Puffs-Wholesale_Detail_1-300x241.jpg 300w, https:\/\/www.vape4wholesale.com\/wp-content\/uploads\/2021\/12\/Lavie-Bar-2-Disposable-Vape-800-Puffs-Wholesale_Detail_1-768x617.jpg 768w\" sizes=\"auto, (max-width: 800px) 100vw, 800px\" \/><\/p>\n<h2>VARF\u00d6R OSS?<\/h2>\r\n<ul>\r\n<li>Verklig, p\u00e5litlig och professionell vape-k\u00e4lla.<\/li>\r\n<li>100% \u00e4kta garanti: Vi tillhandah\u00e5ller endast original- och \u00e4kta produkter, v\u00e4grar f\u00f6rfalskning.<\/li>\r\n<li>100% Leveransgaranti: Vi anv\u00e4nder den b\u00e4sta fraktmetoden f\u00f6r att s\u00e4kerst\u00e4lla att du f\u00e5r best\u00e4llningen 100%.<\/li>\r\n<li>Vi kommer att ge dig sp\u00e5rningsnumret och fraktetiketten efter leverans och sp\u00e5ra varorna \u00e5t dig tills du kvitterar ut dem.<\/li>\r\n<li>Inga tullproblem, inga tullar<\/li>\r\n<\/ul>","protected":false},"excerpt":{"rendered":"<div class=\"wsppc_div_block woocommerce_before_add_to_cart_form\">\r\n<p><strong><span style=\"color: #00a859;\">Klarera tullen<\/span> f\u00f6re leverans &amp; 100% Leveransgaranti, Leverans p\u00e5 cirka 19\u201325 dagar.\u00a0<\/strong><\/p>\r\n<\/div>","protected":false},"featured_media":13439,"comment_status":"open","ping_status":"closed","template":"","meta":[],"pwb-brand":[1277],"product_cat":[48],"product_tag":[22,24,37,87,90],"class_list":{"0":"post-1604","1":"product","2":"type-product","3":"status-publish","4":"has-post-thumbnail","6":"pwb-brand-lavie","7":"product_cat-below-2000-puffs","8":"product_tag-disposable","9":"product_tag-wholesale","10":"product_tag-lavie","11":"product_tag-3-2ml","12":"product_tag-800-puffs","13":"wcpa_has_options","15":"first","16":"instock","17":"shipping-taxable","18":"purchasable","19":"product-type-variable"},"aioseo_notices":[],"brands":[{"id":1277,"name":"Lavie","slug":"lavie"}],"_links":{"self":[{"href":"https:\/\/www.vape4wholesale.com\/sv\/wp-json\/wp\/v2\/product\/1604","targetHints":{"allow":["GET"]}}],"collection":[{"href":"https:\/\/www.vape4wholesale.com\/sv\/wp-json\/wp\/v2\/product"}],"about":[{"href":"https:\/\/www.vape4wholesale.com\/sv\/wp-json\/wp\/v2\/types\/product"}],"replies":[{"embeddable":true,"href":"https:\/\/www.vape4wholesale.com\/sv\/wp-json\/wp\/v2\/comments?post=1604"}],"wp:featuredmedia":[{"embeddable":true,"href":"https:\/\/www.vape4wholesale.com\/sv\/wp-json\/wp\/v2\/media\/13439"}],"wp:attachment":[{"href":"https:\/\/www.vape4wholesale.com\/sv\/wp-json\/wp\/v2\/media?parent=1604"}],"wp:term":[{"taxonomy":"pwb-brand","embeddable":true,"href":"https:\/\/www.vape4wholesale.com\/sv\/wp-json\/wp\/v2\/pwb-brand?post=1604"},{"taxonomy":"product_cat","embeddable":true,"href":"https:\/\/www.vape4wholesale.com\/sv\/wp-json\/wp\/v2\/product_cat?post=1604"},{"taxonomy":"product_tag","embeddable":true,"href":"https:\/\/www.vape4wholesale.com\/sv\/wp-json\/wp\/v2\/product_tag?post=1604"}],"curies":[{"name":"wp","href":"https:\/\/api.w.org\/{rel}","templated":true}]}}