{"id":16011,"date":"2024-06-20T09:45:00","date_gmt":"2024-06-20T01:45:00","guid":{"rendered":"https:\/\/www.vape4wholesale.com\/?post_type=product&#038;p=16011"},"modified":"2026-01-26T13:40:50","modified_gmt":"2026-01-26T13:40:50","slug":"lavie-cyber-20000-puffar-engangs-vape-grossist","status":"publish","type":"product","link":"https:\/\/www.vape4wholesale.com\/sv\/product\/lavie-cyber-20000-puffs-disposable-vape-wholesale","title":{"rendered":"Lavie Cyber 20000 Puffs Eng\u00e5ngs Vape Partihandel"},"content":{"rendered":"<p>Lavie Cyber 20000 \u00e4r en eng\u00e5ngsvape med LED-sk\u00e4rm och dubbla smaker, som kan visa effekt- och e-juice-niv\u00e5. Den inneh\u00e5ller 26 ml 0\/2%\/5% nikotinsalt e-juice och st\u00f6der upp till 20000 puffar. Det finns 10 dubbla smaker f\u00f6r dig att v\u00e4lja. Den uppladdningsbara porten l\u00e4ngst ner p\u00e5 enheten garanterar att du avslutar den sista droppen av e-juice i tanken hela tiden.<\/p>\n<p>Den presenterade med dubbla smaker, f\u00f6r att \u00e4ndra den nuvarande smaken av vape, lyft munstycket och snurra det, det \u00e4r l\u00e4tt att arbeta.<\/p>\n<p>Bulkbest\u00e4ll v\u00e5ra 10 urvalssmaker av Lavie Cyber 20000 Puffs med b\u00e4sta pris och snabb leverans.<\/p>\n<h2><strong>Lavie Cyber 20000 Puffs Eng\u00e5ngsvape Funktioner:<\/strong><\/h2>\n<ul>\n<li>Uppladdningsbart batteri p\u00e5 700 mAh (600 mAh f\u00f6r den koreanska marknaden)<\/li>\n<li>25 ml f\u00f6rfylld e-juice<\/li>\n<li>0\/2\/3\/5% nikotinstyrka<\/li>\n<li>N\u00e5 upp till 20000 puffar<\/li>\n<li>1,0 ohm mesh-spole<\/li>\n<li>Dubbel tank (dubbla smaker)<\/li>\n<li>Typ C-laddningsport<\/li>\n<\/ul>\n<h2><strong>Tillg\u00e4ngliga smaker:<\/strong><\/h2>\n<ul>\n<li>Aloe Grape &amp; Blueberry Raspberry Bubblegum<\/li>\n<li>Bacco &amp; Mango lce<\/li>\n<li>Double Apple &amp; Love 66<\/li>\n<li>Grape lce &amp; Mint lce<\/li>\n<li>Lemon Cola &amp; PassionsfruktGuava<\/li>\n<li>Lychee lce &amp; Vattenmelon lce<\/li>\n<li>Jordgubb Kiwi &amp; Melon Ice<\/li>\n<li>Is med jordgubbar, vattenmelon och bj\u00f6rnb\u00e4rsk\u00e4rnor<\/li>\n<li>Ananas lce &amp; Taro lce<\/li>\n<li>Matcha &amp; Kaffe lce<\/li>\n<\/ul>\n<h2><strong>F\u00f6rpackningslista:<\/strong><\/h2>\n<ul>\n<li>Enstaka l\u00e5da\/ vape<\/li>\n<li>10 st\/ Medium box<\/li>\n<li>200 st\/kartong (21 kg)<\/li>\n<\/ul>\n<figure id=\"attachment_16014\" aria-describedby=\"caption-attachment-16014\" style=\"width: 801px\" class=\"wp-caption alignnone\"><img loading=\"lazy\" decoding=\"async\" class=\"wp-image-16014 size-full\" title=\"Lavie Cyber 20000 Puffs Eng\u00e5ngsvape Partihandel Aloe Druva Bl\u00e5b\u00e4r Hallon Bubblegum\" src=\"https:\/\/www.vape4wholesale.com\/wp-content\/uploads\/2024\/06\/Lavie-Cyber-20000-Puffs-Disposable-Vape-Wholesale-Aloe-Grape-Blueberry-Raspberry-Bubblegum.webp\" alt=\"Lavie Cyber 20000 Puffs Eng\u00e5ngsvape Partihandel Aloe Druva Bl\u00e5b\u00e4r Hallon Bubblegum\" width=\"801\" height=\"797\" srcset=\"https:\/\/www.vape4wholesale.com\/wp-content\/uploads\/2024\/06\/Lavie-Cyber-20000-Puffs-Disposable-Vape-Wholesale-Aloe-Grape-Blueberry-Raspberry-Bubblegum.webp 801w, https:\/\/www.vape4wholesale.com\/wp-content\/uploads\/2024\/06\/Lavie-Cyber-20000-Puffs-Disposable-Vape-Wholesale-Aloe-Grape-Blueberry-Raspberry-Bubblegum-247x247.webp 247w, https:\/\/www.vape4wholesale.com\/wp-content\/uploads\/2024\/06\/Lavie-Cyber-20000-Puffs-Disposable-Vape-Wholesale-Aloe-Grape-Blueberry-Raspberry-Bubblegum-100x100.webp 100w, https:\/\/www.vape4wholesale.com\/wp-content\/uploads\/2024\/06\/Lavie-Cyber-20000-Puffs-Disposable-Vape-Wholesale-Aloe-Grape-Blueberry-Raspberry-Bubblegum-510x507.webp 510w, https:\/\/www.vape4wholesale.com\/wp-content\/uploads\/2024\/06\/Lavie-Cyber-20000-Puffs-Disposable-Vape-Wholesale-Aloe-Grape-Blueberry-Raspberry-Bubblegum-64x64.webp 64w, https:\/\/www.vape4wholesale.com\/wp-content\/uploads\/2024\/06\/Lavie-Cyber-20000-Puffs-Disposable-Vape-Wholesale-Aloe-Grape-Blueberry-Raspberry-Bubblegum-300x300.webp 300w, https:\/\/www.vape4wholesale.com\/wp-content\/uploads\/2024\/06\/Lavie-Cyber-20000-Puffs-Disposable-Vape-Wholesale-Aloe-Grape-Blueberry-Raspberry-Bubblegum-150x150.webp 150w, https:\/\/www.vape4wholesale.com\/wp-content\/uploads\/2024\/06\/Lavie-Cyber-20000-Puffs-Disposable-Vape-Wholesale-Aloe-Grape-Blueberry-Raspberry-Bubblegum-768x764.webp 768w\" sizes=\"auto, (max-width: 801px) 100vw, 801px\" \/><figcaption id=\"caption-attachment-16014\" class=\"wp-caption-text\">Lavie Cyber 20000 Puffs Eng\u00e5ngs Vape Partihandel<\/figcaption><\/figure>\n<p><img loading=\"lazy\" decoding=\"async\" class=\"alignnone size-full wp-image-16013\" title=\"Lavie Cyber 20000 Puffs Eng\u00e5ngs Vape Partihandel 3\" src=\"https:\/\/www.vape4wholesale.com\/wp-content\/uploads\/2024\/06\/Lavie-Cyber-20000-Puffs-Disposable-Vape-Wholesale-3.webp\" alt=\"Lavie Cyber 20000 Puffs Eng\u00e5ngs Vape Partihandel 3\" width=\"800\" height=\"570\" srcset=\"https:\/\/www.vape4wholesale.com\/wp-content\/uploads\/2024\/06\/Lavie-Cyber-20000-Puffs-Disposable-Vape-Wholesale-3.webp 800w, https:\/\/www.vape4wholesale.com\/wp-content\/uploads\/2024\/06\/Lavie-Cyber-20000-Puffs-Disposable-Vape-Wholesale-3-510x363.webp 510w, https:\/\/www.vape4wholesale.com\/wp-content\/uploads\/2024\/06\/Lavie-Cyber-20000-Puffs-Disposable-Vape-Wholesale-3-64x46.webp 64w, https:\/\/www.vape4wholesale.com\/wp-content\/uploads\/2024\/06\/Lavie-Cyber-20000-Puffs-Disposable-Vape-Wholesale-3-300x214.webp 300w, https:\/\/www.vape4wholesale.com\/wp-content\/uploads\/2024\/06\/Lavie-Cyber-20000-Puffs-Disposable-Vape-Wholesale-3-768x547.webp 768w\" sizes=\"auto, (max-width: 800px) 100vw, 800px\" \/> <img loading=\"lazy\" decoding=\"async\" class=\"alignnone size-full wp-image-16012\" title=\"Lavie Cyber 20000 Puffs Eng\u00e5ngs Vape Partihandel 1 1\" src=\"https:\/\/www.vape4wholesale.com\/wp-content\/uploads\/2024\/06\/Lavie-Cyber-20000-Puffs-Disposable-Vape-Wholesale-1-1.webp\" alt=\"Lavie Cyber 20000 Puffs Eng\u00e5ngs Vape Partihandel 1 1\" width=\"800\" height=\"520\" srcset=\"https:\/\/www.vape4wholesale.com\/wp-content\/uploads\/2024\/06\/Lavie-Cyber-20000-Puffs-Disposable-Vape-Wholesale-1-1.webp 800w, https:\/\/www.vape4wholesale.com\/wp-content\/uploads\/2024\/06\/Lavie-Cyber-20000-Puffs-Disposable-Vape-Wholesale-1-1-510x332.webp 510w, https:\/\/www.vape4wholesale.com\/wp-content\/uploads\/2024\/06\/Lavie-Cyber-20000-Puffs-Disposable-Vape-Wholesale-1-1-64x42.webp 64w, https:\/\/www.vape4wholesale.com\/wp-content\/uploads\/2024\/06\/Lavie-Cyber-20000-Puffs-Disposable-Vape-Wholesale-1-1-300x195.webp 300w, https:\/\/www.vape4wholesale.com\/wp-content\/uploads\/2024\/06\/Lavie-Cyber-20000-Puffs-Disposable-Vape-Wholesale-1-1-768x499.webp 768w\" sizes=\"auto, (max-width: 800px) 100vw, 800px\" \/><\/p>\n<h2>VARF\u00d6R OSS?<\/h2>\r\n<ul>\r\n<li>Verklig, p\u00e5litlig och professionell vape-k\u00e4lla.<\/li>\r\n<li>100% \u00e4kta garanti: Vi tillhandah\u00e5ller endast original- och \u00e4kta produkter, v\u00e4grar f\u00f6rfalskning.<\/li>\r\n<li>100% Leveransgaranti: Vi anv\u00e4nder den b\u00e4sta fraktmetoden f\u00f6r att s\u00e4kerst\u00e4lla att du f\u00e5r best\u00e4llningen 100%.<\/li>\r\n<li>Vi kommer att ge dig sp\u00e5rningsnumret och fraktetiketten efter leverans och sp\u00e5ra varorna \u00e5t dig tills du kvitterar ut dem.<\/li>\r\n<li>Inga tullproblem, inga tullar<\/li>\r\n<\/ul>","protected":false},"excerpt":{"rendered":"<div class=\"wsppc_div_block woocommerce_before_add_to_cart_form\">\r\n<p><strong><span style=\"color: #00a859;\">Klarera tullen<\/span> f\u00f6re leverans &amp; 100% Leveransgaranti, Leverans p\u00e5 cirka 19\u201325 dagar.\u00a0<\/strong><\/p>\r\n<\/div>","protected":false},"featured_media":16020,"comment_status":"open","ping_status":"closed","template":"","meta":[],"pwb-brand":[1277],"product_cat":[873],"product_tag":[24,37,692,794,22],"class_list":{"0":"post-16011","1":"product","2":"type-product","3":"status-publish","4":"has-post-thumbnail","6":"pwb-brand-lavie","7":"product_cat-above-20k-puffs","8":"product_tag-wholesale","9":"product_tag-lavie","10":"product_tag-25-0ml","11":"product_tag-20000-puffs","12":"product_tag-disposable","13":"wcpa_has_options","15":"first","16":"instock","17":"featured","18":"shipping-taxable","19":"purchasable","20":"product-type-variable"},"aioseo_notices":[],"brands":[{"id":1277,"name":"Lavie","slug":"lavie"}],"_links":{"self":[{"href":"https:\/\/www.vape4wholesale.com\/sv\/wp-json\/wp\/v2\/product\/16011","targetHints":{"allow":["GET"]}}],"collection":[{"href":"https:\/\/www.vape4wholesale.com\/sv\/wp-json\/wp\/v2\/product"}],"about":[{"href":"https:\/\/www.vape4wholesale.com\/sv\/wp-json\/wp\/v2\/types\/product"}],"replies":[{"embeddable":true,"href":"https:\/\/www.vape4wholesale.com\/sv\/wp-json\/wp\/v2\/comments?post=16011"}],"wp:featuredmedia":[{"embeddable":true,"href":"https:\/\/www.vape4wholesale.com\/sv\/wp-json\/wp\/v2\/media\/16020"}],"wp:attachment":[{"href":"https:\/\/www.vape4wholesale.com\/sv\/wp-json\/wp\/v2\/media?parent=16011"}],"wp:term":[{"taxonomy":"pwb-brand","embeddable":true,"href":"https:\/\/www.vape4wholesale.com\/sv\/wp-json\/wp\/v2\/pwb-brand?post=16011"},{"taxonomy":"product_cat","embeddable":true,"href":"https:\/\/www.vape4wholesale.com\/sv\/wp-json\/wp\/v2\/product_cat?post=16011"},{"taxonomy":"product_tag","embeddable":true,"href":"https:\/\/www.vape4wholesale.com\/sv\/wp-json\/wp\/v2\/product_tag?post=16011"}],"curies":[{"name":"wp","href":"https:\/\/api.w.org\/{rel}","templated":true}]}}