{"id":15979,"date":"2024-06-15T00:53:00","date_gmt":"2024-06-14T16:53:00","guid":{"rendered":"https:\/\/www.vape4wholesale.com\/?post_type=product&#038;p=15979"},"modified":"2026-01-26T13:40:53","modified_gmt":"2026-01-26T13:40:53","slug":"bang-30000-puffar-engangs-vape-grossist","status":"publish","type":"product","link":"https:\/\/www.vape4wholesale.com\/sv\/product\/bang-30000-puffs-disposable-vape-wholesale","title":{"rendered":"Bang 30000 Puffs Eng\u00e5ngs Vape Partihandel"},"content":{"rendered":"<p>Bang 30000 Puffs har en design med dubbel smak som syftar till en exceptionell vapingupplevelse, den \u00e4r utrustad med 1,0 ohm mesh-spole och inneh\u00e5ller 36 ml e-juice.<\/p>\n<p>Finns i nikotinstyrkorna 0%, 2%, 3% och 5%, vilket tillgodoser olika preferenser och behov. Det uppladdningsbara 550mAh-batteriet med Type-C-laddningsst\u00f6d s\u00e4kerst\u00e4ller att du snabbt och effektivt kan ladda din vape, s\u00e5 att den alltid \u00e4r redo att anv\u00e4ndas.<\/p>\n<p>TheBang 30000 Puffs \u00e4r utformad f\u00f6r b\u00e5de nyb\u00f6rjare och erfarna vapers och kombinerar h\u00f6g kapacitet, anv\u00e4ndarv\u00e4nlighet och avancerad teknik. Dess exceptionella smakleverans och anv\u00e4ndarv\u00e4nliga design g\u00f6r det till ett premiumval p\u00e5 vapingmarknaden. f\u00e5 det b\u00e4sta grossistpriset och snabb leverans fr\u00e5n Vape4Wholesale<\/p>\n<h2><strong>Bang 30000 Puffs Funktioner<\/strong><\/h2>\n<ul>\n<li>Puffar: 30000puffar<\/li>\n<li>K\u00e4rna: Mesh-spole 1,0 ohm<\/li>\n<li>E-v\u00e4tska: 36ml<\/li>\n<li>Nikotin: 0%\/ 2%\/ 3%\/ 5%<\/li>\n<li>Batteri: 550 mAh<\/li>\n<li>Uppladdningsbar: Typ C<\/li>\n<li>LCD Digital Display<\/li>\n<li>Dubbel smak<\/li>\n<li>Bang 30000 puffar<\/li>\n<\/ul>\n<h2><strong>Smaklista<\/strong><\/h2>\n<ul>\n<li>Vattenmelon Ice &amp; Bl\u00e5b\u00e4r Mint<\/li>\n<li>Vattenmelon Ice &amp; Jordgubbar och Mango<\/li>\n<li>Jordgubb Vattenmelon &amp; Kiwi Passionsfrukt Guava<\/li>\n<li>Jordgubbs- och vattenmelon- och druvis<\/li>\n<li>Bl\u00e5b\u00e4rsis &amp; Svart drakis<\/li>\n<li>Bl\u00e5b\u00e4rsis &amp; jordgubb och banan<\/li>\n<li>Red Bull &amp; bl\u00e5b\u00e4rsvattenmelon<\/li>\n<li>Red Bull &amp; vattenmelon bubbelgodis<\/li>\n<li>Bl\u00e5b\u00e4r Hallon &amp; Persika Mango Vattenmelon<\/li>\n<li>Bl\u00e5b\u00e4r Hallon &amp; Blandad m\u00f6glig frukt<\/li>\n<li>Jordgubb Kiwi &amp; Persika Is<\/li>\n<li>Jordgubb Kiwi &amp; Surt \u00e4pple Hallon<\/li>\n<\/ul>\n<figure id=\"attachment_15980\" aria-describedby=\"caption-attachment-15980\" style=\"width: 800px\" class=\"wp-caption alignnone\"><img loading=\"lazy\" decoding=\"async\" class=\"size-full wp-image-15980\" title=\"Bnag 30000 Puffs eng\u00e5ngsvape grossist (1)\" src=\"https:\/\/www.vape4wholesale.com\/wp-content\/uploads\/2024\/06\/Bnag-30000-Puffs-Disposable-Vape-Wholesale-1.png\" alt=\"Bnag 30000 Puffs eng\u00e5ngsvape grossist (1)\" width=\"800\" height=\"800\" srcset=\"https:\/\/www.vape4wholesale.com\/wp-content\/uploads\/2024\/06\/Bnag-30000-Puffs-Disposable-Vape-Wholesale-1.png 800w, https:\/\/www.vape4wholesale.com\/wp-content\/uploads\/2024\/06\/Bnag-30000-Puffs-Disposable-Vape-Wholesale-1-247x247.png 247w, https:\/\/www.vape4wholesale.com\/wp-content\/uploads\/2024\/06\/Bnag-30000-Puffs-Disposable-Vape-Wholesale-1-100x100.png 100w, https:\/\/www.vape4wholesale.com\/wp-content\/uploads\/2024\/06\/Bnag-30000-Puffs-Disposable-Vape-Wholesale-1-510x510.png 510w\" sizes=\"auto, (max-width: 800px) 100vw, 800px\" \/><figcaption id=\"caption-attachment-15980\" class=\"wp-caption-text\">Bnag 30000 Puffs Eng\u00e5ngs Vape Partihandel<\/figcaption><\/figure>\n<figure id=\"attachment_15981\" aria-describedby=\"caption-attachment-15981\" style=\"width: 800px\" class=\"wp-caption alignnone\"><img loading=\"lazy\" decoding=\"async\" class=\"size-full wp-image-15981\" title=\"Bnag 30000 Puffs eng\u00e5ngsvape grossist (1)\" src=\"https:\/\/www.vape4wholesale.com\/wp-content\/uploads\/2024\/06\/Bnag-30000-Puffs-Disposable-Vape-Wholesale-1.jpg\" alt=\"Bnag 30000 Puffs eng\u00e5ngsvape grossist (1)\" width=\"800\" height=\"1000\" srcset=\"https:\/\/www.vape4wholesale.com\/wp-content\/uploads\/2024\/06\/Bnag-30000-Puffs-Disposable-Vape-Wholesale-1.jpg 800w, https:\/\/www.vape4wholesale.com\/wp-content\/uploads\/2024\/06\/Bnag-30000-Puffs-Disposable-Vape-Wholesale-1-510x638.jpg 510w, https:\/\/www.vape4wholesale.com\/wp-content\/uploads\/2024\/06\/Bnag-30000-Puffs-Disposable-Vape-Wholesale-1-64x80.jpg 64w, https:\/\/www.vape4wholesale.com\/wp-content\/uploads\/2024\/06\/Bnag-30000-Puffs-Disposable-Vape-Wholesale-1-240x300.jpg 240w, https:\/\/www.vape4wholesale.com\/wp-content\/uploads\/2024\/06\/Bnag-30000-Puffs-Disposable-Vape-Wholesale-1-768x960.jpg 768w\" sizes=\"auto, (max-width: 800px) 100vw, 800px\" \/><figcaption id=\"caption-attachment-15981\" class=\"wp-caption-text\">Bnag 30000 Puffs Eng\u00e5ngs Vape Partihandel - Alla smaker<\/figcaption><\/figure>\n<h2>VARF\u00d6R OSS?<\/h2>\r\n<ul>\r\n<li>Verklig, p\u00e5litlig och professionell vape-k\u00e4lla.<\/li>\r\n<li>100% \u00e4kta garanti: Vi tillhandah\u00e5ller endast original- och \u00e4kta produkter, v\u00e4grar f\u00f6rfalskning.<\/li>\r\n<li>100% Leveransgaranti: Vi anv\u00e4nder den b\u00e4sta fraktmetoden f\u00f6r att s\u00e4kerst\u00e4lla att du f\u00e5r best\u00e4llningen 100%.<\/li>\r\n<li>Vi kommer att ge dig sp\u00e5rningsnumret och fraktetiketten efter leverans och sp\u00e5ra varorna \u00e5t dig tills du kvitterar ut dem.<\/li>\r\n<li>Inga tullproblem, inga tullar<\/li>\r\n<\/ul>","protected":false},"excerpt":{"rendered":"<div class=\"wsppc_div_block woocommerce_before_add_to_cart_form\">\r\n<p><strong><span style=\"color: #00a859;\">Klarera tullen<\/span> f\u00f6re leverans &amp; 100% Leveransgaranti, Leverans p\u00e5 cirka 19\u201325 dagar.\u00a0<\/strong><\/p>\r\n<\/div>\n<p><a href=\"https:\/\/www.vape4wholesale.com\/sv\/produkt\/bang-30000-puffar-engangs-vape-grossist-3\/\"><span style=\"color: #ff6600\"><strong>Detta \u00e4r en \u00e4ldre version av produkten, den har utg\u00e5tt ur sortimentet. V\u00e4nligen klicka f\u00f6r att best\u00e4lla den senaste versionen<\/strong><\/span><\/a><\/p>","protected":false},"featured_media":15980,"comment_status":"open","ping_status":"closed","template":"","meta":[],"pwb-brand":[1275],"product_cat":[873],"product_tag":[22,24,249,849,850],"class_list":{"0":"post-15979","1":"product","2":"type-product","3":"status-publish","4":"has-post-thumbnail","6":"pwb-brand-bang","7":"product_cat-above-20k-puffs","8":"product_tag-disposable","9":"product_tag-wholesale","10":"product_tag-bang","11":"product_tag-36-0ml","12":"product_tag-30000-puffs","13":"wcpa_has_options","15":"first","16":"outofstock","17":"shipping-taxable","18":"purchasable","19":"product-type-variable"},"aioseo_notices":[],"brands":[{"id":1275,"name":"Pang","slug":"bang"}],"_links":{"self":[{"href":"https:\/\/www.vape4wholesale.com\/sv\/wp-json\/wp\/v2\/product\/15979","targetHints":{"allow":["GET"]}}],"collection":[{"href":"https:\/\/www.vape4wholesale.com\/sv\/wp-json\/wp\/v2\/product"}],"about":[{"href":"https:\/\/www.vape4wholesale.com\/sv\/wp-json\/wp\/v2\/types\/product"}],"replies":[{"embeddable":true,"href":"https:\/\/www.vape4wholesale.com\/sv\/wp-json\/wp\/v2\/comments?post=15979"}],"wp:featuredmedia":[{"embeddable":true,"href":"https:\/\/www.vape4wholesale.com\/sv\/wp-json\/wp\/v2\/media\/15980"}],"wp:attachment":[{"href":"https:\/\/www.vape4wholesale.com\/sv\/wp-json\/wp\/v2\/media?parent=15979"}],"wp:term":[{"taxonomy":"pwb-brand","embeddable":true,"href":"https:\/\/www.vape4wholesale.com\/sv\/wp-json\/wp\/v2\/pwb-brand?post=15979"},{"taxonomy":"product_cat","embeddable":true,"href":"https:\/\/www.vape4wholesale.com\/sv\/wp-json\/wp\/v2\/product_cat?post=15979"},{"taxonomy":"product_tag","embeddable":true,"href":"https:\/\/www.vape4wholesale.com\/sv\/wp-json\/wp\/v2\/product_tag?post=15979"}],"curies":[{"name":"wp","href":"https:\/\/api.w.org\/{rel}","templated":true}]}}