{"id":15929,"date":"2025-07-14T23:55:00","date_gmt":"2025-07-14T23:55:00","guid":{"rendered":"https:\/\/www.vape4wholesale.com\/?post_type=product&#038;p=15929"},"modified":"2026-03-15T22:36:40","modified_gmt":"2026-03-15T14:36:40","slug":"randm-tornado-15000-engangs-vape-grossist","status":"publish","type":"product","link":"https:\/\/www.vape4wholesale.com\/sv\/product\/randm-tornado-15000-disposable-vape-wholesale","title":{"rendered":"Randm Tornado 15000 Eng\u00e5ngsvape grossist"},"content":{"rendered":"<p>RandM Tornado 15000 \u00e4r en uppladdningsbar eng\u00e5ngs vape-enhet som levereras med batteri- och ejuice-niv\u00e5display. Den inneh\u00e5ller 25ml 0\/2\/3\/5% nikotinsalt e-juice och vape upp till 15000 puffar. Det finns 41 smaker f\u00f6r dig att v\u00e4lja. Den uppladdningsbara porten l\u00e4ngst ner p\u00e5 enheten garanterar att du avslutar den sista droppen av e-juice i tanken hela tiden.<\/p>\n<h2 class=\"p\">RandM Tornado 15000 Eng\u00e5ngsapparat Funktioner:<\/h2>\n<p class=\"p\">0\/2\/3\/5% Nikotinsalt.<br data-filtered=\"filtered\" \/>25 ml E-v\u00e4tska.<br data-filtered=\"filtered\" \/>N\u00e4tspole<br data-filtered=\"filtered\" \/>Laddningsbart batteri<br data-filtered=\"filtered\" \/>Integrerat 850mAh-batteri.<br data-filtered=\"filtered\" \/>41 tillg\u00e4ngliga smaker.<br data-filtered=\"filtered\" \/>10 st i en displayl\u00e5da.<br data-filtered=\"filtered\" \/>160 st i en kartong.<\/p>\n<h2 class=\"p\">Tillg\u00e4ngliga smaker:<\/h2>\n<p class=\"p\">01# Blue Razz Lemonade<br \/>\n02# Persika is<br \/>\n03# Surt \u00e4pple<br \/>\n04# Vattenmelon Is<br \/>\n05# Bl\u00e5b\u00e4r p\u00e5 is<br \/>\n06# Bl\u00e5b\u00e4r Hallon<br \/>\n07# Ananas is<br \/>\n08# K\u00f6rsb\u00e4r<br \/>\n09# Jordgubbsglass<br \/>\n10# Vimto<br \/>\n11# Druva Is<br \/>\n12# Cola Ice<br \/>\n13# Jordgubb Vattenmelon<br \/>\n14# Rosa lemonad<br \/>\n15# Blandade b\u00e4r<br \/>\n16# Persika Mango<br \/>\n17# Drakfrukt<br \/>\n18# Jordgubbe Druva<br \/>\n19# Herr Bl\u00e5<br \/>\n20# Lush Ice<br \/>\n21# isglass<br \/>\n22# Jordgubb Kiwi<br \/>\n23# Kiwi Passionsfrukt Guava<br \/>\n24# Trippel b\u00e4r<br \/>\n25# Bananis<br \/>\n26# Persika bl\u00e5b\u00e4r godis<br \/>\n27# \u00c4pple Persika P\u00e4ron<br \/>\n28# Berry Lemonade<br \/>\n29# Bl\u00e5 Razz K\u00f6rsb\u00e4r<br \/>\n30# Bl\u00e5b\u00e4r Bubblegum<br \/>\n31# Bl\u00e5b\u00e4r K\u00f6rsb\u00e4r Tranb\u00e4r<br \/>\n32# Bl\u00e5b\u00e4r Granat\u00e4pple<br \/>\n33# Bluesour Hallon<br \/>\n34# Cherry Cola<br \/>\n35# Gummibj\u00f6rn<br \/>\n36# Citron &amp; Lime<br \/>\n37# Mango p\u00e5 is<br \/>\n38# R\u00f6d energi is<br \/>\n39# Jordgubb Banan<br \/>\n40# Strawberry Red Bull<br \/>\n41# Jordgubb Vattenmelon Lemonad<br \/>\n42# Ice Tea Lemon Ice<br \/>\n43# Ice Tea Peach Ice<br \/>\n44# Fizzy Cherry<br \/>\n45# K\u00e4gla<br \/>\n46# Cool Mint<br \/>\n47# Pina Colada<br \/>\n48# Huckleberry<br \/>\n49# Bl\u00e5b\u00e4r Persika Is<br \/>\n50# Druva Citron<br \/>\n51# Fanta<br \/>\n52# Fresh Menthol Mojito<br \/>\n53# Aloe Citronb\u00e4r<br \/>\n54# Gr\u00f6nt \u00e4pple Citrus Menthol<br \/>\n55# Gr\u00f6n druva melon<br \/>\n56# Cactus Kiwi<br \/>\n57# Cola Citron<br \/>\n58# Cactus Ice<br \/>\n59# Blue Razz Gummibj\u00f6rn<\/p>\n<figure id=\"attachment_15975\" aria-describedby=\"caption-attachment-15975\" style=\"width: 640px\" class=\"wp-caption alignnone\"><img loading=\"lazy\" decoding=\"async\" class=\"size-full wp-image-15975\" title=\"Randm Tornado 15000 Vape f\u00f6r eng\u00e5ngsbruk grossist (6)\" src=\"https:\/\/www.vape4wholesale.com\/wp-content\/uploads\/2024\/06\/Randm-Tornado-15000-Disposable-Vape-Wholesale-6.webp\" alt=\"Randm Tornado 15000 Vape f\u00f6r eng\u00e5ngsbruk grossist (6)\" width=\"640\" height=\"640\" srcset=\"https:\/\/www.vape4wholesale.com\/wp-content\/uploads\/2024\/06\/Randm-Tornado-15000-Disposable-Vape-Wholesale-6.webp 640w, https:\/\/www.vape4wholesale.com\/wp-content\/uploads\/2024\/06\/Randm-Tornado-15000-Disposable-Vape-Wholesale-6-247x247.webp 247w, https:\/\/www.vape4wholesale.com\/wp-content\/uploads\/2024\/06\/Randm-Tornado-15000-Disposable-Vape-Wholesale-6-100x100.webp 100w, https:\/\/www.vape4wholesale.com\/wp-content\/uploads\/2024\/06\/Randm-Tornado-15000-Disposable-Vape-Wholesale-6-510x510.webp 510w\" sizes=\"auto, (max-width: 640px) 100vw, 640px\" \/><figcaption id=\"caption-attachment-15975\" class=\"wp-caption-text\">Randm Tornado 15000 Eng\u00e5ngsvape grossist<\/figcaption><\/figure>\n<h2>VARF\u00d6R OSS?<\/h2>\r\n<ul>\r\n<li>Verklig, p\u00e5litlig och professionell vape-k\u00e4lla.<\/li>\r\n<li>100% \u00e4kta garanti: Vi tillhandah\u00e5ller endast original- och \u00e4kta produkter, v\u00e4grar f\u00f6rfalskning.<\/li>\r\n<li>100% Leveransgaranti: Vi anv\u00e4nder den b\u00e4sta fraktmetoden f\u00f6r att s\u00e4kerst\u00e4lla att du f\u00e5r best\u00e4llningen 100%.<\/li>\r\n<li>Vi kommer att ge dig sp\u00e5rningsnumret och fraktetiketten efter leverans och sp\u00e5ra varorna \u00e5t dig tills du kvitterar ut dem.<\/li>\r\n<li>Inga tullproblem, inga tullar<\/li>\r\n<\/ul>\n<p>&nbsp;<\/p>","protected":false},"excerpt":{"rendered":"<div class=\"wsppc_div_block woocommerce_before_add_to_cart_form\">\r\n<p><strong><span style=\"color: #00a859;\">Clear customs<\/span> before delivery &amp; 100% Delivery Guarantee, Delivery in 19~25 days around.\u00a0<\/strong><\/p>\r\n<\/div>","protected":false},"featured_media":15975,"comment_status":"open","ping_status":"closed","template":"","meta":[],"pwb-brand":[1269],"product_cat":[872],"product_tag":[22,24,180,684,692],"class_list":{"0":"post-15929","1":"product","2":"type-product","3":"status-publish","4":"has-post-thumbnail","6":"pwb-brand-fumot","7":"product_cat-15k-20k-puffs","8":"product_tag-disposable","9":"product_tag-wholesale","10":"product_tag-randm-tornado","11":"product_tag-15000-puffs","12":"product_tag-25-0ml","13":"wcpa_has_options","15":"first","16":"instock","17":"featured","18":"shipping-taxable","19":"purchasable","20":"product-type-variable"},"aioseo_notices":[],"brands":[{"id":1269,"name":"Fumot","slug":"fumot"}],"_links":{"self":[{"href":"https:\/\/www.vape4wholesale.com\/sv\/wp-json\/wp\/v2\/product\/15929","targetHints":{"allow":["GET"]}}],"collection":[{"href":"https:\/\/www.vape4wholesale.com\/sv\/wp-json\/wp\/v2\/product"}],"about":[{"href":"https:\/\/www.vape4wholesale.com\/sv\/wp-json\/wp\/v2\/types\/product"}],"replies":[{"embeddable":true,"href":"https:\/\/www.vape4wholesale.com\/sv\/wp-json\/wp\/v2\/comments?post=15929"}],"wp:featuredmedia":[{"embeddable":true,"href":"https:\/\/www.vape4wholesale.com\/sv\/wp-json\/wp\/v2\/media\/15975"}],"wp:attachment":[{"href":"https:\/\/www.vape4wholesale.com\/sv\/wp-json\/wp\/v2\/media?parent=15929"}],"wp:term":[{"taxonomy":"pwb-brand","embeddable":true,"href":"https:\/\/www.vape4wholesale.com\/sv\/wp-json\/wp\/v2\/pwb-brand?post=15929"},{"taxonomy":"product_cat","embeddable":true,"href":"https:\/\/www.vape4wholesale.com\/sv\/wp-json\/wp\/v2\/product_cat?post=15929"},{"taxonomy":"product_tag","embeddable":true,"href":"https:\/\/www.vape4wholesale.com\/sv\/wp-json\/wp\/v2\/product_tag?post=15929"}],"curies":[{"name":"wp","href":"https:\/\/api.w.org\/{rel}","templated":true}]}}