{"id":15878,"date":"2025-10-29T16:52:00","date_gmt":"2025-10-29T08:52:00","guid":{"rendered":"https:\/\/www.vape4wholesale.com\/?post_type=product&#038;p=15878"},"modified":"2026-03-30T11:12:14","modified_gmt":"2026-03-30T03:12:14","slug":"elf-bar-raya-d3-25000-puffar-engangs-vape-grossist","status":"publish","type":"product","link":"https:\/\/www.vape4wholesale.com\/sv\/product\/elf-bar-raya-d3-25000-puffs-disposable-vape-wholesale","title":{"rendered":"Elf Bar Raya D3 25000 puffar eng\u00e5ngsvape grossist"},"content":{"rendered":"<p>Elf Bar Raya D3 eng\u00e5ngsvape introducerar en o\u00f6vertr\u00e4ffad vapingupplevelse med sin banbrytande 25K puffkapacitet och integrerade luft- och tryckjusteringssystem. Den h\u00e4r uppladdningsbara enheten har en stor digital sk\u00e4rm p\u00e5 sidan av r\u00f6ret och en f\u00e4ngslande monokrom bl\u00e5 yttre ringlampa, vilket s\u00e4tter en ny standard f\u00f6r eng\u00e5ngsvape.<\/p>\n<p>Den levereras med 3 l\u00e4gen: Lite, Smooth och Turbo, s\u00e5 att den kan f\u00e5 fler puffar eller kraftigare moln som du vill, v\u00e4xla enkelt mellan 3 l\u00e4gen<\/p>\n<h2><strong>Elf Bar Raya D3 Produktinformation:<\/strong><\/h2>\n<ul>\n<li>Massiv kapacitet f\u00f6r Vape Juice: Levereras med en betydande kapacitet p\u00e5 23 ml e-v\u00e4tska.<\/li>\n<li>Spolsystem med tre n\u00e4t: S\u00e4kerst\u00e4ller utm\u00e4rkt smak och \u00e5ngproduktion.<\/li>\n<li>Variabla inst\u00e4llningar f\u00f6r puffar: Tre v\u00e4xelinst\u00e4llningar f\u00f6r att justera antalet puffar - 25K, 20K och 15K.<\/li>\n<li>Batteri med h\u00f6g kapacitet: Utrustad med ett 850mAh-batteri och Type-C-laddning.<\/li>\n<li>Sofistikerad sidosk\u00e4rm: Stor digital r\u00f6rdisplay f\u00f6r enkel \u00f6vervakning.<\/li>\n<li>Anpassning av luftfl\u00f6de och tryck: Integrerat system som ger en skr\u00e4ddarsydd vapingupplevelse.<\/li>\n<li>Snygg design: Har en yttre ring med ett monokromt bl\u00e5tt ljus.<\/li>\n<li>Omfattande urval av smaker: V\u00e4lj mellan 15 uts\u00f6kta smaker.<\/li>\n<\/ul>\n<h2><strong>Smak\u00e4mnen:<\/strong><\/h2>\n<p>VMT<br \/>\nDubbel mango<br \/>\nPersika is<br \/>\nMango Persika<br \/>\nMango Persika Vattenmelon<br \/>\nKiwi Passionsfrukt Guava<br \/>\nGrape Ice<br \/>\nPersika B\u00e4r<br \/>\nVattenmelon Bubble Gum<br \/>\nBl\u00e5b\u00e4rsis<br \/>\nDubbla \u00e4pplen<br \/>\nTobak<br \/>\nMango<br \/>\nBl\u00e5b\u00e4r Hallon<br \/>\nVattenmelon-is<br \/>\nAlpine Mint<br \/>\nArabica-kaffe<br \/>\nVattenmelon Citron<br \/>\nJordgubb Druva<br \/>\nKiwi Ananas Is<br \/>\nDruva K\u00f6rsb\u00e4r<\/p>\n<h2><strong>F\u00f6rpackningsdetaljer<\/strong><\/h2>\n<p>1 st\/f\u00f6rpackning<br data-filtered=\"filtered\" \/>10 f\u00f6rpackningar\/l\u00e5da<br data-filtered=\"filtered\" \/>200 st\/kartong<\/p>\n<p><strong>Dimension:<\/strong><br \/>\n65*35*27cm<br \/>\n21KGS\/kartong<\/p>\n<p><img loading=\"lazy\" decoding=\"async\" class=\"alignnone size-full wp-image-26772\" title=\"Elf bar RAYA D3\" src=\"https:\/\/www.vape4wholesale.com\/wp-content\/uploads\/2025\/10\/Elf-bar-RAYA-D3.webp\" alt=\"Elf bar RAYA D3\" width=\"800\" height=\"800\" srcset=\"https:\/\/www.vape4wholesale.com\/wp-content\/uploads\/2025\/10\/Elf-bar-RAYA-D3.webp 800w, https:\/\/www.vape4wholesale.com\/wp-content\/uploads\/2025\/10\/Elf-bar-RAYA-D3-247x247.webp 247w, https:\/\/www.vape4wholesale.com\/wp-content\/uploads\/2025\/10\/Elf-bar-RAYA-D3-100x100.webp 100w, https:\/\/www.vape4wholesale.com\/wp-content\/uploads\/2025\/10\/Elf-bar-RAYA-D3-510x510.webp 510w, https:\/\/www.vape4wholesale.com\/wp-content\/uploads\/2025\/10\/Elf-bar-RAYA-D3-300x300.webp 300w, https:\/\/www.vape4wholesale.com\/wp-content\/uploads\/2025\/10\/Elf-bar-RAYA-D3-150x150.webp 150w, https:\/\/www.vape4wholesale.com\/wp-content\/uploads\/2025\/10\/Elf-bar-RAYA-D3-768x768.webp 768w, https:\/\/www.vape4wholesale.com\/wp-content\/uploads\/2025\/10\/Elf-bar-RAYA-D3-12x12.webp 12w\" sizes=\"auto, (max-width: 800px) 100vw, 800px\" \/><\/p>\n<h2>VARF\u00d6R OSS?<\/h2>\r\n<ul>\r\n<li>Verklig, p\u00e5litlig och professionell vape-k\u00e4lla.<\/li>\r\n<li>100% \u00e4kta garanti: Vi tillhandah\u00e5ller endast original- och \u00e4kta produkter, v\u00e4grar f\u00f6rfalskning.<\/li>\r\n<li>100% Leveransgaranti: Vi anv\u00e4nder den b\u00e4sta fraktmetoden f\u00f6r att s\u00e4kerst\u00e4lla att du f\u00e5r best\u00e4llningen 100%.<\/li>\r\n<li>Vi kommer att ge dig sp\u00e5rningsnumret och fraktetiketten efter leverans och sp\u00e5ra varorna \u00e5t dig tills du kvitterar ut dem.<\/li>\r\n<li>Inga tullproblem, inga tullar<\/li>\r\n<\/ul>","protected":false},"excerpt":{"rendered":"<p><b><span style=\"color: #00a859;\">Fri frakt<\/span>\u00a0fr\u00e5n Europa-lager, leveranstid 7-15 arbetsdagar.<\/b><\/p>\r\n<div class=\"wsppc_div_block woocommerce_before_add_to_cart_form\">\r\n<p><strong>Tulla varorna f\u00f6re leverans &amp; 100% Leveransgaranti<\/strong><\/p>\r\n<\/div>","protected":false},"featured_media":26772,"comment_status":"open","ping_status":"closed","template":"","meta":[],"pwb-brand":[1278],"product_cat":[938],"product_tag":[828,22,24,60,557,780],"class_list":{"0":"post-15878","1":"product","2":"type-product","3":"status-publish","4":"has-post-thumbnail","6":"pwb-brand-elf-bar","7":"product_cat-europe-warehouse","8":"product_tag-raya-d3","9":"product_tag-disposable","10":"product_tag-wholesale","11":"product_tag-elf-bar","12":"product_tag-23-0ml","13":"product_tag-23000-puffs","14":"product_shipping_class-eu-warehouse","16":"first","17":"instock","18":"featured","19":"shipping-taxable","20":"purchasable","21":"product-type-variable"},"aioseo_notices":[],"brands":[{"id":1278,"name":"Elf bar","slug":"alvbar"}],"_links":{"self":[{"href":"https:\/\/www.vape4wholesale.com\/sv\/wp-json\/wp\/v2\/product\/15878","targetHints":{"allow":["GET"]}}],"collection":[{"href":"https:\/\/www.vape4wholesale.com\/sv\/wp-json\/wp\/v2\/product"}],"about":[{"href":"https:\/\/www.vape4wholesale.com\/sv\/wp-json\/wp\/v2\/types\/product"}],"replies":[{"embeddable":true,"href":"https:\/\/www.vape4wholesale.com\/sv\/wp-json\/wp\/v2\/comments?post=15878"}],"wp:featuredmedia":[{"embeddable":true,"href":"https:\/\/www.vape4wholesale.com\/sv\/wp-json\/wp\/v2\/media\/26772"}],"wp:attachment":[{"href":"https:\/\/www.vape4wholesale.com\/sv\/wp-json\/wp\/v2\/media?parent=15878"}],"wp:term":[{"taxonomy":"pwb-brand","embeddable":true,"href":"https:\/\/www.vape4wholesale.com\/sv\/wp-json\/wp\/v2\/pwb-brand?post=15878"},{"taxonomy":"product_cat","embeddable":true,"href":"https:\/\/www.vape4wholesale.com\/sv\/wp-json\/wp\/v2\/product_cat?post=15878"},{"taxonomy":"product_tag","embeddable":true,"href":"https:\/\/www.vape4wholesale.com\/sv\/wp-json\/wp\/v2\/product_tag?post=15878"}],"curies":[{"name":"wp","href":"https:\/\/api.w.org\/{rel}","templated":true}]}}