{"id":15808,"date":"2024-05-20T09:50:16","date_gmt":"2024-05-20T01:50:16","guid":{"rendered":"https:\/\/www.vape4wholesale.com\/?post_type=product&#038;p=15808"},"modified":"2026-01-26T13:40:58","modified_gmt":"2026-01-26T13:40:58","slug":"rabbeats-rc10000-touch-engangs-vape-grossist","status":"publish","type":"product","link":"https:\/\/www.vape4wholesale.com\/sv\/product\/rabbeats-rc10000-touch-disposable-vape-wholesale","title":{"rendered":"RabBeats RC10000 Touch eng\u00e5ngsvape grossist"},"content":{"rendered":"<p>Den <b>RabBeats RC10000 Touch eng\u00e5ngsvape<\/b>\u00a0\u00e4r den f\u00f6rsta eng\u00e5ngsvape som \u00e4r utrustad med en peksk\u00e4rm och ger v\u00e4lsmakande puffar med 14 ml uts\u00f6kt e-juice, ett robust batteri och avancerad mesh coil-teknik. RabBeats RC10000 Touch \u00e4r en innovativ produkt i eng\u00e5ngsbranschen. Den erbjuder en uppslukande vapingupplevelse fri fr\u00e5n knappar. Du kan justera l\u00e4gena genom att r\u00f6ra ist\u00e4llet f\u00f6r att trycka. Med det anv\u00e4ndarv\u00e4nliga gr\u00e4nssnittet kommer den b\u00e4sta smaken. Tack vare den avancerade mesh-spolen blir varje bloss mjukt och v\u00e4lsmakande. RabBeats RC10000 Touch \u00e4r framtiden f\u00f6r vapes f\u00f6r eng\u00e5ngsbruk.<\/p>\n<h2 class=\"second-title\"><strong>RabBeats RC10000 Touch eng\u00e5ngsvape Funktioner<\/strong><\/h2>\n<ul>\n<li>Uppladdningsbart 620mAh-batteri<\/li>\n<li>F\u00f6rfylld 14 ml E-v\u00e4tska<\/li>\n<li>Cirka 14000 puffar (Light Mode)\/12000 puffar (Smooth Mode)\/10000 puffar (Strong Mode)<\/li>\n<li>First Touch Screen eng\u00e5ngsvape<\/li>\n<li>3 justerbara l\u00e4gen: Ljus: Delikata smaker och subtila halstr\u00e4ffar<\/li>\n<li>Smidig: Mjuka och mjuka smaker och milda halsslag<\/li>\n<li>Strong: Intensiva smaker och starka, tillfredsst\u00e4llande tr\u00e4ffar<\/li>\n<li>Justerbart luftfl\u00f6de<\/li>\n<li>USB-laddningsport av typ C (kabel ing\u00e5r ej)<\/li>\n<li>Avancerad n\u00e4tspolsteknik<\/li>\n<li>Rita-aktiverad<\/li>\n<li>MTL Vaping<\/li>\n<\/ul>\n<h2><strong>Smaklista<\/strong><\/h2>\n<ol>\n<li>Blue Razz Ice<\/li>\n<li>Bl\u00e5b\u00e4r Vattenmelon<\/li>\n<li>K\u00f6rsb\u00e4r Citron<\/li>\n<li>Citrus Druva<\/li>\n<li>Kokosn\u00f6t Banan<\/li>\n<li>Draken Strawnana<\/li>\n<li>Georgia Persika<\/li>\n<li>LA Mint<\/li>\n<li>Mount Splash<\/li>\n<li>OMG (Apelsin Mango Druva)<\/li>\n<li>Ruby Hallon<\/li>\n<li>Vattenmelon Bubblegum<\/li>\n<\/ol>\n<figure id=\"attachment_15834\" aria-describedby=\"caption-attachment-15834\" style=\"width: 800px\" class=\"wp-caption aligncenter\"><img loading=\"lazy\" decoding=\"async\" class=\"wp-image-15834 size-full\" title=\"RabBeats RC10000 Touch eng\u00e5ngsvape grossist bl\u00e5b\u00e4r vattenmelon\" src=\"https:\/\/www.vape4wholesale.com\/wp-content\/uploads\/2024\/05\/RabBeats-RC10000-Touch-Disposable-Vape-Wholesale-blueberry-watermelon.jpg\" alt=\"RabBeats RC10000 Touch eng\u00e5ngsvape grossist bl\u00e5b\u00e4r vattenmelon\" width=\"800\" height=\"800\" srcset=\"https:\/\/www.vape4wholesale.com\/wp-content\/uploads\/2024\/05\/RabBeats-RC10000-Touch-Disposable-Vape-Wholesale-blueberry-watermelon.jpg 800w, https:\/\/www.vape4wholesale.com\/wp-content\/uploads\/2024\/05\/RabBeats-RC10000-Touch-Disposable-Vape-Wholesale-blueberry-watermelon-247x247.jpg 247w, https:\/\/www.vape4wholesale.com\/wp-content\/uploads\/2024\/05\/RabBeats-RC10000-Touch-Disposable-Vape-Wholesale-blueberry-watermelon-100x100.jpg 100w, https:\/\/www.vape4wholesale.com\/wp-content\/uploads\/2024\/05\/RabBeats-RC10000-Touch-Disposable-Vape-Wholesale-blueberry-watermelon-510x510.jpg 510w, https:\/\/www.vape4wholesale.com\/wp-content\/uploads\/2024\/05\/RabBeats-RC10000-Touch-Disposable-Vape-Wholesale-blueberry-watermelon-64x64.jpg 64w, https:\/\/www.vape4wholesale.com\/wp-content\/uploads\/2024\/05\/RabBeats-RC10000-Touch-Disposable-Vape-Wholesale-blueberry-watermelon-300x300.jpg 300w, https:\/\/www.vape4wholesale.com\/wp-content\/uploads\/2024\/05\/RabBeats-RC10000-Touch-Disposable-Vape-Wholesale-blueberry-watermelon-150x150.jpg 150w, https:\/\/www.vape4wholesale.com\/wp-content\/uploads\/2024\/05\/RabBeats-RC10000-Touch-Disposable-Vape-Wholesale-blueberry-watermelon-768x768.jpg 768w\" sizes=\"auto, (max-width: 800px) 100vw, 800px\" \/><figcaption id=\"caption-attachment-15834\" class=\"wp-caption-text\">RabBeats RC10000 Touch eng\u00e5ngsvape grossist<\/figcaption><\/figure>\n<p><img loading=\"lazy\" decoding=\"async\" class=\"size-full wp-image-15832 aligncenter\" title=\"RabBeats RC10000 Touch eng\u00e5ngsvape grossist\" src=\"https:\/\/www.vape4wholesale.com\/wp-content\/uploads\/2024\/05\/RabBeats-RC10000-Touch-Disposable-Vape-Wholesale.jpg\" alt=\"RabBeats RC10000 Touch eng\u00e5ngsvape grossist\" width=\"1000\" height=\"1343\" srcset=\"https:\/\/www.vape4wholesale.com\/wp-content\/uploads\/2024\/05\/RabBeats-RC10000-Touch-Disposable-Vape-Wholesale.jpg 1000w, https:\/\/www.vape4wholesale.com\/wp-content\/uploads\/2024\/05\/RabBeats-RC10000-Touch-Disposable-Vape-Wholesale-510x685.jpg 510w, https:\/\/www.vape4wholesale.com\/wp-content\/uploads\/2024\/05\/RabBeats-RC10000-Touch-Disposable-Vape-Wholesale-64x86.jpg 64w, https:\/\/www.vape4wholesale.com\/wp-content\/uploads\/2024\/05\/RabBeats-RC10000-Touch-Disposable-Vape-Wholesale-223x300.jpg 223w, https:\/\/www.vape4wholesale.com\/wp-content\/uploads\/2024\/05\/RabBeats-RC10000-Touch-Disposable-Vape-Wholesale-762x1024.jpg 762w, https:\/\/www.vape4wholesale.com\/wp-content\/uploads\/2024\/05\/RabBeats-RC10000-Touch-Disposable-Vape-Wholesale-768x1031.jpg 768w\" sizes=\"auto, (max-width: 1000px) 100vw, 1000px\" \/> <img loading=\"lazy\" decoding=\"async\" class=\"size-full wp-image-15833 aligncenter\" title=\"RabBeats RC10000 Touch eng\u00e5ngsvape grossist 2\" src=\"https:\/\/www.vape4wholesale.com\/wp-content\/uploads\/2024\/05\/RabBeats-RC10000-Touch-Disposable-Vape-Wholesale_2.jpg\" alt=\"RabBeats RC10000 Touch eng\u00e5ngsvape grossist 2\" width=\"1000\" height=\"1117\" srcset=\"https:\/\/www.vape4wholesale.com\/wp-content\/uploads\/2024\/05\/RabBeats-RC10000-Touch-Disposable-Vape-Wholesale_2.jpg 1000w, https:\/\/www.vape4wholesale.com\/wp-content\/uploads\/2024\/05\/RabBeats-RC10000-Touch-Disposable-Vape-Wholesale_2-510x570.jpg 510w, https:\/\/www.vape4wholesale.com\/wp-content\/uploads\/2024\/05\/RabBeats-RC10000-Touch-Disposable-Vape-Wholesale_2-64x71.jpg 64w, https:\/\/www.vape4wholesale.com\/wp-content\/uploads\/2024\/05\/RabBeats-RC10000-Touch-Disposable-Vape-Wholesale_2-269x300.jpg 269w, https:\/\/www.vape4wholesale.com\/wp-content\/uploads\/2024\/05\/RabBeats-RC10000-Touch-Disposable-Vape-Wholesale_2-917x1024.jpg 917w, https:\/\/www.vape4wholesale.com\/wp-content\/uploads\/2024\/05\/RabBeats-RC10000-Touch-Disposable-Vape-Wholesale_2-768x858.jpg 768w\" sizes=\"auto, (max-width: 1000px) 100vw, 1000px\" \/><\/p>\n<h2>VARF\u00d6R OSS?<\/h2>\r\n<ul>\r\n<li>Verklig, p\u00e5litlig och professionell vape-k\u00e4lla.<\/li>\r\n<li>100% \u00e4kta garanti: Vi tillhandah\u00e5ller endast original- och \u00e4kta produkter, v\u00e4grar f\u00f6rfalskning.<\/li>\r\n<li>100% Leveransgaranti: Vi anv\u00e4nder den b\u00e4sta fraktmetoden f\u00f6r att s\u00e4kerst\u00e4lla att du f\u00e5r best\u00e4llningen 100%.<\/li>\r\n<li>Vi kommer att ge dig sp\u00e5rningsnumret och fraktetiketten efter leverans och sp\u00e5ra varorna \u00e5t dig tills du kvitterar ut dem.<\/li>\r\n<li>Inga tullproblem, inga tullar<\/li>\r\n<\/ul>","protected":false},"excerpt":{"rendered":"<div class=\"wsppc_div_block woocommerce_before_add_to_cart_form\">\r\n<p><strong><span style=\"color: #00a859;\">Klarera tullen<\/span> f\u00f6re leverans &amp; 100% Leveransgaranti, Leverans p\u00e5 cirka 19\u201325 dagar.\u00a0<\/strong><\/p>\r\n<\/div>\n<p><strong>P\u00e5 grund av frekventa f\u00f6r\u00e4ndringar i produktinventering, minsta orderkvantitet och pris, v\u00e4nligen kontakta oss innan du g\u00f6r best\u00e4llningen.<\/strong><\/p>","protected":false},"featured_media":15829,"comment_status":"open","ping_status":"closed","template":"","meta":[],"pwb-brand":[1289],"product_cat":[871],"product_tag":[324,808,22,24,60,177],"class_list":{"0":"post-15808","1":"product","2":"type-product","3":"status-publish","4":"has-post-thumbnail","6":"pwb-brand-others","7":"product_cat-10-15k-puffs","8":"product_tag-10000-puffs","9":"product_tag-rabbeats","10":"product_tag-disposable","11":"product_tag-wholesale","12":"product_tag-elf-bar","13":"product_tag-14-0ml","15":"first","16":"instock","17":"shipping-taxable","18":"purchasable","19":"product-type-variable"},"aioseo_notices":[],"brands":[{"id":1289,"name":"\u00d6vriga","slug":"andra"}],"_links":{"self":[{"href":"https:\/\/www.vape4wholesale.com\/sv\/wp-json\/wp\/v2\/product\/15808","targetHints":{"allow":["GET"]}}],"collection":[{"href":"https:\/\/www.vape4wholesale.com\/sv\/wp-json\/wp\/v2\/product"}],"about":[{"href":"https:\/\/www.vape4wholesale.com\/sv\/wp-json\/wp\/v2\/types\/product"}],"replies":[{"embeddable":true,"href":"https:\/\/www.vape4wholesale.com\/sv\/wp-json\/wp\/v2\/comments?post=15808"}],"wp:featuredmedia":[{"embeddable":true,"href":"https:\/\/www.vape4wholesale.com\/sv\/wp-json\/wp\/v2\/media\/15829"}],"wp:attachment":[{"href":"https:\/\/www.vape4wholesale.com\/sv\/wp-json\/wp\/v2\/media?parent=15808"}],"wp:term":[{"taxonomy":"pwb-brand","embeddable":true,"href":"https:\/\/www.vape4wholesale.com\/sv\/wp-json\/wp\/v2\/pwb-brand?post=15808"},{"taxonomy":"product_cat","embeddable":true,"href":"https:\/\/www.vape4wholesale.com\/sv\/wp-json\/wp\/v2\/product_cat?post=15808"},{"taxonomy":"product_tag","embeddable":true,"href":"https:\/\/www.vape4wholesale.com\/sv\/wp-json\/wp\/v2\/product_tag?post=15808"}],"curies":[{"name":"wp","href":"https:\/\/api.w.org\/{rel}","templated":true}]}}