{"id":15767,"date":"2024-05-20T09:26:22","date_gmt":"2024-05-20T01:26:22","guid":{"rendered":"https:\/\/www.vape4wholesale.com\/?post_type=product&#038;p=15767"},"modified":"2026-01-26T13:41:01","modified_gmt":"2026-01-26T13:41:01","slug":"rabbeats-rc10000-engangs-vape-grossist","status":"publish","type":"product","link":"https:\/\/www.vape4wholesale.com\/sv\/product\/rabbeats-rc10000-disposable-vape-wholesale","title":{"rendered":"RabBeats RC10000 Eng\u00e5ngsvape grossist"},"content":{"rendered":"<p>den\u00a0<b>RabBeats RC10000 Eng\u00e5ngsvape <\/b>\u00e4r utrustad med ett robust 620mAh-batteri, en 18mL-kapacitet och viktiga funktioner som en batteritidsindikator och en e-v\u00e4tskeindikator. Denna eng\u00e5ngsvape har en anm\u00e4rkningsv\u00e4rd livsl\u00e4ngd och erbjuder upp till 10 000 puffar f\u00f6r en ut\u00f6kad vapingupplevelse.<\/p>\n<p>RabBeats RC10000 Disposable Vape framst\u00e5r som ett m\u00e4sterverk inom vaping, utformad f\u00f6r dem som l\u00e4ngtar efter o\u00f6vertr\u00e4ffad smak och best\u00e5ende prestanda. Med ett l\u00f6fte om upp till 10 000 puffar \u00e4r den h\u00e4r enheten inte bara ett vapingverktyg utan en resa genom en rik tapet av smaker, utformad f\u00f6r att tillgodose de mest kr\u00e4sna gommarna.<\/p>\n<p>&nbsp;<\/p>\n<h3><strong>RabBeats RC10000 Eng\u00e5ngsvape Funktioner<\/strong><\/h3>\n<ol>\n<li>Gener\u00f6s kapacitet: Njut av upp till 10 000 puffar med en 18 ml beh\u00e5llare f\u00f6r e-juice.<\/li>\n<li>Kraftfullt batteri: Ett uppladdningsbart USB-C-batteri p\u00e5 620 mAh garanterar l\u00e5ngvarig prestanda.<\/li>\n<li>Elegant design: Gummibelagd f\u00f6r komfort, med en snyggt gl\u00e4nsande frontpanel.<\/li>\n<li>Avancerad display: LCD-sk\u00e4rm f\u00f6r realtids\u00f6vervakning av batteri- och e-v\u00e4tskeniv\u00e5er.<\/li>\n<li>Innovativ spolteknik: Mesh-spole med anti-burn-teknik f\u00f6r mjuka och smakrika bloss.<\/li>\n<\/ol>\n<h2>Snabbavl\u00e4sningar<\/h2>\n<ul>\n<li>18 ml f\u00f6rfylld e-v\u00e4tska<\/li>\n<li>5%(50mg) Nikotinstyrka<\/li>\n<li>Uppladdningsbart batteri 620 mAh<\/li>\n<li>USB typ C (kabel ing\u00e5r ej)<\/li>\n<li>Cirka 10000 puffar<\/li>\n<li>N\u00e4tspole<\/li>\n<li>Rita-aktiverad<\/li>\n<li>MTL Vaping<\/li>\n<li>Display f\u00f6r batteri och e-v\u00e4tska<\/li>\n<li>Avancerad n\u00e4tspolsteknik<\/li>\n<li>Skydd mot torrbr\u00e4nna<\/li>\n<\/ul>\n<p class=\"second-title\">Smak\u00e4mnen<\/p>\n<ul>\n<li><b>Jordgubbsis<\/b>: En blandad smak av sur jordgubbe och en antydan till mynta<\/li>\n<li><b>Persika Mango<\/b>: Ett tropiskt paradis av passionerad mango och saftig persika<\/li>\n<li><b>Grape Ice<\/b>: En duo av syrlig druva och sval mynta<\/li>\n<li><b>Druva K\u00f6rsb\u00e4r<\/b>: En explosion efter kollision av s\u00f6t k\u00f6rsb\u00e4r och sur druva<\/li>\n<li><b>Fuji is<\/b>: Lika kall som sn\u00f6n p\u00e5 Mount Fuji och \u00e4r inte p\u00e5 n\u00e5got s\u00e4tt s\u00e4mre \u00e4n din mint<\/li>\n<li><b>Crazy Berry K\u00f6rsb\u00e4r<\/b>: Njut av en explosion av s\u00f6ta b\u00e4r och syrliga k\u00f6rsb\u00e4r p\u00e5 dina smakl\u00f6kar<\/li>\n<li><b>Bl\u00e5b\u00e4r Mint<\/b>: En klassisk frukt- och mintsmak som \u00e4r syrlig, s\u00f6t och isig<\/li>\n<li><b>Blueberry Cloudz<\/b>: F\u00f6r molnj\u00e4gare som ocks\u00e5 gillar s\u00f6ta, blommiga bl\u00e5b\u00e4r<\/li>\n<li><b>Blue Razz Ice<\/b>: G\u00f6r dig redo f\u00f6r en explosion av bl\u00e5 hallon<\/li>\n<li><b>Jordgubb Kiwi Is<\/b>: En perfekt matchning av h\u00e4rliga jordgubbar och kiwi med en tredje mint<\/li>\n<li><b>Miami Mint<\/b>: En fr\u00e4sch citrusblandning med uppfriskande mynta<\/li>\n<li><b>Ananas Jordgubbar Banan<\/b>: En h\u00e4rlig blandning av syrlig ananas, saftig jordgubbe och mogen banan<\/li>\n<li><b>Citron Lime<\/b>: Njut av den syrliga och aptitretande smaken av citron och lime<\/li>\n<li><b>Bj\u00f6rnb\u00e4r Tranb\u00e4r<\/b>: Trevlig vapingupplevelse med aptitretande bj\u00f6rnb\u00e4r och smakrika tranb\u00e4r<\/li>\n<\/ul>\n<figure id=\"attachment_15795\" aria-describedby=\"caption-attachment-15795\" style=\"width: 800px\" class=\"wp-caption aligncenter\"><img loading=\"lazy\" decoding=\"async\" class=\"size-full wp-image-15795\" title=\"RabBeats RC10000 Eng\u00e5ngsvape Partihandel Bl\u00e5b\u00e4r Mint\" src=\"https:\/\/www.vape4wholesale.com\/wp-content\/uploads\/2024\/05\/RabBeats-RC10000-Disposable-Vape-Wholesale_Blueberry-Mint.jpg\" alt=\"RabBeats RC10000 Eng\u00e5ngsvape Partihandel Bl\u00e5b\u00e4r Mint\" width=\"800\" height=\"800\" srcset=\"https:\/\/www.vape4wholesale.com\/wp-content\/uploads\/2024\/05\/RabBeats-RC10000-Disposable-Vape-Wholesale_Blueberry-Mint.jpg 800w, https:\/\/www.vape4wholesale.com\/wp-content\/uploads\/2024\/05\/RabBeats-RC10000-Disposable-Vape-Wholesale_Blueberry-Mint-247x247.jpg 247w, https:\/\/www.vape4wholesale.com\/wp-content\/uploads\/2024\/05\/RabBeats-RC10000-Disposable-Vape-Wholesale_Blueberry-Mint-100x100.jpg 100w, https:\/\/www.vape4wholesale.com\/wp-content\/uploads\/2024\/05\/RabBeats-RC10000-Disposable-Vape-Wholesale_Blueberry-Mint-510x510.jpg 510w, https:\/\/www.vape4wholesale.com\/wp-content\/uploads\/2024\/05\/RabBeats-RC10000-Disposable-Vape-Wholesale_Blueberry-Mint-64x64.jpg 64w, https:\/\/www.vape4wholesale.com\/wp-content\/uploads\/2024\/05\/RabBeats-RC10000-Disposable-Vape-Wholesale_Blueberry-Mint-300x300.jpg 300w, https:\/\/www.vape4wholesale.com\/wp-content\/uploads\/2024\/05\/RabBeats-RC10000-Disposable-Vape-Wholesale_Blueberry-Mint-150x150.jpg 150w, https:\/\/www.vape4wholesale.com\/wp-content\/uploads\/2024\/05\/RabBeats-RC10000-Disposable-Vape-Wholesale_Blueberry-Mint-768x768.jpg 768w\" sizes=\"auto, (max-width: 800px) 100vw, 800px\" \/><figcaption id=\"caption-attachment-15795\" class=\"wp-caption-text\">RabBeats RC10000 Eng\u00e5ngsvape grossist<\/figcaption><\/figure>\n<figure id=\"attachment_15805\" aria-describedby=\"caption-attachment-15805\" style=\"width: 1200px\" class=\"wp-caption aligncenter\"><img loading=\"lazy\" decoding=\"async\" class=\"wp-image-15805 size-full\" title=\"RabBeats RC10000 eng\u00e5ngsvape \u00d6versikt \u00f6ver grossistf\u00f6rs\u00e4ljning\" src=\"https:\/\/www.vape4wholesale.com\/wp-content\/uploads\/2024\/05\/RabBeats-RC10000-Disposable-Vape-Wholesale-Overview.jpg\" alt=\"RabBeats RC10000 eng\u00e5ngsvape \u00d6versikt \u00f6ver grossistf\u00f6rs\u00e4ljning\" width=\"1200\" height=\"1767\" srcset=\"https:\/\/www.vape4wholesale.com\/wp-content\/uploads\/2024\/05\/RabBeats-RC10000-Disposable-Vape-Wholesale-Overview.jpg 1200w, https:\/\/www.vape4wholesale.com\/wp-content\/uploads\/2024\/05\/RabBeats-RC10000-Disposable-Vape-Wholesale-Overview-510x751.jpg 510w, https:\/\/www.vape4wholesale.com\/wp-content\/uploads\/2024\/05\/RabBeats-RC10000-Disposable-Vape-Wholesale-Overview-64x94.jpg 64w, https:\/\/www.vape4wholesale.com\/wp-content\/uploads\/2024\/05\/RabBeats-RC10000-Disposable-Vape-Wholesale-Overview-204x300.jpg 204w, https:\/\/www.vape4wholesale.com\/wp-content\/uploads\/2024\/05\/RabBeats-RC10000-Disposable-Vape-Wholesale-Overview-695x1024.jpg 695w, https:\/\/www.vape4wholesale.com\/wp-content\/uploads\/2024\/05\/RabBeats-RC10000-Disposable-Vape-Wholesale-Overview-768x1131.jpg 768w, https:\/\/www.vape4wholesale.com\/wp-content\/uploads\/2024\/05\/RabBeats-RC10000-Disposable-Vape-Wholesale-Overview-1043x1536.jpg 1043w\" sizes=\"auto, (max-width: 1200px) 100vw, 1200px\" \/><figcaption id=\"caption-attachment-15805\" class=\"wp-caption-text\">RabBeats RC10000 Eng\u00e5ngsvape grossist<\/figcaption><\/figure>\n<h2>VARF\u00d6R OSS?<\/h2>\r\n<ul>\r\n<li>Verklig, p\u00e5litlig och professionell vape-k\u00e4lla.<\/li>\r\n<li>100% \u00e4kta garanti: Vi tillhandah\u00e5ller endast original- och \u00e4kta produkter, v\u00e4grar f\u00f6rfalskning.<\/li>\r\n<li>100% Leveransgaranti: Vi anv\u00e4nder den b\u00e4sta fraktmetoden f\u00f6r att s\u00e4kerst\u00e4lla att du f\u00e5r best\u00e4llningen 100%.<\/li>\r\n<li>Vi kommer att ge dig sp\u00e5rningsnumret och fraktetiketten efter leverans och sp\u00e5ra varorna \u00e5t dig tills du kvitterar ut dem.<\/li>\r\n<li>Inga tullproblem, inga tullar<\/li>\r\n<\/ul>","protected":false},"excerpt":{"rendered":"<div class=\"wsppc_div_block woocommerce_before_add_to_cart_form\">\r\n<p><strong><span style=\"color: #00a859;\">Clear customs<\/span> before delivery &amp; 100% Delivery Guarantee, Delivery in 19~25 days around.\u00a0<\/strong><\/p>\r\n<\/div>\n<p><strong>P\u00e5 grund av frekventa f\u00f6r\u00e4ndringar i produktinventering, minsta orderkvantitet och pris, v\u00e4nligen kontakta oss innan du g\u00f6r best\u00e4llningen.<\/strong><\/p>","protected":false},"featured_media":15788,"comment_status":"open","ping_status":"closed","template":"","meta":[],"pwb-brand":[1289],"product_cat":[871],"product_tag":[22,24,60,244,324,808],"class_list":{"0":"post-15767","1":"product","2":"type-product","3":"status-publish","4":"has-post-thumbnail","6":"pwb-brand-others","7":"product_cat-10-15k-puffs","8":"product_tag-disposable","9":"product_tag-wholesale","10":"product_tag-elf-bar","11":"product_tag-18-0ml","12":"product_tag-10000-puffs","13":"product_tag-rabbeats","15":"first","16":"instock","17":"shipping-taxable","18":"purchasable","19":"product-type-variable"},"aioseo_notices":[],"brands":[{"id":1289,"name":"\u00d6vriga","slug":"andra"}],"_links":{"self":[{"href":"https:\/\/www.vape4wholesale.com\/sv\/wp-json\/wp\/v2\/product\/15767","targetHints":{"allow":["GET"]}}],"collection":[{"href":"https:\/\/www.vape4wholesale.com\/sv\/wp-json\/wp\/v2\/product"}],"about":[{"href":"https:\/\/www.vape4wholesale.com\/sv\/wp-json\/wp\/v2\/types\/product"}],"replies":[{"embeddable":true,"href":"https:\/\/www.vape4wholesale.com\/sv\/wp-json\/wp\/v2\/comments?post=15767"}],"wp:featuredmedia":[{"embeddable":true,"href":"https:\/\/www.vape4wholesale.com\/sv\/wp-json\/wp\/v2\/media\/15788"}],"wp:attachment":[{"href":"https:\/\/www.vape4wholesale.com\/sv\/wp-json\/wp\/v2\/media?parent=15767"}],"wp:term":[{"taxonomy":"pwb-brand","embeddable":true,"href":"https:\/\/www.vape4wholesale.com\/sv\/wp-json\/wp\/v2\/pwb-brand?post=15767"},{"taxonomy":"product_cat","embeddable":true,"href":"https:\/\/www.vape4wholesale.com\/sv\/wp-json\/wp\/v2\/product_cat?post=15767"},{"taxonomy":"product_tag","embeddable":true,"href":"https:\/\/www.vape4wholesale.com\/sv\/wp-json\/wp\/v2\/product_tag?post=15767"}],"curies":[{"name":"wp","href":"https:\/\/api.w.org\/{rel}","templated":true}]}}