{"id":15742,"date":"2024-05-19T21:10:00","date_gmt":"2024-05-19T13:10:00","guid":{"rendered":"https:\/\/www.vape4wholesale.com\/?post_type=product&#038;p=15742"},"modified":"2026-01-26T13:41:03","modified_gmt":"2026-01-26T13:41:03","slug":"elf-bar-fs18000-engangs-vape-grossist","status":"publish","type":"product","link":"https:\/\/www.vape4wholesale.com\/sv\/product\/elf-bar-fs18000-disposable-vape-wholesale","title":{"rendered":"Elf Bar FS18000 Eng\u00e5ngsvape grossist"},"content":{"rendered":"<p>Den <b>Elf Bar FS18000 Eng\u00e5ngsartiklar <\/b>inleder en ny era av vaping med sina innovativa justerbara l\u00e4gen, dual mesh coil-system och ett levande anv\u00e4ndargr\u00e4nssnitt med platt sk\u00e4rm. Upplev vaping som aldrig f\u00f6rr med upp till 18000 puffar och ett urval av 30 lockande smaker<\/p>\n<p>Den har de senaste funktionerna, t.ex. justerbara vapingl\u00e4gen och en displaysk\u00e4rm med modern teknik. E-juicebeh\u00e5llaren p\u00e5 FS18000 rymmer en stor m\u00e4ngd e-juice f\u00f6r l\u00e5ngvarig vaping. De dubbla mesh-spolarna \u00e4r nyckeln till kontinuerlig effekt f\u00f6r tv\u00e5 olika vaping-l\u00e4gen. Boost-l\u00e4get f\u00f6rb\u00e4ttrar smakproduktionen och prestandan hos FS18000. Smooth Mode ger \u00e5 andra sidan h\u00f6gre puffantal och mjuka och tillfredsst\u00e4llande puffar.<\/p>\n<p>Elf Bar FS18000 \u00e4r inte bara en vape-enhet; det \u00e4r ett m\u00e4sterverk av teknik som \u00e4r utformad f\u00f6r att \u00f6vertr\u00e4ffa f\u00f6rv\u00e4ntningarna. Med ett imponerande antal puffar p\u00e5 18000 garanterar den h\u00e4r enheten l\u00e5ngvarig njutning utan besv\u00e4ret med frekventa p\u00e5fyllningar eller laddningar. Oavsett om du \u00e4r en erfaren vaper eller ny i vapingv\u00e4rlden \u00e4r ELFBAR FS18000 utformad f\u00f6r att tillgodose dina behov och preferenser.<\/p>\n<h2 class=\"second-title\"><strong>Elf Bar FS18000 Eng\u00e5ngsvape Funktioner:<\/strong><\/h2>\n<ul>\n<li>Uppladdningsbart inbyggt batteri<\/li>\n<li>Antal puffar: Cirka 18000 (Smooth Mode)\/10000 puffar (Boost Mode)<\/li>\n<li>F\u00f6rfylld E-Juice<\/li>\n<li>Olika Vaping-l\u00e4gen: Smooth\/Boost-l\u00e4ge<\/li>\n<li>Platt sk\u00e4rm med f\u00e4rgstarkt anv\u00e4ndargr\u00e4nssnitt<\/li>\n<li>Spole med dubbla n\u00e4t<\/li>\n<li>5%(50mg) Nikotinstyrka<\/li>\n<li>Laddning via USB typ C (ing\u00e5r ej)<\/li>\n<li>Rita-aktiverad<\/li>\n<li>MTL Vaping<\/li>\n<\/ul>\n<h2><strong>Varf\u00f6r \u00e4r det bra?<\/strong><\/h2>\n<ol>\n<li><strong>Dual Vaping Modes:<\/strong>\u00a0V\u00e4lj mellan Boost Mode f\u00f6r intensiv smak eller Smooth Mode f\u00f6r fler puffar.<\/li>\n<li><strong>Avancerad spole med dubbla n\u00e4t:<\/strong>\u00a0Upplev j\u00e4mn, riklig \u00e5nga med varje bloss.<\/li>\n<li><strong>Anv\u00e4ndarv\u00e4nlig platt sk\u00e4rm:<\/strong>\u00a0Navigera bland inst\u00e4llningar och preferenser med ett intuitivt och f\u00e4rgglatt anv\u00e4ndargr\u00e4nssnitt.<\/li>\n<li><strong>Indikatorer i realtid:<\/strong>\u00a0H\u00e5ll dig informerad med tydliga displayer f\u00f6r batteri- och e-v\u00e4tskeniv\u00e5.<\/li>\n<li><strong>Expansiv smakvariation:<\/strong>\u00a0Njut av ett spektrum av 30 olika smaker som \u00e4r skr\u00e4ddarsydda f\u00f6r att passa alla smaker.<\/li>\n<\/ol>\n<h2><strong>Smak\u00e4mnen:<\/strong><\/h2>\n<ol>\n<li>Tranb\u00e4r<\/li>\n<li>Vattenmelon Citron<\/li>\n<li>Vattenmelon-is<\/li>\n<li>Vattenmelon Bubble Gum<\/li>\n<li>Jordgubb Druva<\/li>\n<li>Granat\u00e4pple Kokosn\u00f6t<\/li>\n<li>Persika is<\/li>\n<li>Persika B\u00e4r<\/li>\n<li>Orange vattenmelon<\/li>\n<li>Citronmynta<\/li>\n<li>Kiwi Ananas Is<\/li>\n<li>Druva Hallon<\/li>\n<li>Grape Ice<\/li>\n<li>Druva K\u00f6rsb\u00e4r<\/li>\n<li>Dubbla \u00e4pplen<\/li>\n<li>K\u00f6rsb\u00e4rs- och persikoliknande lemonad<\/li>\n<li>Bl\u00e5b\u00e4r Razz Citron<\/li>\n<li>Bl\u00e5b\u00e4r Hallon<\/li>\n<li>Bl\u00e5b\u00e4rsis<\/li>\n<li>Bj\u00f6rnb\u00e4r Tranb\u00e4r<\/li>\n<\/ol>\n<figure id=\"attachment_15766\" aria-describedby=\"caption-attachment-15766\" style=\"width: 606px\" class=\"wp-caption alignnone\"><img loading=\"lazy\" decoding=\"async\" class=\"size-full wp-image-15766\" title=\"Elf Bar FS18000 Vape f\u00f6r eng\u00e5ngsbruk grossist (2)\" src=\"https:\/\/www.vape4wholesale.com\/wp-content\/uploads\/2024\/05\/Elf-Bar-FS18000-Disposable-Vape-Wholesale-2.jpg\" alt=\"Elf Bar FS18000 Vape f\u00f6r eng\u00e5ngsbruk grossist (2)\" width=\"606\" height=\"810\" srcset=\"https:\/\/www.vape4wholesale.com\/wp-content\/uploads\/2024\/05\/Elf-Bar-FS18000-Disposable-Vape-Wholesale-2.jpg 606w, https:\/\/www.vape4wholesale.com\/wp-content\/uploads\/2024\/05\/Elf-Bar-FS18000-Disposable-Vape-Wholesale-2-510x682.jpg 510w, https:\/\/www.vape4wholesale.com\/wp-content\/uploads\/2024\/05\/Elf-Bar-FS18000-Disposable-Vape-Wholesale-2-64x86.jpg 64w, https:\/\/www.vape4wholesale.com\/wp-content\/uploads\/2024\/05\/Elf-Bar-FS18000-Disposable-Vape-Wholesale-2-224x300.jpg 224w\" sizes=\"auto, (max-width: 606px) 100vw, 606px\" \/><figcaption id=\"caption-attachment-15766\" class=\"wp-caption-text\">Elf Bar FS18000 Eng\u00e5ngsvape grossist<\/figcaption><\/figure>\n<h2>VARF\u00d6R OSS?<\/h2>\r\n<ul>\r\n<li>Verklig, p\u00e5litlig och professionell vape-k\u00e4lla.<\/li>\r\n<li>100% \u00e4kta garanti: Vi tillhandah\u00e5ller endast original- och \u00e4kta produkter, v\u00e4grar f\u00f6rfalskning.<\/li>\r\n<li>100% Leveransgaranti: Vi anv\u00e4nder den b\u00e4sta fraktmetoden f\u00f6r att s\u00e4kerst\u00e4lla att du f\u00e5r best\u00e4llningen 100%.<\/li>\r\n<li>Vi kommer att ge dig sp\u00e5rningsnumret och fraktetiketten efter leverans och sp\u00e5ra varorna \u00e5t dig tills du kvitterar ut dem.<\/li>\r\n<li>Inga tullproblem, inga tullar<\/li>\r\n<\/ul>","protected":false},"excerpt":{"rendered":"<div class=\"wsppc_div_block woocommerce_before_add_to_cart_form\">\r\n<p><strong><span style=\"color: #00a859;\">Klarera tullen<\/span> f\u00f6re leverans &amp; 100% Leveransgaranti, Leverans p\u00e5 cirka 19\u201325 dagar.\u00a0<\/strong><\/p>\r\n<\/div>\n<p><strong>P\u00e5 grund av frekventa f\u00f6r\u00e4ndringar i produktinventering, minsta orderkvantitet och pris, v\u00e4nligen kontakta oss innan du g\u00f6r best\u00e4llningen.<\/strong><\/p>","protected":false},"featured_media":15766,"comment_status":"open","ping_status":"closed","template":"","meta":[],"pwb-brand":[1278],"product_cat":[872],"product_tag":[22,24,60,557,719],"class_list":{"0":"post-15742","1":"product","2":"type-product","3":"status-publish","4":"has-post-thumbnail","6":"pwb-brand-elf-bar","7":"product_cat-15k-20k-puffs","8":"product_tag-disposable","9":"product_tag-wholesale","10":"product_tag-elf-bar","11":"product_tag-23-0ml","12":"product_tag-18000-puffs","14":"first","15":"instock","16":"shipping-taxable","17":"purchasable","18":"product-type-variable"},"aioseo_notices":[],"brands":[{"id":1278,"name":"Elf bar","slug":"alvbar"}],"_links":{"self":[{"href":"https:\/\/www.vape4wholesale.com\/sv\/wp-json\/wp\/v2\/product\/15742","targetHints":{"allow":["GET"]}}],"collection":[{"href":"https:\/\/www.vape4wholesale.com\/sv\/wp-json\/wp\/v2\/product"}],"about":[{"href":"https:\/\/www.vape4wholesale.com\/sv\/wp-json\/wp\/v2\/types\/product"}],"replies":[{"embeddable":true,"href":"https:\/\/www.vape4wholesale.com\/sv\/wp-json\/wp\/v2\/comments?post=15742"}],"wp:featuredmedia":[{"embeddable":true,"href":"https:\/\/www.vape4wholesale.com\/sv\/wp-json\/wp\/v2\/media\/15766"}],"wp:attachment":[{"href":"https:\/\/www.vape4wholesale.com\/sv\/wp-json\/wp\/v2\/media?parent=15742"}],"wp:term":[{"taxonomy":"pwb-brand","embeddable":true,"href":"https:\/\/www.vape4wholesale.com\/sv\/wp-json\/wp\/v2\/pwb-brand?post=15742"},{"taxonomy":"product_cat","embeddable":true,"href":"https:\/\/www.vape4wholesale.com\/sv\/wp-json\/wp\/v2\/product_cat?post=15742"},{"taxonomy":"product_tag","embeddable":true,"href":"https:\/\/www.vape4wholesale.com\/sv\/wp-json\/wp\/v2\/product_tag?post=15742"}],"curies":[{"name":"wp","href":"https:\/\/api.w.org\/{rel}","templated":true}]}}