{"id":15675,"date":"2025-10-29T18:51:50","date_gmt":"2025-10-29T10:51:50","guid":{"rendered":"https:\/\/www.vape4wholesale.com\/?post_type=product&#038;p=15675"},"modified":"2026-03-19T19:01:42","modified_gmt":"2026-03-19T11:01:42","slug":"elf-bar-gh23000-engangs-vape-grossist","status":"publish","type":"product","link":"https:\/\/www.vape4wholesale.com\/sv\/product\/elf-bar-gh23000-disposable-vape-wholesale","title":{"rendered":"Elf Bar GH23000 Eng\u00e5ngsvape grossist"},"content":{"rendered":"<p>Elf Bar GH23000 eng\u00e5ngsvape introducerar en o\u00f6vertr\u00e4ffad vapingupplevelse med sin banbrytande 23K puffkapacitet och integrerade luft- och tryckjusteringssystem. Den h\u00e4r uppladdningsbara enheten har en stor digital sk\u00e4rm p\u00e5 sidan av r\u00f6ret och en f\u00e4ngslande monokrom bl\u00e5 yttre ringlampa, vilket s\u00e4tter en ny standard f\u00f6r eng\u00e5ngsvape.<\/p>\n<h2><strong>Elf Bar GH23000 Produktinformation:<\/strong><\/h2>\n<ul>\n<li>Massiv kapacitet f\u00f6r Vape Juice: Levereras med en betydande kapacitet p\u00e5 23 ml e-v\u00e4tska.<\/li>\n<li>Spolsystem med tre n\u00e4t: S\u00e4kerst\u00e4ller utm\u00e4rkt smak och \u00e5ngproduktion.<\/li>\n<li>Variabla inst\u00e4llningar f\u00f6r puffar: Tre v\u00e4xelinst\u00e4llningar f\u00f6r att justera antalet puffar - 23K, 17K och 12K.<\/li>\n<li>Batteri med h\u00f6g kapacitet: Utrustad med ett 850mAh-batteri och Type-C-laddning.<\/li>\n<li>Sofistikerad sidosk\u00e4rm: Stor digital r\u00f6rdisplay f\u00f6r enkel \u00f6vervakning.<\/li>\n<li>Anpassning av luftfl\u00f6de och tryck: Integrerat system som ger en skr\u00e4ddarsydd vapingupplevelse.<\/li>\n<li>Snygg design: Har en yttre ring med ett monokromt bl\u00e5tt ljus.<\/li>\n<li>Omfattande urval av smaker: V\u00e4lj mellan 15 uts\u00f6kta smaker.<\/li>\n<\/ul>\n<h2><strong>Smak\u00e4mnen:<\/strong><\/h2>\n<ol>\n<li>Grape Ice<\/li>\n<li>Gr\u00f6nt \u00e4pple is<\/li>\n<li>Vattenmelon-is<\/li>\n<li>Bl\u00e5b\u00e4r Hallon Is<\/li>\n<li>Jordgubbar Bananer<\/li>\n<li>Vattenmelon K\u00f6rsb\u00e4r<\/li>\n<li>Hallon Vattenmelon Citron<\/li>\n<li>Gr\u00f6nt plommon Sour Lime<\/li>\n<li>\u00c4pple p\u00e4ron<\/li>\n<li>Jasmin hallon<\/li>\n<li>Polar Mint<\/li>\n<li>Lila mynta<\/li>\n<li>Jordgubbs- och vattenmelon-tuggummi<\/li>\n<li>Surt vattenmelongodis<\/li>\n<li>Cherry Cola<\/li>\n<\/ol>\n<h2><strong>F\u00f6rpackningsdetaljer<\/strong><\/h2>\n<p>1 st\/f\u00f6rpackning<br data-filtered=\"filtered\" \/>10 f\u00f6rpackningar\/l\u00e5da<br data-filtered=\"filtered\" \/>200 st\/kartong<\/p>\n<p><strong>Dimension:<\/strong><br \/>\n58*29*14cm<br \/>\n24KGS\/kartong<\/p>\n<figure id=\"attachment_15692\" aria-describedby=\"caption-attachment-15692\" style=\"width: 800px\" class=\"wp-caption alignnone\"><img loading=\"lazy\" decoding=\"async\" class=\"size-full wp-image-15692\" title=\"ELF BAR GH23000 Vape f\u00f6r eng\u00e5ngsbruk grossist (4)\" src=\"https:\/\/www.vape4wholesale.com\/wp-content\/uploads\/2024\/05\/ELF-BAR-GH23000-Disposable-Vape-Wholesale-4.webp\" alt=\"ELF BAR GH23000 Vape f\u00f6r eng\u00e5ngsbruk grossist (4)\" width=\"800\" height=\"644\" srcset=\"https:\/\/www.vape4wholesale.com\/wp-content\/uploads\/2024\/05\/ELF-BAR-GH23000-Disposable-Vape-Wholesale-4.webp 800w, https:\/\/www.vape4wholesale.com\/wp-content\/uploads\/2024\/05\/ELF-BAR-GH23000-Disposable-Vape-Wholesale-4-510x411.webp 510w\" sizes=\"auto, (max-width: 800px) 100vw, 800px\" \/><figcaption id=\"caption-attachment-15692\" class=\"wp-caption-text\">ELF BAR GH23000 Vape f\u00f6r eng\u00e5ngsbruk Partihandel<\/figcaption><\/figure>\n<h2>VARF\u00d6R OSS?<\/h2>\r\n<ul>\r\n<li>Verklig, p\u00e5litlig och professionell vape-k\u00e4lla.<\/li>\r\n<li>100% \u00e4kta garanti: Vi tillhandah\u00e5ller endast original- och \u00e4kta produkter, v\u00e4grar f\u00f6rfalskning.<\/li>\r\n<li>100% Leveransgaranti: Vi anv\u00e4nder den b\u00e4sta fraktmetoden f\u00f6r att s\u00e4kerst\u00e4lla att du f\u00e5r best\u00e4llningen 100%.<\/li>\r\n<li>Vi kommer att ge dig sp\u00e5rningsnumret och fraktetiketten efter leverans och sp\u00e5ra varorna \u00e5t dig tills du kvitterar ut dem.<\/li>\r\n<li>Inga tullproblem, inga tullar<\/li>\r\n<\/ul>","protected":false},"excerpt":{"rendered":"<p><b><span style=\"color: #00a859;\">Fri frakt<\/span>\u00a0fr\u00e5n Europa-lager, leveranstid 7-15 arbetsdagar.<\/b><\/p>\r\n<div class=\"wsppc_div_block woocommerce_before_add_to_cart_form\">\r\n<p><strong>Tulla varorna f\u00f6re leverans &amp; 100% Leveransgaranti<\/strong><\/p>\r\n<\/div>","protected":false},"featured_media":26773,"comment_status":"open","ping_status":"closed","template":"","meta":[],"pwb-brand":[1278],"product_cat":[938],"product_tag":[22,24,60,557,780],"class_list":{"0":"post-15675","1":"product","2":"type-product","3":"status-publish","4":"has-post-thumbnail","6":"pwb-brand-elf-bar","7":"product_cat-europe-warehouse","8":"product_tag-disposable","9":"product_tag-wholesale","10":"product_tag-elf-bar","11":"product_tag-23-0ml","12":"product_tag-23000-puffs","13":"product_shipping_class-eu-warehouse","15":"first","16":"instock","17":"shipping-taxable","18":"purchasable","19":"product-type-variable"},"aioseo_notices":[],"brands":[{"id":1278,"name":"Elf bar","slug":"alvbar"}],"_links":{"self":[{"href":"https:\/\/www.vape4wholesale.com\/sv\/wp-json\/wp\/v2\/product\/15675","targetHints":{"allow":["GET"]}}],"collection":[{"href":"https:\/\/www.vape4wholesale.com\/sv\/wp-json\/wp\/v2\/product"}],"about":[{"href":"https:\/\/www.vape4wholesale.com\/sv\/wp-json\/wp\/v2\/types\/product"}],"replies":[{"embeddable":true,"href":"https:\/\/www.vape4wholesale.com\/sv\/wp-json\/wp\/v2\/comments?post=15675"}],"wp:featuredmedia":[{"embeddable":true,"href":"https:\/\/www.vape4wholesale.com\/sv\/wp-json\/wp\/v2\/media\/26773"}],"wp:attachment":[{"href":"https:\/\/www.vape4wholesale.com\/sv\/wp-json\/wp\/v2\/media?parent=15675"}],"wp:term":[{"taxonomy":"pwb-brand","embeddable":true,"href":"https:\/\/www.vape4wholesale.com\/sv\/wp-json\/wp\/v2\/pwb-brand?post=15675"},{"taxonomy":"product_cat","embeddable":true,"href":"https:\/\/www.vape4wholesale.com\/sv\/wp-json\/wp\/v2\/product_cat?post=15675"},{"taxonomy":"product_tag","embeddable":true,"href":"https:\/\/www.vape4wholesale.com\/sv\/wp-json\/wp\/v2\/product_tag?post=15675"}],"curies":[{"name":"wp","href":"https:\/\/api.w.org\/{rel}","templated":true}]}}