{"id":15476,"date":"2024-04-11T12:20:52","date_gmt":"2024-04-11T04:20:52","guid":{"rendered":"https:\/\/www.vape4wholesale.com\/?post_type=product&#038;p=15476"},"modified":"2026-01-26T13:41:14","modified_gmt":"2026-01-26T13:41:14","slug":"elf-bar-bc15000-engangs-vape-grossist","status":"publish","type":"product","link":"https:\/\/www.vape4wholesale.com\/sv\/product\/elf-bar-bc15000-disposable-vape-wholesale","title":{"rendered":"Elf Bar BC15000 Eng\u00e5ngsvape grossist"},"content":{"rendered":"<p>Elf bar BC15000 \u00e4r en banbrytande eng\u00e5ngsvape med ett uppladdningsbart batteri p\u00e5 650 mAh och en f\u00f6rfylld 23 ml e-v\u00e4tsketank som ger upp till 15 000 puffar. Den innovativa f\u00f6rloppsindikatorn ger anv\u00e4ndaren feedback i realtid om str\u00f6mf\u00f6rbrukningen<\/p>\n<p>Elfbar BC15000 har tv\u00e5 olika l\u00e4gen - \"Smooth\" f\u00f6r en behaglig dragning och \"Turbo\" f\u00f6r t\u00e4t \u00e5ngproduktion. Den kompakta men \u00e4nd\u00e5 kraftfulla designen ger en bekv\u00e4m och f\u00f6rstklassig vapingupplevelse.<br \/>\nBest\u00e4ll v\u00e5ra 15 exklusiva Elf Bar BC15000-smaker i bulk till oslagbara grossistpriser med snabb leverans.<\/p>\n<h2><strong>Elf Bar BC15000 Eng\u00e5ngsvape Funktioner:<\/strong><\/h2>\n<ul>\n<li>Varum\u00e4rke: Elf Bar<\/li>\n<li>Typ: BC15000<\/li>\n<li>Puffar: 15000 Puffar<\/li>\n<li>Nikotin: 5%<\/li>\n<li>Kapacitet f\u00f6r e-juice: 23 ML<\/li>\n<li>Batterikapacitet: 650mAh ( Uppladdningsbart )<\/li>\n<li>Laddningsport: Typ C<\/li>\n<\/ul>\n<h2><strong>Tillg\u00e4ngliga smaker\uff1a.<\/strong><\/h2>\n<ol>\n<li>Bj\u00f6rnb\u00e4r K\u00f6rsb\u00e4r<\/li>\n<li>Blue Razz Ice<\/li>\n<li>K\u00f6rsb\u00e4r Lime<\/li>\n<li>Druva Tranb\u00e4r<\/li>\n<li>Grape Ice<\/li>\n<li>Kiwi Passionsfrukt Guava<\/li>\n<li>Persika Mango Vattenmelon<\/li>\n<li>Ananas Dragonfrukt Grapefrukt<\/li>\n<li>Surt \u00e4pple<\/li>\n<li>Jordgubbar Bananer<\/li>\n<li>Jordgubb Kiwi<\/li>\n<li>Peppar mynta<\/li>\n<li>Vattenmelon-is<\/li>\n<li>Kiwi Ananas Persika<\/li>\n<li>Grapefrukt Passionsfrukt<\/li>\n<\/ol>\n<h2><strong>F\u00f6rpackningsdetaljer<\/strong><\/h2>\n<p>1 st\/f\u00f6rpackning<br data-filtered=\"filtered\" \/>10 f\u00f6rpackningar\/l\u00e5da<br data-filtered=\"filtered\" \/>200 st\/kartong<\/p>\n<p><strong>Dimension:<\/strong><br data-filtered=\"filtered\" \/>55,5 * 29,5 * 27,5 cm<br data-filtered=\"filtered\" \/>26KGS\/kartong<\/p>\n<figure id=\"attachment_15493\" aria-describedby=\"caption-attachment-15493\" style=\"width: 800px\" class=\"wp-caption alignnone\"><img loading=\"lazy\" decoding=\"async\" class=\"wp-image-15493 size-full\" title=\"Elf Bar BC15000 eng\u00e5ngsvape grossist Sour Apple 15000 puffar\" src=\"https:\/\/www.vape4wholesale.com\/wp-content\/uploads\/2024\/04\/Elf-Bar-BC15000-Disposable-Vape-Wholesale-Sour-Apple-15000-Puffs.webp\" alt=\"Elf Bar BC15000 eng\u00e5ngsvape grossist Sour Apple 15000 puffar\" width=\"800\" height=\"800\" srcset=\"https:\/\/www.vape4wholesale.com\/wp-content\/uploads\/2024\/04\/Elf-Bar-BC15000-Disposable-Vape-Wholesale-Sour-Apple-15000-Puffs.webp 800w, https:\/\/www.vape4wholesale.com\/wp-content\/uploads\/2024\/04\/Elf-Bar-BC15000-Disposable-Vape-Wholesale-Sour-Apple-15000-Puffs-247x247.webp 247w, https:\/\/www.vape4wholesale.com\/wp-content\/uploads\/2024\/04\/Elf-Bar-BC15000-Disposable-Vape-Wholesale-Sour-Apple-15000-Puffs-100x100.webp 100w, https:\/\/www.vape4wholesale.com\/wp-content\/uploads\/2024\/04\/Elf-Bar-BC15000-Disposable-Vape-Wholesale-Sour-Apple-15000-Puffs-510x510.webp 510w, https:\/\/www.vape4wholesale.com\/wp-content\/uploads\/2024\/04\/Elf-Bar-BC15000-Disposable-Vape-Wholesale-Sour-Apple-15000-Puffs-64x64.webp 64w, https:\/\/www.vape4wholesale.com\/wp-content\/uploads\/2024\/04\/Elf-Bar-BC15000-Disposable-Vape-Wholesale-Sour-Apple-15000-Puffs-300x300.webp 300w, https:\/\/www.vape4wholesale.com\/wp-content\/uploads\/2024\/04\/Elf-Bar-BC15000-Disposable-Vape-Wholesale-Sour-Apple-15000-Puffs-150x150.webp 150w, https:\/\/www.vape4wholesale.com\/wp-content\/uploads\/2024\/04\/Elf-Bar-BC15000-Disposable-Vape-Wholesale-Sour-Apple-15000-Puffs-768x768.webp 768w\" sizes=\"auto, (max-width: 800px) 100vw, 800px\" \/><figcaption id=\"caption-attachment-15493\" class=\"wp-caption-text\">Elf Bar BC15000 Eng\u00e5ngsvape grossist<\/figcaption><\/figure>\n<h2>VARF\u00d6R OSS?<\/h2>\r\n<ul>\r\n<li>Verklig, p\u00e5litlig och professionell vape-k\u00e4lla.<\/li>\r\n<li>100% \u00e4kta garanti: Vi tillhandah\u00e5ller endast original- och \u00e4kta produkter, v\u00e4grar f\u00f6rfalskning.<\/li>\r\n<li>100% Leveransgaranti: Vi anv\u00e4nder den b\u00e4sta fraktmetoden f\u00f6r att s\u00e4kerst\u00e4lla att du f\u00e5r best\u00e4llningen 100%.<\/li>\r\n<li>Vi kommer att ge dig sp\u00e5rningsnumret och fraktetiketten efter leverans och sp\u00e5ra varorna \u00e5t dig tills du kvitterar ut dem.<\/li>\r\n<li>Inga tullproblem, inga tullar<\/li>\r\n<\/ul>","protected":false},"excerpt":{"rendered":"<div class=\"wsppc_div_block woocommerce_before_add_to_cart_form\">\r\n<p><strong><span style=\"color: #00a859;\">Klarera tullen<\/span> f\u00f6re leverans &amp; 100% Leveransgaranti, Leverans p\u00e5 cirka 19\u201325 dagar.\u00a0<\/strong><\/p>\r\n<\/div>\n<p><strong>P\u00e5 grund av frekventa f\u00f6r\u00e4ndringar i produktinventering, minsta orderkvantitet och pris, v\u00e4nligen kontakta oss innan du g\u00f6r best\u00e4llningen.<\/strong><\/p>","protected":false},"featured_media":15493,"comment_status":"open","ping_status":"closed","template":"","meta":[],"pwb-brand":[1278],"product_cat":[872],"product_tag":[22,24,60,557,684],"class_list":{"0":"post-15476","1":"product","2":"type-product","3":"status-publish","4":"has-post-thumbnail","6":"pwb-brand-elf-bar","7":"product_cat-15k-20k-puffs","8":"product_tag-disposable","9":"product_tag-wholesale","10":"product_tag-elf-bar","11":"product_tag-23-0ml","12":"product_tag-15000-puffs","14":"first","15":"instock","16":"shipping-taxable","17":"purchasable","18":"product-type-variable"},"aioseo_notices":[],"brands":[{"id":1278,"name":"Elf bar","slug":"alvbar"}],"_links":{"self":[{"href":"https:\/\/www.vape4wholesale.com\/sv\/wp-json\/wp\/v2\/product\/15476","targetHints":{"allow":["GET"]}}],"collection":[{"href":"https:\/\/www.vape4wholesale.com\/sv\/wp-json\/wp\/v2\/product"}],"about":[{"href":"https:\/\/www.vape4wholesale.com\/sv\/wp-json\/wp\/v2\/types\/product"}],"replies":[{"embeddable":true,"href":"https:\/\/www.vape4wholesale.com\/sv\/wp-json\/wp\/v2\/comments?post=15476"}],"wp:featuredmedia":[{"embeddable":true,"href":"https:\/\/www.vape4wholesale.com\/sv\/wp-json\/wp\/v2\/media\/15493"}],"wp:attachment":[{"href":"https:\/\/www.vape4wholesale.com\/sv\/wp-json\/wp\/v2\/media?parent=15476"}],"wp:term":[{"taxonomy":"pwb-brand","embeddable":true,"href":"https:\/\/www.vape4wholesale.com\/sv\/wp-json\/wp\/v2\/pwb-brand?post=15476"},{"taxonomy":"product_cat","embeddable":true,"href":"https:\/\/www.vape4wholesale.com\/sv\/wp-json\/wp\/v2\/product_cat?post=15476"},{"taxonomy":"product_tag","embeddable":true,"href":"https:\/\/www.vape4wholesale.com\/sv\/wp-json\/wp\/v2\/product_tag?post=15476"}],"curies":[{"name":"wp","href":"https:\/\/api.w.org\/{rel}","templated":true}]}}