{"id":15236,"date":"2024-02-29T22:53:23","date_gmt":"2024-02-29T14:53:23","guid":{"rendered":"https:\/\/www.vape4wholesale.com\/?post_type=product&#038;p=15236"},"modified":"2026-01-26T13:41:21","modified_gmt":"2026-01-26T13:41:21","slug":"elf-bar-raya-d1-13000-puffar-engangs-vape-grossist","status":"publish","type":"product","link":"https:\/\/www.vape4wholesale.com\/sv\/product\/elf-bar-raya-d1-13000-puffs-disposable-vape-wholesale","title":{"rendered":"Elf Bar Raya D1 13000 puffar eng\u00e5ngsvape grossist"},"content":{"rendered":"<p>Elfbar Raya D1 levereras med 13 000 puffar och \u00e4r en banbrytande pod-enhet f\u00f6r eng\u00e5ngsbruk som \u00e4r utformad f\u00f6r en ut\u00f6kad och tillfredsst\u00e4llande vapingupplevelse. Med en imponerande puffkapacitet ger den h\u00e4r enheten en l\u00e5ngvarig och smakrik resa. Med sin innovativa teknik s\u00e4kerst\u00e4ller Elfbar en problemfri och bekv\u00e4m vapingl\u00f6sning. Raya D1-varianten erbjuder en h\u00e4rlig blandning av vattenmelon- och honungsdaggsmak, vilket ger en uppfriskande och trevlig smakprofil. Elfbar Raya D1 \u00e4r idealisk f\u00f6r anv\u00e4ndare som s\u00f6ker ett eng\u00e5ngsalternativ med h\u00f6g puff och lovar en uppslukande vaping-session med varje drag.<\/p>\n<p>Den levereras med 50 mg nikotin f\u00f6r valfri, bulkbest\u00e4lla v\u00e5rt breda 23 urval av Elf Bar Raya D1 13000 smaker till v\u00e5rt b\u00e4sta grossistpris och snabb leverans!<\/p>\n<h2><strong>Elf Bar Raya D1 13000 Snabb detaljinformation<\/strong><\/h2>\n<ul>\n<li>Kapacitet f\u00f6r e-v\u00e4tska: 18 ml<\/li>\n<li>Batterikapacitet: 650mAh<\/li>\n<li>Puffar: Upp till 13000<\/li>\n<li>Nikotinstyrka: 50 mg\/ml<\/li>\n<li>Led-sk\u00e4rm f\u00f6r visning: Str\u00f6m och elv\u00e4tska<\/li>\n<li>Typ C uppladdningsbar<\/li>\n<\/ul>\n<h2><strong>Elf Bar Raya D1 Tillg\u00e4ngliga smaker<\/strong><\/h2>\n<p>1.Americano is<br \/>\n2.Apple Ice<br \/>\n3. bl\u00e5b\u00e4r Gami<br \/>\n4. bl\u00e5b\u00e4rsis<br \/>\n5. Druv-is<br \/>\n6.Miami Mint<br \/>\n7.Peach Ice<br \/>\n8. ananas-is<br \/>\n9. Jordgubbsis<br \/>\n10.Tobak<br \/>\n11.Vattenmelon is<br \/>\n12.Bj\u00f6rnb\u00e4r Tranb\u00e4r<br \/>\n13.Blue Razz Ice<br \/>\n14.Bl\u00e5b\u00e4r Mint<br \/>\n15. k\u00f6rsb\u00e4r vattenmelon<br \/>\n16.Double Mango<br \/>\n17.Druva K\u00f6rsb\u00e4r<br \/>\n18.citron lime<br \/>\n19.Persika Mango<br \/>\n20.Ananas Jordgubb Banan<br \/>\n21.Red Berry Cherry<br \/>\n22. jordgubbsbanan<br \/>\n23.Jordgubb Kiwi Is<\/p>\n<h2><strong>F\u00f6rpackningsdetaljer<\/strong><\/h2>\n<p>1 st\/f\u00f6rpackning<br \/>\n10 f\u00f6rpackningar\/l\u00e5da<br \/>\n200 st\/kartong<\/p>\n<p>M\u00e5tt: 56*28*24cm<br \/>\n26KGS\/kartong<\/p>\n<figure id=\"attachment_15240\" aria-describedby=\"caption-attachment-15240\" style=\"width: 600px\" class=\"wp-caption alignnone\"><img loading=\"lazy\" decoding=\"async\" class=\"wp-image-15240 size-full\" title=\"Elf Bar Raya D1 13000 puffar eng\u00e5ngsvape grossist\" src=\"https:\/\/www.vape4wholesale.com\/wp-content\/uploads\/2024\/02\/Elf-Bar-Raya-D1-13000-Disposable-Vape-Wholesale-2.png\" alt=\"Elf Bar Raya D1 13000 puffar eng\u00e5ngsvape grossist\" width=\"600\" height=\"600\" srcset=\"https:\/\/www.vape4wholesale.com\/wp-content\/uploads\/2024\/02\/Elf-Bar-Raya-D1-13000-Disposable-Vape-Wholesale-2.png 600w, https:\/\/www.vape4wholesale.com\/wp-content\/uploads\/2024\/02\/Elf-Bar-Raya-D1-13000-Disposable-Vape-Wholesale-2-247x247.png 247w, https:\/\/www.vape4wholesale.com\/wp-content\/uploads\/2024\/02\/Elf-Bar-Raya-D1-13000-Disposable-Vape-Wholesale-2-100x100.png 100w, https:\/\/www.vape4wholesale.com\/wp-content\/uploads\/2024\/02\/Elf-Bar-Raya-D1-13000-Disposable-Vape-Wholesale-2-510x510.png 510w, https:\/\/www.vape4wholesale.com\/wp-content\/uploads\/2024\/02\/Elf-Bar-Raya-D1-13000-Disposable-Vape-Wholesale-2-64x64.png 64w, https:\/\/www.vape4wholesale.com\/wp-content\/uploads\/2024\/02\/Elf-Bar-Raya-D1-13000-Disposable-Vape-Wholesale-2-300x300.png 300w, https:\/\/www.vape4wholesale.com\/wp-content\/uploads\/2024\/02\/Elf-Bar-Raya-D1-13000-Disposable-Vape-Wholesale-2-150x150.png 150w\" sizes=\"auto, (max-width: 600px) 100vw, 600px\" \/><figcaption id=\"caption-attachment-15240\" class=\"wp-caption-text\">Elf Bar Raya D1 13000 puffar eng\u00e5ngsvape grossist<\/figcaption><\/figure>\n<h2>VARF\u00d6R OSS?<\/h2>\r\n<ul>\r\n<li>Verklig, p\u00e5litlig och professionell vape-k\u00e4lla.<\/li>\r\n<li>100% \u00e4kta garanti: Vi tillhandah\u00e5ller endast original- och \u00e4kta produkter, v\u00e4grar f\u00f6rfalskning.<\/li>\r\n<li>100% Leveransgaranti: Vi anv\u00e4nder den b\u00e4sta fraktmetoden f\u00f6r att s\u00e4kerst\u00e4lla att du f\u00e5r best\u00e4llningen 100%.<\/li>\r\n<li>Vi kommer att ge dig sp\u00e5rningsnumret och fraktetiketten efter leverans och sp\u00e5ra varorna \u00e5t dig tills du kvitterar ut dem.<\/li>\r\n<li>Inga tullproblem, inga tullar<\/li>\r\n<\/ul>","protected":false},"excerpt":{"rendered":"<div class=\"wsppc_div_block woocommerce_before_add_to_cart_form\">\r\n<p><strong><span style=\"color: #00a859;\">Klarera tullen<\/span> f\u00f6re leverans &amp; 100% Leveransgaranti, Leverans p\u00e5 cirka 19\u201325 dagar.\u00a0<\/strong><\/p>\r\n<\/div>\n<p><strong>P\u00e5 grund av frekventa f\u00f6r\u00e4ndringar i produktinventering, minsta orderkvantitet och pris, v\u00e4nligen kontakta oss innan du g\u00f6r best\u00e4llningen.<\/strong><\/p>","protected":false},"featured_media":15241,"comment_status":"open","ping_status":"closed","template":"","meta":[],"pwb-brand":[1278],"product_cat":[871],"product_tag":[22,24,60,244,737],"class_list":{"0":"post-15236","1":"product","2":"type-product","3":"status-publish","4":"has-post-thumbnail","6":"pwb-brand-elf-bar","7":"product_cat-10-15k-puffs","8":"product_tag-disposable","9":"product_tag-wholesale","10":"product_tag-elf-bar","11":"product_tag-18-0ml","12":"product_tag-13000-puffs","14":"first","15":"instock","16":"shipping-taxable","17":"purchasable","18":"product-type-variable"},"aioseo_notices":[],"brands":[{"id":1278,"name":"Elf bar","slug":"alvbar"}],"_links":{"self":[{"href":"https:\/\/www.vape4wholesale.com\/sv\/wp-json\/wp\/v2\/product\/15236","targetHints":{"allow":["GET"]}}],"collection":[{"href":"https:\/\/www.vape4wholesale.com\/sv\/wp-json\/wp\/v2\/product"}],"about":[{"href":"https:\/\/www.vape4wholesale.com\/sv\/wp-json\/wp\/v2\/types\/product"}],"replies":[{"embeddable":true,"href":"https:\/\/www.vape4wholesale.com\/sv\/wp-json\/wp\/v2\/comments?post=15236"}],"wp:featuredmedia":[{"embeddable":true,"href":"https:\/\/www.vape4wholesale.com\/sv\/wp-json\/wp\/v2\/media\/15241"}],"wp:attachment":[{"href":"https:\/\/www.vape4wholesale.com\/sv\/wp-json\/wp\/v2\/media?parent=15236"}],"wp:term":[{"taxonomy":"pwb-brand","embeddable":true,"href":"https:\/\/www.vape4wholesale.com\/sv\/wp-json\/wp\/v2\/pwb-brand?post=15236"},{"taxonomy":"product_cat","embeddable":true,"href":"https:\/\/www.vape4wholesale.com\/sv\/wp-json\/wp\/v2\/product_cat?post=15236"},{"taxonomy":"product_tag","embeddable":true,"href":"https:\/\/www.vape4wholesale.com\/sv\/wp-json\/wp\/v2\/product_tag?post=15236"}],"curies":[{"name":"wp","href":"https:\/\/api.w.org\/{rel}","templated":true}]}}