{"id":15211,"date":"2024-02-29T22:03:31","date_gmt":"2024-02-29T14:03:31","guid":{"rendered":"https:\/\/www.vape4wholesale.com\/?post_type=product&#038;p=15211"},"modified":"2026-01-26T13:41:23","modified_gmt":"2026-01-26T13:41:23","slug":"elf-bar-bc18000-engangs-vape-grossist","status":"publish","type":"product","link":"https:\/\/www.vape4wholesale.com\/sv\/product\/elf-bar-bc18000-disposable-vape-wholesale","title":{"rendered":"Elf Bar BC18000 Eng\u00e5ngsvape grossist"},"content":{"rendered":"<p>Elf Bar BC18000 \u00e4r en av Elf Bars senaste modeller och ger anv\u00e4ndarna upp till 18 000 puffar. den har tv\u00e5 olika l\u00e4gen - \"Smooth\"-l\u00e4get ger dig maximalt antal puffar medan \"Turbo\"-l\u00e4get ger en mer intensiv tr\u00e4ff med st\u00f6rre moln av \u00e5nga men f\u00e4rre puffar.<\/p>\n<p>Den levereras med 50 mg nikotin f\u00f6r valfri, bulkbest\u00e4lla v\u00e5rt breda 15 urval av Elf Bar BC18000 smaker till v\u00e5rt b\u00e4sta grossistpris och snabb leverans!<\/p>\n<h2><strong>Elf Bar BC18000 Snabb detalj<\/strong><\/h2>\n<p>Kapacitet f\u00f6r e-v\u00e4tska: 25 ml<br \/>\nBatterikapacitet: 650mAh<br \/>\nPuffar: Upp till 18000<br \/>\nNikotinstyrka: 50 mg\/ml<\/p>\n<h2><strong>Tillg\u00e4ngliga smaker<\/strong><\/h2>\n<p>1. bj\u00f6rnb\u00e4r k\u00f6rsb\u00e4r<br \/>\n2. Blue Razz Ice<br \/>\n3. k\u00f6rsb\u00e4r Lime<br \/>\n4. druva tranb\u00e4r<br \/>\n5. Druv-is<br \/>\n6. kiwi passionsfrukt guava<br \/>\n7. persika mango vattenmelon<br \/>\n8.Ananas Dragonfrukt Grapefrukt<br \/>\n9. surt \u00e4pple<br \/>\n10. jordgubbsbanan<br \/>\n11. jordgubbe kiwi<br \/>\n12.Peppar mynta<br \/>\n13. vattenmelon is<br \/>\n14.Kiwi Ananas Persika<br \/>\n15.Grapefrukt Passionsfrukt<\/p>\n<h2><strong>F\u00f6rpackningsdetaljer<\/strong><\/h2>\n<p>1 st\/f\u00f6rpackning<br \/>\n10 f\u00f6rpackningar\/l\u00e5da<br \/>\n200 st\/kartong<\/p>\n<p><strong>Dimension:<\/strong><br \/>\n55,5 * 29,5 * 27,5 cm<br \/>\n26KGS\/kartong<\/p>\n<figure id=\"attachment_15212\" aria-describedby=\"caption-attachment-15212\" style=\"width: 650px\" class=\"wp-caption alignnone\"><img loading=\"lazy\" decoding=\"async\" class=\"size-full wp-image-15212\" title=\"Elf Bar BC18000 Eng\u00e5ngsvape grossist\" src=\"https:\/\/www.vape4wholesale.com\/wp-content\/uploads\/2024\/02\/Elf-Bar-BC18000-Disposable-Vape-Wholesale.jpg\" alt=\"Elf Bar BC18000 Eng\u00e5ngsvape grossist\" width=\"650\" height=\"650\" srcset=\"https:\/\/www.vape4wholesale.com\/wp-content\/uploads\/2024\/02\/Elf-Bar-BC18000-Disposable-Vape-Wholesale.jpg 650w, https:\/\/www.vape4wholesale.com\/wp-content\/uploads\/2024\/02\/Elf-Bar-BC18000-Disposable-Vape-Wholesale-247x247.jpg 247w, https:\/\/www.vape4wholesale.com\/wp-content\/uploads\/2024\/02\/Elf-Bar-BC18000-Disposable-Vape-Wholesale-100x100.jpg 100w, https:\/\/www.vape4wholesale.com\/wp-content\/uploads\/2024\/02\/Elf-Bar-BC18000-Disposable-Vape-Wholesale-510x510.jpg 510w, https:\/\/www.vape4wholesale.com\/wp-content\/uploads\/2024\/02\/Elf-Bar-BC18000-Disposable-Vape-Wholesale-64x64.jpg 64w, https:\/\/www.vape4wholesale.com\/wp-content\/uploads\/2024\/02\/Elf-Bar-BC18000-Disposable-Vape-Wholesale-300x300.jpg 300w, https:\/\/www.vape4wholesale.com\/wp-content\/uploads\/2024\/02\/Elf-Bar-BC18000-Disposable-Vape-Wholesale-150x150.jpg 150w\" sizes=\"auto, (max-width: 650px) 100vw, 650px\" \/><figcaption id=\"caption-attachment-15212\" class=\"wp-caption-text\">Elf Bar BC18000 Eng\u00e5ngsvape grossist<\/figcaption><\/figure>\n<h2>VARF\u00d6R OSS?<\/h2>\r\n<ul>\r\n<li>Verklig, p\u00e5litlig och professionell vape-k\u00e4lla.<\/li>\r\n<li>100% \u00e4kta garanti: Vi tillhandah\u00e5ller endast original- och \u00e4kta produkter, v\u00e4grar f\u00f6rfalskning.<\/li>\r\n<li>100% Leveransgaranti: Vi anv\u00e4nder den b\u00e4sta fraktmetoden f\u00f6r att s\u00e4kerst\u00e4lla att du f\u00e5r best\u00e4llningen 100%.<\/li>\r\n<li>Vi kommer att ge dig sp\u00e5rningsnumret och fraktetiketten efter leverans och sp\u00e5ra varorna \u00e5t dig tills du kvitterar ut dem.<\/li>\r\n<li>Inga tullproblem, inga tullar<\/li>\r\n<\/ul>","protected":false},"excerpt":{"rendered":"<div class=\"wsppc_div_block woocommerce_before_add_to_cart_form\">\r\n<p><strong><span style=\"color: #00a859;\">Klarera tullen<\/span> f\u00f6re leverans &amp; 100% Leveransgaranti, Leverans p\u00e5 cirka 19\u201325 dagar.\u00a0<\/strong><\/p>\r\n<\/div>\n<p><strong>P\u00e5 grund av frekventa f\u00f6r\u00e4ndringar i produktinventering, minsta orderkvantitet och pris, v\u00e4nligen kontakta oss innan du g\u00f6r best\u00e4llningen.<\/strong><\/p>","protected":false},"featured_media":15212,"comment_status":"open","ping_status":"closed","template":"","meta":[],"pwb-brand":[1278],"product_cat":[872],"product_tag":[22,24,60,692,719],"class_list":{"0":"post-15211","1":"product","2":"type-product","3":"status-publish","4":"has-post-thumbnail","6":"pwb-brand-elf-bar","7":"product_cat-15k-20k-puffs","8":"product_tag-disposable","9":"product_tag-wholesale","10":"product_tag-elf-bar","11":"product_tag-25-0ml","12":"product_tag-18000-puffs","14":"first","15":"instock","16":"shipping-taxable","17":"purchasable","18":"product-type-variable"},"aioseo_notices":[],"brands":[{"id":1278,"name":"Elf bar","slug":"alvbar"}],"_links":{"self":[{"href":"https:\/\/www.vape4wholesale.com\/sv\/wp-json\/wp\/v2\/product\/15211","targetHints":{"allow":["GET"]}}],"collection":[{"href":"https:\/\/www.vape4wholesale.com\/sv\/wp-json\/wp\/v2\/product"}],"about":[{"href":"https:\/\/www.vape4wholesale.com\/sv\/wp-json\/wp\/v2\/types\/product"}],"replies":[{"embeddable":true,"href":"https:\/\/www.vape4wholesale.com\/sv\/wp-json\/wp\/v2\/comments?post=15211"}],"wp:featuredmedia":[{"embeddable":true,"href":"https:\/\/www.vape4wholesale.com\/sv\/wp-json\/wp\/v2\/media\/15212"}],"wp:attachment":[{"href":"https:\/\/www.vape4wholesale.com\/sv\/wp-json\/wp\/v2\/media?parent=15211"}],"wp:term":[{"taxonomy":"pwb-brand","embeddable":true,"href":"https:\/\/www.vape4wholesale.com\/sv\/wp-json\/wp\/v2\/pwb-brand?post=15211"},{"taxonomy":"product_cat","embeddable":true,"href":"https:\/\/www.vape4wholesale.com\/sv\/wp-json\/wp\/v2\/product_cat?post=15211"},{"taxonomy":"product_tag","embeddable":true,"href":"https:\/\/www.vape4wholesale.com\/sv\/wp-json\/wp\/v2\/product_tag?post=15211"}],"curies":[{"name":"wp","href":"https:\/\/api.w.org\/{rel}","templated":true}]}}