{"id":15147,"date":"2024-02-28T17:25:06","date_gmt":"2024-02-28T09:25:06","guid":{"rendered":"https:\/\/www.vape4wholesale.com\/?post_type=product&#038;p=15147"},"modified":"2026-01-26T13:41:27","modified_gmt":"2026-01-26T13:41:27","slug":"bang-shisha-15000-puffar-engangs-vape-grossist","status":"publish","type":"product","link":"https:\/\/www.vape4wholesale.com\/sv\/product\/bang-shisha-15000-puffs-disposable-vape-wholesale","title":{"rendered":"Bang Shisha 15000 Puffs Eng\u00e5ngs Vape Partihandel"},"content":{"rendered":"<p>den <strong>Bang Shisha 15000<\/strong> \u00e4r en av DTL vape-enheterna har stor \u00e5nga med god smak, den \u00e4r byggd med 1,0\u03a9 atomizer, 15 ml elv\u00e4tska med 0% ~ 5% nikotinstyrka. den st\u00f6der upp till 15000 puffar, n\u00e4r den \u00e4r fulladdad kan du f\u00e5 en fantastisk vapingupplevelse.<\/p>\n<p>Bulkbest\u00e4ll v\u00e5rt breda 20 urval av Bang Shisha 15000 smaker f\u00f6r v\u00e5rt b\u00e4sta grossistpris och snabb leverans!<\/p>\n<h2><strong>Bang Shisha 15000 Snabba detaljer:<\/strong><\/h2>\n<ul>\n<li>Puffar: 15000 Puffar<\/li>\n<li>Nikotin: 0%, 2%, 3%, 5%<\/li>\n<li>Kapacitet f\u00f6r e-juice: 15 ML<\/li>\n<li>Batteri: 600mAh ( Uppladdningsbart )<\/li>\n<li>Laddningsport: Typ C<\/li>\n<li>Motst\u00e5nd: 1,0\u03a9<\/li>\n<\/ul>\n<h2><strong>Smaker tillg\u00e4ngliga \uff1a.<\/strong><\/h2>\n<ol>\n<li>Bl\u00e5b\u00e4rsis<\/li>\n<li>Blue Razz Ice<\/li>\n<li>K\u00f6rsb\u00e4r Vattenmelon<\/li>\n<li>Fryst \u00e4pple<\/li>\n<li>Tuggummi Mint<\/li>\n<li>Mango Banan<\/li>\n<li>Mix Berry Ice<\/li>\n<li>Ananas kokosn\u00f6t<\/li>\n<li>Slush med r\u00f6da b\u00e4r<\/li>\n<li>Kiwi Passionsfrukt Guava<\/li>\n<li>Tranb\u00e4r Druva<\/li>\n<li>Jordgubbsis<\/li>\n<li>Jordgubb Kiwi<\/li>\n<li>Godis jordgubb hallon<\/li>\n<li>Vattenmelon-is<\/li>\n<li>Saftiga persikor<\/li>\n<li><del>K\u00e4rlek 66<\/del><\/li>\n<li>Persika Mango Vattenmelon<\/li>\n<li><del>Red Bull<\/del><\/li>\n<li>Vattenmelon Jordgubb Bubblegum<\/li>\n<\/ol>\n<h2><strong>F\u00f6rpackningens inneh\u00e5ll:<\/strong><\/h2>\n<ul>\n<li>10 st \/ medelstor l\u00e5da.<\/li>\n<li>200 st\/kartong<\/li>\n<li>22 kg\/kartong<\/li>\n<li>Kartongstorlek: 39,5*39*30,5cm<\/li>\n<\/ul>\n<h2>VARF\u00d6R OSS?<\/h2>\r\n<ul>\r\n<li>Verklig, p\u00e5litlig och professionell vape-k\u00e4lla.<\/li>\r\n<li>100% \u00e4kta garanti: Vi tillhandah\u00e5ller endast original- och \u00e4kta produkter, v\u00e4grar f\u00f6rfalskning.<\/li>\r\n<li>100% Leveransgaranti: Vi anv\u00e4nder den b\u00e4sta fraktmetoden f\u00f6r att s\u00e4kerst\u00e4lla att du f\u00e5r best\u00e4llningen 100%.<\/li>\r\n<li>Vi kommer att ge dig sp\u00e5rningsnumret och fraktetiketten efter leverans och sp\u00e5ra varorna \u00e5t dig tills du kvitterar ut dem.<\/li>\r\n<li>Inga tullproblem, inga tullar<\/li>\r\n<\/ul>","protected":false},"excerpt":{"rendered":"<div class=\"wsppc_div_block woocommerce_before_add_to_cart_form\">\r\n<p><strong><span style=\"color: #00a859;\">Klarera tullen<\/span> f\u00f6re leverans &amp; 100% Leveransgaranti, Leverans p\u00e5 cirka 19\u201325 dagar.\u00a0<\/strong><\/p>\r\n<\/div>","protected":false},"featured_media":15170,"comment_status":"open","ping_status":"closed","template":"","meta":[],"pwb-brand":[1275],"product_cat":[872],"product_tag":[726,22,24,233,249,684],"class_list":{"0":"post-15147","1":"product","2":"type-product","3":"status-publish","4":"has-post-thumbnail","6":"pwb-brand-bang","7":"product_cat-15k-20k-puffs","8":"product_tag-shisha","9":"product_tag-disposable","10":"product_tag-wholesale","11":"product_tag-15-0ml","12":"product_tag-bang","13":"product_tag-15000-puffs","14":"wcpa_has_options","16":"first","17":"outofstock","18":"shipping-taxable","19":"purchasable","20":"product-type-variable"},"aioseo_notices":[],"brands":[{"id":1275,"name":"Pang","slug":"bang"}],"_links":{"self":[{"href":"https:\/\/www.vape4wholesale.com\/sv\/wp-json\/wp\/v2\/product\/15147","targetHints":{"allow":["GET"]}}],"collection":[{"href":"https:\/\/www.vape4wholesale.com\/sv\/wp-json\/wp\/v2\/product"}],"about":[{"href":"https:\/\/www.vape4wholesale.com\/sv\/wp-json\/wp\/v2\/types\/product"}],"replies":[{"embeddable":true,"href":"https:\/\/www.vape4wholesale.com\/sv\/wp-json\/wp\/v2\/comments?post=15147"}],"wp:featuredmedia":[{"embeddable":true,"href":"https:\/\/www.vape4wholesale.com\/sv\/wp-json\/wp\/v2\/media\/15170"}],"wp:attachment":[{"href":"https:\/\/www.vape4wholesale.com\/sv\/wp-json\/wp\/v2\/media?parent=15147"}],"wp:term":[{"taxonomy":"pwb-brand","embeddable":true,"href":"https:\/\/www.vape4wholesale.com\/sv\/wp-json\/wp\/v2\/pwb-brand?post=15147"},{"taxonomy":"product_cat","embeddable":true,"href":"https:\/\/www.vape4wholesale.com\/sv\/wp-json\/wp\/v2\/product_cat?post=15147"},{"taxonomy":"product_tag","embeddable":true,"href":"https:\/\/www.vape4wholesale.com\/sv\/wp-json\/wp\/v2\/product_tag?post=15147"}],"curies":[{"name":"wp","href":"https:\/\/api.w.org\/{rel}","templated":true}]}}