{"id":14895,"date":"2024-01-06T10:37:56","date_gmt":"2024-01-06T02:37:56","guid":{"rendered":"https:\/\/www.vape4wholesale.com\/?post_type=product&#038;p=14895"},"modified":"2026-01-26T13:41:41","modified_gmt":"2026-01-26T13:41:41","slug":"vapme-king-pro-12000-puffar-engangs-vape-grossist","status":"publish","type":"product","link":"https:\/\/www.vape4wholesale.com\/sv\/product\/vapme-king-pro-12000-puffs-disposable-vape-wholesale","title":{"rendered":"Vapme King Pro 12000 Puffs Eng\u00e5ngs Vape Partihandel"},"content":{"rendered":"<p>Vapme King Pro 12000 \u00e4r en snygg designad eng\u00e5ngsvape med stora puffar, den levereras med ett 850mah uppladdningsbart batteri, mesh-spole och 20 ml elv\u00e4tska, med RGB-ljus. det st\u00f6der upp till 12000 puffar. Den \u00e4r designad med visuell elv\u00e4tska s\u00e5 att du enkelt kan se den \u00e5terst\u00e5ende elv\u00e4tskan.<\/p>\n<p>Best\u00e4ll v\u00e5rt breda 10 urval av Vapme King Pro 12000 Puffs smaker f\u00f6r v\u00e5rt b\u00e4sta grossistpris och snabb leverans!<\/p>\n<h2><strong>Vapeme King Pro 12000 Snabba detaljer:<\/strong><\/h2>\n<ul>\n<li>Batteri: 850mah typ-c-port<\/li>\n<li>Kapacitet: 20 ml vapejuice<\/li>\n<li>Spole: 1,0 ohm mesh-spole<\/li>\n<li>Puffar: 12000+ puffar<\/li>\n<\/ul>\n<h2><strong>Tillg\u00e4ngliga smaker:<\/strong><\/h2>\n<ol>\n<li>Jordgubb kiwi<\/li>\n<li>Blandade b\u00e4r<\/li>\n<li>Jordgubbar vattenmelon<\/li>\n<li>Bl\u00e5b\u00e4r p\u00e5 is<\/li>\n<li>Kiwi passionsfrukt guava<\/li>\n<li>Druv-is<\/li>\n<li>Vattenmelon-is<\/li>\n<li>Mango ananas<\/li>\n<li>Jordgubbsis<\/li>\n<li>Big bang-frukt<\/li>\n<\/ol>\n<h2><strong>F\u00f6rpackningens inneh\u00e5ll:<\/strong><\/h2>\n<ul>\n<li>10 st \/ medelstor l\u00e5da.<\/li>\n<li>200 st\/kartong<\/li>\n<li>20 kg\/kartong<\/li>\n<li>Kartongstorlek: 34,2 * 34,8 * 29,1 cm<\/li>\n<\/ul>\n<figure id=\"attachment_14905\" aria-describedby=\"caption-attachment-14905\" style=\"width: 800px\" class=\"wp-caption alignnone\"><img loading=\"lazy\" decoding=\"async\" class=\"size-full wp-image-14905\" title=\"Vapme King Pro 12000 Puffs Eng\u00e5ngs Vape Partihandel\" src=\"https:\/\/www.vape4wholesale.com\/wp-content\/uploads\/2024\/01\/Vapme-King-Pro-12000-Puffs-Disposable-Vape-Wholesale.jpg\" alt=\"Vapme King Pro 12000 Puffs Eng\u00e5ngs Vape Partihandel\" width=\"800\" height=\"800\" srcset=\"https:\/\/www.vape4wholesale.com\/wp-content\/uploads\/2024\/01\/Vapme-King-Pro-12000-Puffs-Disposable-Vape-Wholesale.jpg 800w, https:\/\/www.vape4wholesale.com\/wp-content\/uploads\/2024\/01\/Vapme-King-Pro-12000-Puffs-Disposable-Vape-Wholesale-247x247.jpg 247w, https:\/\/www.vape4wholesale.com\/wp-content\/uploads\/2024\/01\/Vapme-King-Pro-12000-Puffs-Disposable-Vape-Wholesale-100x100.jpg 100w, https:\/\/www.vape4wholesale.com\/wp-content\/uploads\/2024\/01\/Vapme-King-Pro-12000-Puffs-Disposable-Vape-Wholesale-510x510.jpg 510w, https:\/\/www.vape4wholesale.com\/wp-content\/uploads\/2024\/01\/Vapme-King-Pro-12000-Puffs-Disposable-Vape-Wholesale-64x64.jpg 64w, https:\/\/www.vape4wholesale.com\/wp-content\/uploads\/2024\/01\/Vapme-King-Pro-12000-Puffs-Disposable-Vape-Wholesale-300x300.jpg 300w, https:\/\/www.vape4wholesale.com\/wp-content\/uploads\/2024\/01\/Vapme-King-Pro-12000-Puffs-Disposable-Vape-Wholesale-150x150.jpg 150w, https:\/\/www.vape4wholesale.com\/wp-content\/uploads\/2024\/01\/Vapme-King-Pro-12000-Puffs-Disposable-Vape-Wholesale-768x768.jpg 768w\" sizes=\"auto, (max-width: 800px) 100vw, 800px\" \/><figcaption id=\"caption-attachment-14905\" class=\"wp-caption-text\">Vapme King Pro 12000 Puffs Eng\u00e5ngs Vape Partihandel<\/figcaption><\/figure>\n<h2>VARF\u00d6R OSS?<\/h2>\r\n<ul>\r\n<li>Verklig, p\u00e5litlig och professionell vape-k\u00e4lla.<\/li>\r\n<li>100% \u00e4kta garanti: Vi tillhandah\u00e5ller endast original- och \u00e4kta produkter, v\u00e4grar f\u00f6rfalskning.<\/li>\r\n<li>100% Leveransgaranti: Vi anv\u00e4nder den b\u00e4sta fraktmetoden f\u00f6r att s\u00e4kerst\u00e4lla att du f\u00e5r best\u00e4llningen 100%.<\/li>\r\n<li>Vi kommer att ge dig sp\u00e5rningsnumret och fraktetiketten efter leverans och sp\u00e5ra varorna \u00e5t dig tills du kvitterar ut dem.<\/li>\r\n<li>Inga tullproblem, inga tullar<\/li>\r\n<\/ul>","protected":false},"excerpt":{"rendered":"<div class=\"wsppc_div_block woocommerce_before_add_to_cart_form\">\r\n<p><strong><span style=\"color: #00a859;\">Klarera tullen<\/span> f\u00f6re leverans &amp; 100% Leveransgaranti, Leverans p\u00e5 cirka 19\u201325 dagar.\u00a0<\/strong><\/p>\r\n<\/div>","protected":false},"featured_media":14905,"comment_status":"open","ping_status":"closed","template":"","meta":[],"pwb-brand":[1290],"product_cat":[871],"product_tag":[22,24,172,556,696],"class_list":{"0":"post-14895","1":"product","2":"type-product","3":"status-publish","4":"has-post-thumbnail","6":"pwb-brand-vapme","7":"product_cat-10-15k-puffs","8":"product_tag-disposable","9":"product_tag-wholesale","10":"product_tag-20-0ml","11":"product_tag-12000-puffs","12":"product_tag-vapme","13":"wcpa_has_options","15":"first","16":"outofstock","17":"shipping-taxable","18":"purchasable","19":"product-type-variable"},"aioseo_notices":[],"brands":[{"id":1290,"name":"Vapme","slug":"vapme"}],"_links":{"self":[{"href":"https:\/\/www.vape4wholesale.com\/sv\/wp-json\/wp\/v2\/product\/14895","targetHints":{"allow":["GET"]}}],"collection":[{"href":"https:\/\/www.vape4wholesale.com\/sv\/wp-json\/wp\/v2\/product"}],"about":[{"href":"https:\/\/www.vape4wholesale.com\/sv\/wp-json\/wp\/v2\/types\/product"}],"replies":[{"embeddable":true,"href":"https:\/\/www.vape4wholesale.com\/sv\/wp-json\/wp\/v2\/comments?post=14895"}],"wp:featuredmedia":[{"embeddable":true,"href":"https:\/\/www.vape4wholesale.com\/sv\/wp-json\/wp\/v2\/media\/14905"}],"wp:attachment":[{"href":"https:\/\/www.vape4wholesale.com\/sv\/wp-json\/wp\/v2\/media?parent=14895"}],"wp:term":[{"taxonomy":"pwb-brand","embeddable":true,"href":"https:\/\/www.vape4wholesale.com\/sv\/wp-json\/wp\/v2\/pwb-brand?post=14895"},{"taxonomy":"product_cat","embeddable":true,"href":"https:\/\/www.vape4wholesale.com\/sv\/wp-json\/wp\/v2\/product_cat?post=14895"},{"taxonomy":"product_tag","embeddable":true,"href":"https:\/\/www.vape4wholesale.com\/sv\/wp-json\/wp\/v2\/product_tag?post=14895"}],"curies":[{"name":"wp","href":"https:\/\/api.w.org\/{rel}","templated":true}]}}