{"id":14819,"date":"2023-12-29T10:12:43","date_gmt":"2023-12-29T02:12:43","guid":{"rendered":"https:\/\/www.vape4wholesale.com\/?post_type=product&#038;p=14819"},"modified":"2026-01-26T13:41:47","modified_gmt":"2026-01-26T13:41:47","slug":"bang-tn12000-engangs-vape-grossist","status":"publish","type":"product","link":"https:\/\/www.vape4wholesale.com\/sv\/product\/bang-tn12000-disposable-vape-wholesale","title":{"rendered":"Bang TN12000 Eng\u00e5ngsvape grossist"},"content":{"rendered":"<p>Bang TN12000 \u00e4r en unik design eng\u00e5ngs vape, den ser ut som en sportvattenflaska b\u00e4r en krok och finns i 10 fantastiska smaker! med 600mah uppladdningsbart batteri och med 25 ml elv\u00e4tska st\u00f6der det upp till 12000 puffar.<\/p>\n<h2>Bang TE12000 Vape Specifikationer:<\/h2>\n<p>Puffar: Upp till 12000<br \/>\nKapacitet: 25 ml<br \/>\nNikotin: 0% \/2% \/3% \/ 5%<br \/>\nBatteri: 600mah uppladdningsbart batteri<br \/>\nVikt: 100g\/PCS<br \/>\nAntal\/kartong: 200 stycken\/kartong<br \/>\nBruttovikt: 20 KG\/l\u00e5da<\/p>\n<h2>Smak\u00e4mnen:<\/h2>\n<p>Bl\u00e5b\u00e4r Hallon Is<br \/>\nJordgubb Mango<br \/>\nJordgubbar Bananer<br \/>\nVattenmelon-is<br \/>\nHerr Bl\u00e5<br \/>\nGrape Ice<br \/>\nCool Mint<br \/>\nBlandad frukt<br \/>\nJordgubbe Lychee<br \/>\nJordgubbsis<br \/>\nPersika is<br \/>\nVattenmelon Jordgubbe<\/p>\n<p><img loading=\"lazy\" decoding=\"async\" class=\"alignnone size-full wp-image-14840\" title=\"Bang TN12000 Eng\u00e5ngsvape\" src=\"https:\/\/www.vape4wholesale.com\/wp-content\/uploads\/2023\/12\/Bang-TN12000-Disposable-Vape.jpg\" alt=\"Bang TN12000 Eng\u00e5ngsvape\" width=\"800\" height=\"574\" srcset=\"https:\/\/www.vape4wholesale.com\/wp-content\/uploads\/2023\/12\/Bang-TN12000-Disposable-Vape.jpg 800w, https:\/\/www.vape4wholesale.com\/wp-content\/uploads\/2023\/12\/Bang-TN12000-Disposable-Vape-510x366.jpg 510w, https:\/\/www.vape4wholesale.com\/wp-content\/uploads\/2023\/12\/Bang-TN12000-Disposable-Vape-64x46.jpg 64w, https:\/\/www.vape4wholesale.com\/wp-content\/uploads\/2023\/12\/Bang-TN12000-Disposable-Vape-300x215.jpg 300w, https:\/\/www.vape4wholesale.com\/wp-content\/uploads\/2023\/12\/Bang-TN12000-Disposable-Vape-768x551.jpg 768w\" sizes=\"auto, (max-width: 800px) 100vw, 800px\" \/><\/p>\n<h2>VARF\u00d6R OSS?<\/h2>\r\n<ul>\r\n<li>Verklig, p\u00e5litlig och professionell vape-k\u00e4lla.<\/li>\r\n<li>100% \u00e4kta garanti: Vi tillhandah\u00e5ller endast original- och \u00e4kta produkter, v\u00e4grar f\u00f6rfalskning.<\/li>\r\n<li>100% Leveransgaranti: Vi anv\u00e4nder den b\u00e4sta fraktmetoden f\u00f6r att s\u00e4kerst\u00e4lla att du f\u00e5r best\u00e4llningen 100%.<\/li>\r\n<li>Vi kommer att ge dig sp\u00e5rningsnumret och fraktetiketten efter leverans och sp\u00e5ra varorna \u00e5t dig tills du kvitterar ut dem.<\/li>\r\n<li>Inga tullproblem, inga tullar<\/li>\r\n<\/ul>\n<p>&nbsp;<\/p>","protected":false},"excerpt":{"rendered":"<div class=\"wsppc_div_block woocommerce_before_add_to_cart_form\">\r\n<p><strong><span style=\"color: #00a859;\">Klarera tullen<\/span> f\u00f6re leverans &amp; 100% Leveransgaranti, Leverans p\u00e5 cirka 19\u201325 dagar.\u00a0<\/strong><\/p>\r\n<\/div>","protected":false},"featured_media":14838,"comment_status":"open","ping_status":"closed","template":"","meta":[],"pwb-brand":[1275],"product_cat":[871],"product_tag":[22,24,249,556,692],"class_list":{"0":"post-14819","1":"product","2":"type-product","3":"status-publish","4":"has-post-thumbnail","6":"pwb-brand-bang","7":"product_cat-10-15k-puffs","8":"product_tag-disposable","9":"product_tag-wholesale","10":"product_tag-bang","11":"product_tag-12000-puffs","12":"product_tag-25-0ml","13":"wcpa_has_options","15":"first","16":"outofstock","17":"shipping-taxable","18":"purchasable","19":"product-type-variable"},"aioseo_notices":[],"brands":[{"id":1275,"name":"Pang","slug":"bang"}],"_links":{"self":[{"href":"https:\/\/www.vape4wholesale.com\/sv\/wp-json\/wp\/v2\/product\/14819","targetHints":{"allow":["GET"]}}],"collection":[{"href":"https:\/\/www.vape4wholesale.com\/sv\/wp-json\/wp\/v2\/product"}],"about":[{"href":"https:\/\/www.vape4wholesale.com\/sv\/wp-json\/wp\/v2\/types\/product"}],"replies":[{"embeddable":true,"href":"https:\/\/www.vape4wholesale.com\/sv\/wp-json\/wp\/v2\/comments?post=14819"}],"wp:featuredmedia":[{"embeddable":true,"href":"https:\/\/www.vape4wholesale.com\/sv\/wp-json\/wp\/v2\/media\/14838"}],"wp:attachment":[{"href":"https:\/\/www.vape4wholesale.com\/sv\/wp-json\/wp\/v2\/media?parent=14819"}],"wp:term":[{"taxonomy":"pwb-brand","embeddable":true,"href":"https:\/\/www.vape4wholesale.com\/sv\/wp-json\/wp\/v2\/pwb-brand?post=14819"},{"taxonomy":"product_cat","embeddable":true,"href":"https:\/\/www.vape4wholesale.com\/sv\/wp-json\/wp\/v2\/product_cat?post=14819"},{"taxonomy":"product_tag","embeddable":true,"href":"https:\/\/www.vape4wholesale.com\/sv\/wp-json\/wp\/v2\/product_tag?post=14819"}],"curies":[{"name":"wp","href":"https:\/\/api.w.org\/{rel}","templated":true}]}}