{"id":14732,"date":"2023-12-11T07:05:30","date_gmt":"2023-12-10T23:05:30","guid":{"rendered":"https:\/\/www.vape4wholesale.com\/?post_type=product&#038;p=14732"},"modified":"2026-01-26T13:41:49","modified_gmt":"2026-01-26T13:41:49","slug":"kamry-box-15000-puffar-engangs-vape-grossist","status":"publish","type":"product","link":"https:\/\/www.vape4wholesale.com\/sv\/product\/kamry-box-15000-puffs-disposable-vape-wholesale","title":{"rendered":"Kamry Box 15000 Puffs Eng\u00e5ngs Vape Partihandel"},"content":{"rendered":"<p>Kamry Box 15000 \u00e4r en fin designad eng\u00e5ngsvape, den \u00e4r byggd med 600 mAh uppladdningsbart batteri, 30 ml 2% nikotin elv\u00e4tska inuti och med mesh-spole som st\u00f6der upp till 15000 puffar<\/p>\n<h2><strong>Kamry Box 15000 Snabba detaljer:<\/strong><\/h2>\n<table border=\"0\" width=\"493\" cellspacing=\"0\" cellpadding=\"0\">\n<tbody>\n<tr>\n<td class=\"et2\" width=\"265\" height=\"19\">Modell<\/td>\n<td class=\"et2\" width=\"228\">Kamry Box 15000<\/td>\n<\/tr>\n<tr>\n<td class=\"et2\" height=\"19\">Puffar<\/td>\n<td class=\"et2\">Upp till 15000<\/td>\n<\/tr>\n<tr>\n<td class=\"et2\" height=\"19\">Motst\u00e5nd<\/td>\n<td class=\"et2\">Mesh-spole 1.0\u03a9<\/td>\n<\/tr>\n<tr>\n<td class=\"et2\" height=\"19\">Nikotin<\/td>\n<td class=\"et2\">2% (OEM f\u00f6r 3% och 5%)<\/td>\n<\/tr>\n<tr>\n<td class=\"et2\" height=\"19\">Material<\/td>\n<td class=\"et2\">PCTG +ABS+PC<\/td>\n<\/tr>\n<tr>\n<td class=\"et2\" height=\"19\">Batteri<\/td>\n<td class=\"et2\">600mAh uppladdningsbar<\/td>\n<\/tr>\n<tr>\n<td class=\"et2\" height=\"19\">Kroppsstorlek<\/td>\n<td class=\"et2\">50,3*25*85,5mm<\/td>\n<\/tr>\n<tr>\n<td class=\"et2\" height=\"19\">Kroppsvikt<\/td>\n<td class=\"et2\">95g<\/td>\n<\/tr>\n<\/tbody>\n<\/table>\n<p>&nbsp;<\/p>\n<h2><strong>Smaklista:<\/strong><\/h2>\n<ol>\n<li>\n<div>Vattenmelon-is<\/div>\n<\/li>\n<li>\n<div>Druva<\/div>\n<\/li>\n<li>\n<div>F\u00e4rsk mynta<\/div>\n<\/li>\n<li>\n<div>Energidryck<\/div>\n<\/li>\n<li>\n<div>Persika<\/div>\n<\/li>\n<li>\n<div>Bl\u00e5b\u00e4rsis<\/div>\n<\/li>\n<li>\n<div>Jordgubbar Vattenmelon<\/div>\n<\/li>\n<li>\n<div>Ananas-is<\/div>\n<\/li>\n<li>\n<div>Jordgubb Mango<\/div>\n<\/li>\n<li>\n<div>Banan<\/div>\n<\/li>\n<\/ol>\n<h2>F\u00f6rpackning och vikt<\/h2>\n<ul>\n<li>1\/ Liten l\u00e5da, 10\/ Medium l\u00e5da<\/li>\n<li>200\/kartong, 22 kg<\/li>\n<\/ul>\n<figure id=\"attachment_15454\" aria-describedby=\"caption-attachment-15454\" style=\"width: 1600px\" class=\"wp-caption aligncenter\"><img loading=\"lazy\" decoding=\"async\" class=\"wp-image-15454 size-full\" title=\"Kamry Box 15000 Puffs Eng\u00e5ngs Vape Partihandel\" src=\"https:\/\/www.vape4wholesale.com\/wp-content\/uploads\/2023\/12\/Kamry-Box-15000-Puffs-Disposable-Vape-Wholesale.jpg\" alt=\"Kamry Box 15000 Puffs Eng\u00e5ngs Vape Partihandel\" width=\"1600\" height=\"900\" srcset=\"https:\/\/www.vape4wholesale.com\/wp-content\/uploads\/2023\/12\/Kamry-Box-15000-Puffs-Disposable-Vape-Wholesale.jpg 1600w, https:\/\/www.vape4wholesale.com\/wp-content\/uploads\/2023\/12\/Kamry-Box-15000-Puffs-Disposable-Vape-Wholesale-510x287.jpg 510w, https:\/\/www.vape4wholesale.com\/wp-content\/uploads\/2023\/12\/Kamry-Box-15000-Puffs-Disposable-Vape-Wholesale-64x36.jpg 64w, https:\/\/www.vape4wholesale.com\/wp-content\/uploads\/2023\/12\/Kamry-Box-15000-Puffs-Disposable-Vape-Wholesale-300x169.jpg 300w, https:\/\/www.vape4wholesale.com\/wp-content\/uploads\/2023\/12\/Kamry-Box-15000-Puffs-Disposable-Vape-Wholesale-1024x576.jpg 1024w, https:\/\/www.vape4wholesale.com\/wp-content\/uploads\/2023\/12\/Kamry-Box-15000-Puffs-Disposable-Vape-Wholesale-768x432.jpg 768w, https:\/\/www.vape4wholesale.com\/wp-content\/uploads\/2023\/12\/Kamry-Box-15000-Puffs-Disposable-Vape-Wholesale-1536x864.jpg 1536w\" sizes=\"auto, (max-width: 1600px) 100vw, 1600px\" \/><figcaption id=\"caption-attachment-15454\" class=\"wp-caption-text\">Kamry Box 15000 Puffs Eng\u00e5ngs Vape Partihandel<\/figcaption><\/figure>\n<p><img loading=\"lazy\" decoding=\"async\" class=\"size-full wp-image-14733 aligncenter\" title=\"Kamry Box 15000 Puffs \u00f6versikt 2\" src=\"https:\/\/www.vape4wholesale.com\/wp-content\/uploads\/2023\/12\/Kamry-Box-15000-Puffs-overview_2.jpg\" alt=\"Kamry Box 15000 Puffs \u00f6versikt 2\" width=\"800\" height=\"1422\" srcset=\"https:\/\/www.vape4wholesale.com\/wp-content\/uploads\/2023\/12\/Kamry-Box-15000-Puffs-overview_2.jpg 800w, https:\/\/www.vape4wholesale.com\/wp-content\/uploads\/2023\/12\/Kamry-Box-15000-Puffs-overview_2-510x907.jpg 510w, https:\/\/www.vape4wholesale.com\/wp-content\/uploads\/2023\/12\/Kamry-Box-15000-Puffs-overview_2-64x114.jpg 64w, https:\/\/www.vape4wholesale.com\/wp-content\/uploads\/2023\/12\/Kamry-Box-15000-Puffs-overview_2-169x300.jpg 169w, https:\/\/www.vape4wholesale.com\/wp-content\/uploads\/2023\/12\/Kamry-Box-15000-Puffs-overview_2-576x1024.jpg 576w, https:\/\/www.vape4wholesale.com\/wp-content\/uploads\/2023\/12\/Kamry-Box-15000-Puffs-overview_2-768x1365.jpg 768w\" sizes=\"auto, (max-width: 800px) 100vw, 800px\" \/><\/p>\n<h2>VARF\u00d6R OSS?<\/h2>\r\n<ul>\r\n<li>Verklig, p\u00e5litlig och professionell vape-k\u00e4lla.<\/li>\r\n<li>100% \u00e4kta garanti: Vi tillhandah\u00e5ller endast original- och \u00e4kta produkter, v\u00e4grar f\u00f6rfalskning.<\/li>\r\n<li>100% Leveransgaranti: Vi anv\u00e4nder den b\u00e4sta fraktmetoden f\u00f6r att s\u00e4kerst\u00e4lla att du f\u00e5r best\u00e4llningen 100%.<\/li>\r\n<li>Vi kommer att ge dig sp\u00e5rningsnumret och fraktetiketten efter leverans och sp\u00e5ra varorna \u00e5t dig tills du kvitterar ut dem.<\/li>\r\n<li>Inga tullproblem, inga tullar<\/li>\r\n<\/ul>","protected":false},"excerpt":{"rendered":"<div class=\"wsppc_div_block woocommerce_before_add_to_cart_form\">\r\n<p><strong><span style=\"color: #00a859;\">Klarera tullen<\/span> f\u00f6re leverans &amp; 100% Leveransgaranti, Leverans p\u00e5 cirka 19\u201325 dagar.\u00a0<\/strong><\/p>\r\n<\/div>","protected":false},"featured_media":14747,"comment_status":"open","ping_status":"closed","template":"","meta":[],"pwb-brand":[1281],"product_cat":[872],"product_tag":[22,24,30,683,684],"class_list":{"0":"post-14732","1":"product","2":"type-product","3":"status-publish","4":"has-post-thumbnail","6":"pwb-brand-kamry","7":"product_cat-15k-20k-puffs","8":"product_tag-disposable","9":"product_tag-wholesale","10":"product_tag-kamry","11":"product_tag-30-0ml","12":"product_tag-15000-puffs","14":"first","15":"outofstock","16":"shipping-taxable","17":"purchasable","18":"product-type-variable"},"aioseo_notices":[],"brands":[{"id":1281,"name":"Kamry","slug":"kamry"}],"_links":{"self":[{"href":"https:\/\/www.vape4wholesale.com\/sv\/wp-json\/wp\/v2\/product\/14732","targetHints":{"allow":["GET"]}}],"collection":[{"href":"https:\/\/www.vape4wholesale.com\/sv\/wp-json\/wp\/v2\/product"}],"about":[{"href":"https:\/\/www.vape4wholesale.com\/sv\/wp-json\/wp\/v2\/types\/product"}],"replies":[{"embeddable":true,"href":"https:\/\/www.vape4wholesale.com\/sv\/wp-json\/wp\/v2\/comments?post=14732"}],"wp:featuredmedia":[{"embeddable":true,"href":"https:\/\/www.vape4wholesale.com\/sv\/wp-json\/wp\/v2\/media\/14747"}],"wp:attachment":[{"href":"https:\/\/www.vape4wholesale.com\/sv\/wp-json\/wp\/v2\/media?parent=14732"}],"wp:term":[{"taxonomy":"pwb-brand","embeddable":true,"href":"https:\/\/www.vape4wholesale.com\/sv\/wp-json\/wp\/v2\/pwb-brand?post=14732"},{"taxonomy":"product_cat","embeddable":true,"href":"https:\/\/www.vape4wholesale.com\/sv\/wp-json\/wp\/v2\/product_cat?post=14732"},{"taxonomy":"product_tag","embeddable":true,"href":"https:\/\/www.vape4wholesale.com\/sv\/wp-json\/wp\/v2\/product_tag?post=14732"}],"curies":[{"name":"wp","href":"https:\/\/api.w.org\/{rel}","templated":true}]}}