{"id":14666,"date":"2023-11-16T22:35:59","date_gmt":"2023-11-16T14:35:59","guid":{"rendered":"https:\/\/www.vape4wholesale.com\/?post_type=product&#038;p=14666"},"modified":"2026-01-26T13:41:51","modified_gmt":"2026-01-26T13:41:51","slug":"elf-bar-bc10000-engangs-vape-grossist","status":"publish","type":"product","link":"https:\/\/www.vape4wholesale.com\/sv\/product\/elf-bar-bc10000-disposable-vape-wholesale","title":{"rendered":"Elf Bar BC10000 Eng\u00e5ngsvape Partihandel"},"content":{"rendered":"<p>ELF BAR BC10000 \u00e4r en fin designad kraftfull vape med Eliquid och str\u00f6mvisningsfunktion, den levereras med 18 ml 5% nikotinsalt elv\u00e4tska, 650 mAh uppladdningsbart batteri och den \u00e4r byggd med mesh-spole.<\/p>\n<p>Den \u00e4r en game-changer i v\u00e4rlden av eng\u00e5ngsvapor och erbjuder h\u00e4pnadsv\u00e4ckande 10000 puffar f\u00f6r en l\u00e5ng och tillfredsst\u00e4llande vapingupplevelse. Med sin gener\u00f6sa 18ML e-v\u00e4tskevolym kan du njuta av dina favoritsmaker utan besv\u00e4ret med st\u00e4ndiga p\u00e5fyllningar. Den uppladdningsbara typ C-porten s\u00e4kerst\u00e4ller snabb och bekv\u00e4m laddning, tack vare snabbladdningskapaciteten p\u00e5 15-20 minuter h\u00e5lls stillest\u00e5ndstiden till ett minimum, s\u00e5 att du kan komma tillbaka till att vaping p\u00e5 nolltid. Drivs av ett robust 620mAh-batteri.<\/p>\n<p>BC10000 \u00e4r byggd f\u00f6r att h\u00e5lla, vilket g\u00f6r den till ett f\u00f6rstahandsval f\u00f6r vapers som s\u00f6ker en p\u00e5litlig och funktionsfylld eng\u00e5ngsvape. garanterar att du alltid \u00e4r redo att njuta av din f\u00f6redragna nikotinstyrka p\u00e5 50MG. Den h\u00f6gpresterande mesh-spolen tar smakproduktionen till en helt ny niv\u00e5 och ger en rik och omslutande smak vid varje inandning. Den nya banbrytande designen \u00e4r nu mer attraktiv \u00e4n tidigare.<\/p>\n<p>Det som utm\u00e4rker BC10000 \u00e4r dess smarta LED-display, som inte bara indikerar batteristr\u00f6m utan \u00e4ven k\u00e4nner av e-juice-niv\u00e5er, vilket s\u00e4kerst\u00e4ller att du \u00e4r medveten om b\u00e5da viktiga aspekter f\u00f6r oavbruten vaping. Oavsett om du \u00e4r en erfaren vaper eller precis har b\u00f6rjat, lovar ELF BAR BC10000 en exceptionell och problemfri vapingupplevelse. F\u00f6rh\u00f6j din vapingresa med den h\u00e4r anm\u00e4rkningsv\u00e4rda enheten som kombinerar innovation, stil och prestanda i ett kompakt paket. Upplev framtiden f\u00f6r eng\u00e5ngsvapor med ELFBAR BC10000.<\/p>\n<h2><strong>Elf Bar BC10000 Funktioner:<\/strong><\/h2>\n<ul>\n<li>Puffar: 10000 Puffar<\/li>\n<li>E-v\u00e4tskans volym: 18ML<\/li>\n<li>Batteri: 650mAh uppladdningsbart med typ C<\/li>\n<li>Nikotinstyrka: 50MG<\/li>\n<li>Spole: N\u00e4tspole<\/li>\n<li>Snabbladdning: 15-20 minuter<\/li>\n<li>Led-display f\u00f6r visning av batteriprocent och e-v\u00e4tska<\/li>\n<li>Varum\u00e4rke: ELF BAR<\/li>\n<\/ul>\n<h2><strong>Tillg\u00e4ngliga smaker:<\/strong><\/h2>\n<ol>\n<li>Aloe Druva<\/li>\n<li>Bananglass<\/li>\n<li>Bl\u00e5 sockervadd<\/li>\n<li>Bl\u00e5 hallon-is<\/li>\n<li>Bl\u00e5b\u00e4r Mint<\/li>\n<li>Grape Ice<\/li>\n<li>Gr\u00f6nt \u00e4pple<\/li>\n<li>Iced Mint<\/li>\n<li>Mentol<\/li>\n<li>Blandade frukter<\/li>\n<li>Vattenmelon Persika Mango<\/li>\n<li>Persika Hallon<\/li>\n<li>Banan Jordgubbe<\/li>\n<li>\u00a0Kiwi Jordgubbe<\/li>\n<li>mango Jordgubbe<\/li>\n<li>Jordgubbar vattenmelon<\/li>\n<li>Tuggummi av vattenmelon<\/li>\n<li>Vattenmelon-is<\/li>\n<li>Jordgubbsis<\/li>\n<li>Persika Mango<\/li>\n<li>Dubbel mango<\/li>\n<\/ol>\n<h2>F\u00f6rpackning och vikt<\/h2>\n<p>200 st\/kartong\/ 23 kg<\/p>\n<p><img loading=\"lazy\" decoding=\"async\" class=\"alignnone size-full wp-image-14690\" title=\"Elf Bar BC10000 Eng\u00e5ngsvape Partihandel\" src=\"https:\/\/www.vape4wholesale.com\/wp-content\/uploads\/2023\/11\/Elf-Bar-BC10000-Disposable-Vape-Wholesale.jpg\" alt=\"Elf Bar BC10000 Eng\u00e5ngsvape Partihandel\" width=\"800\" height=\"800\" srcset=\"https:\/\/www.vape4wholesale.com\/wp-content\/uploads\/2023\/11\/Elf-Bar-BC10000-Disposable-Vape-Wholesale.jpg 800w, https:\/\/www.vape4wholesale.com\/wp-content\/uploads\/2023\/11\/Elf-Bar-BC10000-Disposable-Vape-Wholesale-247x247.jpg 247w, https:\/\/www.vape4wholesale.com\/wp-content\/uploads\/2023\/11\/Elf-Bar-BC10000-Disposable-Vape-Wholesale-100x100.jpg 100w, https:\/\/www.vape4wholesale.com\/wp-content\/uploads\/2023\/11\/Elf-Bar-BC10000-Disposable-Vape-Wholesale-510x510.jpg 510w, https:\/\/www.vape4wholesale.com\/wp-content\/uploads\/2023\/11\/Elf-Bar-BC10000-Disposable-Vape-Wholesale-64x64.jpg 64w, https:\/\/www.vape4wholesale.com\/wp-content\/uploads\/2023\/11\/Elf-Bar-BC10000-Disposable-Vape-Wholesale-300x300.jpg 300w, https:\/\/www.vape4wholesale.com\/wp-content\/uploads\/2023\/11\/Elf-Bar-BC10000-Disposable-Vape-Wholesale-150x150.jpg 150w, https:\/\/www.vape4wholesale.com\/wp-content\/uploads\/2023\/11\/Elf-Bar-BC10000-Disposable-Vape-Wholesale-768x768.jpg 768w\" sizes=\"auto, (max-width: 800px) 100vw, 800px\" \/><\/p>","protected":false},"excerpt":{"rendered":"[scf-template id=&#8217;11434&#8242;]\n<p><strong>Due to frequent changes in Product inventory, Minimum Order Quantity and Price, please contact us before placing the order.<\/strong><\/p>\n","protected":false},"featured_media":14690,"comment_status":"open","ping_status":"closed","template":"","meta":[],"pwb-brand":[1278],"product_cat":[871],"product_tag":[24,60,244,324,22],"class_list":{"0":"post-14666","1":"product","2":"type-product","3":"status-publish","4":"has-post-thumbnail","6":"pwb-brand-elf-bar","7":"product_cat-10-15k-puffs","8":"product_tag-wholesale","9":"product_tag-elf-bar","10":"product_tag-18-0ml","11":"product_tag-10000-puffs","12":"product_tag-disposable","14":"first","15":"outofstock","16":"shipping-taxable","17":"purchasable","18":"product-type-variable"},"aioseo_notices":[],"brands":[{"id":1278,"name":"Elf bar","slug":"alvbar"}],"_links":{"self":[{"href":"https:\/\/www.vape4wholesale.com\/sv\/wp-json\/wp\/v2\/product\/14666","targetHints":{"allow":["GET"]}}],"collection":[{"href":"https:\/\/www.vape4wholesale.com\/sv\/wp-json\/wp\/v2\/product"}],"about":[{"href":"https:\/\/www.vape4wholesale.com\/sv\/wp-json\/wp\/v2\/types\/product"}],"replies":[{"embeddable":true,"href":"https:\/\/www.vape4wholesale.com\/sv\/wp-json\/wp\/v2\/comments?post=14666"}],"wp:featuredmedia":[{"embeddable":true,"href":"https:\/\/www.vape4wholesale.com\/sv\/wp-json\/wp\/v2\/media\/14690"}],"wp:attachment":[{"href":"https:\/\/www.vape4wholesale.com\/sv\/wp-json\/wp\/v2\/media?parent=14666"}],"wp:term":[{"taxonomy":"pwb-brand","embeddable":true,"href":"https:\/\/www.vape4wholesale.com\/sv\/wp-json\/wp\/v2\/pwb-brand?post=14666"},{"taxonomy":"product_cat","embeddable":true,"href":"https:\/\/www.vape4wholesale.com\/sv\/wp-json\/wp\/v2\/product_cat?post=14666"},{"taxonomy":"product_tag","embeddable":true,"href":"https:\/\/www.vape4wholesale.com\/sv\/wp-json\/wp\/v2\/product_tag?post=14666"}],"curies":[{"name":"wp","href":"https:\/\/api.w.org\/{rel}","templated":true}]}}