{"id":14604,"date":"2023-11-12T09:49:04","date_gmt":"2023-11-12T01:49:04","guid":{"rendered":"https:\/\/www.vape4wholesale.com\/?post_type=product&#038;p=14604"},"modified":"2026-01-26T13:41:58","modified_gmt":"2026-01-26T13:41:58","slug":"funky-lands-vi10000-engangs-vape-grossist","status":"publish","type":"product","link":"https:\/\/www.vape4wholesale.com\/sv\/product\/funky-lands-vi10000-disposable-vape-wholesale","title":{"rendered":"Funky Lands Vi10000 Eng\u00e5ngsvape Partihandel"},"content":{"rendered":"<p>Funky lands Vi10000 eng\u00e5ngsbruk \u00e4r en produkt under m\u00e4rket elf bar som st\u00f6der upp till 10000 puffar, den har 16 ml elv\u00e4tska med 5% saltnikotin och med 600 mAh uppladdningsbart batteri.<\/p>\n<h2><strong>Funky Lands Vi10000 Eng\u00e5ngs Vape funktioner:<br data-filtered=\"filtered\" \/><\/strong><\/h2>\n<ul>\n<li>f\u00f6rfylld med 16 ml e-juice<\/li>\n<li>5% salt nikotin koncentration<\/li>\n<li>10000 puffar<\/li>\n<li>n\u00e4tspole<\/li>\n<li>ladda<\/li>\n<li>smart display<\/li>\n<\/ul>\n<h2><strong>Smak\u00e4mnen tillg\u00e4ngliga<\/strong><\/h2>\n<ol>\n<li>B\u00e4rblandning<\/li>\n<li>Bl\u00e5b\u00e4rsis<\/li>\n<li>Bl\u00e5b\u00e4r Ros Mynta<\/li>\n<li>Klart<\/li>\n<li>Citron Lime<\/li>\n<li>Mexikansk mango<\/li>\n<li>Persika Colada<\/li>\n<li>Hallon P&amp;B<\/li>\n<li>Jordgubb Kiwi<\/li>\n<li>Tranb\u00e4r Druva Duo Ice<\/li>\n<li>Vattenmelon-is<\/li>\n<li>Watermelon Raspberry Duo Ice<\/li>\n<\/ol>\n<h2><strong>Funky Lands Vi10000 F\u00f6rdelar<\/strong><\/h2>\n<p class=\"p1\"><strong>*Suprem kapacitet**:<\/strong> Dyk djupt in i den rika v\u00e4rlden av vaping med v\u00e5r 16 ml f\u00f6rfyllda e-liquid-kammare. S\u00e4g adj\u00f6 till frekventa p\u00e5fyllningar och njut av de l\u00e5nga vaping-sessioner som du alltid har \u00f6nskat.<\/p>\n<p class=\"p1\"><strong>**Optimal nikotinniv\u00e5**:<\/strong> Upplev ett v\u00e4lbalanserat sug i halsen och tillfredsst\u00e4ll suget efter cigaretter med en salt nikotinkoncentration p\u00e5 5%. Designad f\u00f6r dem som \u00e4lskar intensitet i varje bloss, utan att vara \u00f6verv\u00e4ldigande.<\/p>\n<p class=\"p1\"><strong>**Energiserad f\u00f6r l\u00e5ng livsl\u00e4ngd**:<\/strong> Med ett robust 600mAh uppladdningsbart batteri s\u00e4kerst\u00e4ller Vi10000 att dina vape-sessioner \u00e4r oavbrutna och h\u00e4rliga. Inga fler pl\u00f6tsliga str\u00f6mavbrott, bara konsekvent str\u00f6mf\u00f6rs\u00f6rjning f\u00f6r din bekv\u00e4mlighet.<\/p>\n<p class=\"p1\"><strong>**Puffa till ditt hj\u00e4rtas inneh\u00e5ll**:<\/strong> F\u00f6rbered dig p\u00e5 en o\u00f6vertr\u00e4ffad upplevelse med upp till 10 000 puffar! Oavsett om du \u00e4r ute p\u00e5 en l\u00e5ng resa eller kopplar av hemma, s\u00e5 har Vi10000 allt du beh\u00f6ver.<\/p>\n<p class=\"p1\"><strong>**Intelligenta funktioner**:<\/strong> V\u00e5rt Smart Display Dry Prevention-system h\u00e5ller dig informerad och skyddar din vape fr\u00e5n att bli torr. Inga fler gissningslekar; vape med f\u00f6rtroende och vetskap om att din enhet fungerar optimalt f\u00f6r dig.<\/p>\n<p class=\"p2\">H\u00e4nge dig \u00e5t vapingkonsten med Funky Lands Vi10000 - d\u00e4r stil, livsl\u00e4ngd och innovation kolliderar. G\u00f6r dig redo att f\u00f6rh\u00f6ja din vapingupplevelse som aldrig f\u00f6rr!<\/p>\n<p><img loading=\"lazy\" decoding=\"async\" class=\"alignnone size-full wp-image-14605\" title=\"Funky Lands Vi10000 eng\u00e5ngsvape grossist (1)\" src=\"https:\/\/www.vape4wholesale.com\/wp-content\/uploads\/2023\/11\/Funky-Lands-Vi10000-Disposable-Vape-Wholesale-1.jpg\" alt=\"Funky Lands Vi10000 eng\u00e5ngsvape grossist (1)\" width=\"1200\" height=\"1200\" srcset=\"https:\/\/www.vape4wholesale.com\/wp-content\/uploads\/2023\/11\/Funky-Lands-Vi10000-Disposable-Vape-Wholesale-1.jpg 1200w, https:\/\/www.vape4wholesale.com\/wp-content\/uploads\/2023\/11\/Funky-Lands-Vi10000-Disposable-Vape-Wholesale-1-247x247.jpg 247w, https:\/\/www.vape4wholesale.com\/wp-content\/uploads\/2023\/11\/Funky-Lands-Vi10000-Disposable-Vape-Wholesale-1-100x100.jpg 100w, https:\/\/www.vape4wholesale.com\/wp-content\/uploads\/2023\/11\/Funky-Lands-Vi10000-Disposable-Vape-Wholesale-1-510x510.jpg 510w, https:\/\/www.vape4wholesale.com\/wp-content\/uploads\/2023\/11\/Funky-Lands-Vi10000-Disposable-Vape-Wholesale-1-64x64.jpg 64w, https:\/\/www.vape4wholesale.com\/wp-content\/uploads\/2023\/11\/Funky-Lands-Vi10000-Disposable-Vape-Wholesale-1-300x300.jpg 300w, https:\/\/www.vape4wholesale.com\/wp-content\/uploads\/2023\/11\/Funky-Lands-Vi10000-Disposable-Vape-Wholesale-1-1024x1024.jpg 1024w, https:\/\/www.vape4wholesale.com\/wp-content\/uploads\/2023\/11\/Funky-Lands-Vi10000-Disposable-Vape-Wholesale-1-150x150.jpg 150w, https:\/\/www.vape4wholesale.com\/wp-content\/uploads\/2023\/11\/Funky-Lands-Vi10000-Disposable-Vape-Wholesale-1-768x768.jpg 768w\" sizes=\"auto, (max-width: 1200px) 100vw, 1200px\" \/> <img loading=\"lazy\" decoding=\"async\" class=\"alignnone size-full wp-image-14609\" title=\"Funky Lands Vi10000 Vape f\u00f6r eng\u00e5ngsbruk grossist (5)\" src=\"https:\/\/www.vape4wholesale.com\/wp-content\/uploads\/2023\/11\/Funky-Lands-Vi10000-Disposable-Vape-Wholesale-5.jpg\" alt=\"Funky Lands Vi10000 Vape f\u00f6r eng\u00e5ngsbruk grossist (5)\" width=\"1920\" height=\"1920\" srcset=\"https:\/\/www.vape4wholesale.com\/wp-content\/uploads\/2023\/11\/Funky-Lands-Vi10000-Disposable-Vape-Wholesale-5.jpg 1920w, https:\/\/www.vape4wholesale.com\/wp-content\/uploads\/2023\/11\/Funky-Lands-Vi10000-Disposable-Vape-Wholesale-5-247x247.jpg 247w, https:\/\/www.vape4wholesale.com\/wp-content\/uploads\/2023\/11\/Funky-Lands-Vi10000-Disposable-Vape-Wholesale-5-100x100.jpg 100w, https:\/\/www.vape4wholesale.com\/wp-content\/uploads\/2023\/11\/Funky-Lands-Vi10000-Disposable-Vape-Wholesale-5-510x510.jpg 510w, https:\/\/www.vape4wholesale.com\/wp-content\/uploads\/2023\/11\/Funky-Lands-Vi10000-Disposable-Vape-Wholesale-5-64x64.jpg 64w, https:\/\/www.vape4wholesale.com\/wp-content\/uploads\/2023\/11\/Funky-Lands-Vi10000-Disposable-Vape-Wholesale-5-300x300.jpg 300w, https:\/\/www.vape4wholesale.com\/wp-content\/uploads\/2023\/11\/Funky-Lands-Vi10000-Disposable-Vape-Wholesale-5-1024x1024.jpg 1024w, https:\/\/www.vape4wholesale.com\/wp-content\/uploads\/2023\/11\/Funky-Lands-Vi10000-Disposable-Vape-Wholesale-5-150x150.jpg 150w, https:\/\/www.vape4wholesale.com\/wp-content\/uploads\/2023\/11\/Funky-Lands-Vi10000-Disposable-Vape-Wholesale-5-768x768.jpg 768w, https:\/\/www.vape4wholesale.com\/wp-content\/uploads\/2023\/11\/Funky-Lands-Vi10000-Disposable-Vape-Wholesale-5-1536x1536.jpg 1536w\" sizes=\"auto, (max-width: 1920px) 100vw, 1920px\" \/><\/p>","protected":false},"excerpt":{"rendered":"[scf-template id=&#8217;11434&#8242;]\n","protected":false},"featured_media":14605,"comment_status":"open","ping_status":"closed","template":"","meta":[],"pwb-brand":[1289],"product_cat":[871],"product_tag":[22,24,324,342,651],"class_list":{"0":"post-14604","1":"product","2":"type-product","3":"status-publish","4":"has-post-thumbnail","6":"pwb-brand-others","7":"product_cat-10-15k-puffs","8":"product_tag-disposable","9":"product_tag-wholesale","10":"product_tag-10000-puffs","11":"product_tag-16-0ml","12":"product_tag-funky-lands","14":"first","15":"outofstock","16":"shipping-taxable","17":"purchasable","18":"product-type-variable"},"aioseo_notices":[],"brands":[{"id":1289,"name":"\u00d6vriga","slug":"andra"}],"_links":{"self":[{"href":"https:\/\/www.vape4wholesale.com\/sv\/wp-json\/wp\/v2\/product\/14604","targetHints":{"allow":["GET"]}}],"collection":[{"href":"https:\/\/www.vape4wholesale.com\/sv\/wp-json\/wp\/v2\/product"}],"about":[{"href":"https:\/\/www.vape4wholesale.com\/sv\/wp-json\/wp\/v2\/types\/product"}],"replies":[{"embeddable":true,"href":"https:\/\/www.vape4wholesale.com\/sv\/wp-json\/wp\/v2\/comments?post=14604"}],"wp:featuredmedia":[{"embeddable":true,"href":"https:\/\/www.vape4wholesale.com\/sv\/wp-json\/wp\/v2\/media\/14605"}],"wp:attachment":[{"href":"https:\/\/www.vape4wholesale.com\/sv\/wp-json\/wp\/v2\/media?parent=14604"}],"wp:term":[{"taxonomy":"pwb-brand","embeddable":true,"href":"https:\/\/www.vape4wholesale.com\/sv\/wp-json\/wp\/v2\/pwb-brand?post=14604"},{"taxonomy":"product_cat","embeddable":true,"href":"https:\/\/www.vape4wholesale.com\/sv\/wp-json\/wp\/v2\/product_cat?post=14604"},{"taxonomy":"product_tag","embeddable":true,"href":"https:\/\/www.vape4wholesale.com\/sv\/wp-json\/wp\/v2\/product_tag?post=14604"}],"curies":[{"name":"wp","href":"https:\/\/api.w.org\/{rel}","templated":true}]}}