{"id":14377,"date":"2023-10-15T10:47:18","date_gmt":"2023-10-15T02:47:18","guid":{"rendered":"https:\/\/www.vape4wholesale.com\/?post_type=product&#038;p=14377"},"modified":"2026-01-26T13:42:14","modified_gmt":"2026-01-26T13:42:14","slug":"geek-bar-b5000-engangs-vape-grossist","status":"publish","type":"product","link":"https:\/\/www.vape4wholesale.com\/sv\/product\/geek-bar-b5000-disposable-vape-wholesale","title":{"rendered":"Geek Bar B5000 Vape f\u00f6r eng\u00e5ngsbruk Partihandel"},"content":{"rendered":"<p>Geek Bar B5000 \u00e4r en snygg designad eng\u00e5ngsvape, byggd med mesh-spole, och med 14 ml 5% nikotin elv\u00e4tska, \u00e4ven med 650mah uppladdningsbart batteri. Geek Bar B5000 Puffs Disposable 10-Pack! Denna helt nya innovativa eng\u00e5ngsvape \u00e4r perfekt f\u00f6r anv\u00e4ndare att njuta av n\u00e4r de \u00e4r p\u00e5 spr\u00e5ng med sin kompakta design samtidigt som den ger anv\u00e4ndarna upp till 5000 Puffs av 5% Nicotine. Inte bara g\u00f6r B5000 Puffs Disposable Vape det enkelt f\u00f6r anv\u00e4ndare att njuta av n\u00e4r de \u00e4r p\u00e5 spr\u00e5ng. Dess 650mAh uppladdningsbara batteri och 14mL f\u00f6rfylld E-v\u00e4tskekapacitet g\u00f6r det m\u00f6jligt f\u00f6r anv\u00e4ndare att njuta av en kraftfull och l\u00e5ngvarig vapingupplevelse. Prova de m\u00e5nga olika smakerna som finns tillg\u00e4ngliga f\u00f6r Geek Bar B5000 Puffs Disposable 10-Pack till b\u00e4sta pris!<\/p>\n<h2><strong>Geek Bar B5000 Smaker<\/strong><\/h2>\n<p>\u00c4pple Drakfrukt<br \/>\n\u00c4pple Persika<br \/>\nBerry Trio Ice<br \/>\nBlue Razz Ice<br \/>\nBlue Razz Lemonade<br \/>\nSkogsb\u00e4r-is<br \/>\nFuji Melon Is<br \/>\nGeekbull Drink Ice<br \/>\nGyllene Kiwi Citron<br \/>\nGrape Ice<br \/>\nGuava is<br \/>\nJuicy Peach Ice<br \/>\nKiwi Passionsfrukt<br \/>\nIs-te med citron<br \/>\nMamba Ice<br \/>\nMint<br \/>\nPersika Mango Guava<br \/>\nHallon Vattenmelon<br \/>\nSur \u00e4pple-is<br \/>\nJordgubbsbanan-is<br \/>\nJordgubb Kiwi Is<br \/>\nJordgubb Mango Is<br \/>\nJordgubb Vattenmelon Bubblegum<br \/>\nTobak<br \/>\nTropical Rainbow Blast<br \/>\nVattenmelon Bubble Gum<br \/>\nVattenmelon K\u00f6rsb\u00e4r<br \/>\nVattenmelon-is<br \/>\nVattenmelon Jordgubb Kokosn\u00f6t<br \/>\nVit gummiglass<\/p>\n<h2><strong>Funktioner:<\/strong><\/h2>\n<ul>\n<li>14 ml f\u00f6rfylld kapacitet f\u00f6r e-v\u00e4tska<\/li>\n<li>5% Nikotin<\/li>\n<li>650mAh uppladdningsbart batteri<\/li>\n<li>Typ-C laddningsport<\/li>\n<li>N\u00e4tspole<\/li>\n<li>Mekanism f\u00f6r aktivering av ritning\n<div data-content-type=\"row\" data-appearance=\"contained\" data-element=\"main\">\n<div data-enable-parallax=\"0\" data-parallax-speed=\"0.5\" data-background-images=\"{}\" data-background-type=\"image\" data-video-loop=\"true\" data-video-play-only-visible=\"true\" data-video-lazy-load=\"true\" data-video-fallback-src=\"\" data-element=\"inner\" data-pb-style=\"UQBNVED\"><\/div>\n<\/div>\n<\/li>\n<\/ul>\n<p><img loading=\"lazy\" decoding=\"async\" class=\"alignnone size-full wp-image-14380\" title=\"Geek Bar B5000 eng\u00e5ngsvape grossistl\u00e5da\" src=\"https:\/\/www.vape4wholesale.com\/wp-content\/uploads\/2023\/10\/Geek-Bar-B5000-Disposable-Vape-Wholesale-Box.jpg\" alt=\"Geek Bar B5000 eng\u00e5ngsvape grossistl\u00e5da\" width=\"600\" height=\"600\" srcset=\"https:\/\/www.vape4wholesale.com\/wp-content\/uploads\/2023\/10\/Geek-Bar-B5000-Disposable-Vape-Wholesale-Box.jpg 600w, https:\/\/www.vape4wholesale.com\/wp-content\/uploads\/2023\/10\/Geek-Bar-B5000-Disposable-Vape-Wholesale-Box-247x247.jpg 247w, https:\/\/www.vape4wholesale.com\/wp-content\/uploads\/2023\/10\/Geek-Bar-B5000-Disposable-Vape-Wholesale-Box-100x100.jpg 100w, https:\/\/www.vape4wholesale.com\/wp-content\/uploads\/2023\/10\/Geek-Bar-B5000-Disposable-Vape-Wholesale-Box-510x510.jpg 510w, https:\/\/www.vape4wholesale.com\/wp-content\/uploads\/2023\/10\/Geek-Bar-B5000-Disposable-Vape-Wholesale-Box-64x64.jpg 64w, https:\/\/www.vape4wholesale.com\/wp-content\/uploads\/2023\/10\/Geek-Bar-B5000-Disposable-Vape-Wholesale-Box-300x300.jpg 300w, https:\/\/www.vape4wholesale.com\/wp-content\/uploads\/2023\/10\/Geek-Bar-B5000-Disposable-Vape-Wholesale-Box-150x150.jpg 150w\" sizes=\"auto, (max-width: 600px) 100vw, 600px\" \/> <img loading=\"lazy\" decoding=\"async\" class=\"alignnone size-full wp-image-14381\" title=\"Geek Bar B5000 eng\u00e5ngsvape grossistinneh\u00e5ll\" src=\"https:\/\/www.vape4wholesale.com\/wp-content\/uploads\/2023\/10\/Geek-Bar-B5000-Disposable-Vape-Wholesale-Contents.jpg\" alt=\"Geek Bar B5000 eng\u00e5ngsvape grossistinneh\u00e5ll\" width=\"600\" height=\"600\" srcset=\"https:\/\/www.vape4wholesale.com\/wp-content\/uploads\/2023\/10\/Geek-Bar-B5000-Disposable-Vape-Wholesale-Contents.jpg 600w, https:\/\/www.vape4wholesale.com\/wp-content\/uploads\/2023\/10\/Geek-Bar-B5000-Disposable-Vape-Wholesale-Contents-247x247.jpg 247w, https:\/\/www.vape4wholesale.com\/wp-content\/uploads\/2023\/10\/Geek-Bar-B5000-Disposable-Vape-Wholesale-Contents-100x100.jpg 100w, https:\/\/www.vape4wholesale.com\/wp-content\/uploads\/2023\/10\/Geek-Bar-B5000-Disposable-Vape-Wholesale-Contents-510x510.jpg 510w, https:\/\/www.vape4wholesale.com\/wp-content\/uploads\/2023\/10\/Geek-Bar-B5000-Disposable-Vape-Wholesale-Contents-64x64.jpg 64w, https:\/\/www.vape4wholesale.com\/wp-content\/uploads\/2023\/10\/Geek-Bar-B5000-Disposable-Vape-Wholesale-Contents-300x300.jpg 300w, https:\/\/www.vape4wholesale.com\/wp-content\/uploads\/2023\/10\/Geek-Bar-B5000-Disposable-Vape-Wholesale-Contents-150x150.jpg 150w\" sizes=\"auto, (max-width: 600px) 100vw, 600px\" \/> <img loading=\"lazy\" decoding=\"async\" class=\"alignnone size-full wp-image-14379\" title=\"Geek Bar B5000 eng\u00e5ngsvape grossist Blue Razz Lemonade\" src=\"https:\/\/www.vape4wholesale.com\/wp-content\/uploads\/2023\/10\/Geek-Bar-B5000-Disposable-Vape-Wholesale-Blue-Razz-Lemonade.jpg\" alt=\"Geek Bar B5000 eng\u00e5ngsvape grossist Blue Razz Lemonade\" width=\"600\" height=\"600\" srcset=\"https:\/\/www.vape4wholesale.com\/wp-content\/uploads\/2023\/10\/Geek-Bar-B5000-Disposable-Vape-Wholesale-Blue-Razz-Lemonade.jpg 600w, https:\/\/www.vape4wholesale.com\/wp-content\/uploads\/2023\/10\/Geek-Bar-B5000-Disposable-Vape-Wholesale-Blue-Razz-Lemonade-247x247.jpg 247w, https:\/\/www.vape4wholesale.com\/wp-content\/uploads\/2023\/10\/Geek-Bar-B5000-Disposable-Vape-Wholesale-Blue-Razz-Lemonade-100x100.jpg 100w, https:\/\/www.vape4wholesale.com\/wp-content\/uploads\/2023\/10\/Geek-Bar-B5000-Disposable-Vape-Wholesale-Blue-Razz-Lemonade-510x510.jpg 510w, https:\/\/www.vape4wholesale.com\/wp-content\/uploads\/2023\/10\/Geek-Bar-B5000-Disposable-Vape-Wholesale-Blue-Razz-Lemonade-64x64.jpg 64w, https:\/\/www.vape4wholesale.com\/wp-content\/uploads\/2023\/10\/Geek-Bar-B5000-Disposable-Vape-Wholesale-Blue-Razz-Lemonade-300x300.jpg 300w, https:\/\/www.vape4wholesale.com\/wp-content\/uploads\/2023\/10\/Geek-Bar-B5000-Disposable-Vape-Wholesale-Blue-Razz-Lemonade-150x150.jpg 150w\" sizes=\"auto, (max-width: 600px) 100vw, 600px\" \/><\/p>","protected":false},"excerpt":{"rendered":"[scf-template id=&#8217;11434&#8242;]\n","protected":false},"featured_media":14428,"comment_status":"open","ping_status":"closed","template":"","meta":[],"pwb-brand":[1282],"product_cat":[869],"product_tag":[22,24,68,177,189],"class_list":{"0":"post-14377","1":"product","2":"type-product","3":"status-publish","4":"has-post-thumbnail","6":"pwb-brand-geekbar","7":"product_cat-5000-8000-puffs","8":"product_tag-disposable","9":"product_tag-wholesale","10":"product_tag-geek-bar","11":"product_tag-14-0ml","12":"product_tag-5000-puffs","14":"first","15":"outofstock","16":"shipping-taxable","17":"purchasable","18":"product-type-variable"},"aioseo_notices":[],"brands":[{"id":1282,"name":"Geekbar","slug":"geekbar"}],"_links":{"self":[{"href":"https:\/\/www.vape4wholesale.com\/sv\/wp-json\/wp\/v2\/product\/14377","targetHints":{"allow":["GET"]}}],"collection":[{"href":"https:\/\/www.vape4wholesale.com\/sv\/wp-json\/wp\/v2\/product"}],"about":[{"href":"https:\/\/www.vape4wholesale.com\/sv\/wp-json\/wp\/v2\/types\/product"}],"replies":[{"embeddable":true,"href":"https:\/\/www.vape4wholesale.com\/sv\/wp-json\/wp\/v2\/comments?post=14377"}],"wp:featuredmedia":[{"embeddable":true,"href":"https:\/\/www.vape4wholesale.com\/sv\/wp-json\/wp\/v2\/media\/14428"}],"wp:attachment":[{"href":"https:\/\/www.vape4wholesale.com\/sv\/wp-json\/wp\/v2\/media?parent=14377"}],"wp:term":[{"taxonomy":"pwb-brand","embeddable":true,"href":"https:\/\/www.vape4wholesale.com\/sv\/wp-json\/wp\/v2\/pwb-brand?post=14377"},{"taxonomy":"product_cat","embeddable":true,"href":"https:\/\/www.vape4wholesale.com\/sv\/wp-json\/wp\/v2\/product_cat?post=14377"},{"taxonomy":"product_tag","embeddable":true,"href":"https:\/\/www.vape4wholesale.com\/sv\/wp-json\/wp\/v2\/product_tag?post=14377"}],"curies":[{"name":"wp","href":"https:\/\/api.w.org\/{rel}","templated":true}]}}