{"id":14354,"date":"2023-10-15T09:44:41","date_gmt":"2023-10-15T01:44:41","guid":{"rendered":"https:\/\/www.vape4wholesale.com\/?post_type=product&#038;p=14354"},"modified":"2026-01-26T13:42:17","modified_gmt":"2026-01-26T13:42:17","slug":"geek-bar-c600-engangs-vape-grossist","status":"publish","type":"product","link":"https:\/\/www.vape4wholesale.com\/sv\/product\/geek-bar-c600-disposable-vape-wholesale","title":{"rendered":"Geek Bar C600 Eng\u00e5ngsvape grossist"},"content":{"rendered":"<p>Geek Bar C600 \u00e4r en mini eng\u00e5ngs vape med mesh coil inuti, 2ml 2% nikotin och icke uppladdningsbart 500mah batteri. Vape4wholesale levererar h\u00f6gsta kvalitet Geek bar Disposable Vape. g\u00e5 med oss och k\u00f6p Geek bar C600 Eng\u00e5ngs vape till b\u00e4sta grossistpriser. h\u00f6gkvalitativ KAl-n\u00e4tspole inuti, vilket g\u00f6r \u00e5ngan smidig och uts\u00f6kt, b\u00e4ttre \u00e4n m\u00e5nga andra. Det mjuka munstycket sm\u00e4lter samman med den smidiga \u00e5ngan, du kan uppleva b\u00e5de den mjuka k\u00e4nslan och den solida halshiten. Nu har den laddats upp med geek bar nya smaskiga smaker, l\u00e5t oss smaka p\u00e5 det.<\/p>\n<h2><br data-filtered=\"filtered\" \/>Geek Bar C600 Smak\u00e4mnen<\/h2>\n<ol>\n<li>Shisha med blandad frukt och rosensylt<\/li>\n<li>Ananas kokosmj\u00f6lk<\/li>\n<li>Ananas Persika Mango<\/li>\n<li>Cheesy bl\u00e5b\u00e4rsgel\u00e9<\/li>\n<li>Tropisk Skittles Blast<\/li>\n<li>Mango Persika Kr\u00e4m<\/li>\n<li>Apelsin Cheesecake<\/li>\n<li>Vattenmelon-is<\/li>\n<li>Lime-kaktus<\/li>\n<li>Surt \u00e4pple<\/li>\n<li>Apelsin Vanilj<\/li>\n<li>Polar Ice Mint<\/li>\n<li>Ingef\u00e4ra Soda<\/li>\n<li>R\u00f6d Mojito<\/li>\n<li>Cola is<\/li>\n<\/ol>\n<h2>Parametrar<\/h2>\n<p>Batteri: 500mAh inbyggt batteri<br data-filtered=\"filtered\" \/>E-juice: 2 ml f\u00f6rfylld<br data-filtered=\"filtered\" \/>Puffar: Upp till 600 puffar Nikotin: 20 mg<br data-filtered=\"filtered\" \/>Smak\u00e4mnen: 15<\/p>\n<p><img loading=\"lazy\" decoding=\"async\" class=\"alignnone size-full wp-image-14355\" title=\"Geek Bar C600 eng\u00e5ngsvape grossist.webp\" src=\"https:\/\/www.vape4wholesale.com\/wp-content\/uploads\/2023\/10\/Geek-Bar-C600-Disposable-Vape-Wholesale.webp.jpg\" alt=\"Geek Bar C600 eng\u00e5ngsvape grossist.webp\" width=\"600\" height=\"600\" srcset=\"https:\/\/www.vape4wholesale.com\/wp-content\/uploads\/2023\/10\/Geek-Bar-C600-Disposable-Vape-Wholesale.webp.jpg 600w, https:\/\/www.vape4wholesale.com\/wp-content\/uploads\/2023\/10\/Geek-Bar-C600-Disposable-Vape-Wholesale.webp-247x247.jpg 247w, https:\/\/www.vape4wholesale.com\/wp-content\/uploads\/2023\/10\/Geek-Bar-C600-Disposable-Vape-Wholesale.webp-100x100.jpg 100w, https:\/\/www.vape4wholesale.com\/wp-content\/uploads\/2023\/10\/Geek-Bar-C600-Disposable-Vape-Wholesale.webp-510x510.jpg 510w, https:\/\/www.vape4wholesale.com\/wp-content\/uploads\/2023\/10\/Geek-Bar-C600-Disposable-Vape-Wholesale.webp-64x64.jpg 64w, https:\/\/www.vape4wholesale.com\/wp-content\/uploads\/2023\/10\/Geek-Bar-C600-Disposable-Vape-Wholesale.webp-300x300.jpg 300w, https:\/\/www.vape4wholesale.com\/wp-content\/uploads\/2023\/10\/Geek-Bar-C600-Disposable-Vape-Wholesale.webp-150x150.jpg 150w\" sizes=\"auto, (max-width: 600px) 100vw, 600px\" \/><\/p>","protected":false},"excerpt":{"rendered":"[scf-template id=&#8217;11434&#8242;]\n","protected":false},"featured_media":14355,"comment_status":"open","ping_status":"closed","template":"","meta":[],"pwb-brand":[1282],"product_cat":[48],"product_tag":[22,24,68,118,120],"class_list":{"0":"post-14354","1":"product","2":"type-product","3":"status-publish","4":"has-post-thumbnail","6":"pwb-brand-geekbar","7":"product_cat-below-2000-puffs","8":"product_tag-disposable","9":"product_tag-wholesale","10":"product_tag-geek-bar","11":"product_tag-2-0ml","12":"product_tag-600-puffs","14":"first","15":"outofstock","16":"shipping-taxable","17":"purchasable","18":"product-type-variable"},"aioseo_notices":[],"brands":[{"id":1282,"name":"Geekbar","slug":"geekbar"}],"_links":{"self":[{"href":"https:\/\/www.vape4wholesale.com\/sv\/wp-json\/wp\/v2\/product\/14354","targetHints":{"allow":["GET"]}}],"collection":[{"href":"https:\/\/www.vape4wholesale.com\/sv\/wp-json\/wp\/v2\/product"}],"about":[{"href":"https:\/\/www.vape4wholesale.com\/sv\/wp-json\/wp\/v2\/types\/product"}],"replies":[{"embeddable":true,"href":"https:\/\/www.vape4wholesale.com\/sv\/wp-json\/wp\/v2\/comments?post=14354"}],"wp:featuredmedia":[{"embeddable":true,"href":"https:\/\/www.vape4wholesale.com\/sv\/wp-json\/wp\/v2\/media\/14355"}],"wp:attachment":[{"href":"https:\/\/www.vape4wholesale.com\/sv\/wp-json\/wp\/v2\/media?parent=14354"}],"wp:term":[{"taxonomy":"pwb-brand","embeddable":true,"href":"https:\/\/www.vape4wholesale.com\/sv\/wp-json\/wp\/v2\/pwb-brand?post=14354"},{"taxonomy":"product_cat","embeddable":true,"href":"https:\/\/www.vape4wholesale.com\/sv\/wp-json\/wp\/v2\/product_cat?post=14354"},{"taxonomy":"product_tag","embeddable":true,"href":"https:\/\/www.vape4wholesale.com\/sv\/wp-json\/wp\/v2\/product_tag?post=14354"}],"curies":[{"name":"wp","href":"https:\/\/api.w.org\/{rel}","templated":true}]}}