{"id":14303,"date":"2025-07-05T09:39:15","date_gmt":"2025-07-05T09:39:15","guid":{"rendered":"https:\/\/www.vape4wholesale.com\/?post_type=product&#038;p=14303"},"modified":"2026-03-30T11:13:04","modified_gmt":"2026-03-30T03:13:04","slug":"fumot-digital-box-12000-engangs-vape-grossist","status":"publish","type":"product","link":"https:\/\/www.vape4wholesale.com\/sv\/product\/fumot-digital-box-12000-disposable-vape-wholesale","title":{"rendered":"Fumot Digital Box 12000 eng\u00e5ngsvape grossist"},"content":{"rendered":"<p>Fumot Digital Box 12000 \u00e4r en uppladdningsbar vape-enhet med batteri- och ejuice-niv\u00e5visning. Den inneh\u00e5ller 20 ml 0\/2\/3\/5% nikotinsalt e-juice och ger upp till 12000 puffar. Det finns 12 smaker f\u00f6r dig att v\u00e4lja. Batteri- och ejuice-displayen l\u00e5ter dig sp\u00e5ra enhetens realtidsstatus plus att den levereras med en uppladdningsbar typ-C-port l\u00e4ngst ner p\u00e5 enheten, vilket garanterar att du avslutar den sista droppen av e-juice i tanken hela tiden.<\/p>\n<p>Varje Digital Box 12000 Disposable Vape Pod \u00e4r f\u00f6rfylld med 20 ml, vilket r\u00e4cker till upp till 12000 puffar. Denna vape-enhet har ett inbyggt 850mAh uppladdningsbart batteri och en Type-C laddningsport p\u00e5 botten. Den visar 6 RGB-lampor n\u00e4r du vaping, vilket g\u00f6r dig s\u00e5 cool i m\u00f6rkret. Luftfl\u00f6deskontrollomkopplaren kan fritt sl\u00e5s p\u00e5 och av, s\u00e5 att du kan styra storleken p\u00e5 r\u00f6ken som du vill.<\/p>\n<h2><b data-stringify-type=\"bold\">Fumot Digital Box 12000 Eng\u00e5ngsvape Funktioner:<\/b><\/h2>\n<ul>\n<li>Varum\u00e4rke: Fumot<\/li>\n<li>Typ: Digital box<\/li>\n<li>Puffar: 12000 puffar<\/li>\n<li>Nikotin: 0, 2%, 3%, 5%<\/li>\n<li>Display: E-v\u00e4tska och batteri<\/li>\n<li>Kapacitet f\u00f6r e-juice: 20ML<\/li>\n<li>Batteri: 850mAh ( uppladdningsbart )<\/li>\n<li>Laddningsport: Typ C<\/li>\n<\/ul>\n<h2><b data-stringify-type=\"bold\">Tillg\u00e4ngliga smaker:<\/b><\/h2>\n<p>1 Cool Mint<br \/>\n2 Vattenmelon is<br \/>\n3 Grape Ice<br \/>\n4 Bl\u00e5b\u00e4r Hallon<br \/>\n5 Jordgubbar Vattenmelon<br \/>\n6 Jordgubbar Bananer<br \/>\n7 Lush Ice<br \/>\n8 K\u00f6rsb\u00e4r<br \/>\n9 Jordgubbsglass<br \/>\n10 isglass<br \/>\n11 Rosa lemonad<br \/>\n12 Mango P\u00e5 is<br \/>\n13 Blandade b\u00e4r<br \/>\n14 Jordgubbsmunkar<br \/>\n15 Jordgubbe Druva<br \/>\n16 Cherry Cola<br \/>\n17 Dr bl\u00e5<br \/>\n18 Bl\u00e5b\u00e4r p\u00e5 is<br \/>\n19 Kiwi passionsfrukt guava<br \/>\n20 Jordgubbar kiwi<br \/>\n21 Persika mango<br \/>\n22 Persika is<br \/>\n23 Red Apple is<br \/>\n24 Bl\u00e5b\u00e4rstuggummi<br \/>\n25 B\u00e4rlimonad<br \/>\n26 Blue razz lemonad<br \/>\n27 Bluesour hallon<br \/>\n28 Jordgubbar Red bull<br \/>\n29 Apple berry blast<br \/>\n30 Vattenmelon tuggummi<br \/>\n31 Hallon vattenmelon<br \/>\n32 Svart is<br \/>\n33 Bl\u00e5b\u00e4r K\u00f6rsb\u00e4r Tranb\u00e4r<br \/>\n34 Strawberry pomp (granat\u00e4pple)<br \/>\n35 Vimto<br \/>\n36 K\u00f6rsb\u00e4r b\u00e4r<br \/>\n37 Citron &amp; Lime<br \/>\n38 Bingo Crush<br \/>\n39 Bl\u00e5b\u00e4r kiwi<br \/>\n40 \u00c4pple kanel<br \/>\n41 Bananis<br \/>\n42 Dragonfrukt-is<br \/>\n43 Fruktig fusion<br \/>\n44 Druva Mint<br \/>\n45 K\u00e4rlek 66<br \/>\n46 Ananas-is<br \/>\n47 R\u00f6d energi is<br \/>\n48 Tv\u00e5 \u00e4pplen<br \/>\n49 Tobak<br \/>\n50 Cola lce<br \/>\n51 lceTea Lemon lce<br \/>\n52 lceTea Peach lce<br \/>\n53 Blue Razz Gummibj\u00f6rn<\/p>\n<h2><strong>F\u00f6rpackning och vikt:<\/strong><\/h2>\n<ul>\n<li>0,095 KG\/PCS, enstaka med liten f\u00f6rpackning<\/li>\n<li>10 st i en mediumf\u00f6rpackning<\/li>\n<li>200 st i huvudkartong<\/li>\n<\/ul>\n<figure id=\"attachment_26804\" aria-describedby=\"caption-attachment-26804\" style=\"width: 800px\" class=\"wp-caption alignnone\"><img loading=\"lazy\" decoding=\"async\" class=\"size-full wp-image-26804\" title=\"Fumot Digital 12000 eng\u00e5ngsvape grossist Ice Pop\" src=\"https:\/\/www.vape4wholesale.com\/wp-content\/uploads\/2023\/10\/Fumot-Digital-12000-Disposable-Vape-Wholesale-Ice-Pop-1.jpg\" alt=\"Fumot Digital 12000 eng\u00e5ngsvape grossist Ice Pop\" width=\"800\" height=\"800\" srcset=\"https:\/\/www.vape4wholesale.com\/wp-content\/uploads\/2023\/10\/Fumot-Digital-12000-Disposable-Vape-Wholesale-Ice-Pop-1.jpg 800w, https:\/\/www.vape4wholesale.com\/wp-content\/uploads\/2023\/10\/Fumot-Digital-12000-Disposable-Vape-Wholesale-Ice-Pop-1-300x300.jpg 300w, https:\/\/www.vape4wholesale.com\/wp-content\/uploads\/2023\/10\/Fumot-Digital-12000-Disposable-Vape-Wholesale-Ice-Pop-1-150x150.jpg 150w, https:\/\/www.vape4wholesale.com\/wp-content\/uploads\/2023\/10\/Fumot-Digital-12000-Disposable-Vape-Wholesale-Ice-Pop-1-768x768.jpg 768w, https:\/\/www.vape4wholesale.com\/wp-content\/uploads\/2023\/10\/Fumot-Digital-12000-Disposable-Vape-Wholesale-Ice-Pop-1-12x12.jpg 12w, https:\/\/www.vape4wholesale.com\/wp-content\/uploads\/2023\/10\/Fumot-Digital-12000-Disposable-Vape-Wholesale-Ice-Pop-1-247x247.jpg 247w, https:\/\/www.vape4wholesale.com\/wp-content\/uploads\/2023\/10\/Fumot-Digital-12000-Disposable-Vape-Wholesale-Ice-Pop-1-510x510.jpg 510w, https:\/\/www.vape4wholesale.com\/wp-content\/uploads\/2023\/10\/Fumot-Digital-12000-Disposable-Vape-Wholesale-Ice-Pop-1-100x100.jpg 100w\" sizes=\"auto, (max-width: 800px) 100vw, 800px\" \/><figcaption id=\"caption-attachment-26804\" class=\"wp-caption-text\">Fumot Digital 12000 eng\u00e5ngsvape grossist<\/figcaption><\/figure>\n<h2>VARF\u00d6R OSS?<\/h2>\r\n<ul>\r\n<li>Verklig, p\u00e5litlig och professionell vape-k\u00e4lla.<\/li>\r\n<li>100% \u00e4kta garanti: Vi tillhandah\u00e5ller endast original- och \u00e4kta produkter, v\u00e4grar f\u00f6rfalskning.<\/li>\r\n<li>100% Leveransgaranti: Vi anv\u00e4nder den b\u00e4sta fraktmetoden f\u00f6r att s\u00e4kerst\u00e4lla att du f\u00e5r best\u00e4llningen 100%.<\/li>\r\n<li>Vi kommer att ge dig sp\u00e5rningsnumret och fraktetiketten efter leverans och sp\u00e5ra varorna \u00e5t dig tills du kvitterar ut dem.<\/li>\r\n<li>Inga tullproblem, inga tullar<\/li>\r\n<\/ul>","protected":false},"excerpt":{"rendered":"<div class=\"wsppc_div_block woocommerce_before_add_to_cart_form\">\r\n<p><strong><span style=\"color: #00a859;\">Klarera tullen<\/span> f\u00f6re leverans &amp; 100% Leveransgaranti, Leverans p\u00e5 cirka 19\u201325 dagar.\u00a0<\/strong><\/p>\r\n<\/div>","protected":false},"featured_media":26804,"comment_status":"open","ping_status":"closed","template":"","meta":[],"pwb-brand":[1269],"product_cat":[871],"product_tag":[556,592,22,24,172],"class_list":{"0":"post-14303","1":"product","2":"type-product","3":"status-publish","4":"has-post-thumbnail","6":"pwb-brand-fumot","7":"product_cat-10-15k-puffs","8":"product_tag-12000-puffs","9":"product_tag-fumot","10":"product_tag-disposable","11":"product_tag-wholesale","12":"product_tag-20-0ml","13":"wcpa_has_options","15":"first","16":"instock","17":"featured","18":"shipping-taxable","19":"purchasable","20":"product-type-variable"},"aioseo_notices":[],"brands":[{"id":1269,"name":"Fumot","slug":"fumot"}],"_links":{"self":[{"href":"https:\/\/www.vape4wholesale.com\/sv\/wp-json\/wp\/v2\/product\/14303","targetHints":{"allow":["GET"]}}],"collection":[{"href":"https:\/\/www.vape4wholesale.com\/sv\/wp-json\/wp\/v2\/product"}],"about":[{"href":"https:\/\/www.vape4wholesale.com\/sv\/wp-json\/wp\/v2\/types\/product"}],"replies":[{"embeddable":true,"href":"https:\/\/www.vape4wholesale.com\/sv\/wp-json\/wp\/v2\/comments?post=14303"}],"wp:featuredmedia":[{"embeddable":true,"href":"https:\/\/www.vape4wholesale.com\/sv\/wp-json\/wp\/v2\/media\/26804"}],"wp:attachment":[{"href":"https:\/\/www.vape4wholesale.com\/sv\/wp-json\/wp\/v2\/media?parent=14303"}],"wp:term":[{"taxonomy":"pwb-brand","embeddable":true,"href":"https:\/\/www.vape4wholesale.com\/sv\/wp-json\/wp\/v2\/pwb-brand?post=14303"},{"taxonomy":"product_cat","embeddable":true,"href":"https:\/\/www.vape4wholesale.com\/sv\/wp-json\/wp\/v2\/product_cat?post=14303"},{"taxonomy":"product_tag","embeddable":true,"href":"https:\/\/www.vape4wholesale.com\/sv\/wp-json\/wp\/v2\/product_tag?post=14303"}],"curies":[{"name":"wp","href":"https:\/\/api.w.org\/{rel}","templated":true}]}}