{"id":14260,"date":"2023-09-26T16:11:57","date_gmt":"2023-09-26T08:11:57","guid":{"rendered":"https:\/\/www.vape4wholesale.com\/?post_type=product&#038;p=14260"},"modified":"2026-03-28T00:26:24","modified_gmt":"2026-03-27T16:26:24","slug":"poco-bl10000-engangs-vape-grossist","status":"publish","type":"product","link":"https:\/\/www.vape4wholesale.com\/sv\/produkt\/poco-bl10000-engangs-vape-grossist","title":{"rendered":"Poco BL10000 Vape f\u00f6r eng\u00e5ngsbruk Partihandel"},"content":{"rendered":"<p>POCO BL10000 Disposable Vape \u00e4r det perfekta valet f\u00f6r dig som vill introducera en Nic Salt Disposable Vape penna i ditt produktsortiment.och denna revolutionerande enhet kommer f\u00f6rfylld med avancerad e-juice, \u00e4r byggd med en mesh coil och har en kapacitet p\u00e5 10000 puffar. Med sitt uppladdningsbara batteri och typ C-laddningsport kan du enkelt f\u00e5 str\u00f6m oavsett var du \u00e4r. \u00e5 andra sidan erbjuder den justerbart luftfl\u00f6de s\u00e5 att du kan v\u00e4lja mellan mjukare eller t\u00e4tare drag f\u00f6r ultimat anpassningsbarhet.<\/p>\n<p>POCO BL10000 Vape Box har en imponerande upps\u00e4ttning funktioner som g\u00f6r att den sticker ut fr\u00e5n m\u00e4ngden, dess kraftfulla 650 mAh batteri garanterar l\u00e5ngvarig anv\u00e4ndning och dess 5% salt nikotinkoncentration betyder att den \u00e4r l\u00e4mplig f\u00f6r erfarna vapers som vill ha en bra throat hit i varje bloss, varje l\u00e5da levereras imponerande f\u00f6rpackad i 10 stycken per display, vilket g\u00f6r dem idealiska f\u00f6r detaljhandels\u00e4ndam\u00e5l ocks\u00e5.<\/p>\n<h2><strong>POCO BL10000 Smaklista:<\/strong><\/h2>\n<ol>\n<li>Mango Apelsin Grapefrukt<\/li>\n<li>Persika Bluberry Soft Candy<\/li>\n<li>Cool mynta<\/li>\n<li>Aloe Druva<\/li>\n<li>Jordgubb Mango<\/li>\n<li>Passionsfrukt Kiwi Guava<\/li>\n<li>Jordgubbar Vattenmelon<\/li>\n<li>\u00c4pple Persika<\/li>\n<li>Buleb\u00e4r Hallon<\/li>\n<li>Druva Svartvinb\u00e4r Soda<\/li>\n<li>Jordgubb Kiwi<\/li>\n<li>Bl\u00e5b\u00e4r K\u00f6rsb\u00e4r Cola<\/li>\n<li>Svart is drakfrukt jordgubbe<\/li>\n<li>Hallon vattenmelon<\/li>\n<li>Jordgubbar och bananer<\/li>\n<\/ol>\n<h2><strong>Vikt och f\u00f6rpackning<\/strong><\/h2>\n<p>200\/kartong, 18,5 kg<\/p>\n<p><img loading=\"lazy\" decoding=\"async\" class=\"alignnone size-full wp-image-14285\" title=\"POCO BL10000 Vape f\u00f6r eng\u00e5ngsbruk grossist (7)\" src=\"https:\/\/www.vape4wholesale.com\/wp-content\/uploads\/2023\/09\/POCO-BL10000-Disposable-Vape-Wholesale-7.webp\" alt=\"POCO BL10000 Vape f\u00f6r eng\u00e5ngsbruk grossist (7)\" width=\"730\" height=\"730\" srcset=\"https:\/\/www.vape4wholesale.com\/wp-content\/uploads\/2023\/09\/POCO-BL10000-Disposable-Vape-Wholesale-7.webp 730w, https:\/\/www.vape4wholesale.com\/wp-content\/uploads\/2023\/09\/POCO-BL10000-Disposable-Vape-Wholesale-7-247x247.webp 247w, https:\/\/www.vape4wholesale.com\/wp-content\/uploads\/2023\/09\/POCO-BL10000-Disposable-Vape-Wholesale-7-100x100.webp 100w, https:\/\/www.vape4wholesale.com\/wp-content\/uploads\/2023\/09\/POCO-BL10000-Disposable-Vape-Wholesale-7-510x510.webp 510w, https:\/\/www.vape4wholesale.com\/wp-content\/uploads\/2023\/09\/POCO-BL10000-Disposable-Vape-Wholesale-7-64x64.webp 64w, https:\/\/www.vape4wholesale.com\/wp-content\/uploads\/2023\/09\/POCO-BL10000-Disposable-Vape-Wholesale-7-300x300.webp 300w, https:\/\/www.vape4wholesale.com\/wp-content\/uploads\/2023\/09\/POCO-BL10000-Disposable-Vape-Wholesale-7-150x150.webp 150w\" sizes=\"auto, (max-width: 730px) 100vw, 730px\" \/><\/p>\n<p>&nbsp;<\/p>","protected":false},"excerpt":{"rendered":"[scf-template id=&#8217;11434&#8242;]","protected":false},"featured_media":14284,"comment_status":"open","ping_status":"closed","template":"","meta":[],"pwb-brand":[1289],"product_cat":[871],"product_tag":[22,24,172,324,586],"class_list":{"0":"post-14260","1":"product","2":"type-product","3":"status-publish","4":"has-post-thumbnail","6":"pwb-brand-others","7":"product_cat-10-15k-puffs","8":"product_tag-disposable","9":"product_tag-wholesale","10":"product_tag-20-0ml","11":"product_tag-10000-puffs","12":"product_tag-poco","13":"wcpa_has_options","15":"first","16":"outofstock","17":"shipping-taxable","18":"purchasable","19":"product-type-variable"},"aioseo_notices":[],"brands":[{"id":1289,"name":"\u00d6vriga","slug":"andra"}],"_links":{"self":[{"href":"https:\/\/www.vape4wholesale.com\/sv\/wp-json\/wp\/v2\/product\/14260","targetHints":{"allow":["GET"]}}],"collection":[{"href":"https:\/\/www.vape4wholesale.com\/sv\/wp-json\/wp\/v2\/product"}],"about":[{"href":"https:\/\/www.vape4wholesale.com\/sv\/wp-json\/wp\/v2\/types\/product"}],"replies":[{"embeddable":true,"href":"https:\/\/www.vape4wholesale.com\/sv\/wp-json\/wp\/v2\/comments?post=14260"}],"wp:featuredmedia":[{"embeddable":true,"href":"https:\/\/www.vape4wholesale.com\/sv\/wp-json\/wp\/v2\/media\/14284"}],"wp:attachment":[{"href":"https:\/\/www.vape4wholesale.com\/sv\/wp-json\/wp\/v2\/media?parent=14260"}],"wp:term":[{"taxonomy":"pwb-brand","embeddable":true,"href":"https:\/\/www.vape4wholesale.com\/sv\/wp-json\/wp\/v2\/pwb-brand?post=14260"},{"taxonomy":"product_cat","embeddable":true,"href":"https:\/\/www.vape4wholesale.com\/sv\/wp-json\/wp\/v2\/product_cat?post=14260"},{"taxonomy":"product_tag","embeddable":true,"href":"https:\/\/www.vape4wholesale.com\/sv\/wp-json\/wp\/v2\/product_tag?post=14260"}],"curies":[{"name":"wp","href":"https:\/\/api.w.org\/{rel}","templated":true}]}}