{"id":14213,"date":"2023-09-06T21:32:02","date_gmt":"2023-09-06T13:32:02","guid":{"rendered":"https:\/\/www.vape4wholesale.com\/?post_type=product&#038;p=14213"},"modified":"2026-01-26T13:42:22","modified_gmt":"2026-01-26T13:42:22","slug":"kulx-10000-puffar-engangs-vape-grossist","status":"publish","type":"product","link":"https:\/\/www.vape4wholesale.com\/sv\/product\/kulx-10000-puffs-disposable-vape-wholesale","title":{"rendered":"Kulx 10000 Puffs Eng\u00e5ngs Vape Partihandel"},"content":{"rendered":"<p><strong>Kulx 10000<\/strong>\u00a0Puffs Disposable \u00e4r en kraftfull och bekv\u00e4m vaping-enhet som \u00e4r utformad f\u00f6r anv\u00e4ndning hela dagen. Kitet har en enorm sugkapacitet p\u00e5 10000 puffar f\u00f6r att s\u00e4kerst\u00e4lla att du kommer att konsumera ers\u00e4ttningar under l\u00e5ng tid. Kitet finns i h\u00f6ga nikotinkoncentrationer p\u00e5 0%, 2%, 3% och 5% och ger en tillfredsst\u00e4llande vapingupplevelse. Kapaciteten p\u00e5 20 ml e-juice g\u00f6r att du kan njuta av din favoritsmak under l\u00e5ng tid. Kulx 10000 anv\u00e4nder Nic Salt nikotintyp och \u00e4r utrustad med 850mAh batterikapacitet f\u00f6r att s\u00e4kerst\u00e4lla l\u00e5ngvarig anv\u00e4ndning. En Type-C-laddare (ing\u00e5r ej) garanterar snabb och enkel laddning.<\/p>\n<h2>Kulx 10000 Funktion<\/h2>\n<ul>\n<li>850mAh inbyggt batteri<\/li>\n<li>Laddningsbar<\/li>\n<li>Effektiv och konsekvent kraft\u00f6verf\u00f6ring<\/li>\n<li>20 ml f\u00f6rfylld e-juice<\/li>\n<li>0% 2% 3% 5% Nikotinniv\u00e5<\/li>\n<li>M\u00e4tta n\u00e4stan 10.000 munnar<\/li>\n<li>Sojab\u00f6nor i skida<\/li>\n<li>Smaklista<\/li>\n<\/ul>\n<h2>Smaklista<\/h2>\n<ol>\n<li>Bl\u00e5b\u00e4r Hallon Is<\/li>\n<li>Citronmynta<\/li>\n<li>Dubbla \u00e4pplen<\/li>\n<li>Frodig is<\/li>\n<li>Blandade b\u00e4r<\/li>\n<li>Ananas Mango is<\/li>\n<li>Jordgubb Kiwi<\/li>\n<li>Sockervadd<\/li>\n<li>Jordgubbar Vattenmelon<\/li>\n<li>Aloe Druva<\/li>\n<\/ol>\n<h2>F\u00f6rpackning och vikt<\/h2>\n<ul>\n<li>0,096\/ PC<\/li>\n<li>200\/kartong, 19,2\/kartong<\/li>\n<\/ul>\n<p><img loading=\"lazy\" decoding=\"async\" class=\"alignnone size-full wp-image-14231\" title=\"Kulx 10000 Puffs Eng\u00e5ngs Vape Partihandel alla smaker\" src=\"https:\/\/www.vape4wholesale.com\/wp-content\/uploads\/2023\/09\/Kulx-10000-Puffs-Disposable-Vape-Wholesale-all-Flavors.jpg\" alt=\"Kulx 10000 Puffs Eng\u00e5ngs Vape Partihandel alla smaker\" width=\"960\" height=\"960\" srcset=\"https:\/\/www.vape4wholesale.com\/wp-content\/uploads\/2023\/09\/Kulx-10000-Puffs-Disposable-Vape-Wholesale-all-Flavors.jpg 960w, https:\/\/www.vape4wholesale.com\/wp-content\/uploads\/2023\/09\/Kulx-10000-Puffs-Disposable-Vape-Wholesale-all-Flavors-247x247.jpg 247w, https:\/\/www.vape4wholesale.com\/wp-content\/uploads\/2023\/09\/Kulx-10000-Puffs-Disposable-Vape-Wholesale-all-Flavors-100x100.jpg 100w, https:\/\/www.vape4wholesale.com\/wp-content\/uploads\/2023\/09\/Kulx-10000-Puffs-Disposable-Vape-Wholesale-all-Flavors-510x510.jpg 510w, https:\/\/www.vape4wholesale.com\/wp-content\/uploads\/2023\/09\/Kulx-10000-Puffs-Disposable-Vape-Wholesale-all-Flavors-64x64.jpg 64w, https:\/\/www.vape4wholesale.com\/wp-content\/uploads\/2023\/09\/Kulx-10000-Puffs-Disposable-Vape-Wholesale-all-Flavors-300x300.jpg 300w, https:\/\/www.vape4wholesale.com\/wp-content\/uploads\/2023\/09\/Kulx-10000-Puffs-Disposable-Vape-Wholesale-all-Flavors-150x150.jpg 150w, https:\/\/www.vape4wholesale.com\/wp-content\/uploads\/2023\/09\/Kulx-10000-Puffs-Disposable-Vape-Wholesale-all-Flavors-768x768.jpg 768w\" sizes=\"auto, (max-width: 960px) 100vw, 960px\" \/> <img loading=\"lazy\" decoding=\"async\" class=\"alignnone size-full wp-image-14230\" title=\"Kulx 10000 Puffs Eng\u00e5ngsvape Partihandel Vattenmelon Ice\" src=\"https:\/\/www.vape4wholesale.com\/wp-content\/uploads\/2023\/09\/Kulx-10000-Puffs-Disposable-Vape-Wholesale-Watermelon-Ice.jpg\" alt=\"Kulx 10000 Puffs Eng\u00e5ngsvape Partihandel Vattenmelon Ice\" width=\"960\" height=\"960\" srcset=\"https:\/\/www.vape4wholesale.com\/wp-content\/uploads\/2023\/09\/Kulx-10000-Puffs-Disposable-Vape-Wholesale-Watermelon-Ice.jpg 960w, https:\/\/www.vape4wholesale.com\/wp-content\/uploads\/2023\/09\/Kulx-10000-Puffs-Disposable-Vape-Wholesale-Watermelon-Ice-247x247.jpg 247w, https:\/\/www.vape4wholesale.com\/wp-content\/uploads\/2023\/09\/Kulx-10000-Puffs-Disposable-Vape-Wholesale-Watermelon-Ice-100x100.jpg 100w, https:\/\/www.vape4wholesale.com\/wp-content\/uploads\/2023\/09\/Kulx-10000-Puffs-Disposable-Vape-Wholesale-Watermelon-Ice-510x510.jpg 510w, https:\/\/www.vape4wholesale.com\/wp-content\/uploads\/2023\/09\/Kulx-10000-Puffs-Disposable-Vape-Wholesale-Watermelon-Ice-64x64.jpg 64w, https:\/\/www.vape4wholesale.com\/wp-content\/uploads\/2023\/09\/Kulx-10000-Puffs-Disposable-Vape-Wholesale-Watermelon-Ice-300x300.jpg 300w, https:\/\/www.vape4wholesale.com\/wp-content\/uploads\/2023\/09\/Kulx-10000-Puffs-Disposable-Vape-Wholesale-Watermelon-Ice-150x150.jpg 150w, https:\/\/www.vape4wholesale.com\/wp-content\/uploads\/2023\/09\/Kulx-10000-Puffs-Disposable-Vape-Wholesale-Watermelon-Ice-768x768.jpg 768w\" sizes=\"auto, (max-width: 960px) 100vw, 960px\" \/><\/p>","protected":false},"excerpt":{"rendered":"[scf-template id=&#8217;11434&#8242;]\n","protected":false},"featured_media":14231,"comment_status":"open","ping_status":"closed","template":"","meta":[],"pwb-brand":[1289],"product_cat":[871],"product_tag":[22,24,172,324,576],"class_list":{"0":"post-14213","1":"product","2":"type-product","3":"status-publish","4":"has-post-thumbnail","6":"pwb-brand-others","7":"product_cat-10-15k-puffs","8":"product_tag-disposable","9":"product_tag-wholesale","10":"product_tag-20-0ml","11":"product_tag-10000-puffs","12":"product_tag-kulx","14":"first","15":"outofstock","16":"shipping-taxable","17":"purchasable","18":"product-type-variable"},"aioseo_notices":[],"brands":[{"id":1289,"name":"\u00d6vriga","slug":"andra"}],"_links":{"self":[{"href":"https:\/\/www.vape4wholesale.com\/sv\/wp-json\/wp\/v2\/product\/14213","targetHints":{"allow":["GET"]}}],"collection":[{"href":"https:\/\/www.vape4wholesale.com\/sv\/wp-json\/wp\/v2\/product"}],"about":[{"href":"https:\/\/www.vape4wholesale.com\/sv\/wp-json\/wp\/v2\/types\/product"}],"replies":[{"embeddable":true,"href":"https:\/\/www.vape4wholesale.com\/sv\/wp-json\/wp\/v2\/comments?post=14213"}],"wp:featuredmedia":[{"embeddable":true,"href":"https:\/\/www.vape4wholesale.com\/sv\/wp-json\/wp\/v2\/media\/14231"}],"wp:attachment":[{"href":"https:\/\/www.vape4wholesale.com\/sv\/wp-json\/wp\/v2\/media?parent=14213"}],"wp:term":[{"taxonomy":"pwb-brand","embeddable":true,"href":"https:\/\/www.vape4wholesale.com\/sv\/wp-json\/wp\/v2\/pwb-brand?post=14213"},{"taxonomy":"product_cat","embeddable":true,"href":"https:\/\/www.vape4wholesale.com\/sv\/wp-json\/wp\/v2\/product_cat?post=14213"},{"taxonomy":"product_tag","embeddable":true,"href":"https:\/\/www.vape4wholesale.com\/sv\/wp-json\/wp\/v2\/product_tag?post=14213"}],"curies":[{"name":"wp","href":"https:\/\/api.w.org\/{rel}","templated":true}]}}