{"id":14157,"date":"2023-08-20T17:17:06","date_gmt":"2023-08-20T09:17:06","guid":{"rendered":"https:\/\/www.vape4wholesale.com\/?post_type=product&#038;p=14157"},"modified":"2026-01-26T13:42:24","modified_gmt":"2026-01-26T13:42:24","slug":"elf-bar-pi9000-engangs-vape-grossist","status":"publish","type":"product","link":"https:\/\/www.vape4wholesale.com\/sv\/product\/elf-bar-pi9000-disposable-vape-wholesale","title":{"rendered":"Elf Bar PI9000 Eng\u00e5ngsvape grossist"},"content":{"rendered":"<p><b>Elf Bar Pi9000 eng\u00e5ngsvape<\/b>\u00a0rymmer 19 ml f\u00f6rfylld e-v\u00e4tska, smaken \u00e4r raffinerad men kraftfull via en integrerad mesh-spole, och en 4% (40 mg) nikotinstyrka design kan leverera mjukare \u00e5nga. Det ger en tillfredsst\u00e4llande dragning och felfri prestanda, det uppladdningsbara 650mAh-batteriet st\u00f6der upp till 9000 puffsessioner. Dess utseende liknar en minikudde, och den genomskinliga droppspetsen \u00e4r f\u00f6rdelaktig f\u00f6r att observera kondens. Pi9000 \u00e4r utrustad med en v\u00e4tske- och batteriindikator och \u00e4r sn\u00e4ll f\u00f6r att kontrollera enhetens status samt utforska l\u00e4tta, saftiga smaker.<\/p>\n<h2 class=\"second-title\"><strong>Elf Bar PI9000 Funktioner:<\/strong><\/h2>\n<ol>\n<li>19 ml f\u00f6rfylld Vape Juice<\/li>\n<li>4%(40mg) Nic Salt<\/li>\n<li>Uppladdningsbart 650mAh-batteri<\/li>\n<li>USB-C-port<\/li>\n<li>Cirka 9000 puffar<\/li>\n<li>N\u00e4tspole<\/li>\n<li>Rita-aktiverad<\/li>\n<li>Indikatorer f\u00f6r v\u00e4tska och batteri<\/li>\n<\/ol>\n<h2><strong>Smaklista:<\/strong><\/h2>\n<p>Hallon Passionsfrukt Apelsin<br \/>\nHallon Elfbull<br \/>\nGranat\u00e4pple B\u00e4r<br \/>\nB\u00e4r Hallon<br \/>\nVattenmelon-is<br \/>\nJordgubbsglass<br \/>\nJordgubbsis<br \/>\nRosa citron<br \/>\nPersika is<br \/>\nMango<br \/>\nLemont Myntverk<br \/>\nGr\u00f6nt \u00e4pple<br \/>\nDruva Hallon<br \/>\nGrape Ice<br \/>\nElfbull Ice<br \/>\nDubbla \u00e4pplen<br \/>\nCream Tobacco<br \/>\nCola is<br \/>\nBl\u00e5b\u00e4rsis<br \/>\nBlue Razz Ice<\/p>\n<p><img loading=\"lazy\" decoding=\"async\" class=\"alignnone size-full wp-image-14162\" title=\"Elf Bar PI9000 eng\u00e5ngsvape \u00d6versikt grossist\" src=\"https:\/\/www.vape4wholesale.com\/wp-content\/uploads\/2023\/08\/Elf-Bar-PI9000-Disposable-Vape-Wholesale-overview.jpg\" alt=\"Elf Bar PI9000 eng\u00e5ngsvape \u00d6versikt grossist\" width=\"800\" height=\"800\" srcset=\"https:\/\/www.vape4wholesale.com\/wp-content\/uploads\/2023\/08\/Elf-Bar-PI9000-Disposable-Vape-Wholesale-overview.jpg 800w, https:\/\/www.vape4wholesale.com\/wp-content\/uploads\/2023\/08\/Elf-Bar-PI9000-Disposable-Vape-Wholesale-overview-247x247.jpg 247w, https:\/\/www.vape4wholesale.com\/wp-content\/uploads\/2023\/08\/Elf-Bar-PI9000-Disposable-Vape-Wholesale-overview-100x100.jpg 100w, https:\/\/www.vape4wholesale.com\/wp-content\/uploads\/2023\/08\/Elf-Bar-PI9000-Disposable-Vape-Wholesale-overview-510x510.jpg 510w, https:\/\/www.vape4wholesale.com\/wp-content\/uploads\/2023\/08\/Elf-Bar-PI9000-Disposable-Vape-Wholesale-overview-64x64.jpg 64w, https:\/\/www.vape4wholesale.com\/wp-content\/uploads\/2023\/08\/Elf-Bar-PI9000-Disposable-Vape-Wholesale-overview-300x300.jpg 300w, https:\/\/www.vape4wholesale.com\/wp-content\/uploads\/2023\/08\/Elf-Bar-PI9000-Disposable-Vape-Wholesale-overview-150x150.jpg 150w, https:\/\/www.vape4wholesale.com\/wp-content\/uploads\/2023\/08\/Elf-Bar-PI9000-Disposable-Vape-Wholesale-overview-768x768.jpg 768w\" sizes=\"auto, (max-width: 800px) 100vw, 800px\" \/><\/p>","protected":false},"excerpt":{"rendered":"[scf-template id=&#8217;11434&#8242;]\n<p>100% Original Elf Bar with QR Code<\/p>\n","protected":false},"featured_media":14162,"comment_status":"open","ping_status":"closed","template":"","meta":[],"pwb-brand":[1278],"product_cat":[870],"product_tag":[574,22,24,60,336],"class_list":{"0":"post-14157","1":"product","2":"type-product","3":"status-publish","4":"has-post-thumbnail","6":"pwb-brand-elf-bar","7":"product_cat-8000-10000-puffs","8":"product_tag-19-0ml","9":"product_tag-disposable","10":"product_tag-wholesale","11":"product_tag-elf-bar","12":"product_tag-9000-puffs","14":"first","15":"outofstock","16":"shipping-taxable","17":"purchasable","18":"product-type-variable"},"aioseo_notices":[],"brands":[{"id":1278,"name":"Elf bar","slug":"alvbar"}],"_links":{"self":[{"href":"https:\/\/www.vape4wholesale.com\/sv\/wp-json\/wp\/v2\/product\/14157","targetHints":{"allow":["GET"]}}],"collection":[{"href":"https:\/\/www.vape4wholesale.com\/sv\/wp-json\/wp\/v2\/product"}],"about":[{"href":"https:\/\/www.vape4wholesale.com\/sv\/wp-json\/wp\/v2\/types\/product"}],"replies":[{"embeddable":true,"href":"https:\/\/www.vape4wholesale.com\/sv\/wp-json\/wp\/v2\/comments?post=14157"}],"wp:featuredmedia":[{"embeddable":true,"href":"https:\/\/www.vape4wholesale.com\/sv\/wp-json\/wp\/v2\/media\/14162"}],"wp:attachment":[{"href":"https:\/\/www.vape4wholesale.com\/sv\/wp-json\/wp\/v2\/media?parent=14157"}],"wp:term":[{"taxonomy":"pwb-brand","embeddable":true,"href":"https:\/\/www.vape4wholesale.com\/sv\/wp-json\/wp\/v2\/pwb-brand?post=14157"},{"taxonomy":"product_cat","embeddable":true,"href":"https:\/\/www.vape4wholesale.com\/sv\/wp-json\/wp\/v2\/product_cat?post=14157"},{"taxonomy":"product_tag","embeddable":true,"href":"https:\/\/www.vape4wholesale.com\/sv\/wp-json\/wp\/v2\/product_tag?post=14157"}],"curies":[{"name":"wp","href":"https:\/\/api.w.org\/{rel}","templated":true}]}}