{"id":14107,"date":"2023-08-13T12:32:13","date_gmt":"2023-08-13T04:32:13","guid":{"rendered":"https:\/\/www.vape4wholesale.com\/?post_type=product&#038;p=14107"},"modified":"2026-01-26T13:42:27","modified_gmt":"2026-01-26T13:42:27","slug":"bang-bc5000-box-engangs-vape-grossist","status":"publish","type":"product","link":"https:\/\/www.vape4wholesale.com\/sv\/product\/bang-bc5000-box-disposable-vape-wholesale","title":{"rendered":"Bang BC5000 Box Eng\u00e5ngs Vape Partihandel"},"content":{"rendered":"<p>Bang BC5000 Box \u00e4r andra generationen uppgraderad fr\u00e5n den gamla versionen, levereras med inbyggt 650mah batteri med 13 ml elv\u00e4tska, nikotinstyrkan \u00e4r 5%, st\u00f6d max 5000 puffar.<\/p>\n<h2>Bang BC5000 Box Eng\u00e5ngs Vape Snabb detalj<\/h2>\n<ol>\n<li>Puffar: 5000<\/li>\n<li>Nikotinsalt: 5%<\/li>\n<li>Eliquid-kapacitet: 13ML<\/li>\n<li>Resistans: 1,2 ohm Mesh<\/li>\n<li>Kroppsvikt: 52g<\/li>\n<li>Kartongstorlek: 52,3 * 38 * 28,5 cm<\/li>\n<li>Kartongvikt: 16,5 kg\/ 300 st<\/li>\n<li>Laddningsport: Typ C<\/li>\n<\/ol>\n<h2>Smak\u00e4mnen<\/h2>\n<ol>\n<li>Blue Razz Ice<\/li>\n<li>Bl\u00e5b\u00e4rsis<\/li>\n<li>Bl\u00e5b\u00e4r Citron<\/li>\n<li>Cola is<\/li>\n<li>Energi<\/li>\n<li>Gummibj\u00f6rn<\/li>\n<li>Kiwi Passionsfrukt Guava<\/li>\n<li>Citronmynta<\/li>\n<li>Mango Persika<\/li>\n<li>Apelsinjuice<\/li>\n<li>Persika is<\/li>\n<li>Persika Mango Vattenmelon<\/li>\n<li>Ananas kokosn\u00f6t<\/li>\n<li>Sakura Druva<\/li>\n<li>Surt \u00e4pple hallon<\/li>\n<li>Jordgubbar Bananer<\/li>\n<li>Jordgubbsis<\/li>\n<li>Jordgubb Kiwi<\/li>\n<li>Jordgubb Mango<\/li>\n<li>Jordgubbar Vattenmelon<\/li>\n<li>Trippelb\u00e4r<\/li>\n<li>Tropical Rainbow Blast<\/li>\n<li>Vattenmelon Bubble Gum<\/li>\n<li>Vattenmelon-is<\/li>\n<\/ol>\n<p><img loading=\"lazy\" decoding=\"async\" class=\"alignnone size-full wp-image-14134\" title=\"Bang BC5000 BOX Eng\u00e5ngsvape Partihandel Alla smaker\" src=\"https:\/\/www.vape4wholesale.com\/wp-content\/uploads\/2023\/08\/Bang-BC5000-BOX-Disposable-Vape-Wholesale-All-Flavors.webp\" alt=\"Bang BC5000 BOX Eng\u00e5ngsvape Partihandel Alla smaker\" width=\"1280\" height=\"1414\" srcset=\"https:\/\/www.vape4wholesale.com\/wp-content\/uploads\/2023\/08\/Bang-BC5000-BOX-Disposable-Vape-Wholesale-All-Flavors.webp 1280w, https:\/\/www.vape4wholesale.com\/wp-content\/uploads\/2023\/08\/Bang-BC5000-BOX-Disposable-Vape-Wholesale-All-Flavors-510x563.webp 510w, https:\/\/www.vape4wholesale.com\/wp-content\/uploads\/2023\/08\/Bang-BC5000-BOX-Disposable-Vape-Wholesale-All-Flavors-64x71.webp 64w, https:\/\/www.vape4wholesale.com\/wp-content\/uploads\/2023\/08\/Bang-BC5000-BOX-Disposable-Vape-Wholesale-All-Flavors-272x300.webp 272w, https:\/\/www.vape4wholesale.com\/wp-content\/uploads\/2023\/08\/Bang-BC5000-BOX-Disposable-Vape-Wholesale-All-Flavors-927x1024.webp 927w, https:\/\/www.vape4wholesale.com\/wp-content\/uploads\/2023\/08\/Bang-BC5000-BOX-Disposable-Vape-Wholesale-All-Flavors-768x848.webp 768w\" sizes=\"auto, (max-width: 1280px) 100vw, 1280px\" \/> <img loading=\"lazy\" decoding=\"async\" class=\"size-full wp-image-14135 aligncenter\" title=\"Bang BC5000 BOX DISPOSABLE VAPE WHOLESALE\" src=\"https:\/\/www.vape4wholesale.com\/wp-content\/uploads\/2023\/08\/Bang-BC5000-BOX-DISPOSABLE-VAPE-WHOLESALE.jpg\" alt=\"Bang BC5000 BOX DISPOSABLE VAPE WHOLESALE\" width=\"800\" height=\"800\" srcset=\"https:\/\/www.vape4wholesale.com\/wp-content\/uploads\/2023\/08\/Bang-BC5000-BOX-DISPOSABLE-VAPE-WHOLESALE.jpg 800w, https:\/\/www.vape4wholesale.com\/wp-content\/uploads\/2023\/08\/Bang-BC5000-BOX-DISPOSABLE-VAPE-WHOLESALE-247x247.jpg 247w, https:\/\/www.vape4wholesale.com\/wp-content\/uploads\/2023\/08\/Bang-BC5000-BOX-DISPOSABLE-VAPE-WHOLESALE-100x100.jpg 100w, https:\/\/www.vape4wholesale.com\/wp-content\/uploads\/2023\/08\/Bang-BC5000-BOX-DISPOSABLE-VAPE-WHOLESALE-510x510.jpg 510w, https:\/\/www.vape4wholesale.com\/wp-content\/uploads\/2023\/08\/Bang-BC5000-BOX-DISPOSABLE-VAPE-WHOLESALE-64x64.jpg 64w, https:\/\/www.vape4wholesale.com\/wp-content\/uploads\/2023\/08\/Bang-BC5000-BOX-DISPOSABLE-VAPE-WHOLESALE-300x300.jpg 300w, https:\/\/www.vape4wholesale.com\/wp-content\/uploads\/2023\/08\/Bang-BC5000-BOX-DISPOSABLE-VAPE-WHOLESALE-150x150.jpg 150w, https:\/\/www.vape4wholesale.com\/wp-content\/uploads\/2023\/08\/Bang-BC5000-BOX-DISPOSABLE-VAPE-WHOLESALE-768x768.jpg 768w\" sizes=\"auto, (max-width: 800px) 100vw, 800px\" \/> <img loading=\"lazy\" decoding=\"async\" class=\"size-full wp-image-14133 aligncenter\" title=\"Bang VAPE BC5000 BOX VAPE VARUHANDEL\" src=\"https:\/\/www.vape4wholesale.com\/wp-content\/uploads\/2023\/08\/Bang-VAPE-BC5000-BOX-VAPE-WHOLESALE.jpg\" alt=\"Bang VAPE BC5000 BOX VAPE VARUHANDEL\" width=\"800\" height=\"800\" srcset=\"https:\/\/www.vape4wholesale.com\/wp-content\/uploads\/2023\/08\/Bang-VAPE-BC5000-BOX-VAPE-WHOLESALE.jpg 800w, https:\/\/www.vape4wholesale.com\/wp-content\/uploads\/2023\/08\/Bang-VAPE-BC5000-BOX-VAPE-WHOLESALE-247x247.jpg 247w, https:\/\/www.vape4wholesale.com\/wp-content\/uploads\/2023\/08\/Bang-VAPE-BC5000-BOX-VAPE-WHOLESALE-100x100.jpg 100w, https:\/\/www.vape4wholesale.com\/wp-content\/uploads\/2023\/08\/Bang-VAPE-BC5000-BOX-VAPE-WHOLESALE-510x510.jpg 510w, https:\/\/www.vape4wholesale.com\/wp-content\/uploads\/2023\/08\/Bang-VAPE-BC5000-BOX-VAPE-WHOLESALE-64x64.jpg 64w, https:\/\/www.vape4wholesale.com\/wp-content\/uploads\/2023\/08\/Bang-VAPE-BC5000-BOX-VAPE-WHOLESALE-300x300.jpg 300w, https:\/\/www.vape4wholesale.com\/wp-content\/uploads\/2023\/08\/Bang-VAPE-BC5000-BOX-VAPE-WHOLESALE-150x150.jpg 150w, https:\/\/www.vape4wholesale.com\/wp-content\/uploads\/2023\/08\/Bang-VAPE-BC5000-BOX-VAPE-WHOLESALE-768x768.jpg 768w\" sizes=\"auto, (max-width: 800px) 100vw, 800px\" \/> <img loading=\"lazy\" decoding=\"async\" class=\"size-full wp-image-14132 aligncenter\" title=\"Bang BC5000 BOX VAPE Partihandel\" src=\"https:\/\/www.vape4wholesale.com\/wp-content\/uploads\/2023\/08\/Bang-BC5000-BOX-VAPE-Wholesale.jpg\" alt=\"Bang BC5000 BOX VAPE Partihandel\" width=\"800\" height=\"800\" srcset=\"https:\/\/www.vape4wholesale.com\/wp-content\/uploads\/2023\/08\/Bang-BC5000-BOX-VAPE-Wholesale.jpg 800w, https:\/\/www.vape4wholesale.com\/wp-content\/uploads\/2023\/08\/Bang-BC5000-BOX-VAPE-Wholesale-247x247.jpg 247w, https:\/\/www.vape4wholesale.com\/wp-content\/uploads\/2023\/08\/Bang-BC5000-BOX-VAPE-Wholesale-100x100.jpg 100w, https:\/\/www.vape4wholesale.com\/wp-content\/uploads\/2023\/08\/Bang-BC5000-BOX-VAPE-Wholesale-510x510.jpg 510w, https:\/\/www.vape4wholesale.com\/wp-content\/uploads\/2023\/08\/Bang-BC5000-BOX-VAPE-Wholesale-64x64.jpg 64w, https:\/\/www.vape4wholesale.com\/wp-content\/uploads\/2023\/08\/Bang-BC5000-BOX-VAPE-Wholesale-300x300.jpg 300w, https:\/\/www.vape4wholesale.com\/wp-content\/uploads\/2023\/08\/Bang-BC5000-BOX-VAPE-Wholesale-150x150.jpg 150w, https:\/\/www.vape4wholesale.com\/wp-content\/uploads\/2023\/08\/Bang-BC5000-BOX-VAPE-Wholesale-768x768.jpg 768w\" sizes=\"auto, (max-width: 800px) 100vw, 800px\" \/><\/p>\n<div class=\"accordion\">\n\t<div id=\"accordion-971333607\" class=\"accordion-item\">\n\t\t<a id=\"accordion-971333607-label\" class=\"accordion-title plain\" href=\"#accordion-item-new-flavors\" aria-expanded=\"false\" aria-controls=\"accordion-971333607-content\">\n\t\t\t<button class=\"toggle\" aria-label=\"Toggle\"><i class=\"icon-angle-down\" aria-hidden=\"true\"><\/i><\/button>\n\t\t\t<span>Nya smaker<\/span>\n\t\t<\/a>\n\t\t<div id=\"accordion-971333607-content\" class=\"accordion-inner\" aria-labelledby=\"accordion-971333607-label\">\n\t\t\t\n<table width=\"295\">\n<tbody>\n<tr>\n<td width=\"295\">Svart drake is<\/td>\n<\/tr>\n<tr>\n<td>Blue Razz Ice<\/td>\n<\/tr>\n<tr>\n<td>Bl\u00e5b\u00e4rsis<\/td>\n<\/tr>\n<tr>\n<td>Cola is<\/td>\n<\/tr>\n<tr>\n<td>Energi<\/td>\n<\/tr>\n<tr>\n<td>Gummibj\u00f6rn<\/td>\n<\/tr>\n<tr>\n<td>Kiwi Passionsfrukt Guava<\/td>\n<\/tr>\n<tr>\n<td>Mango Persika<\/td>\n<\/tr>\n<tr>\n<td>Mexikansk mango is<\/td>\n<\/tr>\n<tr>\n<td>Miami Mint<\/td>\n<\/tr>\n<tr>\n<td>Blandade b\u00e4r<\/td>\n<\/tr>\n<tr>\n<td>Apelsinjuice<\/td>\n<\/tr>\n<tr>\n<td>Persika is<\/td>\n<\/tr>\n<tr>\n<td>Sakura Druva<\/td>\n<\/tr>\n<tr>\n<td>Surt \u00e4pple hallon<\/td>\n<\/tr>\n<tr>\n<td>Jordgubbar Bananer<\/td>\n<\/tr>\n<tr>\n<td>Jordgubbsis<\/td>\n<\/tr>\n<tr>\n<td>Jordgubb Kiwi<\/td>\n<\/tr>\n<tr>\n<td>Jordgubb Mango<\/td>\n<\/tr>\n<tr>\n<td>Jordgubbar Vattenmelon<\/td>\n<\/tr>\n<tr>\n<td>Trippelb\u00e4rsis<\/td>\n<\/tr>\n<tr>\n<td>Tropical Rainbow Blast<\/td>\n<\/tr>\n<tr>\n<td>Vattenmelon Bubble Gum<\/td>\n<\/tr>\n<tr>\n<td>Vattenmelon-is<\/td>\n<\/tr>\n<\/tbody>\n<\/table>\n\t\t<\/div>\n\t<\/div>\n\t\n<\/div>","protected":false},"excerpt":{"rendered":"[scf-template id=&#8217;11434&#8242;]\n<p>This product is recently out of stock, please click the link below to order another similar product!<\/p>\n<p>https:\/\/www.vape4wholesale.com\/product\/bang-bc5000-disposable-vape-wholesale<\/p>\n","protected":false},"featured_media":14135,"comment_status":"open","ping_status":"closed","template":"","meta":[],"pwb-brand":[1275],"product_cat":[869],"product_tag":[22,24,189,249,285],"class_list":{"0":"post-14107","1":"product","2":"type-product","3":"status-publish","4":"has-post-thumbnail","6":"pwb-brand-bang","7":"product_cat-5000-8000-puffs","8":"product_tag-disposable","9":"product_tag-wholesale","10":"product_tag-5000-puffs","11":"product_tag-bang","12":"product_tag-13-0ml","13":"wcpa_has_options","15":"first","16":"outofstock","17":"shipping-taxable","18":"purchasable","19":"product-type-variable"},"aioseo_notices":[],"brands":[{"id":1275,"name":"Pang","slug":"bang"}],"_links":{"self":[{"href":"https:\/\/www.vape4wholesale.com\/sv\/wp-json\/wp\/v2\/product\/14107","targetHints":{"allow":["GET"]}}],"collection":[{"href":"https:\/\/www.vape4wholesale.com\/sv\/wp-json\/wp\/v2\/product"}],"about":[{"href":"https:\/\/www.vape4wholesale.com\/sv\/wp-json\/wp\/v2\/types\/product"}],"replies":[{"embeddable":true,"href":"https:\/\/www.vape4wholesale.com\/sv\/wp-json\/wp\/v2\/comments?post=14107"}],"wp:featuredmedia":[{"embeddable":true,"href":"https:\/\/www.vape4wholesale.com\/sv\/wp-json\/wp\/v2\/media\/14135"}],"wp:attachment":[{"href":"https:\/\/www.vape4wholesale.com\/sv\/wp-json\/wp\/v2\/media?parent=14107"}],"wp:term":[{"taxonomy":"pwb-brand","embeddable":true,"href":"https:\/\/www.vape4wholesale.com\/sv\/wp-json\/wp\/v2\/pwb-brand?post=14107"},{"taxonomy":"product_cat","embeddable":true,"href":"https:\/\/www.vape4wholesale.com\/sv\/wp-json\/wp\/v2\/product_cat?post=14107"},{"taxonomy":"product_tag","embeddable":true,"href":"https:\/\/www.vape4wholesale.com\/sv\/wp-json\/wp\/v2\/product_tag?post=14107"}],"curies":[{"name":"wp","href":"https:\/\/api.w.org\/{rel}","templated":true}]}}