{"id":14081,"date":"2023-08-13T11:17:36","date_gmt":"2023-08-13T03:17:36","guid":{"rendered":"https:\/\/www.vape4wholesale.com\/?post_type=product&#038;p=14081"},"modified":"2026-01-26T13:42:29","modified_gmt":"2026-01-26T13:42:29","slug":"elf-bar-cr5000-engangs-vape-grossist","status":"publish","type":"product","link":"https:\/\/www.vape4wholesale.com\/sv\/product\/elf-bar-cr5000-disposable-vape-wholesale","title":{"rendered":"Elf Bar CR5000 eng\u00e5ngsvape grossist"},"content":{"rendered":"<p>Elf Bar CR5000 Disposable Vape som drivs av ett inbyggt 650mah-batteri. En sl\u00e4t yta i en elegant form ger en bra passform i munnen och ett utm\u00e4rkt grepp. Mesh-spolen ger extrem smakf\u00f6rb\u00e4ttring och boostar upp till 5000 puffar med typ-c-laddning.<\/p>\n<h2><strong>Elf Bar CR5000 Prestanda<\/strong><\/h2>\n<p>ELFBAR CR5000 \u00e4r utrustad med ett h\u00f6gkapacitetsbatteri som garanterar l\u00e5ngvariga vaping-sessioner. Oavsett om du \u00e4r en avslappnad vaper eller n\u00e5gon som gillar att vapa hela dagen, har den h\u00e4r enheten t\u00e4ckt dig. Det kraftfulla batteriet s\u00e4kerst\u00e4ller ocks\u00e5 konsekvent prestanda, vilket ger en smidig och tillfredsst\u00e4llande vapingupplevelse med varje puff.<\/p>\n<h2>Bekv\u00e4mlighet n\u00e4r den \u00e4r som b\u00e4st<\/h2>\n<p>En av de utm\u00e4rkande egenskaperna hos ELFBAR CR5000 \u00e4r att den \u00e4r en eng\u00e5ngsprodukt. Du beh\u00f6ver inte oroa dig f\u00f6r att fylla p\u00e5 e-v\u00e4tska eller byta ut coils. Anv\u00e4nd helt enkelt enheten tills batteriet tar slut eller e-v\u00e4tskan \u00e4r slut, och kassera den sedan p\u00e5 ett ansvarsfullt s\u00e4tt. Detta g\u00f6r den till ett perfekt alternativ f\u00f6r vapers som alltid \u00e4r p\u00e5 spr\u00e5ng eller f\u00f6r dem som f\u00f6redrar problemfri vaping.<\/p>\n<h2>Unika smakalternativ<\/h2>\n<p>ELFBAR CR5000 erbjuder ett brett utbud av l\u00e4ckra smakalternativ f\u00f6r att passa alla smaker. Fr\u00e5n fruktiga smaker som mango och jordgubb till klassiska tobaks- och mentolalternativ finns det n\u00e5got f\u00f6r alla. Varje smak \u00e4r noggrant utformad f\u00f6r att ge en autentisk och njutbar vapingupplevelse.<\/p>\n<h2>Kompakt och stilren design<\/h2>\n<p>ELFBAR CR5000 har en tunn och kompakt design som g\u00f6r den l\u00e4tt att b\u00e4ra med sig i fickan eller v\u00e4skan. Dess eleganta och moderna utseende ger en stilfull touch till din vapingupplevelse. Oavsett om du \u00e4r ute med v\u00e4nner eller p\u00e5 resa \u00e4r den h\u00e4r enheten b\u00e5de bekv\u00e4m och modern.<\/p>\n<h2>Slutsats<\/h2>\n<p>Om du letar efter en kraftfull, bekv\u00e4m och snygg eng\u00e5ngsvape \u00e4r ELFBAR CR5000 det perfekta valet. Med sitt l\u00e5ngvariga batteri, breda utbud av smaker och snygga design erbjuder den allt du beh\u00f6ver f\u00f6r en trevlig vapingupplevelse. Prova ELFBAR CR5000 idag och uppt\u00e4ck en ny niv\u00e5 av vapingn\u00f6jdhet.<\/p>\n<p>&nbsp;<\/p>\n<h2><strong>Elf Bar CR5000 Funktioner:<\/strong><\/h2>\n<ul>\n<li><strong>E-v\u00e4tska Kapacitet:<\/strong>\u00a013,5 ml f\u00f6rfylld<\/li>\n<li><strong>Koncentration av nikotin<\/strong>: 5%<\/li>\n<li><strong>Antal puffar:<\/strong>\u00a0Cirka 5000 puffar<\/li>\n<li>Uppladdningsbar<\/li>\n<li><strong>Batytery Kapacitet:<\/strong>\u00a0650mah<\/li>\n<li><strong>Usb-typ:<\/strong>\u00a0Typ-c<\/li>\n<li><strong>V\u00e4rmeelement:<\/strong>\u00a0N\u00e4tspole<\/li>\n<li>Kristallklar design<\/li>\n<\/ul>\n<h2><strong>Elf Bar CR5000 Smaker:<\/strong><\/h2>\n<ul>\n<li>Vattenmelon<\/li>\n<li>Jordgubb Mango<\/li>\n<li>Jordgubbsglass<\/li>\n<li>Hallon Vattenmelon<\/li>\n<li>Persika Jordgubbe Vattenmelon<\/li>\n<li>Persika is<\/li>\n<li>Mango is<\/li>\n<li>Kiwi Passionsfrukt Guava<\/li>\n<li>Tranb\u00e4r Druva<\/li>\n<li>K\u00f6rsb\u00e4r Citron<\/li>\n<li>Bl\u00e5b\u00e4r Hallon Granat\u00e4pple<\/li>\n<li>Blue Razz Lemonade<\/li>\n<\/ul>","protected":false},"excerpt":{"rendered":"[scf-template id=&#8217;11434&#8242;]\n","protected":false},"featured_media":14095,"comment_status":"open","ping_status":"closed","template":"","meta":[],"pwb-brand":[1278],"product_cat":[869],"product_tag":[515,22,24,60,189],"class_list":{"0":"post-14081","1":"product","2":"type-product","3":"status-publish","4":"has-post-thumbnail","6":"pwb-brand-elf-bar","7":"product_cat-5000-8000-puffs","8":"product_tag-13-5ml","9":"product_tag-disposable","10":"product_tag-wholesale","11":"product_tag-elf-bar","12":"product_tag-5000-puffs","14":"first","15":"outofstock","16":"shipping-taxable","17":"purchasable","18":"product-type-variable"},"aioseo_notices":[],"brands":[{"id":1278,"name":"Elf bar","slug":"alvbar"}],"_links":{"self":[{"href":"https:\/\/www.vape4wholesale.com\/sv\/wp-json\/wp\/v2\/product\/14081","targetHints":{"allow":["GET"]}}],"collection":[{"href":"https:\/\/www.vape4wholesale.com\/sv\/wp-json\/wp\/v2\/product"}],"about":[{"href":"https:\/\/www.vape4wholesale.com\/sv\/wp-json\/wp\/v2\/types\/product"}],"replies":[{"embeddable":true,"href":"https:\/\/www.vape4wholesale.com\/sv\/wp-json\/wp\/v2\/comments?post=14081"}],"wp:featuredmedia":[{"embeddable":true,"href":"https:\/\/www.vape4wholesale.com\/sv\/wp-json\/wp\/v2\/media\/14095"}],"wp:attachment":[{"href":"https:\/\/www.vape4wholesale.com\/sv\/wp-json\/wp\/v2\/media?parent=14081"}],"wp:term":[{"taxonomy":"pwb-brand","embeddable":true,"href":"https:\/\/www.vape4wholesale.com\/sv\/wp-json\/wp\/v2\/pwb-brand?post=14081"},{"taxonomy":"product_cat","embeddable":true,"href":"https:\/\/www.vape4wholesale.com\/sv\/wp-json\/wp\/v2\/product_cat?post=14081"},{"taxonomy":"product_tag","embeddable":true,"href":"https:\/\/www.vape4wholesale.com\/sv\/wp-json\/wp\/v2\/product_tag?post=14081"}],"curies":[{"name":"wp","href":"https:\/\/api.w.org\/{rel}","templated":true}]}}