{"id":13984,"date":"2023-07-06T00:00:58","date_gmt":"2023-07-05T16:00:58","guid":{"rendered":"https:\/\/www.vape4wholesale.com\/?post_type=product&#038;p=13984"},"modified":"2026-01-26T13:42:31","modified_gmt":"2026-01-26T13:42:31","slug":"bang-king-12000-puffar-engangs-vape-grossist","status":"publish","type":"product","link":"https:\/\/www.vape4wholesale.com\/sv\/product\/bang-king-12000-puffs-disposable-vape-wholesale","title":{"rendered":"Bang King 12000 puffar eng\u00e5ngsvape grossist"},"content":{"rendered":"<p>Bang King 12000 \u00e4r en solid &amp; enorm eng\u00e5ngsvape, som har vunnit popularitet f\u00f6r extraordin\u00e4r kapacitet, smakprestanda och ett stort urval av sinnen. M\u00e5nga fans anser att Bang Vape's varum\u00e4rke erbjuder n\u00e5gra av de b\u00e4sta sinnena p\u00e5 marknaden.<\/p>\n<p>Bang King 12000 erbjuder en m\u00e4ngd olika 10 smaker, tillg\u00e4ngliga i alternativ 5%, 3% och 0%. och Bang King 12000 har en fantastisk e-v\u00e4tskekapacitet p\u00e5 23 ml och upp till 12000 puffar. Denna enhet drivs av ett \u00e5tervinningsbart batteri p\u00e5 650 mAh, som utl\u00f6ser ett h\u00f6gpresterande mesh-coil-system.<\/p>\n<h2><strong>Bang King 12000 Puffs Eng\u00e5ngsvape Specifikation<\/strong><\/h2>\n<ul>\n<li>Puffar: Upp till 12000<\/li>\n<li>V\u00e4tska: 23ml<\/li>\n<li>Nikotin: 0%\/ 3%\/ 5%<\/li>\n<li>Batteri: 650mAh Typ-C<\/li>\n<li>Typer:Eng\u00e5ngsbruk<\/li>\n<li>Vikt: 110g\/stycke<\/li>\n<li>F\u00f6rpackningsl\u00e5da: 10 stycken\/l\u00e5da<\/li>\n<\/ul>\n<p>&nbsp;<\/p>\n<div>\n<div class=\"wmkc-template-12\">\n<h2 class=\"wmkc-white\"><strong>Produkter Smak\u00e4mnen<\/strong><\/h2>\n<\/div>\n<ol>\n<li>Ananas kokosn\u00f6t is<\/li>\n<li>Vattenmelon bubbelgum<\/li>\n<li>Trippelb\u00e4rsis<\/li>\n<li>Persika is<\/li>\n<li>Granat\u00e4pple<\/li>\n<li>Bl\u00e5 razzia-is<\/li>\n<li>Jordgubbar vattenmelon<\/li>\n<li>Melon Mint<\/li>\n<li>Regnb\u00e5gssherbert<\/li>\n<li>jordgubbar mango<\/li>\n<\/ol>\n<h2><strong>F\u00f6rpackningsdetaljer<\/strong><\/h2>\n<ul>\n<li>10 st \/ displayl\u00e5da<\/li>\n<li>200 st\/ huvudkartong\/ 24 kg<\/li>\n<\/ul>\n<p><img loading=\"lazy\" decoding=\"async\" class=\"alignnone size-full wp-image-13993\" title=\"Bang King 12000 Puffs Eng\u00e5ngs Vape\" src=\"https:\/\/www.vape4wholesale.com\/wp-content\/uploads\/2023\/07\/Bang-King-12000-Puffs-Disposable-Vape.jpg\" alt=\"Bang King 12000 Puffs Eng\u00e5ngs Vape\" width=\"1707\" height=\"1280\" srcset=\"https:\/\/www.vape4wholesale.com\/wp-content\/uploads\/2023\/07\/Bang-King-12000-Puffs-Disposable-Vape.jpg 1707w, https:\/\/www.vape4wholesale.com\/wp-content\/uploads\/2023\/07\/Bang-King-12000-Puffs-Disposable-Vape-510x382.jpg 510w, https:\/\/www.vape4wholesale.com\/wp-content\/uploads\/2023\/07\/Bang-King-12000-Puffs-Disposable-Vape-64x48.jpg 64w, https:\/\/www.vape4wholesale.com\/wp-content\/uploads\/2023\/07\/Bang-King-12000-Puffs-Disposable-Vape-300x225.jpg 300w, https:\/\/www.vape4wholesale.com\/wp-content\/uploads\/2023\/07\/Bang-King-12000-Puffs-Disposable-Vape-1024x768.jpg 1024w, https:\/\/www.vape4wholesale.com\/wp-content\/uploads\/2023\/07\/Bang-King-12000-Puffs-Disposable-Vape-768x576.jpg 768w, https:\/\/www.vape4wholesale.com\/wp-content\/uploads\/2023\/07\/Bang-King-12000-Puffs-Disposable-Vape-1536x1152.jpg 1536w\" sizes=\"auto, (max-width: 1707px) 100vw, 1707px\" \/><\/p>\n<\/div>","protected":false},"excerpt":{"rendered":"[scf-template id=&#8217;11434&#8242;]\n","protected":false},"featured_media":13992,"comment_status":"open","ping_status":"closed","template":"","meta":[],"pwb-brand":[1275],"product_cat":[869],"product_tag":[22,24,249,556,557],"class_list":{"0":"post-13984","1":"product","2":"type-product","3":"status-publish","4":"has-post-thumbnail","6":"pwb-brand-bang","7":"product_cat-5000-8000-puffs","8":"product_tag-disposable","9":"product_tag-wholesale","10":"product_tag-bang","11":"product_tag-12000-puffs","12":"product_tag-23-0ml","13":"wcpa_has_options","15":"first","16":"outofstock","17":"shipping-taxable","18":"purchasable","19":"product-type-variable"},"aioseo_notices":[],"brands":[{"id":1275,"name":"Pang","slug":"bang"}],"_links":{"self":[{"href":"https:\/\/www.vape4wholesale.com\/sv\/wp-json\/wp\/v2\/product\/13984","targetHints":{"allow":["GET"]}}],"collection":[{"href":"https:\/\/www.vape4wholesale.com\/sv\/wp-json\/wp\/v2\/product"}],"about":[{"href":"https:\/\/www.vape4wholesale.com\/sv\/wp-json\/wp\/v2\/types\/product"}],"replies":[{"embeddable":true,"href":"https:\/\/www.vape4wholesale.com\/sv\/wp-json\/wp\/v2\/comments?post=13984"}],"wp:featuredmedia":[{"embeddable":true,"href":"https:\/\/www.vape4wholesale.com\/sv\/wp-json\/wp\/v2\/media\/13992"}],"wp:attachment":[{"href":"https:\/\/www.vape4wholesale.com\/sv\/wp-json\/wp\/v2\/media?parent=13984"}],"wp:term":[{"taxonomy":"pwb-brand","embeddable":true,"href":"https:\/\/www.vape4wholesale.com\/sv\/wp-json\/wp\/v2\/pwb-brand?post=13984"},{"taxonomy":"product_cat","embeddable":true,"href":"https:\/\/www.vape4wholesale.com\/sv\/wp-json\/wp\/v2\/product_cat?post=13984"},{"taxonomy":"product_tag","embeddable":true,"href":"https:\/\/www.vape4wholesale.com\/sv\/wp-json\/wp\/v2\/product_tag?post=13984"}],"curies":[{"name":"wp","href":"https:\/\/api.w.org\/{rel}","templated":true}]}}