{"id":11115,"date":"2023-06-23T22:38:10","date_gmt":"2023-06-23T14:38:10","guid":{"rendered":"https:\/\/www.vape4wholesale.com\/?post_type=product&#038;p=11115"},"modified":"2026-01-26T13:42:33","modified_gmt":"2026-01-26T13:42:33","slug":"randm-supbliss-bingo-8000-vape-grossist","status":"publish","type":"product","link":"https:\/\/www.vape4wholesale.com\/sv\/product\/randm-supbliss-bingo-8000-vape-wholesale","title":{"rendered":"RandM Supbliss Bingo 8000 Vape grossist"},"content":{"rendered":"<p><strong>RandM Supbliss Bingo 8000\u00a0<\/strong>\u00e4r en eng\u00e5ngs vape-enhet med cool design och den \u00e4r uppladdningsbar. Den inneh\u00e5ller 16 ml 5% salt e-juice och vape upp till 8000 puffar. Det finns 12 smaker f\u00f6r dig att v\u00e4lja. Den uppladdningsbara porten l\u00e4ngst ner p\u00e5 enheten garanterar att du avslutar den sista droppen av e-juice i tanken hela tiden.<\/p>\n<h2>RandM Supbliss Bingo 8000 Vape Funktioner<\/h2>\n<ol>\n<li>5% Nikotinsalt.<\/li>\n<li>16ML av E-juice<\/li>\n<li>N\u00e4tspole<\/li>\n<li>Uppladdningsbart batteri<\/li>\n<li>Integrerat 850mAh-batteri<\/li>\n<li>20 tillg\u00e4ngliga smaker<\/li>\n<\/ol>\n<h2>Smak\u00e4mnen<\/h2>\n<table style=\"border-collapse: collapse;width: 255.78pt\" border=\"0\" width=\"341\" cellspacing=\"0\" cellpadding=\"0\">\n<tbody>\n<tr style=\"height: 14.25pt\">\n<td style=\"height: 14.25pt;width: 255.75pt\" width=\"341\" height=\"19\"><span class=\"font0\">Bl\u00e5 razzia k\u00f6rsb\u00e4r<\/span><\/td>\n<\/tr>\n<tr style=\"height: 14.25pt\">\n<td style=\"height: 14.25pt\" height=\"19\"><span class=\"font0\">Bl\u00e5b\u00e4r<\/span><\/td>\n<\/tr>\n<tr style=\"height: 14.25pt\">\n<td style=\"height: 14.25pt\" height=\"19\"><span class=\"font0\">K\u00f6rsb\u00e4rsis<\/span><\/td>\n<\/tr>\n<tr style=\"height: 14.25pt\">\n<td style=\"height: 14.25pt\" height=\"19\"><span class=\"font0\">K\u00f6rsb\u00e4rs-persikolemonad<\/span><\/td>\n<\/tr>\n<tr style=\"height: 14.25pt\">\n<td style=\"height: 14.25pt\" height=\"19\"><span class=\"font0\">Energidryck<\/span><\/td>\n<\/tr>\n<tr style=\"height: 14.25pt\">\n<td style=\"height: 14.25pt\" height=\"19\"><span class=\"font0\">Gummibj\u00f6rn<\/span><\/td>\n<\/tr>\n<tr style=\"height: 14.25pt\">\n<td style=\"height: 14.25pt\" height=\"19\"><span class=\"font0\">Honungsdaggsmelon<\/span><\/td>\n<\/tr>\n<tr style=\"height: 14.25pt\">\n<td style=\"height: 14.25pt\" height=\"19\"><span class=\"font0\">Lady Kiler<\/span><\/td>\n<\/tr>\n<tr style=\"height: 14.25pt\">\n<td style=\"height: 14.25pt\" height=\"19\"><span class=\"font0\">k\u00e4rlek66<\/span><\/td>\n<\/tr>\n<tr style=\"height: 14.25pt\">\n<td style=\"height: 14.25pt\" height=\"19\"><span class=\"font0\">Lychee Cola<\/span><\/td>\n<\/tr>\n<tr style=\"height: 14.25pt\">\n<td style=\"height: 14.25pt\" height=\"19\"><span class=\"font0\">Mixa frukt<\/span><\/td>\n<\/tr>\n<tr style=\"height: 14.25pt\">\n<td style=\"height: 14.25pt\" height=\"19\"><span class=\"font0\">Persika Mango<\/span><\/td>\n<\/tr>\n<tr style=\"height: 14.25pt\">\n<td style=\"height: 14.25pt\" height=\"19\"><span class=\"font0\">Rosa citron<\/span><\/td>\n<\/tr>\n<tr style=\"height: 14.25pt\">\n<td style=\"height: 14.25pt\" height=\"19\"><span class=\"font0\">Sakura Druva<\/span><\/td>\n<\/tr>\n<tr style=\"height: 14.25pt\">\n<td style=\"height: 14.25pt\" height=\"19\"><span class=\"font0\">Jordgubbar Bananer<\/span><\/td>\n<\/tr>\n<tr style=\"height: 14.25pt\">\n<td style=\"height: 14.25pt\" height=\"19\"><span class=\"font0\">Jordgubbsglass<\/span><\/td>\n<\/tr>\n<tr style=\"height: 14.25pt\">\n<td style=\"height: 14.25pt\" height=\"19\"><span class=\"font0\">Jordgubb Kiwi<\/span><\/td>\n<\/tr>\n<tr style=\"height: 14.25pt\">\n<td style=\"height: 14.25pt\" height=\"19\"><span class=\"font0\">Jordgubb Mango<\/span><\/td>\n<\/tr>\n<tr style=\"height: 14.25pt\">\n<td style=\"height: 14.25pt\" height=\"19\"><span class=\"font0\">Jordgubbar Vattenmelon<\/span><\/td>\n<\/tr>\n<tr style=\"height: 14.25pt\">\n<td style=\"height: 14.25pt\" height=\"19\"><span class=\"font0\">Vattenmelon<\/span><\/td>\n<\/tr>\n<\/tbody>\n<\/table>\n<h2>Information om f\u00f6rpackningen<\/h2>\n<ul>\n<li>1 st\/l\u00e5da<\/li>\n<li>10 st\/ Medium (display)-l\u00e5da<\/li>\n<li>200 st\/masterkartong\/18,50 kg<\/li>\n<\/ul>\n<p><img loading=\"lazy\" decoding=\"async\" class=\"alignnone size-full wp-image-11458\" title=\"RandM Supbliss Bingo 8000 Vape grossist\" src=\"https:\/\/www.vape4wholesale.com\/wp-content\/uploads\/2023\/06\/RandM-Supbliss-Bingo-8000-Vape-Wholesale.jpg\" alt=\"RandM Supbliss Bingo 8000 Vape grossist\" width=\"590\" height=\"539\" srcset=\"https:\/\/www.vape4wholesale.com\/wp-content\/uploads\/2023\/06\/RandM-Supbliss-Bingo-8000-Vape-Wholesale.jpg 590w, https:\/\/www.vape4wholesale.com\/wp-content\/uploads\/2023\/06\/RandM-Supbliss-Bingo-8000-Vape-Wholesale-510x466.jpg 510w, https:\/\/www.vape4wholesale.com\/wp-content\/uploads\/2023\/06\/RandM-Supbliss-Bingo-8000-Vape-Wholesale-64x58.jpg 64w, https:\/\/www.vape4wholesale.com\/wp-content\/uploads\/2023\/06\/RandM-Supbliss-Bingo-8000-Vape-Wholesale-300x274.jpg 300w\" sizes=\"auto, (max-width: 590px) 100vw, 590px\" \/> <img loading=\"lazy\" decoding=\"async\" class=\"alignnone size-full wp-image-11457\" title=\"RandM Supbliss Bingo 8000 Vape Vattenmelon\" src=\"https:\/\/www.vape4wholesale.com\/wp-content\/uploads\/2023\/06\/RandM-Supbliss-Bingo-8000-Vape-Watermelon.jpg\" alt=\"RandM Supbliss Bingo 8000 Vape Vattenmelon\" width=\"590\" height=\"590\" srcset=\"https:\/\/www.vape4wholesale.com\/wp-content\/uploads\/2023\/06\/RandM-Supbliss-Bingo-8000-Vape-Watermelon.jpg 590w, https:\/\/www.vape4wholesale.com\/wp-content\/uploads\/2023\/06\/RandM-Supbliss-Bingo-8000-Vape-Watermelon-247x247.jpg 247w, https:\/\/www.vape4wholesale.com\/wp-content\/uploads\/2023\/06\/RandM-Supbliss-Bingo-8000-Vape-Watermelon-100x100.jpg 100w, https:\/\/www.vape4wholesale.com\/wp-content\/uploads\/2023\/06\/RandM-Supbliss-Bingo-8000-Vape-Watermelon-510x510.jpg 510w, https:\/\/www.vape4wholesale.com\/wp-content\/uploads\/2023\/06\/RandM-Supbliss-Bingo-8000-Vape-Watermelon-64x64.jpg 64w, https:\/\/www.vape4wholesale.com\/wp-content\/uploads\/2023\/06\/RandM-Supbliss-Bingo-8000-Vape-Watermelon-300x300.jpg 300w, https:\/\/www.vape4wholesale.com\/wp-content\/uploads\/2023\/06\/RandM-Supbliss-Bingo-8000-Vape-Watermelon-150x150.jpg 150w\" sizes=\"auto, (max-width: 590px) 100vw, 590px\" \/> <img loading=\"lazy\" decoding=\"async\" class=\"alignnone size-full wp-image-11447\" title=\"RandM Supbliss Bingo 8000 Vape Lychee Cola\" src=\"https:\/\/www.vape4wholesale.com\/wp-content\/uploads\/2023\/06\/RandM-Supbliss-Bingo-8000-Vape-Lychee-Cola.jpg\" alt=\"RandM Supbliss Bingo 8000 Vape Lychee Cola\" width=\"590\" height=\"590\" srcset=\"https:\/\/www.vape4wholesale.com\/wp-content\/uploads\/2023\/06\/RandM-Supbliss-Bingo-8000-Vape-Lychee-Cola.jpg 590w, https:\/\/www.vape4wholesale.com\/wp-content\/uploads\/2023\/06\/RandM-Supbliss-Bingo-8000-Vape-Lychee-Cola-247x247.jpg 247w, https:\/\/www.vape4wholesale.com\/wp-content\/uploads\/2023\/06\/RandM-Supbliss-Bingo-8000-Vape-Lychee-Cola-100x100.jpg 100w, https:\/\/www.vape4wholesale.com\/wp-content\/uploads\/2023\/06\/RandM-Supbliss-Bingo-8000-Vape-Lychee-Cola-510x510.jpg 510w, https:\/\/www.vape4wholesale.com\/wp-content\/uploads\/2023\/06\/RandM-Supbliss-Bingo-8000-Vape-Lychee-Cola-64x64.jpg 64w, https:\/\/www.vape4wholesale.com\/wp-content\/uploads\/2023\/06\/RandM-Supbliss-Bingo-8000-Vape-Lychee-Cola-300x300.jpg 300w, https:\/\/www.vape4wholesale.com\/wp-content\/uploads\/2023\/06\/RandM-Supbliss-Bingo-8000-Vape-Lychee-Cola-150x150.jpg 150w\" sizes=\"auto, (max-width: 590px) 100vw, 590px\" \/> <img loading=\"lazy\" decoding=\"async\" class=\"alignnone size-full wp-image-11455\" title=\"RandM Supbliss Bingo 8000 Vape Jordgubb Mango\" src=\"https:\/\/www.vape4wholesale.com\/wp-content\/uploads\/2023\/06\/RandM-Supbliss-Bingo-8000-Vape-Strawberry-Mango.jpg\" alt=\"RandM Supbliss Bingo 8000 Vape Jordgubb Mango\" width=\"590\" height=\"590\" srcset=\"https:\/\/www.vape4wholesale.com\/wp-content\/uploads\/2023\/06\/RandM-Supbliss-Bingo-8000-Vape-Strawberry-Mango.jpg 590w, https:\/\/www.vape4wholesale.com\/wp-content\/uploads\/2023\/06\/RandM-Supbliss-Bingo-8000-Vape-Strawberry-Mango-247x247.jpg 247w, https:\/\/www.vape4wholesale.com\/wp-content\/uploads\/2023\/06\/RandM-Supbliss-Bingo-8000-Vape-Strawberry-Mango-100x100.jpg 100w, https:\/\/www.vape4wholesale.com\/wp-content\/uploads\/2023\/06\/RandM-Supbliss-Bingo-8000-Vape-Strawberry-Mango-510x510.jpg 510w, https:\/\/www.vape4wholesale.com\/wp-content\/uploads\/2023\/06\/RandM-Supbliss-Bingo-8000-Vape-Strawberry-Mango-64x64.jpg 64w, https:\/\/www.vape4wholesale.com\/wp-content\/uploads\/2023\/06\/RandM-Supbliss-Bingo-8000-Vape-Strawberry-Mango-300x300.jpg 300w, https:\/\/www.vape4wholesale.com\/wp-content\/uploads\/2023\/06\/RandM-Supbliss-Bingo-8000-Vape-Strawberry-Mango-150x150.jpg 150w\" sizes=\"auto, (max-width: 590px) 100vw, 590px\" \/> <img loading=\"lazy\" decoding=\"async\" class=\"alignnone size-full wp-image-11446\" title=\"RandM Supbliss Bingo 8000 Vape Love66\" src=\"https:\/\/www.vape4wholesale.com\/wp-content\/uploads\/2023\/06\/RandM-Supbliss-Bingo-8000-Vape-Love66.jpg\" alt=\"RandM Supbliss Bingo 8000 Vape Love66\" width=\"590\" height=\"590\" srcset=\"https:\/\/www.vape4wholesale.com\/wp-content\/uploads\/2023\/06\/RandM-Supbliss-Bingo-8000-Vape-Love66.jpg 590w, https:\/\/www.vape4wholesale.com\/wp-content\/uploads\/2023\/06\/RandM-Supbliss-Bingo-8000-Vape-Love66-247x247.jpg 247w, https:\/\/www.vape4wholesale.com\/wp-content\/uploads\/2023\/06\/RandM-Supbliss-Bingo-8000-Vape-Love66-100x100.jpg 100w, https:\/\/www.vape4wholesale.com\/wp-content\/uploads\/2023\/06\/RandM-Supbliss-Bingo-8000-Vape-Love66-510x510.jpg 510w, https:\/\/www.vape4wholesale.com\/wp-content\/uploads\/2023\/06\/RandM-Supbliss-Bingo-8000-Vape-Love66-64x64.jpg 64w, https:\/\/www.vape4wholesale.com\/wp-content\/uploads\/2023\/06\/RandM-Supbliss-Bingo-8000-Vape-Love66-300x300.jpg 300w, https:\/\/www.vape4wholesale.com\/wp-content\/uploads\/2023\/06\/RandM-Supbliss-Bingo-8000-Vape-Love66-150x150.jpg 150w\" sizes=\"auto, (max-width: 590px) 100vw, 590px\" \/> <img loading=\"lazy\" decoding=\"async\" class=\"alignnone size-full wp-image-11445\" title=\"RandM Supbliss Bingo 8000 Vape Lady Kliller\" src=\"https:\/\/www.vape4wholesale.com\/wp-content\/uploads\/2023\/06\/RandM-Supbliss-Bingo-8000-Vape-Lady-Kliller.jpg\" alt=\"RandM Supbliss Bingo 8000 Vape Lady Kliller\" width=\"590\" height=\"590\" srcset=\"https:\/\/www.vape4wholesale.com\/wp-content\/uploads\/2023\/06\/RandM-Supbliss-Bingo-8000-Vape-Lady-Kliller.jpg 590w, https:\/\/www.vape4wholesale.com\/wp-content\/uploads\/2023\/06\/RandM-Supbliss-Bingo-8000-Vape-Lady-Kliller-247x247.jpg 247w, https:\/\/www.vape4wholesale.com\/wp-content\/uploads\/2023\/06\/RandM-Supbliss-Bingo-8000-Vape-Lady-Kliller-100x100.jpg 100w, https:\/\/www.vape4wholesale.com\/wp-content\/uploads\/2023\/06\/RandM-Supbliss-Bingo-8000-Vape-Lady-Kliller-510x510.jpg 510w, https:\/\/www.vape4wholesale.com\/wp-content\/uploads\/2023\/06\/RandM-Supbliss-Bingo-8000-Vape-Lady-Kliller-64x64.jpg 64w, https:\/\/www.vape4wholesale.com\/wp-content\/uploads\/2023\/06\/RandM-Supbliss-Bingo-8000-Vape-Lady-Kliller-300x300.jpg 300w, https:\/\/www.vape4wholesale.com\/wp-content\/uploads\/2023\/06\/RandM-Supbliss-Bingo-8000-Vape-Lady-Kliller-150x150.jpg 150w\" sizes=\"auto, (max-width: 590px) 100vw, 590px\" \/> <img loading=\"lazy\" decoding=\"async\" class=\"alignnone size-full wp-image-11454\" title=\"RandM Supbliss Bingo 8000 Vape Strawberry Kiwi\" src=\"https:\/\/www.vape4wholesale.com\/wp-content\/uploads\/2023\/06\/RandM-Supbliss-Bingo-8000-Vape-Strawberry-Kiwi.jpg\" alt=\"RandM Supbliss Bingo 8000 Vape Strawberry Kiwi\" width=\"590\" height=\"590\" srcset=\"https:\/\/www.vape4wholesale.com\/wp-content\/uploads\/2023\/06\/RandM-Supbliss-Bingo-8000-Vape-Strawberry-Kiwi.jpg 590w, https:\/\/www.vape4wholesale.com\/wp-content\/uploads\/2023\/06\/RandM-Supbliss-Bingo-8000-Vape-Strawberry-Kiwi-247x247.jpg 247w, https:\/\/www.vape4wholesale.com\/wp-content\/uploads\/2023\/06\/RandM-Supbliss-Bingo-8000-Vape-Strawberry-Kiwi-100x100.jpg 100w, https:\/\/www.vape4wholesale.com\/wp-content\/uploads\/2023\/06\/RandM-Supbliss-Bingo-8000-Vape-Strawberry-Kiwi-510x510.jpg 510w, https:\/\/www.vape4wholesale.com\/wp-content\/uploads\/2023\/06\/RandM-Supbliss-Bingo-8000-Vape-Strawberry-Kiwi-64x64.jpg 64w, https:\/\/www.vape4wholesale.com\/wp-content\/uploads\/2023\/06\/RandM-Supbliss-Bingo-8000-Vape-Strawberry-Kiwi-300x300.jpg 300w, https:\/\/www.vape4wholesale.com\/wp-content\/uploads\/2023\/06\/RandM-Supbliss-Bingo-8000-Vape-Strawberry-Kiwi-150x150.jpg 150w\" sizes=\"auto, (max-width: 590px) 100vw, 590px\" \/><\/p>","protected":false},"excerpt":{"rendered":"[scf-template id=&#8217;11434&#8242;]\n<table class=\"woocommerce-product-attributes shop_attributes\" aria-label=\"Produktdetaljer\">\n\t\t\t<tr class=\"woocommerce-product-attributes-item woocommerce-product-attributes-item--weight\">\n\t\t\t<th class=\"woocommerce-product-attributes-item__label\" scope=\"row\">Vikt<\/th>\n\t\t\t<td class=\"woocommerce-product-attributes-item__value\">0.091 kg<\/td>\n\t\t<\/tr>\n\t<\/table>\n\n","protected":false},"featured_media":11458,"comment_status":"open","ping_status":"closed","template":"","meta":[],"pwb-brand":[1270],"product_cat":[870],"product_tag":[22,24,272,342,343,522],"class_list":{"0":"post-11115","1":"product","2":"type-product","3":"status-publish","4":"has-post-thumbnail","6":"pwb-brand-randm","7":"product_cat-8000-10000-puffs","8":"product_tag-disposable","9":"product_tag-wholesale","10":"product_tag-randm","11":"product_tag-16-0ml","12":"product_tag-8000-puffs","13":"product_tag-supbliss","14":"wcpa_has_options","16":"first","17":"outofstock","18":"shipping-taxable","19":"purchasable","20":"product-type-variable"},"aioseo_notices":[],"brands":[{"id":1270,"name":"Randm","slug":"randm"}],"_links":{"self":[{"href":"https:\/\/www.vape4wholesale.com\/sv\/wp-json\/wp\/v2\/product\/11115","targetHints":{"allow":["GET"]}}],"collection":[{"href":"https:\/\/www.vape4wholesale.com\/sv\/wp-json\/wp\/v2\/product"}],"about":[{"href":"https:\/\/www.vape4wholesale.com\/sv\/wp-json\/wp\/v2\/types\/product"}],"replies":[{"embeddable":true,"href":"https:\/\/www.vape4wholesale.com\/sv\/wp-json\/wp\/v2\/comments?post=11115"}],"wp:featuredmedia":[{"embeddable":true,"href":"https:\/\/www.vape4wholesale.com\/sv\/wp-json\/wp\/v2\/media\/11458"}],"wp:attachment":[{"href":"https:\/\/www.vape4wholesale.com\/sv\/wp-json\/wp\/v2\/media?parent=11115"}],"wp:term":[{"taxonomy":"pwb-brand","embeddable":true,"href":"https:\/\/www.vape4wholesale.com\/sv\/wp-json\/wp\/v2\/pwb-brand?post=11115"},{"taxonomy":"product_cat","embeddable":true,"href":"https:\/\/www.vape4wholesale.com\/sv\/wp-json\/wp\/v2\/product_cat?post=11115"},{"taxonomy":"product_tag","embeddable":true,"href":"https:\/\/www.vape4wholesale.com\/sv\/wp-json\/wp\/v2\/product_tag?post=11115"}],"curies":[{"name":"wp","href":"https:\/\/api.w.org\/{rel}","templated":true}]}}