{"id":10561,"date":"2023-06-19T15:14:57","date_gmt":"2023-06-19T07:14:57","guid":{"rendered":"https:\/\/www.vape4wholesale.com\/?post_type=product&#038;p=10561"},"modified":"2026-01-26T13:42:38","modified_gmt":"2026-01-26T13:42:38","slug":"elf-bar-te5000-engangs-vape-grossist","status":"publish","type":"product","link":"https:\/\/www.vape4wholesale.com\/sv\/product\/elf-bar-te5000-disposable-vape-wholesale","title":{"rendered":"Elf Bar TE5000 Eng\u00e5ngsvape grossist"},"content":{"rendered":"<p>Den <strong><a title=\"Elf Bar\" href=\"https:\/\/www.vape4wholesale.com\/sv\/produkt_varumarke\/alvbar\/\">Elf Bar<\/a> TE5000<\/strong> Disposable vape \u00e4r en i\u00f6gonfallande eng\u00e5ngsenhet som har en metallisk botten och ett klart yttre skal. Den anv\u00e4nder en mesh-spole f\u00f6r att ge en mer smakfull vapingupplevelse och kan ocks\u00e5 laddas via den nedre USB Type-C-porten. En av de unika egenskaperna hos denna eng\u00e5ngs e-cigg \u00e4r att den \u00e4r praktiskt taget tyst n\u00e4r du r\u00f6ker. Enheten levereras f\u00f6rfylld med 50 mg nikotinsalt e-juicer och finns i m\u00e5nga goda smaker att v\u00e4lja mellan.<\/p>\n<h2>Elf Bar TE5000 Eng\u00e5ngsvape Specifikationer<\/h2>\n<ul>\n<li>13,5 mL per e-cigarett<\/li>\n<li>5% nikotin efter vikt (50mg\/mL)<\/li>\n<li>Cirka 5000 puffar per enhet<\/li>\n<li>550 internt uppladdningsbart batteri<\/li>\n<li>M\u00e5tt 48 mm x 42 mm x 22 mm<\/li>\n<li>Tillverkad med salt nic e-juice<\/li>\n<li>F\u00f6rfylld och f\u00f6rladdad<\/li>\n<li>Tillverkad i Kina<\/li>\n<li>N\u00e4tspole<\/li>\n<li>Tyst vaping<\/li>\n<li>USB-laddningsport av typ C<\/li>\n<li>LED-lampa i botten<\/li>\n<\/ul>\n<h2>Smak\u00e4mnen<\/h2>\n<p>\u00c4pple Persika<br \/>\nBl\u00e5b\u00e4rsis<br \/>\nBlue Razz Ice<br \/>\nBlue Razz Lemonade<br \/>\nSockervadd<br \/>\nEnergi<br \/>\nDruva<br \/>\nJuicy persika<br \/>\nKiwi Passionsfrukt Guava<br \/>\nAnanas Mango Apelsin<br \/>\nJordgubbar Bananer<br \/>\nJordgubbsis<br \/>\nJordgubbsglass<br \/>\nVaniljglass<br \/>\nVattenmelon-is<\/p>\n<p><img loading=\"lazy\" decoding=\"async\" class=\"alignnone size-full wp-image-11544\" title=\"Elf Bar TE5000 eng\u00e5ngsvape grossist Apple Peach\" src=\"https:\/\/www.vape4wholesale.com\/wp-content\/uploads\/2023\/06\/Elf-Bar-TE5000-Disposable-Vape-Wholesale-Apple-Peach.jpg\" alt=\"Elf Bar TE5000 eng\u00e5ngsvape grossist Apple Peach\" width=\"720\" height=\"906\" srcset=\"https:\/\/www.vape4wholesale.com\/wp-content\/uploads\/2023\/06\/Elf-Bar-TE5000-Disposable-Vape-Wholesale-Apple-Peach.jpg 720w, https:\/\/www.vape4wholesale.com\/wp-content\/uploads\/2023\/06\/Elf-Bar-TE5000-Disposable-Vape-Wholesale-Apple-Peach-510x642.jpg 510w, https:\/\/www.vape4wholesale.com\/wp-content\/uploads\/2023\/06\/Elf-Bar-TE5000-Disposable-Vape-Wholesale-Apple-Peach-64x81.jpg 64w, https:\/\/www.vape4wholesale.com\/wp-content\/uploads\/2023\/06\/Elf-Bar-TE5000-Disposable-Vape-Wholesale-Apple-Peach-238x300.jpg 238w\" sizes=\"auto, (max-width: 720px) 100vw, 720px\" \/> <img loading=\"lazy\" decoding=\"async\" class=\"alignnone size-full wp-image-11545\" title=\"Elf Bar TE5000 eng\u00e5ngsvape grossist Blue Razz Lemonda\" src=\"https:\/\/www.vape4wholesale.com\/wp-content\/uploads\/2023\/06\/Elf-Bar-TE5000-Disposable-Vape-Wholesale-Blue-Razz-Lemonda.jpg\" alt=\"Elf Bar TE5000 eng\u00e5ngsvape grossist Blue Razz Lemonda\" width=\"720\" height=\"906\" srcset=\"https:\/\/www.vape4wholesale.com\/wp-content\/uploads\/2023\/06\/Elf-Bar-TE5000-Disposable-Vape-Wholesale-Blue-Razz-Lemonda.jpg 720w, https:\/\/www.vape4wholesale.com\/wp-content\/uploads\/2023\/06\/Elf-Bar-TE5000-Disposable-Vape-Wholesale-Blue-Razz-Lemonda-510x642.jpg 510w, https:\/\/www.vape4wholesale.com\/wp-content\/uploads\/2023\/06\/Elf-Bar-TE5000-Disposable-Vape-Wholesale-Blue-Razz-Lemonda-64x81.jpg 64w, https:\/\/www.vape4wholesale.com\/wp-content\/uploads\/2023\/06\/Elf-Bar-TE5000-Disposable-Vape-Wholesale-Blue-Razz-Lemonda-238x300.jpg 238w\" sizes=\"auto, (max-width: 720px) 100vw, 720px\" \/> <img loading=\"lazy\" decoding=\"async\" class=\"alignnone size-full wp-image-11546\" title=\"Elf Bar TE5000 eng\u00e5ngsvape grossist Bl\u00e5b\u00e4rsis\" src=\"https:\/\/www.vape4wholesale.com\/wp-content\/uploads\/2023\/06\/Elf-Bar-TE5000-Disposable-Vape-Wholesale-Blueberry-Ice.jpg\" alt=\"Elf Bar TE5000 eng\u00e5ngsvape grossist Bl\u00e5b\u00e4rsis\" width=\"720\" height=\"907\" srcset=\"https:\/\/www.vape4wholesale.com\/wp-content\/uploads\/2023\/06\/Elf-Bar-TE5000-Disposable-Vape-Wholesale-Blueberry-Ice.jpg 720w, https:\/\/www.vape4wholesale.com\/wp-content\/uploads\/2023\/06\/Elf-Bar-TE5000-Disposable-Vape-Wholesale-Blueberry-Ice-510x642.jpg 510w, https:\/\/www.vape4wholesale.com\/wp-content\/uploads\/2023\/06\/Elf-Bar-TE5000-Disposable-Vape-Wholesale-Blueberry-Ice-64x81.jpg 64w, https:\/\/www.vape4wholesale.com\/wp-content\/uploads\/2023\/06\/Elf-Bar-TE5000-Disposable-Vape-Wholesale-Blueberry-Ice-238x300.jpg 238w\" sizes=\"auto, (max-width: 720px) 100vw, 720px\" \/> <img loading=\"lazy\" decoding=\"async\" class=\"alignnone size-full wp-image-11547\" title=\"Elf Bar TE5000 eng\u00e5ngsvape grossist Sockervadd\" src=\"https:\/\/www.vape4wholesale.com\/wp-content\/uploads\/2023\/06\/Elf-Bar-TE5000-Disposable-Vape-Wholesale-Cotton-Candy.jpg\" alt=\"Elf Bar TE5000 eng\u00e5ngsvape grossist Sockervadd\" width=\"720\" height=\"906\" srcset=\"https:\/\/www.vape4wholesale.com\/wp-content\/uploads\/2023\/06\/Elf-Bar-TE5000-Disposable-Vape-Wholesale-Cotton-Candy.jpg 720w, https:\/\/www.vape4wholesale.com\/wp-content\/uploads\/2023\/06\/Elf-Bar-TE5000-Disposable-Vape-Wholesale-Cotton-Candy-510x642.jpg 510w, https:\/\/www.vape4wholesale.com\/wp-content\/uploads\/2023\/06\/Elf-Bar-TE5000-Disposable-Vape-Wholesale-Cotton-Candy-64x81.jpg 64w, https:\/\/www.vape4wholesale.com\/wp-content\/uploads\/2023\/06\/Elf-Bar-TE5000-Disposable-Vape-Wholesale-Cotton-Candy-238x300.jpg 238w\" sizes=\"auto, (max-width: 720px) 100vw, 720px\" \/> <img loading=\"lazy\" decoding=\"async\" class=\"alignnone size-full wp-image-11548\" title=\"Elf Bar TE5000 eng\u00e5ngsvape Partihandel Energi\" src=\"https:\/\/www.vape4wholesale.com\/wp-content\/uploads\/2023\/06\/Elf-Bar-TE5000-Disposable-Vape-Wholesale-Energy.jpg\" alt=\"Elf Bar TE5000 eng\u00e5ngsvape Partihandel Energi\" width=\"720\" height=\"907\" srcset=\"https:\/\/www.vape4wholesale.com\/wp-content\/uploads\/2023\/06\/Elf-Bar-TE5000-Disposable-Vape-Wholesale-Energy.jpg 720w, https:\/\/www.vape4wholesale.com\/wp-content\/uploads\/2023\/06\/Elf-Bar-TE5000-Disposable-Vape-Wholesale-Energy-510x642.jpg 510w, https:\/\/www.vape4wholesale.com\/wp-content\/uploads\/2023\/06\/Elf-Bar-TE5000-Disposable-Vape-Wholesale-Energy-64x81.jpg 64w, https:\/\/www.vape4wholesale.com\/wp-content\/uploads\/2023\/06\/Elf-Bar-TE5000-Disposable-Vape-Wholesale-Energy-238x300.jpg 238w\" sizes=\"auto, (max-width: 720px) 100vw, 720px\" \/> <img loading=\"lazy\" decoding=\"async\" class=\"alignnone size-full wp-image-11549\" title=\"Elf Bar TE5000 eng\u00e5ngsvape grossist Grape\" src=\"https:\/\/www.vape4wholesale.com\/wp-content\/uploads\/2023\/06\/Elf-Bar-TE5000-Disposable-Vape-Wholesale-Grape.jpg\" alt=\"Elf Bar TE5000 eng\u00e5ngsvape grossist Grape\" width=\"720\" height=\"907\" srcset=\"https:\/\/www.vape4wholesale.com\/wp-content\/uploads\/2023\/06\/Elf-Bar-TE5000-Disposable-Vape-Wholesale-Grape.jpg 720w, https:\/\/www.vape4wholesale.com\/wp-content\/uploads\/2023\/06\/Elf-Bar-TE5000-Disposable-Vape-Wholesale-Grape-510x642.jpg 510w, https:\/\/www.vape4wholesale.com\/wp-content\/uploads\/2023\/06\/Elf-Bar-TE5000-Disposable-Vape-Wholesale-Grape-64x81.jpg 64w, https:\/\/www.vape4wholesale.com\/wp-content\/uploads\/2023\/06\/Elf-Bar-TE5000-Disposable-Vape-Wholesale-Grape-238x300.jpg 238w\" sizes=\"auto, (max-width: 720px) 100vw, 720px\" \/> <img loading=\"lazy\" decoding=\"async\" class=\"alignnone size-full wp-image-11550\" title=\"Elf Bar TE5000 eng\u00e5ngsvape grossist Juicy Peach\" src=\"https:\/\/www.vape4wholesale.com\/wp-content\/uploads\/2023\/06\/Elf-Bar-TE5000-Disposable-Vape-Wholesale-Juicy-Peach.jpg\" alt=\"Elf Bar TE5000 eng\u00e5ngsvape grossist Juicy Peach\" width=\"720\" height=\"906\" srcset=\"https:\/\/www.vape4wholesale.com\/wp-content\/uploads\/2023\/06\/Elf-Bar-TE5000-Disposable-Vape-Wholesale-Juicy-Peach.jpg 720w, https:\/\/www.vape4wholesale.com\/wp-content\/uploads\/2023\/06\/Elf-Bar-TE5000-Disposable-Vape-Wholesale-Juicy-Peach-510x642.jpg 510w, https:\/\/www.vape4wholesale.com\/wp-content\/uploads\/2023\/06\/Elf-Bar-TE5000-Disposable-Vape-Wholesale-Juicy-Peach-64x81.jpg 64w, https:\/\/www.vape4wholesale.com\/wp-content\/uploads\/2023\/06\/Elf-Bar-TE5000-Disposable-Vape-Wholesale-Juicy-Peach-238x300.jpg 238w\" sizes=\"auto, (max-width: 720px) 100vw, 720px\" \/> <img loading=\"lazy\" decoding=\"async\" class=\"alignnone size-full wp-image-11551\" title=\"Elf Bar TE5000 eng\u00e5ngsvape grossist Kiwi passionsfrukt Guava\" src=\"https:\/\/www.vape4wholesale.com\/wp-content\/uploads\/2023\/06\/Elf-Bar-TE5000-Disposable-Vape-Wholesale-Kiwi-Passion-Fruit-Guava.jpg\" alt=\"Elf Bar TE5000 eng\u00e5ngsvape grossist Kiwi passionsfrukt Guava\" width=\"720\" height=\"907\" srcset=\"https:\/\/www.vape4wholesale.com\/wp-content\/uploads\/2023\/06\/Elf-Bar-TE5000-Disposable-Vape-Wholesale-Kiwi-Passion-Fruit-Guava.jpg 720w, https:\/\/www.vape4wholesale.com\/wp-content\/uploads\/2023\/06\/Elf-Bar-TE5000-Disposable-Vape-Wholesale-Kiwi-Passion-Fruit-Guava-510x642.jpg 510w, https:\/\/www.vape4wholesale.com\/wp-content\/uploads\/2023\/06\/Elf-Bar-TE5000-Disposable-Vape-Wholesale-Kiwi-Passion-Fruit-Guava-64x81.jpg 64w, https:\/\/www.vape4wholesale.com\/wp-content\/uploads\/2023\/06\/Elf-Bar-TE5000-Disposable-Vape-Wholesale-Kiwi-Passion-Fruit-Guava-238x300.jpg 238w\" sizes=\"auto, (max-width: 720px) 100vw, 720px\" \/> <img loading=\"lazy\" decoding=\"async\" class=\"alignnone size-full wp-image-11552\" title=\"\u00d6versikt \u00f6ver Elf Bar TE5000 eng\u00e5ngsvape f\u00f6r grossistf\u00f6rs\u00e4ljning\" src=\"https:\/\/www.vape4wholesale.com\/wp-content\/uploads\/2023\/06\/Elf-Bar-TE5000-Disposable-Vape-Wholesale-Overview.jpg\" alt=\"\u00d6versikt \u00f6ver Elf Bar TE5000 eng\u00e5ngsvape f\u00f6r grossistf\u00f6rs\u00e4ljning\" width=\"720\" height=\"720\" srcset=\"https:\/\/www.vape4wholesale.com\/wp-content\/uploads\/2023\/06\/Elf-Bar-TE5000-Disposable-Vape-Wholesale-Overview.jpg 720w, https:\/\/www.vape4wholesale.com\/wp-content\/uploads\/2023\/06\/Elf-Bar-TE5000-Disposable-Vape-Wholesale-Overview-247x247.jpg 247w, https:\/\/www.vape4wholesale.com\/wp-content\/uploads\/2023\/06\/Elf-Bar-TE5000-Disposable-Vape-Wholesale-Overview-100x100.jpg 100w, https:\/\/www.vape4wholesale.com\/wp-content\/uploads\/2023\/06\/Elf-Bar-TE5000-Disposable-Vape-Wholesale-Overview-510x510.jpg 510w, https:\/\/www.vape4wholesale.com\/wp-content\/uploads\/2023\/06\/Elf-Bar-TE5000-Disposable-Vape-Wholesale-Overview-64x64.jpg 64w, https:\/\/www.vape4wholesale.com\/wp-content\/uploads\/2023\/06\/Elf-Bar-TE5000-Disposable-Vape-Wholesale-Overview-300x300.jpg 300w, https:\/\/www.vape4wholesale.com\/wp-content\/uploads\/2023\/06\/Elf-Bar-TE5000-Disposable-Vape-Wholesale-Overview-150x150.jpg 150w\" sizes=\"auto, (max-width: 720px) 100vw, 720px\" \/> <img loading=\"lazy\" decoding=\"async\" class=\"alignnone size-full wp-image-11553\" title=\"Elf Bar TE5000 eng\u00e5ngsvape grossist Pipeapple Mango Orange\" src=\"https:\/\/www.vape4wholesale.com\/wp-content\/uploads\/2023\/06\/Elf-Bar-TE5000-Disposable-Vape-Wholesale-Pipeapple-Mango-Orange.jpg\" alt=\"Elf Bar TE5000 eng\u00e5ngsvape grossist Pipeapple Mango Orange\" width=\"720\" height=\"906\" srcset=\"https:\/\/www.vape4wholesale.com\/wp-content\/uploads\/2023\/06\/Elf-Bar-TE5000-Disposable-Vape-Wholesale-Pipeapple-Mango-Orange.jpg 720w, https:\/\/www.vape4wholesale.com\/wp-content\/uploads\/2023\/06\/Elf-Bar-TE5000-Disposable-Vape-Wholesale-Pipeapple-Mango-Orange-510x642.jpg 510w, https:\/\/www.vape4wholesale.com\/wp-content\/uploads\/2023\/06\/Elf-Bar-TE5000-Disposable-Vape-Wholesale-Pipeapple-Mango-Orange-64x81.jpg 64w, https:\/\/www.vape4wholesale.com\/wp-content\/uploads\/2023\/06\/Elf-Bar-TE5000-Disposable-Vape-Wholesale-Pipeapple-Mango-Orange-238x300.jpg 238w\" sizes=\"auto, (max-width: 720px) 100vw, 720px\" \/> <img loading=\"lazy\" decoding=\"async\" class=\"alignnone size-full wp-image-11554\" title=\"Elf Bar TE5000 eng\u00e5ngsvape grossist Straberry Banana\" src=\"https:\/\/www.vape4wholesale.com\/wp-content\/uploads\/2023\/06\/Elf-Bar-TE5000-Disposable-Vape-Wholesale-Straberry-Banana.jpg\" alt=\"Elf Bar TE5000 eng\u00e5ngsvape grossist Straberry Banana\" width=\"720\" height=\"905\" srcset=\"https:\/\/www.vape4wholesale.com\/wp-content\/uploads\/2023\/06\/Elf-Bar-TE5000-Disposable-Vape-Wholesale-Straberry-Banana.jpg 720w, https:\/\/www.vape4wholesale.com\/wp-content\/uploads\/2023\/06\/Elf-Bar-TE5000-Disposable-Vape-Wholesale-Straberry-Banana-510x641.jpg 510w, https:\/\/www.vape4wholesale.com\/wp-content\/uploads\/2023\/06\/Elf-Bar-TE5000-Disposable-Vape-Wholesale-Straberry-Banana-64x80.jpg 64w, https:\/\/www.vape4wholesale.com\/wp-content\/uploads\/2023\/06\/Elf-Bar-TE5000-Disposable-Vape-Wholesale-Straberry-Banana-239x300.jpg 239w\" sizes=\"auto, (max-width: 720px) 100vw, 720px\" \/> <img loading=\"lazy\" decoding=\"async\" class=\"alignnone size-full wp-image-11555\" title=\"Elf Bar TE5000 eng\u00e5ngsvape grossist Straberry Ice Cream\" src=\"https:\/\/www.vape4wholesale.com\/wp-content\/uploads\/2023\/06\/Elf-Bar-TE5000-Disposable-Vape-Wholesale-Straberry-Ice-Cream.jpg\" alt=\"Elf Bar TE5000 eng\u00e5ngsvape grossist Straberry Ice Cream\" width=\"720\" height=\"907\" srcset=\"https:\/\/www.vape4wholesale.com\/wp-content\/uploads\/2023\/06\/Elf-Bar-TE5000-Disposable-Vape-Wholesale-Straberry-Ice-Cream.jpg 720w, https:\/\/www.vape4wholesale.com\/wp-content\/uploads\/2023\/06\/Elf-Bar-TE5000-Disposable-Vape-Wholesale-Straberry-Ice-Cream-510x642.jpg 510w, https:\/\/www.vape4wholesale.com\/wp-content\/uploads\/2023\/06\/Elf-Bar-TE5000-Disposable-Vape-Wholesale-Straberry-Ice-Cream-64x81.jpg 64w, https:\/\/www.vape4wholesale.com\/wp-content\/uploads\/2023\/06\/Elf-Bar-TE5000-Disposable-Vape-Wholesale-Straberry-Ice-Cream-238x300.jpg 238w\" sizes=\"auto, (max-width: 720px) 100vw, 720px\" \/> <img loading=\"lazy\" decoding=\"async\" class=\"alignnone size-full wp-image-11556\" title=\"Elf Bar TE5000 eng\u00e5ngsvape grossist Vattenmelon Ice\" src=\"https:\/\/www.vape4wholesale.com\/wp-content\/uploads\/2023\/06\/Elf-Bar-TE5000-Disposable-Vape-Wholesale-Watermelon-Ice.jpg\" alt=\"Elf Bar TE5000 eng\u00e5ngsvape grossist Vattenmelon Ice\" width=\"720\" height=\"907\" srcset=\"https:\/\/www.vape4wholesale.com\/wp-content\/uploads\/2023\/06\/Elf-Bar-TE5000-Disposable-Vape-Wholesale-Watermelon-Ice.jpg 720w, https:\/\/www.vape4wholesale.com\/wp-content\/uploads\/2023\/06\/Elf-Bar-TE5000-Disposable-Vape-Wholesale-Watermelon-Ice-510x642.jpg 510w, https:\/\/www.vape4wholesale.com\/wp-content\/uploads\/2023\/06\/Elf-Bar-TE5000-Disposable-Vape-Wholesale-Watermelon-Ice-64x81.jpg 64w, https:\/\/www.vape4wholesale.com\/wp-content\/uploads\/2023\/06\/Elf-Bar-TE5000-Disposable-Vape-Wholesale-Watermelon-Ice-238x300.jpg 238w\" sizes=\"auto, (max-width: 720px) 100vw, 720px\" \/><\/p>","protected":false},"excerpt":{"rendered":"[scf-template id=&#8217;11434&#8242;]\n<p>100% Original Elf Bar with QR Code<\/p>\n","protected":false},"featured_media":11552,"comment_status":"open","ping_status":"closed","template":"","meta":[],"pwb-brand":[1278],"product_cat":[72,869],"product_tag":[22,24,60,189,515],"class_list":{"0":"post-10561","1":"product","2":"type-product","3":"status-publish","4":"has-post-thumbnail","6":"pwb-brand-elf-bar","7":"product_cat-disposable-vape","8":"product_cat-5000-8000-puffs","9":"product_tag-disposable","10":"product_tag-wholesale","11":"product_tag-elf-bar","12":"product_tag-5000-puffs","13":"product_tag-13-5ml","15":"first","16":"outofstock","17":"shipping-taxable","18":"purchasable","19":"product-type-variable"},"aioseo_notices":[],"brands":[{"id":1278,"name":"Elf bar","slug":"alvbar"}],"_links":{"self":[{"href":"https:\/\/www.vape4wholesale.com\/sv\/wp-json\/wp\/v2\/product\/10561","targetHints":{"allow":["GET"]}}],"collection":[{"href":"https:\/\/www.vape4wholesale.com\/sv\/wp-json\/wp\/v2\/product"}],"about":[{"href":"https:\/\/www.vape4wholesale.com\/sv\/wp-json\/wp\/v2\/types\/product"}],"replies":[{"embeddable":true,"href":"https:\/\/www.vape4wholesale.com\/sv\/wp-json\/wp\/v2\/comments?post=10561"}],"wp:featuredmedia":[{"embeddable":true,"href":"https:\/\/www.vape4wholesale.com\/sv\/wp-json\/wp\/v2\/media\/11552"}],"wp:attachment":[{"href":"https:\/\/www.vape4wholesale.com\/sv\/wp-json\/wp\/v2\/media?parent=10561"}],"wp:term":[{"taxonomy":"pwb-brand","embeddable":true,"href":"https:\/\/www.vape4wholesale.com\/sv\/wp-json\/wp\/v2\/pwb-brand?post=10561"},{"taxonomy":"product_cat","embeddable":true,"href":"https:\/\/www.vape4wholesale.com\/sv\/wp-json\/wp\/v2\/product_cat?post=10561"},{"taxonomy":"product_tag","embeddable":true,"href":"https:\/\/www.vape4wholesale.com\/sv\/wp-json\/wp\/v2\/product_tag?post=10561"}],"curies":[{"name":"wp","href":"https:\/\/api.w.org\/{rel}","templated":true}]}}