{"id":10252,"date":"2023-06-18T19:58:00","date_gmt":"2023-06-18T11:58:00","guid":{"rendered":"https:\/\/www.vape4wholesale.com\/?post_type=product&#038;p=10252"},"modified":"2026-01-26T13:42:40","modified_gmt":"2026-01-26T13:42:40","slug":"forlorad-mary-os5000-engangs-vape-grossist","status":"publish","type":"product","link":"https:\/\/www.vape4wholesale.com\/sv\/product\/lost-mary-os5000-disposable-vape-wholesale","title":{"rendered":"Lost Mary OS5000 eng\u00e5ngsvape grossist"},"content":{"rendered":"<p>den <strong><a href=\"https:\/\/www.vape4wholesale.com\/sv\/produkt_varumarke\/forlorade-mary\/\">Lost Mary<\/a> OS5000<\/strong> Disposable Vape Wholesale, det \u00e4r en f\u00f6rfylld 13ml vape-enhet, levereras med uppladdningsbart 650mah-batteri, 5% nikotin (50mg), max st\u00f6d 5000 puffar.<\/p>\n<p>Det g\u00f6r ett bekv\u00e4mt alternativ f\u00f6r anv\u00e4ndning p\u00e5 spr\u00e5ng.planetytdesignen ger en unik touch till enheten, medan str\u00f6mindikatorerna p\u00e5 3 niv\u00e5er g\u00f6r det enkelt att h\u00e5lla reda p\u00e5 batteriet.OS5000 Disposble-kitet \u00e4r utrustat med en mesh-spole och \u00e4r dragaktiverad, vilket garanterar en smidig och trevlig vapingupplevelse. detta kit \u00e4r perfekt f\u00f6r dem som f\u00f6redrar en stark nikotintr\u00e4ff.oavsett om du \u00e4r en erfaren vaped eller ny p\u00e5 scenen,Lost Mary OS5000 Disposable vape \u00e4r ett utm\u00e4rkt val f\u00f6r alla som letar efter en p\u00e5litlig och anv\u00e4ndarv\u00e4nlig enhet.<\/p>\n<h2>Lost Mary OS5000 Eng\u00e5ngs Vape Snabba detaljer:<\/h2>\n<ol>\n<li>Varum\u00e4rke:Lost Mary<\/li>\n<li>Puffar:5000 Puffar \u00e4r tillg\u00e4ngliga per enhet<\/li>\n<li>Nikotin:5%<\/li>\n<li>Kapacitet f\u00f6r e-juice: 13ML<\/li>\n<li>Batteri: 650 mAh<\/li>\n<li>Laddningsport: Typ-C<\/li>\n<\/ol>\n<p>&nbsp;<\/p>\n<h2>Smak\u00e4mnen<\/h2>\n<ul>\n<li>Bl\u00e5 sockervadd<\/li>\n<li>Bl\u00e5b\u00e4rsis<\/li>\n<li>Blue Razz Ice<\/li>\n<li>L\u00e4sk med tranb\u00e4r<\/li>\n<li>Juicy persika<\/li>\n<li>kiwi passionsfrukt guava<\/li>\n<li>Ananas Mango<\/li>\n<li>Jordgubbssundae<\/li>\n<li>Jordgubbsis<\/li>\n<li>Jordgubb Mango<\/li>\n<li>Strawberry Pine Colada<\/li>\n<li>Vattenmelon<\/li>\n<\/ul>\n<h2>Paket<\/h2>\n<ul>\n<li>0,084 kg\/styck, 1\/l\u00e5da, 10\/kartong<\/li>\n<li>200\/kartong, 17,0 KG.<\/li>\n<\/ul>\n<p><img loading=\"lazy\" decoding=\"async\" class=\"alignnone size-full wp-image-11641\" title=\"Lost Mary OS5000 eng\u00e5ngsvape grossist Blue Razz Ice\" src=\"https:\/\/www.vape4wholesale.com\/wp-content\/uploads\/2023\/06\/Lost-Mary-OS5000-Disposable-Vape-Wholesale-Blue-Razz-Ice.jpg\" alt=\"Lost Mary OS5000 eng\u00e5ngsvape grossist Blue Razz Ice\" width=\"800\" height=\"800\" srcset=\"https:\/\/www.vape4wholesale.com\/wp-content\/uploads\/2023\/06\/Lost-Mary-OS5000-Disposable-Vape-Wholesale-Blue-Razz-Ice.jpg 800w, https:\/\/www.vape4wholesale.com\/wp-content\/uploads\/2023\/06\/Lost-Mary-OS5000-Disposable-Vape-Wholesale-Blue-Razz-Ice-247x247.jpg 247w, https:\/\/www.vape4wholesale.com\/wp-content\/uploads\/2023\/06\/Lost-Mary-OS5000-Disposable-Vape-Wholesale-Blue-Razz-Ice-100x100.jpg 100w, https:\/\/www.vape4wholesale.com\/wp-content\/uploads\/2023\/06\/Lost-Mary-OS5000-Disposable-Vape-Wholesale-Blue-Razz-Ice-510x510.jpg 510w, https:\/\/www.vape4wholesale.com\/wp-content\/uploads\/2023\/06\/Lost-Mary-OS5000-Disposable-Vape-Wholesale-Blue-Razz-Ice-64x64.jpg 64w, https:\/\/www.vape4wholesale.com\/wp-content\/uploads\/2023\/06\/Lost-Mary-OS5000-Disposable-Vape-Wholesale-Blue-Razz-Ice-300x300.jpg 300w, https:\/\/www.vape4wholesale.com\/wp-content\/uploads\/2023\/06\/Lost-Mary-OS5000-Disposable-Vape-Wholesale-Blue-Razz-Ice-150x150.jpg 150w, https:\/\/www.vape4wholesale.com\/wp-content\/uploads\/2023\/06\/Lost-Mary-OS5000-Disposable-Vape-Wholesale-Blue-Razz-Ice-768x768.jpg 768w\" sizes=\"auto, (max-width: 800px) 100vw, 800px\" \/> \u00a0<img loading=\"lazy\" decoding=\"async\" class=\"alignnone size-full wp-image-11643\" title=\"Lost Mary OS5000 Eng\u00e5ngsvape Partihandel Cranberry Soda\" src=\"https:\/\/www.vape4wholesale.com\/wp-content\/uploads\/2023\/06\/Lost-Mary-OS5000-Disposable-Vape-Wholesale-Cranberry-Soda.jpg\" alt=\"Lost Mary OS5000 Eng\u00e5ngsvape Partihandel Cranberry Soda\" width=\"800\" height=\"800\" srcset=\"https:\/\/www.vape4wholesale.com\/wp-content\/uploads\/2023\/06\/Lost-Mary-OS5000-Disposable-Vape-Wholesale-Cranberry-Soda.jpg 800w, https:\/\/www.vape4wholesale.com\/wp-content\/uploads\/2023\/06\/Lost-Mary-OS5000-Disposable-Vape-Wholesale-Cranberry-Soda-247x247.jpg 247w, https:\/\/www.vape4wholesale.com\/wp-content\/uploads\/2023\/06\/Lost-Mary-OS5000-Disposable-Vape-Wholesale-Cranberry-Soda-100x100.jpg 100w, https:\/\/www.vape4wholesale.com\/wp-content\/uploads\/2023\/06\/Lost-Mary-OS5000-Disposable-Vape-Wholesale-Cranberry-Soda-510x510.jpg 510w, https:\/\/www.vape4wholesale.com\/wp-content\/uploads\/2023\/06\/Lost-Mary-OS5000-Disposable-Vape-Wholesale-Cranberry-Soda-64x64.jpg 64w, https:\/\/www.vape4wholesale.com\/wp-content\/uploads\/2023\/06\/Lost-Mary-OS5000-Disposable-Vape-Wholesale-Cranberry-Soda-300x300.jpg 300w, https:\/\/www.vape4wholesale.com\/wp-content\/uploads\/2023\/06\/Lost-Mary-OS5000-Disposable-Vape-Wholesale-Cranberry-Soda-150x150.jpg 150w, https:\/\/www.vape4wholesale.com\/wp-content\/uploads\/2023\/06\/Lost-Mary-OS5000-Disposable-Vape-Wholesale-Cranberry-Soda-768x768.jpg 768w\" sizes=\"auto, (max-width: 800px) 100vw, 800px\" \/> <img loading=\"lazy\" decoding=\"async\" class=\"alignnone size-full wp-image-11644\" title=\"Lost Mary OS5000 eng\u00e5ngsvape grossist Juicy Peach\" src=\"https:\/\/www.vape4wholesale.com\/wp-content\/uploads\/2023\/06\/Lost-Mary-OS5000-Disposable-Vape-Wholesale-Juicy-Peach.jpg\" alt=\"Lost Mary OS5000 eng\u00e5ngsvape grossist Juicy Peach\" width=\"800\" height=\"800\" srcset=\"https:\/\/www.vape4wholesale.com\/wp-content\/uploads\/2023\/06\/Lost-Mary-OS5000-Disposable-Vape-Wholesale-Juicy-Peach.jpg 800w, https:\/\/www.vape4wholesale.com\/wp-content\/uploads\/2023\/06\/Lost-Mary-OS5000-Disposable-Vape-Wholesale-Juicy-Peach-247x247.jpg 247w, https:\/\/www.vape4wholesale.com\/wp-content\/uploads\/2023\/06\/Lost-Mary-OS5000-Disposable-Vape-Wholesale-Juicy-Peach-100x100.jpg 100w, https:\/\/www.vape4wholesale.com\/wp-content\/uploads\/2023\/06\/Lost-Mary-OS5000-Disposable-Vape-Wholesale-Juicy-Peach-510x510.jpg 510w, https:\/\/www.vape4wholesale.com\/wp-content\/uploads\/2023\/06\/Lost-Mary-OS5000-Disposable-Vape-Wholesale-Juicy-Peach-64x64.jpg 64w, https:\/\/www.vape4wholesale.com\/wp-content\/uploads\/2023\/06\/Lost-Mary-OS5000-Disposable-Vape-Wholesale-Juicy-Peach-300x300.jpg 300w, https:\/\/www.vape4wholesale.com\/wp-content\/uploads\/2023\/06\/Lost-Mary-OS5000-Disposable-Vape-Wholesale-Juicy-Peach-150x150.jpg 150w, https:\/\/www.vape4wholesale.com\/wp-content\/uploads\/2023\/06\/Lost-Mary-OS5000-Disposable-Vape-Wholesale-Juicy-Peach-768x768.jpg 768w\" sizes=\"auto, (max-width: 800px) 100vw, 800px\" \/> <img loading=\"lazy\" decoding=\"async\" class=\"alignnone size-full wp-image-11645\" title=\"Lost Mary OS5000 Eng\u00e5ngsvape Partihandel kiwi passionsfrukt guava\" src=\"https:\/\/www.vape4wholesale.com\/wp-content\/uploads\/2023\/06\/Lost-Mary-OS5000-Disposable-Vape-Wholesale-kiwi-Passion-Fruit-Guava.jpg\" alt=\"Lost Mary OS5000 Eng\u00e5ngsvape Partihandel kiwi passionsfrukt guava\" width=\"800\" height=\"800\" srcset=\"https:\/\/www.vape4wholesale.com\/wp-content\/uploads\/2023\/06\/Lost-Mary-OS5000-Disposable-Vape-Wholesale-kiwi-Passion-Fruit-Guava.jpg 800w, https:\/\/www.vape4wholesale.com\/wp-content\/uploads\/2023\/06\/Lost-Mary-OS5000-Disposable-Vape-Wholesale-kiwi-Passion-Fruit-Guava-247x247.jpg 247w, https:\/\/www.vape4wholesale.com\/wp-content\/uploads\/2023\/06\/Lost-Mary-OS5000-Disposable-Vape-Wholesale-kiwi-Passion-Fruit-Guava-100x100.jpg 100w, https:\/\/www.vape4wholesale.com\/wp-content\/uploads\/2023\/06\/Lost-Mary-OS5000-Disposable-Vape-Wholesale-kiwi-Passion-Fruit-Guava-510x510.jpg 510w, https:\/\/www.vape4wholesale.com\/wp-content\/uploads\/2023\/06\/Lost-Mary-OS5000-Disposable-Vape-Wholesale-kiwi-Passion-Fruit-Guava-64x64.jpg 64w, https:\/\/www.vape4wholesale.com\/wp-content\/uploads\/2023\/06\/Lost-Mary-OS5000-Disposable-Vape-Wholesale-kiwi-Passion-Fruit-Guava-300x300.jpg 300w, https:\/\/www.vape4wholesale.com\/wp-content\/uploads\/2023\/06\/Lost-Mary-OS5000-Disposable-Vape-Wholesale-kiwi-Passion-Fruit-Guava-150x150.jpg 150w, https:\/\/www.vape4wholesale.com\/wp-content\/uploads\/2023\/06\/Lost-Mary-OS5000-Disposable-Vape-Wholesale-kiwi-Passion-Fruit-Guava-768x768.jpg 768w\" sizes=\"auto, (max-width: 800px) 100vw, 800px\" \/> <img loading=\"lazy\" decoding=\"async\" class=\"alignnone size-full wp-image-11646\" title=\"Lost Mary OS5000 eng\u00e5ngsvape grossist\u00f6versikt \u00f6ver smaker\" src=\"https:\/\/www.vape4wholesale.com\/wp-content\/uploads\/2023\/06\/Lost-Mary-OS5000-Disposable-Vape-Wholesale-Overview-Flavors.jpg\" alt=\"Lost Mary OS5000 eng\u00e5ngsvape grossist\u00f6versikt \u00f6ver smaker\" width=\"800\" height=\"800\" srcset=\"https:\/\/www.vape4wholesale.com\/wp-content\/uploads\/2023\/06\/Lost-Mary-OS5000-Disposable-Vape-Wholesale-Overview-Flavors.jpg 800w, https:\/\/www.vape4wholesale.com\/wp-content\/uploads\/2023\/06\/Lost-Mary-OS5000-Disposable-Vape-Wholesale-Overview-Flavors-247x247.jpg 247w, https:\/\/www.vape4wholesale.com\/wp-content\/uploads\/2023\/06\/Lost-Mary-OS5000-Disposable-Vape-Wholesale-Overview-Flavors-100x100.jpg 100w, https:\/\/www.vape4wholesale.com\/wp-content\/uploads\/2023\/06\/Lost-Mary-OS5000-Disposable-Vape-Wholesale-Overview-Flavors-510x510.jpg 510w, https:\/\/www.vape4wholesale.com\/wp-content\/uploads\/2023\/06\/Lost-Mary-OS5000-Disposable-Vape-Wholesale-Overview-Flavors-64x64.jpg 64w, https:\/\/www.vape4wholesale.com\/wp-content\/uploads\/2023\/06\/Lost-Mary-OS5000-Disposable-Vape-Wholesale-Overview-Flavors-300x300.jpg 300w, https:\/\/www.vape4wholesale.com\/wp-content\/uploads\/2023\/06\/Lost-Mary-OS5000-Disposable-Vape-Wholesale-Overview-Flavors-150x150.jpg 150w, https:\/\/www.vape4wholesale.com\/wp-content\/uploads\/2023\/06\/Lost-Mary-OS5000-Disposable-Vape-Wholesale-Overview-Flavors-768x768.jpg 768w\" sizes=\"auto, (max-width: 800px) 100vw, 800px\" \/> <img loading=\"lazy\" decoding=\"async\" class=\"alignnone size-full wp-image-11647\" title=\"Lost Mary OS5000 eng\u00e5ngsvape grossist Pineapple Mango\" src=\"https:\/\/www.vape4wholesale.com\/wp-content\/uploads\/2023\/06\/Lost-Mary-OS5000-Disposable-Vape-Wholesale-Pineapple-Mango.jpg\" alt=\"Lost Mary OS5000 eng\u00e5ngsvape grossist Pineapple Mango\" width=\"800\" height=\"800\" srcset=\"https:\/\/www.vape4wholesale.com\/wp-content\/uploads\/2023\/06\/Lost-Mary-OS5000-Disposable-Vape-Wholesale-Pineapple-Mango.jpg 800w, https:\/\/www.vape4wholesale.com\/wp-content\/uploads\/2023\/06\/Lost-Mary-OS5000-Disposable-Vape-Wholesale-Pineapple-Mango-247x247.jpg 247w, https:\/\/www.vape4wholesale.com\/wp-content\/uploads\/2023\/06\/Lost-Mary-OS5000-Disposable-Vape-Wholesale-Pineapple-Mango-100x100.jpg 100w, https:\/\/www.vape4wholesale.com\/wp-content\/uploads\/2023\/06\/Lost-Mary-OS5000-Disposable-Vape-Wholesale-Pineapple-Mango-510x510.jpg 510w, https:\/\/www.vape4wholesale.com\/wp-content\/uploads\/2023\/06\/Lost-Mary-OS5000-Disposable-Vape-Wholesale-Pineapple-Mango-64x64.jpg 64w, https:\/\/www.vape4wholesale.com\/wp-content\/uploads\/2023\/06\/Lost-Mary-OS5000-Disposable-Vape-Wholesale-Pineapple-Mango-300x300.jpg 300w, https:\/\/www.vape4wholesale.com\/wp-content\/uploads\/2023\/06\/Lost-Mary-OS5000-Disposable-Vape-Wholesale-Pineapple-Mango-150x150.jpg 150w, https:\/\/www.vape4wholesale.com\/wp-content\/uploads\/2023\/06\/Lost-Mary-OS5000-Disposable-Vape-Wholesale-Pineapple-Mango-768x768.jpg 768w\" sizes=\"auto, (max-width: 800px) 100vw, 800px\" \/> <img loading=\"lazy\" decoding=\"async\" class=\"alignnone size-full wp-image-11648\" title=\"Lost Mary OS5000 eng\u00e5ngsvape grossist Jordgubbsis\" src=\"https:\/\/www.vape4wholesale.com\/wp-content\/uploads\/2023\/06\/Lost-Mary-OS5000-Disposable-Vape-Wholesale-Strawberry-Ice.jpg\" alt=\"Lost Mary OS5000 eng\u00e5ngsvape grossist Jordgubbsis\" width=\"800\" height=\"800\" srcset=\"https:\/\/www.vape4wholesale.com\/wp-content\/uploads\/2023\/06\/Lost-Mary-OS5000-Disposable-Vape-Wholesale-Strawberry-Ice.jpg 800w, https:\/\/www.vape4wholesale.com\/wp-content\/uploads\/2023\/06\/Lost-Mary-OS5000-Disposable-Vape-Wholesale-Strawberry-Ice-247x247.jpg 247w, https:\/\/www.vape4wholesale.com\/wp-content\/uploads\/2023\/06\/Lost-Mary-OS5000-Disposable-Vape-Wholesale-Strawberry-Ice-100x100.jpg 100w, https:\/\/www.vape4wholesale.com\/wp-content\/uploads\/2023\/06\/Lost-Mary-OS5000-Disposable-Vape-Wholesale-Strawberry-Ice-510x510.jpg 510w, https:\/\/www.vape4wholesale.com\/wp-content\/uploads\/2023\/06\/Lost-Mary-OS5000-Disposable-Vape-Wholesale-Strawberry-Ice-64x64.jpg 64w, https:\/\/www.vape4wholesale.com\/wp-content\/uploads\/2023\/06\/Lost-Mary-OS5000-Disposable-Vape-Wholesale-Strawberry-Ice-300x300.jpg 300w, https:\/\/www.vape4wholesale.com\/wp-content\/uploads\/2023\/06\/Lost-Mary-OS5000-Disposable-Vape-Wholesale-Strawberry-Ice-150x150.jpg 150w, https:\/\/www.vape4wholesale.com\/wp-content\/uploads\/2023\/06\/Lost-Mary-OS5000-Disposable-Vape-Wholesale-Strawberry-Ice-768x768.jpg 768w\" sizes=\"auto, (max-width: 800px) 100vw, 800px\" \/> <img loading=\"lazy\" decoding=\"async\" class=\"alignnone size-full wp-image-11649\" title=\"Lost Mary OS5000 eng\u00e5ngsvape grossist Jordgubb Mango\" src=\"https:\/\/www.vape4wholesale.com\/wp-content\/uploads\/2023\/06\/Lost-Mary-OS5000-Disposable-Vape-Wholesale-Strawberry-Mango.jpg\" alt=\"Lost Mary OS5000 eng\u00e5ngsvape grossist Jordgubb Mango\" width=\"800\" height=\"800\" srcset=\"https:\/\/www.vape4wholesale.com\/wp-content\/uploads\/2023\/06\/Lost-Mary-OS5000-Disposable-Vape-Wholesale-Strawberry-Mango.jpg 800w, https:\/\/www.vape4wholesale.com\/wp-content\/uploads\/2023\/06\/Lost-Mary-OS5000-Disposable-Vape-Wholesale-Strawberry-Mango-247x247.jpg 247w, https:\/\/www.vape4wholesale.com\/wp-content\/uploads\/2023\/06\/Lost-Mary-OS5000-Disposable-Vape-Wholesale-Strawberry-Mango-100x100.jpg 100w, https:\/\/www.vape4wholesale.com\/wp-content\/uploads\/2023\/06\/Lost-Mary-OS5000-Disposable-Vape-Wholesale-Strawberry-Mango-510x510.jpg 510w, https:\/\/www.vape4wholesale.com\/wp-content\/uploads\/2023\/06\/Lost-Mary-OS5000-Disposable-Vape-Wholesale-Strawberry-Mango-64x64.jpg 64w, https:\/\/www.vape4wholesale.com\/wp-content\/uploads\/2023\/06\/Lost-Mary-OS5000-Disposable-Vape-Wholesale-Strawberry-Mango-300x300.jpg 300w, https:\/\/www.vape4wholesale.com\/wp-content\/uploads\/2023\/06\/Lost-Mary-OS5000-Disposable-Vape-Wholesale-Strawberry-Mango-150x150.jpg 150w, https:\/\/www.vape4wholesale.com\/wp-content\/uploads\/2023\/06\/Lost-Mary-OS5000-Disposable-Vape-Wholesale-Strawberry-Mango-768x768.jpg 768w\" sizes=\"auto, (max-width: 800px) 100vw, 800px\" \/> <img loading=\"lazy\" decoding=\"async\" class=\"alignnone size-full wp-image-11650\" title=\"Lost Mary OS5000 eng\u00e5ngsvape grossist vattenmelon\" src=\"https:\/\/www.vape4wholesale.com\/wp-content\/uploads\/2023\/06\/Lost-Mary-OS5000-Disposable-Vape-Wholesale-Watermelon.jpg\" alt=\"Lost Mary OS5000 eng\u00e5ngsvape grossist vattenmelon\" width=\"800\" height=\"800\" srcset=\"https:\/\/www.vape4wholesale.com\/wp-content\/uploads\/2023\/06\/Lost-Mary-OS5000-Disposable-Vape-Wholesale-Watermelon.jpg 800w, https:\/\/www.vape4wholesale.com\/wp-content\/uploads\/2023\/06\/Lost-Mary-OS5000-Disposable-Vape-Wholesale-Watermelon-247x247.jpg 247w, https:\/\/www.vape4wholesale.com\/wp-content\/uploads\/2023\/06\/Lost-Mary-OS5000-Disposable-Vape-Wholesale-Watermelon-100x100.jpg 100w, https:\/\/www.vape4wholesale.com\/wp-content\/uploads\/2023\/06\/Lost-Mary-OS5000-Disposable-Vape-Wholesale-Watermelon-510x510.jpg 510w, https:\/\/www.vape4wholesale.com\/wp-content\/uploads\/2023\/06\/Lost-Mary-OS5000-Disposable-Vape-Wholesale-Watermelon-64x64.jpg 64w, https:\/\/www.vape4wholesale.com\/wp-content\/uploads\/2023\/06\/Lost-Mary-OS5000-Disposable-Vape-Wholesale-Watermelon-300x300.jpg 300w, https:\/\/www.vape4wholesale.com\/wp-content\/uploads\/2023\/06\/Lost-Mary-OS5000-Disposable-Vape-Wholesale-Watermelon-150x150.jpg 150w, https:\/\/www.vape4wholesale.com\/wp-content\/uploads\/2023\/06\/Lost-Mary-OS5000-Disposable-Vape-Wholesale-Watermelon-768x768.jpg 768w\" sizes=\"auto, (max-width: 800px) 100vw, 800px\" \/> \u00a0<img loading=\"lazy\" decoding=\"async\" class=\"alignnone size-full wp-image-11652\" title=\"Lost Mary OS5000 Eng\u00e5ngsvape Partihandel Bl\u00e5 sockervadd\" src=\"https:\/\/www.vape4wholesale.com\/wp-content\/uploads\/2023\/06\/Lost-Mary-OS5000-Disposable-Vape-Wholesale-Blue-Cotton-Candy.jpg\" alt=\"Lost Mary OS5000 Eng\u00e5ngsvape Partihandel Bl\u00e5 sockervadd\" width=\"800\" height=\"800\" srcset=\"https:\/\/www.vape4wholesale.com\/wp-content\/uploads\/2023\/06\/Lost-Mary-OS5000-Disposable-Vape-Wholesale-Blue-Cotton-Candy.jpg 800w, https:\/\/www.vape4wholesale.com\/wp-content\/uploads\/2023\/06\/Lost-Mary-OS5000-Disposable-Vape-Wholesale-Blue-Cotton-Candy-247x247.jpg 247w, https:\/\/www.vape4wholesale.com\/wp-content\/uploads\/2023\/06\/Lost-Mary-OS5000-Disposable-Vape-Wholesale-Blue-Cotton-Candy-100x100.jpg 100w, https:\/\/www.vape4wholesale.com\/wp-content\/uploads\/2023\/06\/Lost-Mary-OS5000-Disposable-Vape-Wholesale-Blue-Cotton-Candy-510x510.jpg 510w, https:\/\/www.vape4wholesale.com\/wp-content\/uploads\/2023\/06\/Lost-Mary-OS5000-Disposable-Vape-Wholesale-Blue-Cotton-Candy-64x64.jpg 64w, https:\/\/www.vape4wholesale.com\/wp-content\/uploads\/2023\/06\/Lost-Mary-OS5000-Disposable-Vape-Wholesale-Blue-Cotton-Candy-300x300.jpg 300w, https:\/\/www.vape4wholesale.com\/wp-content\/uploads\/2023\/06\/Lost-Mary-OS5000-Disposable-Vape-Wholesale-Blue-Cotton-Candy-150x150.jpg 150w, https:\/\/www.vape4wholesale.com\/wp-content\/uploads\/2023\/06\/Lost-Mary-OS5000-Disposable-Vape-Wholesale-Blue-Cotton-Candy-768x768.jpg 768w\" sizes=\"auto, (max-width: 800px) 100vw, 800px\" \/><\/p>","protected":false},"excerpt":{"rendered":"[scf-template id=&#8217;11434&#8242;]\n","protected":false},"featured_media":11644,"comment_status":"open","ping_status":"closed","template":"","meta":[],"pwb-brand":[1287],"product_cat":[869],"product_tag":[22,24,189,285,510],"class_list":{"0":"post-10252","1":"product","2":"type-product","3":"status-publish","4":"has-post-thumbnail","6":"pwb-brand-lost-mary","7":"product_cat-5000-8000-puffs","8":"product_tag-disposable","9":"product_tag-wholesale","10":"product_tag-5000-puffs","11":"product_tag-13-0ml","12":"product_tag-lost-mary","14":"first","15":"outofstock","16":"shipping-taxable","17":"purchasable","18":"product-type-variable"},"aioseo_notices":[],"brands":[{"id":1287,"name":"Lost Mary","slug":"forlorade-mary"}],"_links":{"self":[{"href":"https:\/\/www.vape4wholesale.com\/sv\/wp-json\/wp\/v2\/product\/10252","targetHints":{"allow":["GET"]}}],"collection":[{"href":"https:\/\/www.vape4wholesale.com\/sv\/wp-json\/wp\/v2\/product"}],"about":[{"href":"https:\/\/www.vape4wholesale.com\/sv\/wp-json\/wp\/v2\/types\/product"}],"replies":[{"embeddable":true,"href":"https:\/\/www.vape4wholesale.com\/sv\/wp-json\/wp\/v2\/comments?post=10252"}],"wp:featuredmedia":[{"embeddable":true,"href":"https:\/\/www.vape4wholesale.com\/sv\/wp-json\/wp\/v2\/media\/11644"}],"wp:attachment":[{"href":"https:\/\/www.vape4wholesale.com\/sv\/wp-json\/wp\/v2\/media?parent=10252"}],"wp:term":[{"taxonomy":"pwb-brand","embeddable":true,"href":"https:\/\/www.vape4wholesale.com\/sv\/wp-json\/wp\/v2\/pwb-brand?post=10252"},{"taxonomy":"product_cat","embeddable":true,"href":"https:\/\/www.vape4wholesale.com\/sv\/wp-json\/wp\/v2\/product_cat?post=10252"},{"taxonomy":"product_tag","embeddable":true,"href":"https:\/\/www.vape4wholesale.com\/sv\/wp-json\/wp\/v2\/product_tag?post=10252"}],"curies":[{"name":"wp","href":"https:\/\/api.w.org\/{rel}","templated":true}]}}