{"id":10173,"date":"2023-06-18T18:51:23","date_gmt":"2023-06-18T10:51:23","guid":{"rendered":"https:\/\/www.vape4wholesale.com\/?post_type=product&#038;p=10173"},"modified":"2026-01-26T13:42:42","modified_gmt":"2026-01-26T13:42:42","slug":"elf-bar-lb5000-engangs-vape-grossist","status":"publish","type":"product","link":"https:\/\/www.vape4wholesale.com\/sv\/product\/elf-bar-lb5000-disposable-vape-wholesale","title":{"rendered":"Elf Bar LB5000 Eng\u00e5ngsvape grossist"},"content":{"rendered":"<p><strong><a title=\"Elf Bar\" href=\"https:\/\/www.vape4wholesale.com\/sv\/produkt_varumarke\/alvbar\/\">Elf Bar<\/a> LB5000<\/strong> Eng\u00e5ngs Vape Wholesale, Den drivs av 650mAh inbyggt batteri. levereras med 650mAh uppladdningsbart batteri och 14ml f\u00f6rfylld Pod, max st\u00f6d 5000 puffar, liten l\u00e5da med stor kraft. Garanterad en premium eng\u00e5ngsupplevelse n\u00e4r du v\u00e4ljer den fantastiska eng\u00e5ngsvapen! Med fickv\u00e4nlig b\u00e4rbarhet, exceptionell bekv\u00e4mlighet och intensiv njutning.<\/p>\n<h2>Elf Bar LB5000 Eng\u00e5ngsvape Snabba detaljer:<\/h2>\n<ol>\n<li>Varum\u00e4rke:ELF BAR<\/li>\n<li>Puffar:5000 Puffar \u00e4r tillg\u00e4ngliga per enhet<\/li>\n<li>Nikotin:5%<\/li>\n<li>Kapacitet f\u00f6r e-juice: 14ML<\/li>\n<li>Batteri: 650 mAh<\/li>\n<li>Laddningsport: Typ-C<\/li>\n<\/ol>\n<p>&nbsp;<\/p>\n<h2>Smak\u00e4mnen<\/h2>\n<ul>\n<li>Bl\u00e5b\u00e4r Hallon K\u00f6rsb\u00e4r<\/li>\n<li>K\u00f6rsb\u00e4rs- och persikoliknande lemonad<\/li>\n<li>Jordgubbsglass<\/li>\n<li>Jordgubb Bl\u00e5b\u00e4r K\u00f6rsb\u00e4r<\/li>\n<li>Red Apple Ice<\/li>\n<li>Ananas kokosn\u00f6t is<\/li>\n<li>Blandade b\u00e4r<\/li>\n<li>Mango Passionsfrukt<\/li>\n<li>Lush Ice<\/li>\n<li>Gummibj\u00f6rn<\/li>\n<li>Druva \u00c4pple Is<\/li>\n<li>Energi<\/li>\n<li>L\u00e4sk med tranb\u00e4r<\/li>\n<li>Sockervadd<\/li>\n<\/ul>\n<p>&nbsp;<\/p>\n<h2>Paket<\/h2>\n<p>0,068KG\/ PC, 1\/l\u00e5da, 10\/kartong<\/p>\n<p>200\/kartong, 13,6 kg.<\/p>\n<p><img loading=\"lazy\" decoding=\"async\" class=\"alignnone size-full wp-image-11676\" title=\"\u00d6versikt \u00f6ver Elf Bar LB5000 Vape grossist\" src=\"https:\/\/www.vape4wholesale.com\/wp-content\/uploads\/2023\/06\/Elf-Bar-LB5000-Vape-Wholesale-Overview.jpg\" alt=\"\u00d6versikt \u00f6ver Elf Bar LB5000 Vape grossist\" width=\"800\" height=\"800\" srcset=\"https:\/\/www.vape4wholesale.com\/wp-content\/uploads\/2023\/06\/Elf-Bar-LB5000-Vape-Wholesale-Overview.jpg 800w, https:\/\/www.vape4wholesale.com\/wp-content\/uploads\/2023\/06\/Elf-Bar-LB5000-Vape-Wholesale-Overview-247x247.jpg 247w, https:\/\/www.vape4wholesale.com\/wp-content\/uploads\/2023\/06\/Elf-Bar-LB5000-Vape-Wholesale-Overview-100x100.jpg 100w, https:\/\/www.vape4wholesale.com\/wp-content\/uploads\/2023\/06\/Elf-Bar-LB5000-Vape-Wholesale-Overview-510x510.jpg 510w, https:\/\/www.vape4wholesale.com\/wp-content\/uploads\/2023\/06\/Elf-Bar-LB5000-Vape-Wholesale-Overview-64x64.jpg 64w, https:\/\/www.vape4wholesale.com\/wp-content\/uploads\/2023\/06\/Elf-Bar-LB5000-Vape-Wholesale-Overview-300x300.jpg 300w, https:\/\/www.vape4wholesale.com\/wp-content\/uploads\/2023\/06\/Elf-Bar-LB5000-Vape-Wholesale-Overview-150x150.jpg 150w, https:\/\/www.vape4wholesale.com\/wp-content\/uploads\/2023\/06\/Elf-Bar-LB5000-Vape-Wholesale-Overview-768x768.jpg 768w\" sizes=\"auto, (max-width: 800px) 100vw, 800px\" \/> <img loading=\"lazy\" decoding=\"async\" class=\"alignnone size-full wp-image-11675\" title=\"Elf Bar LB5000 Vape Partihandel Blandade b\u00e4r\" src=\"https:\/\/www.vape4wholesale.com\/wp-content\/uploads\/2023\/06\/Elf-Bar-LB5000-Vape-Wholesale-Mixed-Berries.jpg\" alt=\"Elf Bar LB5000 Vape Partihandel Blandade b\u00e4r\" width=\"800\" height=\"800\" srcset=\"https:\/\/www.vape4wholesale.com\/wp-content\/uploads\/2023\/06\/Elf-Bar-LB5000-Vape-Wholesale-Mixed-Berries.jpg 800w, https:\/\/www.vape4wholesale.com\/wp-content\/uploads\/2023\/06\/Elf-Bar-LB5000-Vape-Wholesale-Mixed-Berries-247x247.jpg 247w, https:\/\/www.vape4wholesale.com\/wp-content\/uploads\/2023\/06\/Elf-Bar-LB5000-Vape-Wholesale-Mixed-Berries-100x100.jpg 100w, https:\/\/www.vape4wholesale.com\/wp-content\/uploads\/2023\/06\/Elf-Bar-LB5000-Vape-Wholesale-Mixed-Berries-510x510.jpg 510w, https:\/\/www.vape4wholesale.com\/wp-content\/uploads\/2023\/06\/Elf-Bar-LB5000-Vape-Wholesale-Mixed-Berries-64x64.jpg 64w, https:\/\/www.vape4wholesale.com\/wp-content\/uploads\/2023\/06\/Elf-Bar-LB5000-Vape-Wholesale-Mixed-Berries-300x300.jpg 300w, https:\/\/www.vape4wholesale.com\/wp-content\/uploads\/2023\/06\/Elf-Bar-LB5000-Vape-Wholesale-Mixed-Berries-150x150.jpg 150w, https:\/\/www.vape4wholesale.com\/wp-content\/uploads\/2023\/06\/Elf-Bar-LB5000-Vape-Wholesale-Mixed-Berries-768x768.jpg 768w\" sizes=\"auto, (max-width: 800px) 100vw, 800px\" \/> <img loading=\"lazy\" decoding=\"async\" class=\"alignnone size-full wp-image-11674\" title=\"Elf Bar LB5000 Vape grossist Mango passionsfrukt\" src=\"https:\/\/www.vape4wholesale.com\/wp-content\/uploads\/2023\/06\/Elf-Bar-LB5000-Vape-Wholesale-Mango-Passion-Fruit.jpg\" alt=\"Elf Bar LB5000 Vape grossist Mango passionsfrukt\" width=\"800\" height=\"800\" srcset=\"https:\/\/www.vape4wholesale.com\/wp-content\/uploads\/2023\/06\/Elf-Bar-LB5000-Vape-Wholesale-Mango-Passion-Fruit.jpg 800w, https:\/\/www.vape4wholesale.com\/wp-content\/uploads\/2023\/06\/Elf-Bar-LB5000-Vape-Wholesale-Mango-Passion-Fruit-247x247.jpg 247w, https:\/\/www.vape4wholesale.com\/wp-content\/uploads\/2023\/06\/Elf-Bar-LB5000-Vape-Wholesale-Mango-Passion-Fruit-100x100.jpg 100w, https:\/\/www.vape4wholesale.com\/wp-content\/uploads\/2023\/06\/Elf-Bar-LB5000-Vape-Wholesale-Mango-Passion-Fruit-510x510.jpg 510w, https:\/\/www.vape4wholesale.com\/wp-content\/uploads\/2023\/06\/Elf-Bar-LB5000-Vape-Wholesale-Mango-Passion-Fruit-64x64.jpg 64w, https:\/\/www.vape4wholesale.com\/wp-content\/uploads\/2023\/06\/Elf-Bar-LB5000-Vape-Wholesale-Mango-Passion-Fruit-300x300.jpg 300w, https:\/\/www.vape4wholesale.com\/wp-content\/uploads\/2023\/06\/Elf-Bar-LB5000-Vape-Wholesale-Mango-Passion-Fruit-150x150.jpg 150w, https:\/\/www.vape4wholesale.com\/wp-content\/uploads\/2023\/06\/Elf-Bar-LB5000-Vape-Wholesale-Mango-Passion-Fruit-768x768.jpg 768w\" sizes=\"auto, (max-width: 800px) 100vw, 800px\" \/> <img loading=\"lazy\" decoding=\"async\" class=\"alignnone size-full wp-image-11673\" title=\"Elf Bar LB5000 Vape grossist Lush Ice\" src=\"https:\/\/www.vape4wholesale.com\/wp-content\/uploads\/2023\/06\/Elf-Bar-LB5000-Vape-Wholesale-Lush-Ice.jpg\" alt=\"Elf Bar LB5000 Vape grossist Lush Ice\" width=\"800\" height=\"800\" srcset=\"https:\/\/www.vape4wholesale.com\/wp-content\/uploads\/2023\/06\/Elf-Bar-LB5000-Vape-Wholesale-Lush-Ice.jpg 800w, https:\/\/www.vape4wholesale.com\/wp-content\/uploads\/2023\/06\/Elf-Bar-LB5000-Vape-Wholesale-Lush-Ice-247x247.jpg 247w, https:\/\/www.vape4wholesale.com\/wp-content\/uploads\/2023\/06\/Elf-Bar-LB5000-Vape-Wholesale-Lush-Ice-100x100.jpg 100w, https:\/\/www.vape4wholesale.com\/wp-content\/uploads\/2023\/06\/Elf-Bar-LB5000-Vape-Wholesale-Lush-Ice-510x510.jpg 510w, https:\/\/www.vape4wholesale.com\/wp-content\/uploads\/2023\/06\/Elf-Bar-LB5000-Vape-Wholesale-Lush-Ice-64x64.jpg 64w, https:\/\/www.vape4wholesale.com\/wp-content\/uploads\/2023\/06\/Elf-Bar-LB5000-Vape-Wholesale-Lush-Ice-300x300.jpg 300w, https:\/\/www.vape4wholesale.com\/wp-content\/uploads\/2023\/06\/Elf-Bar-LB5000-Vape-Wholesale-Lush-Ice-150x150.jpg 150w, https:\/\/www.vape4wholesale.com\/wp-content\/uploads\/2023\/06\/Elf-Bar-LB5000-Vape-Wholesale-Lush-Ice-768x768.jpg 768w\" sizes=\"auto, (max-width: 800px) 100vw, 800px\" \/> <img loading=\"lazy\" decoding=\"async\" class=\"alignnone size-full wp-image-11672\" title=\"Elf Bar LB5000 Vape Grossist Gummibj\u00f6rn\" src=\"https:\/\/www.vape4wholesale.com\/wp-content\/uploads\/2023\/06\/Elf-Bar-LB5000-Vape-Wholesale-Gummy-Bear.jpg\" alt=\"Elf Bar LB5000 Vape Grossist Gummibj\u00f6rn\" width=\"800\" height=\"800\" srcset=\"https:\/\/www.vape4wholesale.com\/wp-content\/uploads\/2023\/06\/Elf-Bar-LB5000-Vape-Wholesale-Gummy-Bear.jpg 800w, https:\/\/www.vape4wholesale.com\/wp-content\/uploads\/2023\/06\/Elf-Bar-LB5000-Vape-Wholesale-Gummy-Bear-247x247.jpg 247w, https:\/\/www.vape4wholesale.com\/wp-content\/uploads\/2023\/06\/Elf-Bar-LB5000-Vape-Wholesale-Gummy-Bear-100x100.jpg 100w, https:\/\/www.vape4wholesale.com\/wp-content\/uploads\/2023\/06\/Elf-Bar-LB5000-Vape-Wholesale-Gummy-Bear-510x510.jpg 510w, https:\/\/www.vape4wholesale.com\/wp-content\/uploads\/2023\/06\/Elf-Bar-LB5000-Vape-Wholesale-Gummy-Bear-64x64.jpg 64w, https:\/\/www.vape4wholesale.com\/wp-content\/uploads\/2023\/06\/Elf-Bar-LB5000-Vape-Wholesale-Gummy-Bear-300x300.jpg 300w, https:\/\/www.vape4wholesale.com\/wp-content\/uploads\/2023\/06\/Elf-Bar-LB5000-Vape-Wholesale-Gummy-Bear-150x150.jpg 150w, https:\/\/www.vape4wholesale.com\/wp-content\/uploads\/2023\/06\/Elf-Bar-LB5000-Vape-Wholesale-Gummy-Bear-768x768.jpg 768w\" sizes=\"auto, (max-width: 800px) 100vw, 800px\" \/><\/p>","protected":false},"excerpt":{"rendered":"[scf-template id=&#8217;11434&#8242;]\n","protected":false},"featured_media":11666,"comment_status":"open","ping_status":"closed","template":"","meta":[],"pwb-brand":[1278],"product_cat":[869],"product_tag":[24,60,177,189,22],"class_list":{"0":"post-10173","1":"product","2":"type-product","3":"status-publish","4":"has-post-thumbnail","6":"pwb-brand-elf-bar","7":"product_cat-5000-8000-puffs","8":"product_tag-wholesale","9":"product_tag-elf-bar","10":"product_tag-14-0ml","11":"product_tag-5000-puffs","12":"product_tag-disposable","14":"first","15":"outofstock","16":"shipping-taxable","17":"purchasable","18":"product-type-variable"},"aioseo_notices":[],"brands":[{"id":1278,"name":"Elf bar","slug":"alvbar"}],"_links":{"self":[{"href":"https:\/\/www.vape4wholesale.com\/sv\/wp-json\/wp\/v2\/product\/10173","targetHints":{"allow":["GET"]}}],"collection":[{"href":"https:\/\/www.vape4wholesale.com\/sv\/wp-json\/wp\/v2\/product"}],"about":[{"href":"https:\/\/www.vape4wholesale.com\/sv\/wp-json\/wp\/v2\/types\/product"}],"replies":[{"embeddable":true,"href":"https:\/\/www.vape4wholesale.com\/sv\/wp-json\/wp\/v2\/comments?post=10173"}],"wp:featuredmedia":[{"embeddable":true,"href":"https:\/\/www.vape4wholesale.com\/sv\/wp-json\/wp\/v2\/media\/11666"}],"wp:attachment":[{"href":"https:\/\/www.vape4wholesale.com\/sv\/wp-json\/wp\/v2\/media?parent=10173"}],"wp:term":[{"taxonomy":"pwb-brand","embeddable":true,"href":"https:\/\/www.vape4wholesale.com\/sv\/wp-json\/wp\/v2\/pwb-brand?post=10173"},{"taxonomy":"product_cat","embeddable":true,"href":"https:\/\/www.vape4wholesale.com\/sv\/wp-json\/wp\/v2\/product_cat?post=10173"},{"taxonomy":"product_tag","embeddable":true,"href":"https:\/\/www.vape4wholesale.com\/sv\/wp-json\/wp\/v2\/product_tag?post=10173"}],"curies":[{"name":"wp","href":"https:\/\/api.w.org\/{rel}","templated":true}]}}