{"id":2,"date":"2023-06-25T07:03:21","date_gmt":"2023-06-25T07:03:21","guid":{"rendered":"https:\/\/www.vape4wholesale.com\/?page_id=2"},"modified":"2026-01-26T06:12:48","modified_gmt":"2026-01-26T06:12:48","slug":"om-oss","status":"publish","type":"page","link":"https:\/\/www.vape4wholesale.com\/sv\/about-us","title":{"rendered":"Om"},"content":{"rendered":"<section class=\"section dark\" id=\"section_1945125724\">\n\t\t<div class=\"section-bg fill\" >\n\t\t\t<img loading=\"lazy\" decoding=\"async\" width=\"1500\" height=\"716\" src=\"https:\/\/www.vape4wholesale.com\/wp-content\/uploads\/2023\/06\/vape-factory.jpg\" class=\"bg attachment-original size-original\" alt=\"vape fabrik\" \/>\t\t\t\t\t\t<div class=\"section-bg-overlay absolute fill\"><\/div>\n\t\t\t\n\n\t\t<\/div>\n\n\t\t\n\n\t\t<div class=\"section-content relative\">\n\t\t\t\n<div class=\"row align-center\"  id=\"row-1917911542\">\n\n\t<div id=\"col-911848289\" class=\"col medium-7 small-12 large-5\"  >\n\t\t\t\t<div class=\"col-inner\"  >\n\t\t\t\n\t\t\t\n\t<div id=\"text-1614364085\" class=\"text\">\n\t\t\n<h1><span style=\"font-size: 250%;\">Om oss<\/span><\/h1>\n\t\t\n<style>\n#text-1614364085 {\n  text-align: center;\n}\n<\/style>\n\t<\/div>\n\t\n\t\t<\/div>\n\t\t\t\t\t<\/div>\n\n\t\n<\/div>\n\t\t<\/div>\n\n\t\t\n<style>\n#section_1945125724 {\n  padding-top: 30px;\n  padding-bottom: 30px;\n  min-height: 350px;\n  background-color: #6fa6d4;\n}\n#section_1945125724 .section-bg-overlay {\n  background-color: rgba(40, 37, 37, 0.308);\n}\n@media (min-width:550px) {\n  #section_1945125724 {\n    min-height: 620px;\n  }\n}\n<\/style>\n\t<\/section>\n\t\n\n\t<section class=\"section\" id=\"section_1250701787\">\n\t\t<div class=\"section-bg fill\" >\n\t\t\t\t\t\t\t\t\t\n\t\t\t\n\n\t\t<\/div>\n\n\t\t\n\n\t\t<div class=\"section-content relative\">\n\t\t\t\n\t<div id=\"gap-79914311\" class=\"gap-element clearfix\" style=\"display:block; height:auto;\">\n\t\t\n<style>\n#gap-79914311 {\n  padding-top: 30px;\n}\n<\/style>\n\t<\/div>\n\t\n<div class=\"row row-large align-middle\" style=\"max-width:1300px\" id=\"row-2072446991\">\n\n\t<div id=\"col-1289697713\" class=\"col medium-12 small-12 large-7\"  >\n\t\t\t\t<div class=\"col-inner\"  >\n\t\t\t\n\t\t\t\n<div class=\"slider-wrapper relative\" id=\"slider-816260473\" >\n    <div class=\"slider slider-nav-simple slider-nav-normal slider-nav-light slider-style-normal slider-show-nav\"\n        data-flickity-options='{            \"cellAlign\": \"center\",            \"imagesLoaded\": true,            \"lazyLoad\": 1,            \"freeScroll\": false,            \"wrapAround\": true,            \"autoPlay\": 4000,            \"pauseAutoPlayOnHover\" : false,            \"prevNextButtons\": true,            \"contain\" : true,            \"adaptiveHeight\" : true,            \"dragThreshold\" : 10,            \"percentPosition\": true,            \"pageDots\": false,            \"rightToLeft\": false,            \"draggable\": true,            \"selectedAttraction\": 0.1,            \"parallax\" : 0,            \"friction\": 0.6        }'\n        >\n        \n\t<div class=\"img has-hover x md-x lg-x y md-y lg-y\" id=\"image_543789716\">\n\t\t\t\t\t\t\t\t<div class=\"img-inner dark\" >\n\t\t\t<img loading=\"lazy\" decoding=\"async\" width=\"866\" height=\"577\" src=\"https:\/\/www.vape4wholesale.com\/wp-content\/uploads\/2026\/01\/our-team.jpg\" class=\"attachment-original size-original\" alt=\"v\u00e5rt team\" srcset=\"https:\/\/www.vape4wholesale.com\/wp-content\/uploads\/2026\/01\/our-team.jpg 866w, https:\/\/www.vape4wholesale.com\/wp-content\/uploads\/2026\/01\/our-team-300x200.jpg 300w, https:\/\/www.vape4wholesale.com\/wp-content\/uploads\/2026\/01\/our-team-768x512.jpg 768w, https:\/\/www.vape4wholesale.com\/wp-content\/uploads\/2026\/01\/our-team-18x12.jpg 18w, https:\/\/www.vape4wholesale.com\/wp-content\/uploads\/2026\/01\/our-team-510x340.jpg 510w\" sizes=\"auto, (max-width: 866px) 100vw, 866px\" \/>\t\t\t\t\t\t\n\t\t\t\t\t<\/div>\n\t\t\t\t\t\t\t\t\n<style>\n#image_543789716 {\n  width: 100%;\n}\n<\/style>\n\t<\/div>\n\t\n     <\/div>\n\n     <div class=\"loading-spin dark large centered\"><\/div>\n\n\t<\/div>\n\n\n\t\t<\/div>\n\t\t\t\t\t<\/div>\n\n\t\n\n\t<div id=\"col-200985554\" class=\"col medium-10 small-12 large-5\"  >\n\t\t\t\t<div class=\"col-inner\"  >\n\t\t\t\n\t\t\t\n\t<div id=\"gap-1514456437\" class=\"gap-element clearfix\" style=\"display:block; height:auto;\">\n\t\t\n<style>\n#gap-1514456437 {\n  padding-top: 30px;\n}\n<\/style>\n\t<\/div>\n\t\n\t<div id=\"text-2769663762\" class=\"text\">\n\t\t\n<h2><span style=\"font-size: 100%;\">Varf\u00f6r oss?<\/span><\/h2>\n\t\t\n<style>\n#text-2769663762 {\n  font-size: 1.75rem;\n}\n<\/style>\n\t<\/div>\n\t\n<div class=\"is-divider divider clearfix\" style=\"max-width:100px;height:4px;background-color:rgb(111, 166, 212);\"><\/div>\n<p>Vi \u00e4r ett professionellt vape-f\u00f6retag med \u00f6ver 18 \u00e5rs erfarenhet och vi str\u00e4var efter att f\u00f6rse v\u00e5ra kunder med ett snabbt och s\u00e4kert vape grossistcenter.<\/p>\n<p>Vi har ett n\u00e4ra samarbete med de fr\u00e4msta tillverkarna inom vape-industrin f\u00f6r innovativa stilar och j\u00e4mn kvalitet. Vi har ocks\u00e5 de b\u00e4sta fraktkanalerna i branschen f\u00f6r att s\u00e4kerst\u00e4lla snabb leverans.<\/p>\n<a href=\"\/sv\/kontakta-oss\/\" class=\"button primary lowercase\" style=\"border-radius:10px;padding:5px 30px 5px 30px;\">\n\t\t<span>Kontakta oss nu<\/span>\n\t<\/a>\n\n\t\t<\/div>\n\t\t\t\t\n<style>\n#col-200985554 > .col-inner {\n  padding: 0px 0px 0px 0;\n}\n@media (min-width:550px) {\n  #col-200985554 > .col-inner {\n    padding: 0px 0px 0px 30px;\n  }\n}\n<\/style>\n\t<\/div>\n\n\t\n<\/div>\n\t<div id=\"gap-1220788401\" class=\"gap-element clearfix\" style=\"display:block; height:auto;\">\n\t\t\n<style>\n#gap-1220788401 {\n  padding-top: 40px;\n}\n@media (min-width:550px) {\n  #gap-1220788401 {\n    padding-top: 80px;\n  }\n}\n<\/style>\n\t<\/div>\n\t\n<div class=\"row row-solid\" style=\"max-width:1300px\" id=\"row-569675734\">\n\n\t<div id=\"col-1944045798\" class=\"col medium-6 small-12 large-3\"  >\n\t\t\t\t<div class=\"col-inner\"  >\n\t\t\t\n\t\t\t\n\t<div id=\"text-2678447771\" class=\"text\">\n\t\t\n<h2><span class=\"count-up\">18<\/span><\/h2>\n\t\t\n<style>\n#text-2678447771 {\n  font-size: 2.5rem;\n  text-align: center;\n}\n<\/style>\n\t<\/div>\n\t\n\t<div id=\"text-381570033\" class=\"text\">\n\t\t\n<p>Antal \u00e5rs erfarenhet<br \/>\n\t\t\n<style>\n#text-381570033 {\n  text-align: center;\n}\n<\/style>\n\t<\/div>\n\t\n\t\t<\/div>\n\t\t\t\t\t<\/div>\n\n\t\n\n\t<div id=\"col-1948174522\" class=\"col medium-6 small-12 large-3\"  >\n\t\t\t\t<div class=\"col-inner\"  >\n\t\t\t\n\t\t\t\n\t<div id=\"text-1254571476\" class=\"text\">\n\t\t\n<h2><span class=\"count-up\">10500<\/span><\/h2>\n\t\t\n<style>\n#text-1254571476 {\n  font-size: 2.5rem;\n  text-align: center;\n}\n<\/style>\n\t<\/div>\n\t\n\t<div id=\"text-3112805220\" class=\"text\">\n\t\t\n<p>Kunder som betj\u00e4nas<br \/>\n\t\t\n<style>\n#text-3112805220 {\n  text-align: center;\n}\n<\/style>\n\t<\/div>\n\t\n\t\t<\/div>\n\t\t\t\t\t<\/div>\n\n\t\n\n\t<div id=\"col-544612584\" class=\"col medium-6 small-12 large-3\"  >\n\t\t\t\t<div class=\"col-inner\"  >\n\t\t\t\n\t\t\t\n\t<div id=\"text-2935702517\" class=\"text\">\n\t\t\n<h2><span class=\"count-up\">50<\/span><\/h2>\n\t\t\n<style>\n#text-2935702517 {\n  font-size: 2.5rem;\n  text-align: center;\n}\n<\/style>\n\t<\/div>\n\t\n\t<div id=\"text-1161858595\" class=\"text\">\n\t\t\n<p>l\u00e4nder frakt<br \/>\n\t\t\n<style>\n#text-1161858595 {\n  text-align: center;\n}\n<\/style>\n\t<\/div>\n\t\n\t\t<\/div>\n\t\t\t\t\t<\/div>\n\n\t\n\n\t<div id=\"col-1040065358\" class=\"col medium-6 small-12 large-3\"  >\n\t\t\t\t<div class=\"col-inner\"  >\n\t\t\t\n\t\t\t\n\t<div id=\"text-592006809\" class=\"text\">\n\t\t\n<h2><span class=\"count-up\">160<\/span><\/h2>\n\t\t\n<style>\n#text-592006809 {\n  font-size: 2.5rem;\n  text-align: center;\n}\n<\/style>\n\t<\/div>\n\t\n\t<div id=\"text-3150413226\" class=\"text\">\n\t\t\n<p>Utvalda produkter<br \/>\n\t\t\n<style>\n#text-3150413226 {\n  text-align: center;\n}\n<\/style>\n\t<\/div>\n\t\n\t\t<\/div>\n\t\t\t\t\t<\/div>\n\n\t\n<\/div>\n\t\t<\/div>\n\n\t\t\n<style>\n#section_1250701787 {\n  padding-top: 50px;\n  padding-bottom: 50px;\n}\n@media (min-width:550px) {\n  #section_1250701787 {\n    padding-top: 110px;\n    padding-bottom: 110px;\n  }\n}\n<\/style>\n\t<\/section>\n\t\n<div class=\"row\"  id=\"row-1720599643\">\n\n\t<div id=\"col-877950334\" class=\"col small-12 large-12\"  >\n\t\t\t\t<div class=\"col-inner\"  >\n\t\t\t\n\t\t\t\n\t<div class=\"box has-hover   has-hover box-text-bottom\" >\n\n\t\t<div class=\"box-image\" style=\"width:57%;\">\n\t\t\t\t\t\t<div class=\"\" >\n\t\t\t\t<img loading=\"lazy\" decoding=\"async\" width=\"1652\" height=\"2276\" src=\"https:\/\/www.vape4wholesale.com\/wp-content\/uploads\/2026\/01\/Certificate-of-Incorporation-of-Joystine.jpg\" class=\"attachment- size-\" alt=\"Intyg om bildande av Joystine\" srcset=\"https:\/\/www.vape4wholesale.com\/wp-content\/uploads\/2026\/01\/Certificate-of-Incorporation-of-Joystine.jpg 1652w, https:\/\/www.vape4wholesale.com\/wp-content\/uploads\/2026\/01\/Certificate-of-Incorporation-of-Joystine-218x300.jpg 218w, https:\/\/www.vape4wholesale.com\/wp-content\/uploads\/2026\/01\/Certificate-of-Incorporation-of-Joystine-743x1024.jpg 743w, https:\/\/www.vape4wholesale.com\/wp-content\/uploads\/2026\/01\/Certificate-of-Incorporation-of-Joystine-768x1058.jpg 768w, https:\/\/www.vape4wholesale.com\/wp-content\/uploads\/2026\/01\/Certificate-of-Incorporation-of-Joystine-1115x1536.jpg 1115w, https:\/\/www.vape4wholesale.com\/wp-content\/uploads\/2026\/01\/Certificate-of-Incorporation-of-Joystine-1487x2048.jpg 1487w, https:\/\/www.vape4wholesale.com\/wp-content\/uploads\/2026\/01\/Certificate-of-Incorporation-of-Joystine-9x12.jpg 9w, https:\/\/www.vape4wholesale.com\/wp-content\/uploads\/2026\/01\/Certificate-of-Incorporation-of-Joystine-510x703.jpg 510w\" sizes=\"auto, (max-width: 1652px) 100vw, 1652px\" \/>\t\t\t\t\t\t\t\t\t\t\t<\/div>\n\t\t\t\t\t<\/div>\n\n\t\t<div class=\"box-text text-center\" >\n\t\t\t<div class=\"box-text-inner\">\n\t\t\t\t\n<h4>Intyg om bolagsbildning<\/h4>\n<p>JOYSTINE GROUP LIMITED<\/p>\n\t\t\t<\/div>\n\t\t<\/div>\n\t<\/div>\n\t\n\t\t<\/div>\n\t\t\t\t\t<\/div>\n\n\t\n<\/div>\n\n\n\t<section class=\"section dark\" id=\"section_1336434000\">\n\t\t<div class=\"section-bg fill\" >\n\t\t\t\t\t\t\t\t\t\n\t\t\t\n\n\t\t<\/div>\n\n\t\t\n\n\t\t<div class=\"section-content relative\">\n\t\t\t\n<div class=\"row align-center\" style=\"max-width:1300px\" id=\"row-1049614804\">\n\n\t<div id=\"col-518583060\" class=\"col medium-8 small-12 large-5\"  >\n\t\t\t\t<div class=\"col-inner text-center\"  >\n\t\t\t\n\t\t\t\n\t<div id=\"gap-1531816394\" class=\"gap-element clearfix\" style=\"display:block; height:auto;\">\n\t\t\n<style>\n#gap-1531816394 {\n  padding-top: 50px;\n}\n@media (min-width:550px) {\n  #gap-1531816394 {\n    padding-top: 100px;\n  }\n}\n<\/style>\n\t<\/div>\n\t\n\t<div id=\"text-1159602176\" class=\"text\">\n\t\t\n<h2>\u00d6ppna ett grossistkonto<\/h2>\n\t\t\n<style>\n#text-1159602176 {\n  font-size: 1.75rem;\n  text-align: center;\n}\n<\/style>\n\t<\/div>\n\t\n<div class=\"text-center\"><div class=\"is-divider divider clearfix\" style=\"max-width:100px;height:4px;background-color:rgb(147, 199, 229);\"><\/div><\/div>\n\t<div id=\"text-2448840575\" class=\"text\">\n\t\t\n<p>Registrera ett konto och b\u00f6rja arbeta med oss\uff01<br \/>\n\t\t\n<style>\n#text-2448840575 {\n  text-align: center;\n}\n<\/style>\n\t<\/div>\n\t\n<a href=\"\/sv\/registrera\/\" class=\"button white\" style=\"border-radius:10px;padding:5px 30px 5px 30px;\">\n\t\t<span>\u00d6ppna ett konto<\/span>\n\t<\/a>\n\n\t<div id=\"gap-2136003673\" class=\"gap-element clearfix\" style=\"display:block; height:auto;\">\n\t\t\n<style>\n#gap-2136003673 {\n  padding-top: 5px;\n}\n@media (min-width:550px) {\n  #gap-2136003673 {\n    padding-top: 30px;\n  }\n}\n<\/style>\n\t<\/div>\n\t\n\t\t<\/div>\n\t\t\t\t\t<\/div>\n\n\t\n<\/div>\n\t\t<\/div>\n\n\t\t\n<style>\n#section_1336434000 {\n  padding-top: 50px;\n  padding-bottom: 50px;\n  background-color: #01554b;\n}\n<\/style>\n\t<\/section>","protected":false},"excerpt":{"rendered":"","protected":false},"author":1,"featured_media":0,"parent":0,"menu_order":0,"comment_status":"closed","ping_status":"open","template":"page-blank.php","meta":{"footnotes":""},"class_list":["post-2","page","type-page","status-publish","hentry"],"aioseo_notices":[],"_links":{"self":[{"href":"https:\/\/www.vape4wholesale.com\/sv\/wp-json\/wp\/v2\/pages\/2","targetHints":{"allow":["GET"]}}],"collection":[{"href":"https:\/\/www.vape4wholesale.com\/sv\/wp-json\/wp\/v2\/pages"}],"about":[{"href":"https:\/\/www.vape4wholesale.com\/sv\/wp-json\/wp\/v2\/types\/page"}],"author":[{"embeddable":true,"href":"https:\/\/www.vape4wholesale.com\/sv\/wp-json\/wp\/v2\/users\/1"}],"replies":[{"embeddable":true,"href":"https:\/\/www.vape4wholesale.com\/sv\/wp-json\/wp\/v2\/comments?post=2"}],"version-history":[{"count":5,"href":"https:\/\/www.vape4wholesale.com\/sv\/wp-json\/wp\/v2\/pages\/2\/revisions"}],"predecessor-version":[{"id":28420,"href":"https:\/\/www.vape4wholesale.com\/sv\/wp-json\/wp\/v2\/pages\/2\/revisions\/28420"}],"wp:attachment":[{"href":"https:\/\/www.vape4wholesale.com\/sv\/wp-json\/wp\/v2\/media?parent=2"}],"curies":[{"name":"wp","href":"https:\/\/api.w.org\/{rel}","templated":true}]}}