{"id":11338,"date":"2023-06-25T14:15:20","date_gmt":"2023-06-25T14:15:20","guid":{"rendered":"https:\/\/www.vape4wholesale.com\/?page_id=11338"},"modified":"2023-06-25T14:15:20","modified_gmt":"2023-06-25T14:15:20","slug":"snabb-bestallning","status":"publish","type":"page","link":"https:\/\/www.vape4wholesale.com\/sv\/snabb-bestallning","title":{"rendered":"Snabb best\u00e4llning"},"content":{"rendered":"<ul>\n<li>P\u00e5 den h\u00e4r sidan kan du snabbt s\u00f6ka efter produkter och l\u00e4gga till olika smaker eller olika modeller i varukorgen p\u00e5 en g\u00e5ng.<\/li>\n<li>Du m\u00e5ste ange minst 3 tecken f\u00f6r att starta din s\u00f6kning, till exempel om du letar efter Randm 7000 Puffs Disposable Vape, ange \"Randm 7\" s\u00e5 hittar du den h\u00e4r produkten.<\/li>\n<\/ul>\n[wcbulkorder]\n<a href=\"\/sv\/snabb-bestallning\/produkttabell\/\" class=\"button primary is-outline lowercase\" style=\"border-radius:99px;\">\n\t\t<span>Sv\u00e5rt att anv\u00e4nda? Prova verktyget f\u00f6r bulkbest\u00e4llning 2<\/span>\n\t<\/a>","protected":false},"excerpt":{"rendered":"<p>This page allows you to quickly search for products and add different flavors or different models to the cart at once. You need to enter at least 3 characters to start your search, for example if you are looking for Randm 7000 Puffs Disposable Vape, please enter &#8220;Randm 7&#8221; so you can find this product. [&#8230;]","protected":false},"author":1,"featured_media":0,"parent":0,"menu_order":0,"comment_status":"closed","ping_status":"closed","template":"","meta":{"footnotes":""},"class_list":["post-11338","page","type-page","status-publish","hentry"],"aioseo_notices":[],"_links":{"self":[{"href":"https:\/\/www.vape4wholesale.com\/sv\/wp-json\/wp\/v2\/pages\/11338","targetHints":{"allow":["GET"]}}],"collection":[{"href":"https:\/\/www.vape4wholesale.com\/sv\/wp-json\/wp\/v2\/pages"}],"about":[{"href":"https:\/\/www.vape4wholesale.com\/sv\/wp-json\/wp\/v2\/types\/page"}],"author":[{"embeddable":true,"href":"https:\/\/www.vape4wholesale.com\/sv\/wp-json\/wp\/v2\/users\/1"}],"replies":[{"embeddable":true,"href":"https:\/\/www.vape4wholesale.com\/sv\/wp-json\/wp\/v2\/comments?post=11338"}],"version-history":[{"count":0,"href":"https:\/\/www.vape4wholesale.com\/sv\/wp-json\/wp\/v2\/pages\/11338\/revisions"}],"wp:attachment":[{"href":"https:\/\/www.vape4wholesale.com\/sv\/wp-json\/wp\/v2\/media?parent=11338"}],"curies":[{"name":"wp","href":"https:\/\/api.w.org\/{rel}","templated":true}]}}