{"id":9844,"date":"2023-05-30T19:22:51","date_gmt":"2023-05-30T11:22:51","guid":{"rendered":"https:\/\/www.vape4wholesale.com\/?post_type=product&#038;p=9844"},"modified":"2026-01-26T13:42:45","modified_gmt":"2026-01-26T13:42:45","slug":"bang-kralj-9000-puffov-za-enkratno-uporabo-vape-na-debelo","status":"publish","type":"product","link":"https:\/\/www.vape4wholesale.com\/sl\/product\/bang-king-9000-puffs-disposable-vape-wholesale","title":{"rendered":"Bang King 9000 Puffs za enkratno uporabo Vape na debelo"},"content":{"rendered":"<p>. <strong><a href=\"https:\/\/www.vape4wholesale.com\/sl\/product_brand\/bang\/\">Bang<\/a> King 9000<\/strong> je najnovej\u0161i modni vape za enkratno uporabo, ki ga je predstavila blagovna znamka Bang. Vape je pakiran s \u0161portnim elementom - \u0161portno skodelico za vodo, zaradi \u010desar je vaper pri uporabi tega izdelka bolj \u0161porten in moden. Ko nosite \u0161portna obla\u010dila in v roki dr\u017eite ta izdelek Bang King 9000, je takoj v sredi\u0161\u010du pozornosti, ujemanje pa je zelo dobro.<\/p>\n<h2>Bang King 9000 Vape Specifikacije:<\/h2>\n<p>Puffi: do 9000<br \/>\nZmogljivost: 20 ml<br \/>\nNikotin: 0% \/2% \/3% \/ 5%<br \/>\nBaterija: 800mah akumulatorska baterija<br \/>\nTe\u017ea: 90 g\/PCS<br \/>\nKoli\u010dina \/ \u0161katla: 200 kosov \/ \u0161katla<br \/>\nBruto te\u017ea: 18 kg\/\u0161katla<\/p>\n<h2>Okusi:<\/h2>\n<p>1) Hladna meta<br \/>\n2) Borovnica malina led<br \/>\n3) Mango breskev<br \/>\n4) lubenica Stawberry<br \/>\n5) Stawberry Mango<br \/>\n6) lubeni\u010dni led<br \/>\n7) Me\u0161ano jagodi\u010devje<br \/>\n8) Grozdni led<br \/>\n9) Kislo jabolko<br \/>\n10) Stawberry Ice<br \/>\n11) Stawberry Kiwi<br \/>\n12) Kivi Pasijonka Guava<br \/>\n13) Breskov led<br \/>\n14) Gospod Modri<br \/>\n15) Tigrova kri<br \/>\n16) jagoda banana<\/p>\n<p><img loading=\"lazy\" decoding=\"async\" class=\"alignnone size-full wp-image-11838\" title=\"BANG King 9000 Vape za enkratno uporabo na debelo (9)\" src=\"https:\/\/www.vape4wholesale.com\/wp-content\/uploads\/2023\/05\/BANG-King-9000-Disposable-Vape-Wholesale-9.jpg\" alt=\"BANG King 9000 Vape za enkratno uporabo na debelo (9)\" width=\"730\" height=\"730\" srcset=\"https:\/\/www.vape4wholesale.com\/wp-content\/uploads\/2023\/05\/BANG-King-9000-Disposable-Vape-Wholesale-9.jpg 730w, https:\/\/www.vape4wholesale.com\/wp-content\/uploads\/2023\/05\/BANG-King-9000-Disposable-Vape-Wholesale-9-247x247.jpg 247w, https:\/\/www.vape4wholesale.com\/wp-content\/uploads\/2023\/05\/BANG-King-9000-Disposable-Vape-Wholesale-9-100x100.jpg 100w, https:\/\/www.vape4wholesale.com\/wp-content\/uploads\/2023\/05\/BANG-King-9000-Disposable-Vape-Wholesale-9-510x510.jpg 510w, https:\/\/www.vape4wholesale.com\/wp-content\/uploads\/2023\/05\/BANG-King-9000-Disposable-Vape-Wholesale-9-64x64.jpg 64w, https:\/\/www.vape4wholesale.com\/wp-content\/uploads\/2023\/05\/BANG-King-9000-Disposable-Vape-Wholesale-9-300x300.jpg 300w, https:\/\/www.vape4wholesale.com\/wp-content\/uploads\/2023\/05\/BANG-King-9000-Disposable-Vape-Wholesale-9-150x150.jpg 150w\" sizes=\"auto, (max-width: 730px) 100vw, 730px\" \/><\/p>","protected":false},"excerpt":{"rendered":"[scf-template id=&#8217;11434&#8242;]\n","protected":false},"featured_media":11838,"comment_status":"open","ping_status":"closed","template":"","meta":[],"pwb-brand":[1275],"product_cat":[870],"product_tag":[24,172,249,336,22],"class_list":{"0":"post-9844","1":"product","2":"type-product","3":"status-publish","4":"has-post-thumbnail","6":"pwb-brand-bang","7":"product_cat-8000-10000-puffs","8":"product_tag-wholesale","9":"product_tag-20-0ml","10":"product_tag-bang","11":"product_tag-9000-puffs","12":"product_tag-disposable","13":"wcpa_has_options","15":"first","16":"outofstock","17":"shipping-taxable","18":"purchasable","19":"product-type-variable"},"aioseo_notices":[],"brands":[{"id":1275,"name":"Bang","slug":"bang"}],"_links":{"self":[{"href":"https:\/\/www.vape4wholesale.com\/sl\/wp-json\/wp\/v2\/product\/9844","targetHints":{"allow":["GET"]}}],"collection":[{"href":"https:\/\/www.vape4wholesale.com\/sl\/wp-json\/wp\/v2\/product"}],"about":[{"href":"https:\/\/www.vape4wholesale.com\/sl\/wp-json\/wp\/v2\/types\/product"}],"replies":[{"embeddable":true,"href":"https:\/\/www.vape4wholesale.com\/sl\/wp-json\/wp\/v2\/comments?post=9844"}],"wp:featuredmedia":[{"embeddable":true,"href":"https:\/\/www.vape4wholesale.com\/sl\/wp-json\/wp\/v2\/media\/11838"}],"wp:attachment":[{"href":"https:\/\/www.vape4wholesale.com\/sl\/wp-json\/wp\/v2\/media?parent=9844"}],"wp:term":[{"taxonomy":"pwb-brand","embeddable":true,"href":"https:\/\/www.vape4wholesale.com\/sl\/wp-json\/wp\/v2\/pwb-brand?post=9844"},{"taxonomy":"product_cat","embeddable":true,"href":"https:\/\/www.vape4wholesale.com\/sl\/wp-json\/wp\/v2\/product_cat?post=9844"},{"taxonomy":"product_tag","embeddable":true,"href":"https:\/\/www.vape4wholesale.com\/sl\/wp-json\/wp\/v2\/product_tag?post=9844"}],"curies":[{"name":"wp","href":"https:\/\/api.w.org\/{rel}","templated":true}]}}