{"id":7815,"date":"2023-03-13T09:21:25","date_gmt":"2023-03-13T01:21:25","guid":{"rendered":"https:\/\/www.vape4wholesale.com\/?post_type=product&#038;p=7815"},"modified":"2026-01-26T13:43:00","modified_gmt":"2026-01-26T13:43:00","slug":"rm-bar-9000-puffov-za-enkratno-uporabo-vape-na-debelo","status":"publish","type":"product","link":"https:\/\/www.vape4wholesale.com\/sl\/product\/rm-bar-9000-puffs-disposable-vape-wholesale","title":{"rendered":"R&amp;M Bar 9000 Puffs za enkratno uporabo Vape na debelo"},"content":{"rendered":"<p>R&amp;M Bar 9000 je Vape za enkratno uporabo z RGB utripajo\u010do lu\u010dko, ki ima vgrajeno visokozmogljivo baterijo 650 mA in 15 ml e-teko\u010dine, ki podpira 9000 puffov, ter jedro z izjemno nizko upornostjo 1,0\u03a9mesh, veliki puffi s sladkim okusom, z razli\u010dnimi okusi, med katerimi lahko izbirate.<\/p>\n<p>&nbsp;<\/p>\n<h2>R&amp;M Bar 9000 Vape za enkratno uporabo Specifikacije:<\/h2>\n<p>Blagovna znamka: R&amp;M<\/p>\n<p>Puffi: Na napravo je na voljo 9000 puffov.<\/p>\n<p>Nikotin: 2%\/5%<\/p>\n<p>Kapaciteta e-su\u0161ice: 15ML<\/p>\n<p>Baterija: 650 mAh<\/p>\n<p>Polnilna vrata: tip C<\/p>\n<p>Odpornost: 1.0\u03a9 Mesh Coil<\/p>\n<p>&nbsp;<\/p>\n<h2>Okusi<\/h2>\n<p>Jagodna fuzija<\/p>\n<p>Mavri\u010dne sladkarije<\/p>\n<p>Breskev mango lubenica<\/p>\n<p>Sne\u017eni sto\u017eec ledu<\/p>\n<p>Fid\u017ei Melone Led<\/p>\n<p>Fuji Apple Ice<\/p>\n<p>Modro granatno jabolko<\/p>\n<p>Raspberry Cherry<\/p>\n<p>Jagodna lubenica<\/p>\n<p>Modra malina Ice<\/p>\n<p>lubenica Bubble Gum<\/p>\n<p>Kopje Mint<\/p>\n<p>Led z malinami in breskvami<\/p>\n<p>Tropski pun\u010d<\/p>\n<p>Energijski napitek<\/p>\n<p>Kivi Dragon Berry<\/p>\n<p>&nbsp;<\/p>\n<h2>Pakiranje in te\u017ea<\/h2>\n<p>0.064KG\/PCS, enojni z majhnim paketom, 10 kosov v srednji \u0161katli.<\/p>\n<p>300 kosov v glavni \u0161katli, 19,1 kg.<\/p>\n<p><img loading=\"lazy\" decoding=\"async\" class=\"alignnone size-full wp-image-12143\" title=\"RM BAR 9000 Puffs za enkratno uporabo Vape na debelo Vsi okusi\" src=\"https:\/\/www.vape4wholesale.com\/wp-content\/uploads\/2023\/03\/RM-BAR-9000-Puffs-Disposable-Vape-Wholesale-All-Flavors.jpg\" alt=\"RM BAR 9000 Puffs za enkratno uporabo Vape na debelo Vsi okusi\" width=\"800\" height=\"800\" srcset=\"https:\/\/www.vape4wholesale.com\/wp-content\/uploads\/2023\/03\/RM-BAR-9000-Puffs-Disposable-Vape-Wholesale-All-Flavors.jpg 800w, https:\/\/www.vape4wholesale.com\/wp-content\/uploads\/2023\/03\/RM-BAR-9000-Puffs-Disposable-Vape-Wholesale-All-Flavors-247x247.jpg 247w, https:\/\/www.vape4wholesale.com\/wp-content\/uploads\/2023\/03\/RM-BAR-9000-Puffs-Disposable-Vape-Wholesale-All-Flavors-100x100.jpg 100w, https:\/\/www.vape4wholesale.com\/wp-content\/uploads\/2023\/03\/RM-BAR-9000-Puffs-Disposable-Vape-Wholesale-All-Flavors-510x510.jpg 510w, https:\/\/www.vape4wholesale.com\/wp-content\/uploads\/2023\/03\/RM-BAR-9000-Puffs-Disposable-Vape-Wholesale-All-Flavors-64x64.jpg 64w, https:\/\/www.vape4wholesale.com\/wp-content\/uploads\/2023\/03\/RM-BAR-9000-Puffs-Disposable-Vape-Wholesale-All-Flavors-300x300.jpg 300w, https:\/\/www.vape4wholesale.com\/wp-content\/uploads\/2023\/03\/RM-BAR-9000-Puffs-Disposable-Vape-Wholesale-All-Flavors-150x150.jpg 150w, https:\/\/www.vape4wholesale.com\/wp-content\/uploads\/2023\/03\/RM-BAR-9000-Puffs-Disposable-Vape-Wholesale-All-Flavors-768x768.jpg 768w\" sizes=\"auto, (max-width: 800px) 100vw, 800px\" \/> <img loading=\"lazy\" decoding=\"async\" class=\"alignnone size-full wp-image-12141\" title=\"RM BAR 9000 Puffs za enkratno uporabo Vape na debelo\" src=\"https:\/\/www.vape4wholesale.com\/wp-content\/uploads\/2023\/03\/RM-BAR-9000-Puffs-Disposable-Vape-Wholesale.jpg\" alt=\"RM BAR 9000 Puffs za enkratno uporabo Vape na debelo\" width=\"800\" height=\"1131\" srcset=\"https:\/\/www.vape4wholesale.com\/wp-content\/uploads\/2023\/03\/RM-BAR-9000-Puffs-Disposable-Vape-Wholesale.jpg 800w, https:\/\/www.vape4wholesale.com\/wp-content\/uploads\/2023\/03\/RM-BAR-9000-Puffs-Disposable-Vape-Wholesale-510x721.jpg 510w, https:\/\/www.vape4wholesale.com\/wp-content\/uploads\/2023\/03\/RM-BAR-9000-Puffs-Disposable-Vape-Wholesale-64x90.jpg 64w, https:\/\/www.vape4wholesale.com\/wp-content\/uploads\/2023\/03\/RM-BAR-9000-Puffs-Disposable-Vape-Wholesale-212x300.jpg 212w, https:\/\/www.vape4wholesale.com\/wp-content\/uploads\/2023\/03\/RM-BAR-9000-Puffs-Disposable-Vape-Wholesale-724x1024.jpg 724w, https:\/\/www.vape4wholesale.com\/wp-content\/uploads\/2023\/03\/RM-BAR-9000-Puffs-Disposable-Vape-Wholesale-768x1086.jpg 768w\" sizes=\"auto, (max-width: 800px) 100vw, 800px\" \/> <img loading=\"lazy\" decoding=\"async\" class=\"alignnone size-full wp-image-12142\" title=\"RM BAR 9000 Puffs za enkratno uporabo Vape na debelo 3 okusi\" src=\"https:\/\/www.vape4wholesale.com\/wp-content\/uploads\/2023\/03\/RM-BAR-9000-Puffs-Disposable-Vape-Wholesale-3-Flavors.jpg\" alt=\"RM BAR 9000 Puffs za enkratno uporabo Vape na debelo 3 okusi\" width=\"800\" height=\"800\" srcset=\"https:\/\/www.vape4wholesale.com\/wp-content\/uploads\/2023\/03\/RM-BAR-9000-Puffs-Disposable-Vape-Wholesale-3-Flavors.jpg 800w, https:\/\/www.vape4wholesale.com\/wp-content\/uploads\/2023\/03\/RM-BAR-9000-Puffs-Disposable-Vape-Wholesale-3-Flavors-247x247.jpg 247w, https:\/\/www.vape4wholesale.com\/wp-content\/uploads\/2023\/03\/RM-BAR-9000-Puffs-Disposable-Vape-Wholesale-3-Flavors-100x100.jpg 100w, https:\/\/www.vape4wholesale.com\/wp-content\/uploads\/2023\/03\/RM-BAR-9000-Puffs-Disposable-Vape-Wholesale-3-Flavors-510x510.jpg 510w, https:\/\/www.vape4wholesale.com\/wp-content\/uploads\/2023\/03\/RM-BAR-9000-Puffs-Disposable-Vape-Wholesale-3-Flavors-64x64.jpg 64w, https:\/\/www.vape4wholesale.com\/wp-content\/uploads\/2023\/03\/RM-BAR-9000-Puffs-Disposable-Vape-Wholesale-3-Flavors-300x300.jpg 300w, https:\/\/www.vape4wholesale.com\/wp-content\/uploads\/2023\/03\/RM-BAR-9000-Puffs-Disposable-Vape-Wholesale-3-Flavors-150x150.jpg 150w, https:\/\/www.vape4wholesale.com\/wp-content\/uploads\/2023\/03\/RM-BAR-9000-Puffs-Disposable-Vape-Wholesale-3-Flavors-768x768.jpg 768w\" sizes=\"auto, (max-width: 800px) 100vw, 800px\" \/> <img loading=\"lazy\" decoding=\"async\" class=\"alignnone size-full wp-image-12144\" title=\"RM BAR 9000 Puffs za enkratno uporabo Vape na debelo Berry Fusion\" src=\"https:\/\/www.vape4wholesale.com\/wp-content\/uploads\/2023\/03\/RM-BAR-9000-Puffs-Disposable-Vape-Wholesale-Berry-Fusion.jpg\" alt=\"RM BAR 9000 Puffs za enkratno uporabo Vape na debelo Berry Fusion\" width=\"800\" height=\"800\" srcset=\"https:\/\/www.vape4wholesale.com\/wp-content\/uploads\/2023\/03\/RM-BAR-9000-Puffs-Disposable-Vape-Wholesale-Berry-Fusion.jpg 800w, https:\/\/www.vape4wholesale.com\/wp-content\/uploads\/2023\/03\/RM-BAR-9000-Puffs-Disposable-Vape-Wholesale-Berry-Fusion-247x247.jpg 247w, https:\/\/www.vape4wholesale.com\/wp-content\/uploads\/2023\/03\/RM-BAR-9000-Puffs-Disposable-Vape-Wholesale-Berry-Fusion-100x100.jpg 100w, https:\/\/www.vape4wholesale.com\/wp-content\/uploads\/2023\/03\/RM-BAR-9000-Puffs-Disposable-Vape-Wholesale-Berry-Fusion-510x510.jpg 510w, https:\/\/www.vape4wholesale.com\/wp-content\/uploads\/2023\/03\/RM-BAR-9000-Puffs-Disposable-Vape-Wholesale-Berry-Fusion-64x64.jpg 64w, https:\/\/www.vape4wholesale.com\/wp-content\/uploads\/2023\/03\/RM-BAR-9000-Puffs-Disposable-Vape-Wholesale-Berry-Fusion-300x300.jpg 300w, https:\/\/www.vape4wholesale.com\/wp-content\/uploads\/2023\/03\/RM-BAR-9000-Puffs-Disposable-Vape-Wholesale-Berry-Fusion-150x150.jpg 150w, https:\/\/www.vape4wholesale.com\/wp-content\/uploads\/2023\/03\/RM-BAR-9000-Puffs-Disposable-Vape-Wholesale-Berry-Fusion-768x768.jpg 768w\" sizes=\"auto, (max-width: 800px) 100vw, 800px\" \/> <img loading=\"lazy\" decoding=\"async\" class=\"alignnone size-full wp-image-12154\" title=\"RM BAR 9000 Puffs za enkratno uporabo Vape na debelo Raspberry Cherry\" src=\"https:\/\/www.vape4wholesale.com\/wp-content\/uploads\/2023\/03\/RM-BAR-9000-Puffs-Disposable-Vape-Wholesale-Raspberry-Cherry.jpg\" alt=\"RM BAR 9000 Puffs za enkratno uporabo Vape na debelo Raspberry Cherry\" width=\"800\" height=\"800\" srcset=\"https:\/\/www.vape4wholesale.com\/wp-content\/uploads\/2023\/03\/RM-BAR-9000-Puffs-Disposable-Vape-Wholesale-Raspberry-Cherry.jpg 800w, https:\/\/www.vape4wholesale.com\/wp-content\/uploads\/2023\/03\/RM-BAR-9000-Puffs-Disposable-Vape-Wholesale-Raspberry-Cherry-247x247.jpg 247w, https:\/\/www.vape4wholesale.com\/wp-content\/uploads\/2023\/03\/RM-BAR-9000-Puffs-Disposable-Vape-Wholesale-Raspberry-Cherry-100x100.jpg 100w, https:\/\/www.vape4wholesale.com\/wp-content\/uploads\/2023\/03\/RM-BAR-9000-Puffs-Disposable-Vape-Wholesale-Raspberry-Cherry-510x510.jpg 510w, https:\/\/www.vape4wholesale.com\/wp-content\/uploads\/2023\/03\/RM-BAR-9000-Puffs-Disposable-Vape-Wholesale-Raspberry-Cherry-64x64.jpg 64w, https:\/\/www.vape4wholesale.com\/wp-content\/uploads\/2023\/03\/RM-BAR-9000-Puffs-Disposable-Vape-Wholesale-Raspberry-Cherry-300x300.jpg 300w, https:\/\/www.vape4wholesale.com\/wp-content\/uploads\/2023\/03\/RM-BAR-9000-Puffs-Disposable-Vape-Wholesale-Raspberry-Cherry-150x150.jpg 150w, https:\/\/www.vape4wholesale.com\/wp-content\/uploads\/2023\/03\/RM-BAR-9000-Puffs-Disposable-Vape-Wholesale-Raspberry-Cherry-768x768.jpg 768w\" sizes=\"auto, (max-width: 800px) 100vw, 800px\" \/> <img loading=\"lazy\" decoding=\"async\" class=\"alignnone size-full wp-image-12157\" title=\"RM BAR 9000 Puffs za enkratno uporabo Vape na debelo Jagoda lubenica\" src=\"https:\/\/www.vape4wholesale.com\/wp-content\/uploads\/2023\/03\/RM-BAR-9000-Puffs-Disposable-Vape-Wholesale-Strawberry-Watermelon.jpg\" alt=\"RM BAR 9000 Puffs za enkratno uporabo Vape na debelo Jagoda lubenica\" width=\"800\" height=\"800\" srcset=\"https:\/\/www.vape4wholesale.com\/wp-content\/uploads\/2023\/03\/RM-BAR-9000-Puffs-Disposable-Vape-Wholesale-Strawberry-Watermelon.jpg 800w, https:\/\/www.vape4wholesale.com\/wp-content\/uploads\/2023\/03\/RM-BAR-9000-Puffs-Disposable-Vape-Wholesale-Strawberry-Watermelon-247x247.jpg 247w, https:\/\/www.vape4wholesale.com\/wp-content\/uploads\/2023\/03\/RM-BAR-9000-Puffs-Disposable-Vape-Wholesale-Strawberry-Watermelon-100x100.jpg 100w, https:\/\/www.vape4wholesale.com\/wp-content\/uploads\/2023\/03\/RM-BAR-9000-Puffs-Disposable-Vape-Wholesale-Strawberry-Watermelon-510x510.jpg 510w, https:\/\/www.vape4wholesale.com\/wp-content\/uploads\/2023\/03\/RM-BAR-9000-Puffs-Disposable-Vape-Wholesale-Strawberry-Watermelon-64x64.jpg 64w, https:\/\/www.vape4wholesale.com\/wp-content\/uploads\/2023\/03\/RM-BAR-9000-Puffs-Disposable-Vape-Wholesale-Strawberry-Watermelon-300x300.jpg 300w, https:\/\/www.vape4wholesale.com\/wp-content\/uploads\/2023\/03\/RM-BAR-9000-Puffs-Disposable-Vape-Wholesale-Strawberry-Watermelon-150x150.jpg 150w, https:\/\/www.vape4wholesale.com\/wp-content\/uploads\/2023\/03\/RM-BAR-9000-Puffs-Disposable-Vape-Wholesale-Strawberry-Watermelon-768x768.jpg 768w\" sizes=\"auto, (max-width: 800px) 100vw, 800px\" \/> <img loading=\"lazy\" decoding=\"async\" class=\"alignnone size-full wp-image-12158\" title=\"RM BAR 9000 Puffs za enkratno uporabo Vape na debelo Tropical Punch\" src=\"https:\/\/www.vape4wholesale.com\/wp-content\/uploads\/2023\/03\/RM-BAR-9000-Puffs-Disposable-Vape-Wholesale-Tropical-Punch.jpg\" alt=\"RM BAR 9000 Puffs za enkratno uporabo Vape na debelo Tropical Punch\" width=\"800\" height=\"800\" srcset=\"https:\/\/www.vape4wholesale.com\/wp-content\/uploads\/2023\/03\/RM-BAR-9000-Puffs-Disposable-Vape-Wholesale-Tropical-Punch.jpg 800w, https:\/\/www.vape4wholesale.com\/wp-content\/uploads\/2023\/03\/RM-BAR-9000-Puffs-Disposable-Vape-Wholesale-Tropical-Punch-247x247.jpg 247w, https:\/\/www.vape4wholesale.com\/wp-content\/uploads\/2023\/03\/RM-BAR-9000-Puffs-Disposable-Vape-Wholesale-Tropical-Punch-100x100.jpg 100w, https:\/\/www.vape4wholesale.com\/wp-content\/uploads\/2023\/03\/RM-BAR-9000-Puffs-Disposable-Vape-Wholesale-Tropical-Punch-510x510.jpg 510w, https:\/\/www.vape4wholesale.com\/wp-content\/uploads\/2023\/03\/RM-BAR-9000-Puffs-Disposable-Vape-Wholesale-Tropical-Punch-64x64.jpg 64w, https:\/\/www.vape4wholesale.com\/wp-content\/uploads\/2023\/03\/RM-BAR-9000-Puffs-Disposable-Vape-Wholesale-Tropical-Punch-300x300.jpg 300w, https:\/\/www.vape4wholesale.com\/wp-content\/uploads\/2023\/03\/RM-BAR-9000-Puffs-Disposable-Vape-Wholesale-Tropical-Punch-150x150.jpg 150w, https:\/\/www.vape4wholesale.com\/wp-content\/uploads\/2023\/03\/RM-BAR-9000-Puffs-Disposable-Vape-Wholesale-Tropical-Punch-768x768.jpg 768w\" sizes=\"auto, (max-width: 800px) 100vw, 800px\" \/> <img loading=\"lazy\" decoding=\"async\" class=\"alignnone size-full wp-image-12149\" title=\"RM BAR 9000 Puffs za enkratno uporabo Vape na debelo Okusi\" src=\"https:\/\/www.vape4wholesale.com\/wp-content\/uploads\/2023\/03\/RM-BAR-9000-Puffs-Disposable-Vape-Wholesale-Flavors.jpg\" alt=\"RM BAR 9000 Puffs za enkratno uporabo Vape na debelo Okusi\" width=\"800\" height=\"800\" srcset=\"https:\/\/www.vape4wholesale.com\/wp-content\/uploads\/2023\/03\/RM-BAR-9000-Puffs-Disposable-Vape-Wholesale-Flavors.jpg 800w, https:\/\/www.vape4wholesale.com\/wp-content\/uploads\/2023\/03\/RM-BAR-9000-Puffs-Disposable-Vape-Wholesale-Flavors-247x247.jpg 247w, https:\/\/www.vape4wholesale.com\/wp-content\/uploads\/2023\/03\/RM-BAR-9000-Puffs-Disposable-Vape-Wholesale-Flavors-100x100.jpg 100w, https:\/\/www.vape4wholesale.com\/wp-content\/uploads\/2023\/03\/RM-BAR-9000-Puffs-Disposable-Vape-Wholesale-Flavors-510x510.jpg 510w, https:\/\/www.vape4wholesale.com\/wp-content\/uploads\/2023\/03\/RM-BAR-9000-Puffs-Disposable-Vape-Wholesale-Flavors-64x64.jpg 64w, https:\/\/www.vape4wholesale.com\/wp-content\/uploads\/2023\/03\/RM-BAR-9000-Puffs-Disposable-Vape-Wholesale-Flavors-300x300.jpg 300w, https:\/\/www.vape4wholesale.com\/wp-content\/uploads\/2023\/03\/RM-BAR-9000-Puffs-Disposable-Vape-Wholesale-Flavors-150x150.jpg 150w, https:\/\/www.vape4wholesale.com\/wp-content\/uploads\/2023\/03\/RM-BAR-9000-Puffs-Disposable-Vape-Wholesale-Flavors-768x768.jpg 768w\" sizes=\"auto, (max-width: 800px) 100vw, 800px\" \/><\/p>","protected":false},"excerpt":{"rendered":"[scf-template id=&#8217;11434&#8242;]\n","protected":false},"featured_media":12142,"comment_status":"open","ping_status":"closed","template":"","meta":[],"pwb-brand":[1285],"product_cat":[870],"product_tag":[396,22,24,233,336],"class_list":{"0":"post-7815","1":"product","2":"type-product","3":"status-publish","4":"has-post-thumbnail","6":"pwb-brand-r-m","7":"product_cat-8000-10000-puffs","8":"product_tag-rm","9":"product_tag-disposable","10":"product_tag-wholesale","11":"product_tag-15-0ml","12":"product_tag-9000-puffs","13":"wcpa_has_options","15":"first","16":"outofstock","17":"shipping-taxable","18":"purchasable","19":"product-type-variable"},"aioseo_notices":[],"brands":[{"id":1285,"name":"R&amp;M","slug":"r-m"}],"_links":{"self":[{"href":"https:\/\/www.vape4wholesale.com\/sl\/wp-json\/wp\/v2\/product\/7815","targetHints":{"allow":["GET"]}}],"collection":[{"href":"https:\/\/www.vape4wholesale.com\/sl\/wp-json\/wp\/v2\/product"}],"about":[{"href":"https:\/\/www.vape4wholesale.com\/sl\/wp-json\/wp\/v2\/types\/product"}],"replies":[{"embeddable":true,"href":"https:\/\/www.vape4wholesale.com\/sl\/wp-json\/wp\/v2\/comments?post=7815"}],"wp:featuredmedia":[{"embeddable":true,"href":"https:\/\/www.vape4wholesale.com\/sl\/wp-json\/wp\/v2\/media\/12142"}],"wp:attachment":[{"href":"https:\/\/www.vape4wholesale.com\/sl\/wp-json\/wp\/v2\/media?parent=7815"}],"wp:term":[{"taxonomy":"pwb-brand","embeddable":true,"href":"https:\/\/www.vape4wholesale.com\/sl\/wp-json\/wp\/v2\/pwb-brand?post=7815"},{"taxonomy":"product_cat","embeddable":true,"href":"https:\/\/www.vape4wholesale.com\/sl\/wp-json\/wp\/v2\/product_cat?post=7815"},{"taxonomy":"product_tag","embeddable":true,"href":"https:\/\/www.vape4wholesale.com\/sl\/wp-json\/wp\/v2\/product_tag?post=7815"}],"curies":[{"name":"wp","href":"https:\/\/api.w.org\/{rel}","templated":true}]}}