{"id":6741,"date":"2022-02-06T15:24:06","date_gmt":"2022-02-06T07:24:06","guid":{"rendered":"https:\/\/www.vape4wholesale.com\/?post_type=product&#038;p=6741"},"modified":"2026-01-26T13:43:48","modified_gmt":"2026-01-26T13:43:48","slug":"lavie-box-6000-puffs-polnilno-enkratno-vape-na-debelo","status":"publish","type":"product","link":"https:\/\/www.vape4wholesale.com\/sl\/product\/lavie-box-6000-puffs-rechargeable-disposable-vape-wholesale","title":{"rendered":"Lavie Box 6000 Puffs za enkratno polnjenje Vape na debelo"},"content":{"rendered":"<p>. <strong><a href=\"https:\/\/www.vape4wholesale.com\/sl\/product_brand\/lavie\/\">Lavie<\/a> \u0160katla 6000<\/strong> je \u0161katla tipa barvita lep videz enkratno vape s funkcijo polnjenja, uporablja 650 mah vgrajeno baterijo in z 19 ml zmogljivosti eliquid, podpira max 6000 puffs.<\/p>\n<h2>Lavie Box 6000 Seznam okusov<\/h2>\n<p>sladkorna bomba<br \/>\nGrozdje Oran\u017ena jabolka<br \/>\nBujni led<br \/>\nMango Ice<br \/>\nZme\u0161ajte jagodi\u010devje<br \/>\nO.M.G.<br \/>\nLedena breskev<br \/>\njagoda kokos ananas<\/p>\n<h2>Te\u017ea in pakiranje<\/h2>\n<p>Velikost telesa: 69 * 38,5 * 19,5 mm<\/p>\n<p>Telesna te\u017ea: 67 g<\/p>\n<p>10 kosov v paketu<\/p>\n<p>17 kg\/karton vsebuje 240 kosov.<\/p>\n<h2>ODM\/OEM:<\/h2>\n<p>1000 kosov na okus<\/p>\n<p>Mo\u010d nikotina po izbiri za naro\u010dilo OEM\/ODM: 0%, 1%, 2%, 3%, 5%.<\/p>\n<figure id=\"attachment_13430\" aria-describedby=\"caption-attachment-13430\" style=\"width: 800px\" class=\"wp-caption alignnone\"><img loading=\"lazy\" decoding=\"async\" class=\"wp-image-13430 size-full\" title=\"LAVIE 6000 VAPE ZA ENKRATNO UPORABO NA DEBELO (6)\" src=\"https:\/\/www.vape4wholesale.com\/wp-content\/uploads\/2022\/02\/LAVIE-6000-VAPE-DISPOSABLE-WHOLESALE-6.jpg\" alt=\"LAVIE 6000 VAPE ZA ENKRATNO UPORABO NA DEBELO (6)\" width=\"800\" height=\"800\" srcset=\"https:\/\/www.vape4wholesale.com\/wp-content\/uploads\/2022\/02\/LAVIE-6000-VAPE-DISPOSABLE-WHOLESALE-6.jpg 800w, https:\/\/www.vape4wholesale.com\/wp-content\/uploads\/2022\/02\/LAVIE-6000-VAPE-DISPOSABLE-WHOLESALE-6-247x247.jpg 247w, https:\/\/www.vape4wholesale.com\/wp-content\/uploads\/2022\/02\/LAVIE-6000-VAPE-DISPOSABLE-WHOLESALE-6-100x100.jpg 100w, https:\/\/www.vape4wholesale.com\/wp-content\/uploads\/2022\/02\/LAVIE-6000-VAPE-DISPOSABLE-WHOLESALE-6-510x510.jpg 510w, https:\/\/www.vape4wholesale.com\/wp-content\/uploads\/2022\/02\/LAVIE-6000-VAPE-DISPOSABLE-WHOLESALE-6-64x64.jpg 64w, https:\/\/www.vape4wholesale.com\/wp-content\/uploads\/2022\/02\/LAVIE-6000-VAPE-DISPOSABLE-WHOLESALE-6-300x300.jpg 300w, https:\/\/www.vape4wholesale.com\/wp-content\/uploads\/2022\/02\/LAVIE-6000-VAPE-DISPOSABLE-WHOLESALE-6-150x150.jpg 150w, https:\/\/www.vape4wholesale.com\/wp-content\/uploads\/2022\/02\/LAVIE-6000-VAPE-DISPOSABLE-WHOLESALE-6-768x768.jpg 768w\" sizes=\"auto, (max-width: 800px) 100vw, 800px\" \/><figcaption id=\"caption-attachment-13430\" class=\"wp-caption-text\">LAVIE 6000 VAPE ZA ENKRATNO UPORABO NA DEBELO<\/figcaption><\/figure>\n<h2>ZAKAJ MI?<\/h2>\r\n<ul>\r\n<li>Resni\u010dni, zanesljivi in strokovni vir za vape.<\/li>\r\n<li>100% Originalno jamstvo: Zavra\u010damo ponarejanje: zagotavljamo samo originalne in pristne izdelke.<\/li>\r\n<li>100% Zagotovilo za dostavo: 100%: uporabljamo najbolj\u0161i na\u010din po\u0161iljanja, da zagotovimo, da prejmete naro\u010dilo 100%.<\/li>\r\n<li>Po odpremi vam bomo posredovali \u0161tevilko za sledenje in nalepko za po\u0161iljanje ter spremljali blago, dokler ga ne podpi\u0161ete.<\/li>\r\n<li>Brez carinskih te\u017eav, brez tarif<\/li>\r\n<\/ul>\n<p>&nbsp;<\/p>\n<p>&nbsp;<\/p>","protected":false},"excerpt":{"rendered":"<div class=\"wsppc_div_block woocommerce_before_add_to_cart_form\">\r\n<p><strong><span style=\"color: #00a859;\">Opraviti carinsko po\u0161to<\/span> pred dostavo &amp; 100% Garancija dostave, Dostava v pribli\u017eno 19\u201325 dneh.\u00a0<\/strong><\/p>\r\n<\/div>","protected":false},"featured_media":13432,"comment_status":"open","ping_status":"closed","template":"","meta":[],"pwb-brand":[1277],"product_cat":[869],"product_tag":[22,24,37,172,173],"class_list":{"0":"post-6741","1":"product","2":"type-product","3":"status-publish","4":"has-post-thumbnail","6":"pwb-brand-lavie","7":"product_cat-5000-8000-puffs","8":"product_tag-disposable","9":"product_tag-wholesale","10":"product_tag-lavie","11":"product_tag-20-0ml","12":"product_tag-6000-puffs","14":"first","15":"instock","16":"shipping-taxable","17":"purchasable","18":"product-type-variable"},"aioseo_notices":[],"brands":[{"id":1277,"name":"Lavie","slug":"lavie"}],"_links":{"self":[{"href":"https:\/\/www.vape4wholesale.com\/sl\/wp-json\/wp\/v2\/product\/6741","targetHints":{"allow":["GET"]}}],"collection":[{"href":"https:\/\/www.vape4wholesale.com\/sl\/wp-json\/wp\/v2\/product"}],"about":[{"href":"https:\/\/www.vape4wholesale.com\/sl\/wp-json\/wp\/v2\/types\/product"}],"replies":[{"embeddable":true,"href":"https:\/\/www.vape4wholesale.com\/sl\/wp-json\/wp\/v2\/comments?post=6741"}],"wp:featuredmedia":[{"embeddable":true,"href":"https:\/\/www.vape4wholesale.com\/sl\/wp-json\/wp\/v2\/media\/13432"}],"wp:attachment":[{"href":"https:\/\/www.vape4wholesale.com\/sl\/wp-json\/wp\/v2\/media?parent=6741"}],"wp:term":[{"taxonomy":"pwb-brand","embeddable":true,"href":"https:\/\/www.vape4wholesale.com\/sl\/wp-json\/wp\/v2\/pwb-brand?post=6741"},{"taxonomy":"product_cat","embeddable":true,"href":"https:\/\/www.vape4wholesale.com\/sl\/wp-json\/wp\/v2\/product_cat?post=6741"},{"taxonomy":"product_tag","embeddable":true,"href":"https:\/\/www.vape4wholesale.com\/sl\/wp-json\/wp\/v2\/product_tag?post=6741"}],"curies":[{"name":"wp","href":"https:\/\/api.w.org\/{rel}","templated":true}]}}