{"id":5694,"date":"2022-07-27T21:08:41","date_gmt":"2022-07-27T13:08:41","guid":{"rendered":"https:\/\/www.vape4wholesale.com\/?post_type=product&#038;p=5694"},"modified":"2026-04-29T17:36:23","modified_gmt":"2026-04-29T09:36:23","slug":"randm-tornado-6000-puffs-enkratno-vape-debelo","status":"publish","type":"product","link":"https:\/\/www.vape4wholesale.com\/sl\/product\/randm-tornado-6000-puffs-disposable-vape-wholesale","title":{"rendered":"RandM Tornado 6000 Puffs za enkratno uporabo Vape na debelo"},"content":{"rendered":"<p><strong><a href=\"https:\/\/www.vape4wholesale.com\/sl\/product_brand\/randm\/\">RandM<\/a> Tornado<\/strong> 6000 je naprava za vape za enkratno uporabo z nadzorom pretoka zraka in jo je mogo\u010de polniti. Vsebuje 12 ml nikotinske soli 0\/2\/3\/5% in omogo\u010da do 6000 vdihov. Izbirate lahko med 30 okusi. Z nadzorom zra\u010dnega toka lahko izberete najbolj\u0161e mesto, ki vam ustreza, poleg tega ima na zadnji strani naprave priklju\u010dek za polnjenje tipa C, ki zagotavlja, da boste v rezervoarju vedno do konca izpilili zadnjo kapljico e-soje.<\/p>\n<h2><b data-stringify-type=\"bold\">RandM Tornado 6000 Naprava za enkratno uporabo Lastnosti:<\/b><\/h2>\n<p>\u26110\/2\/3\/5% Nikotinska sol<br \/>\n\u261112ML e-teko\u010dine<br \/>\n\u26116000 Puffs na napravo<br \/>\n\u2611 Nadzor pretoka zraka<br \/>\n\u2611Type-C Recgarge<br \/>\n\u2611Baterija za polnjenje<br \/>\n\u2611Vgrajena baterija 850 mAh<br \/>\n\u261130 razpolo\u017eljivih okusov<br \/>\n\u261110 kosov v \u0161katli z zaslonom<br \/>\n\u2611240 kosov v \u0161katli \/ 17KG<\/p>\n<h2><b data-stringify-type=\"bold\">Na voljo so okusi:<\/b><\/h2>\n<p>1 limona Red Apple<br \/>\n2 Pina Colada Rum<br \/>\n3 gumijasti medvedek<br \/>\n4 Hladna meta<br \/>\n5 Energijski napitek<br \/>\n6 grozdnih jagod ICE<br \/>\n7 jagodni krof<br \/>\n8 sadna fuzija<br \/>\n9 Oran\u017ena soda<br \/>\n10 Bananino mleko<br \/>\n11 Mango jagodni led<br \/>\n12.Lush led<br \/>\n13.Mixed Berries<br \/>\n14.Strawberry lubenica<br \/>\n15.Blue Razz Ice<br \/>\n16.Skittles<br \/>\n17.Strawberry Ice Cream<br \/>\n18.Cotton Candy<br \/>\n19.Banana Vanilla Ice Cream<br \/>\n20.Dvojno jabolko<br \/>\n21.Ananas Lemon Mint<br \/>\n22.Blueberry malina<br \/>\n23.Modra kisla malina<br \/>\n24.Mr. blue<br \/>\n25.Unicorn shake<br \/>\n26.Blueberry granatno jabolko<br \/>\n27.Strawberry lubenica bubblegum<br \/>\n28.Kiwi strastno sadje guava<br \/>\n29.Jagodna limonada<br \/>\n30.Vimto<\/p>\n<p><img loading=\"lazy\" decoding=\"async\" class=\"alignnone size-full wp-image-12943\" title=\"RANDM Tornado 6000 Puffs za enkratno uporabo Vape na debelo\" src=\"https:\/\/www.vape4wholesale.com\/wp-content\/uploads\/2022\/07\/RANDM-Tornado-6000-Puffs-Disposable-Vape-Wholesale.jpg\" alt=\"RANDM Tornado 6000 Puffs za enkratno uporabo Vape na debelo\" width=\"590\" height=\"504\" srcset=\"https:\/\/www.vape4wholesale.com\/wp-content\/uploads\/2022\/07\/RANDM-Tornado-6000-Puffs-Disposable-Vape-Wholesale.jpg 590w, https:\/\/www.vape4wholesale.com\/wp-content\/uploads\/2022\/07\/RANDM-Tornado-6000-Puffs-Disposable-Vape-Wholesale-510x436.jpg 510w, https:\/\/www.vape4wholesale.com\/wp-content\/uploads\/2022\/07\/RANDM-Tornado-6000-Puffs-Disposable-Vape-Wholesale-64x55.jpg 64w, https:\/\/www.vape4wholesale.com\/wp-content\/uploads\/2022\/07\/RANDM-Tornado-6000-Puffs-Disposable-Vape-Wholesale-300x256.jpg 300w\" sizes=\"auto, (max-width: 590px) 100vw, 590px\" \/><img loading=\"lazy\" decoding=\"async\" class=\"alignnone size-full wp-image-12941\" title=\"RANDM Tornado 6000 Puffs za enkratno uporabo Vape na debelo Red Apple limona\" src=\"https:\/\/www.vape4wholesale.com\/wp-content\/uploads\/2022\/07\/RANDM-Tornado-6000-Puffs-Disposable-Vape-Wholesale-Red-Apple-lemon.jpg\" alt=\"RANDM Tornado 6000 Puffs za enkratno uporabo Vape na debelo Red Apple limona\" width=\"590\" height=\"545\" srcset=\"https:\/\/www.vape4wholesale.com\/wp-content\/uploads\/2022\/07\/RANDM-Tornado-6000-Puffs-Disposable-Vape-Wholesale-Red-Apple-lemon.jpg 590w, https:\/\/www.vape4wholesale.com\/wp-content\/uploads\/2022\/07\/RANDM-Tornado-6000-Puffs-Disposable-Vape-Wholesale-Red-Apple-lemon-510x471.jpg 510w, https:\/\/www.vape4wholesale.com\/wp-content\/uploads\/2022\/07\/RANDM-Tornado-6000-Puffs-Disposable-Vape-Wholesale-Red-Apple-lemon-64x59.jpg 64w, https:\/\/www.vape4wholesale.com\/wp-content\/uploads\/2022\/07\/RANDM-Tornado-6000-Puffs-Disposable-Vape-Wholesale-Red-Apple-lemon-300x277.jpg 300w\" sizes=\"auto, (max-width: 590px) 100vw, 590px\" \/> <img loading=\"lazy\" decoding=\"async\" class=\"alignnone size-full wp-image-12942\" title=\"RANDM Tornado 6000 Puffs za enkratno uporabo Vape na debelo Jagodni krof\" src=\"https:\/\/www.vape4wholesale.com\/wp-content\/uploads\/2022\/07\/RANDM-Tornado-6000-Puffs-Disposable-Vape-Wholesale-Strawberry-Donut.jpg\" alt=\"RANDM Tornado 6000 Puffs za enkratno uporabo Vape na debelo Jagodni krof\" width=\"590\" height=\"545\" srcset=\"https:\/\/www.vape4wholesale.com\/wp-content\/uploads\/2022\/07\/RANDM-Tornado-6000-Puffs-Disposable-Vape-Wholesale-Strawberry-Donut.jpg 590w, https:\/\/www.vape4wholesale.com\/wp-content\/uploads\/2022\/07\/RANDM-Tornado-6000-Puffs-Disposable-Vape-Wholesale-Strawberry-Donut-510x471.jpg 510w, https:\/\/www.vape4wholesale.com\/wp-content\/uploads\/2022\/07\/RANDM-Tornado-6000-Puffs-Disposable-Vape-Wholesale-Strawberry-Donut-64x59.jpg 64w, https:\/\/www.vape4wholesale.com\/wp-content\/uploads\/2022\/07\/RANDM-Tornado-6000-Puffs-Disposable-Vape-Wholesale-Strawberry-Donut-300x277.jpg 300w\" sizes=\"auto, (max-width: 590px) 100vw, 590px\" \/> <img loading=\"lazy\" decoding=\"async\" class=\"alignnone size-full wp-image-12946\" title=\"RANDM Tornado 6000 Puffs za enkratno uporabo Vape na debelo Energijski napitek\" src=\"https:\/\/www.vape4wholesale.com\/wp-content\/uploads\/2022\/07\/RANDM-Tornado-6000-Puffs-Disposable-Vape-Wholesale-Energy-Drink.jpg\" alt=\"RANDM Tornado 6000 Puffs za enkratno uporabo Vape na debelo Energijski napitek\" width=\"590\" height=\"545\" srcset=\"https:\/\/www.vape4wholesale.com\/wp-content\/uploads\/2022\/07\/RANDM-Tornado-6000-Puffs-Disposable-Vape-Wholesale-Energy-Drink.jpg 590w, https:\/\/www.vape4wholesale.com\/wp-content\/uploads\/2022\/07\/RANDM-Tornado-6000-Puffs-Disposable-Vape-Wholesale-Energy-Drink-510x471.jpg 510w, https:\/\/www.vape4wholesale.com\/wp-content\/uploads\/2022\/07\/RANDM-Tornado-6000-Puffs-Disposable-Vape-Wholesale-Energy-Drink-64x59.jpg 64w, https:\/\/www.vape4wholesale.com\/wp-content\/uploads\/2022\/07\/RANDM-Tornado-6000-Puffs-Disposable-Vape-Wholesale-Energy-Drink-300x277.jpg 300w\" sizes=\"auto, (max-width: 590px) 100vw, 590px\" \/> <img loading=\"lazy\" decoding=\"async\" class=\"alignnone size-full wp-image-12948\" title=\"RANDM Tornado 6000 Puffs za enkratno uporabo Vape na debelo Grape ICE\" src=\"https:\/\/www.vape4wholesale.com\/wp-content\/uploads\/2022\/07\/RANDM-Tornado-6000-Puffs-Disposable-Vape-Wholesale-Grape-ICE.jpg\" alt=\"RANDM Tornado 6000 Puffs za enkratno uporabo Vape na debelo Grape ICE\" width=\"590\" height=\"545\" srcset=\"https:\/\/www.vape4wholesale.com\/wp-content\/uploads\/2022\/07\/RANDM-Tornado-6000-Puffs-Disposable-Vape-Wholesale-Grape-ICE.jpg 590w, https:\/\/www.vape4wholesale.com\/wp-content\/uploads\/2022\/07\/RANDM-Tornado-6000-Puffs-Disposable-Vape-Wholesale-Grape-ICE-510x471.jpg 510w, https:\/\/www.vape4wholesale.com\/wp-content\/uploads\/2022\/07\/RANDM-Tornado-6000-Puffs-Disposable-Vape-Wholesale-Grape-ICE-64x59.jpg 64w, https:\/\/www.vape4wholesale.com\/wp-content\/uploads\/2022\/07\/RANDM-Tornado-6000-Puffs-Disposable-Vape-Wholesale-Grape-ICE-300x277.jpg 300w\" sizes=\"auto, (max-width: 590px) 100vw, 590px\" \/> <img loading=\"lazy\" decoding=\"async\" class=\"alignnone size-full wp-image-12949\" title=\"RANDM Tornado 6000 Puffs za enkratno uporabo Vape na debelo Gummy Bear\" src=\"https:\/\/www.vape4wholesale.com\/wp-content\/uploads\/2022\/07\/RANDM-Tornado-6000-Puffs-Disposable-Vape-Wholesale-Gummy-Bear.jpg\" alt=\"RANDM Tornado 6000 Puffs za enkratno uporabo Vape na debelo Gummy Bear\" width=\"590\" height=\"545\" srcset=\"https:\/\/www.vape4wholesale.com\/wp-content\/uploads\/2022\/07\/RANDM-Tornado-6000-Puffs-Disposable-Vape-Wholesale-Gummy-Bear.jpg 590w, https:\/\/www.vape4wholesale.com\/wp-content\/uploads\/2022\/07\/RANDM-Tornado-6000-Puffs-Disposable-Vape-Wholesale-Gummy-Bear-510x471.jpg 510w, https:\/\/www.vape4wholesale.com\/wp-content\/uploads\/2022\/07\/RANDM-Tornado-6000-Puffs-Disposable-Vape-Wholesale-Gummy-Bear-64x59.jpg 64w, https:\/\/www.vape4wholesale.com\/wp-content\/uploads\/2022\/07\/RANDM-Tornado-6000-Puffs-Disposable-Vape-Wholesale-Gummy-Bear-300x277.jpg 300w\" sizes=\"auto, (max-width: 590px) 100vw, 590px\" \/><\/p>","protected":false},"excerpt":{"rendered":"[scf-template id=&#8217;11434&#8242;]\n","protected":false},"featured_media":12943,"comment_status":"open","ping_status":"closed","template":"","meta":[],"pwb-brand":[1270],"product_cat":[869],"product_tag":[272,22,24,54,173],"class_list":{"0":"post-5694","1":"product","2":"type-product","3":"status-publish","4":"has-post-thumbnail","6":"pwb-brand-randm","7":"product_cat-5000-8000-puffs","8":"product_tag-randm","9":"product_tag-disposable","10":"product_tag-wholesale","11":"product_tag-12-0ml","12":"product_tag-6000-puffs","13":"wcpa_has_options","15":"first","16":"outofstock","17":"shipping-taxable","18":"purchasable","19":"product-type-variable"},"aioseo_notices":[],"brands":[{"id":1270,"name":"Randm","slug":"randm"}],"_links":{"self":[{"href":"https:\/\/www.vape4wholesale.com\/sl\/wp-json\/wp\/v2\/product\/5694","targetHints":{"allow":["GET"]}}],"collection":[{"href":"https:\/\/www.vape4wholesale.com\/sl\/wp-json\/wp\/v2\/product"}],"about":[{"href":"https:\/\/www.vape4wholesale.com\/sl\/wp-json\/wp\/v2\/types\/product"}],"replies":[{"embeddable":true,"href":"https:\/\/www.vape4wholesale.com\/sl\/wp-json\/wp\/v2\/comments?post=5694"}],"wp:featuredmedia":[{"embeddable":true,"href":"https:\/\/www.vape4wholesale.com\/sl\/wp-json\/wp\/v2\/media\/12943"}],"wp:attachment":[{"href":"https:\/\/www.vape4wholesale.com\/sl\/wp-json\/wp\/v2\/media?parent=5694"}],"wp:term":[{"taxonomy":"pwb-brand","embeddable":true,"href":"https:\/\/www.vape4wholesale.com\/sl\/wp-json\/wp\/v2\/pwb-brand?post=5694"},{"taxonomy":"product_cat","embeddable":true,"href":"https:\/\/www.vape4wholesale.com\/sl\/wp-json\/wp\/v2\/product_cat?post=5694"},{"taxonomy":"product_tag","embeddable":true,"href":"https:\/\/www.vape4wholesale.com\/sl\/wp-json\/wp\/v2\/product_tag?post=5694"}],"curies":[{"name":"wp","href":"https:\/\/api.w.org\/{rel}","templated":true}]}}