{"id":5525,"date":"2022-08-03T21:23:34","date_gmt":"2022-08-03T13:23:34","guid":{"rendered":"https:\/\/www.vape4wholesale.com\/?post_type=product&#038;p=5525"},"modified":"2026-01-26T13:43:19","modified_gmt":"2026-01-26T13:43:19","slug":"randm-tornado-8000-puffs-enkratno-vape-na-debelo","status":"publish","type":"product","link":"https:\/\/www.vape4wholesale.com\/sl\/product\/randm-tornado-8000-puffs-disposable-vape-wholesale","title":{"rendered":"RANDM Tornado 8000 Puffs Vape za enkratno uporabo na debelo"},"content":{"rendered":"<p><strong><a href=\"https:\/\/www.vape4wholesale.com\/sl\/product_brand\/randm\/\">RandM<\/a> Tornado 8000<\/strong>\u00a0je naprava za vape za enkratno uporabo z nadzorom pretoka zraka in jo je mogo\u010de polniti. Vsebuje 16 ml nikotinske soli 0\/2\/3\/5% in omogo\u010da do 8000 vdihov. Izbirate lahko med 31 okusi. Z nadzorom zra\u010dnega toka lahko izberete najbolj\u0161e mesto, ki vam ustreza, poleg tega ima na zadnji strani naprave priklju\u010dek za polnjenje tipa C, ki zagotavlja, da boste v rezervoarju vedno do konca izpilili zadnjo kapljico e-soje.<\/p>\n<h2><b data-stringify-type=\"bold\">RandM Tornado 8000 Naprava za enkratno uporabo Lastnosti:<\/b><\/h2>\n<p>\u26110\/2\/3\/5% Nikotinska sol.<br \/>\n\u261116ML e-teko\u010dine.<br \/>\n\u2611Nadzor pretoka zraka<br \/>\n\u2611Mesh Coil<br \/>\n\u2611Baterija za polnjenje<br \/>\n\u2611Vgrajena baterija 850 mAh.<br \/>\n\u261131 razpolo\u017eljivih okusov.<br \/>\n\u261110 kosov v \u0161katli z zaslonom.<br \/>\n\u2611240 kosov v \u0161katli.<\/p>\n<h2><b data-stringify-type=\"bold\">Na voljo so okusi:<\/b><\/h2>\n<p>1.Lush Ice<br \/>\n2.Blue razz Ice<br \/>\n3.Strawberry lubenica<br \/>\n4.Strawberry Lemonade<br \/>\n5.Sour Apple<br \/>\n6.Cotton Pear<br \/>\n7.Skittles Candy<br \/>\n8.Gumijasti medvedki<br \/>\n9.Grape Orange<br \/>\n10.Honeydew sladoled<br \/>\n11.Melon Ice<br \/>\n12.Red Apple Melon<br \/>\n13.Granatno jabolko Ice<br \/>\n14.Banana Ice<br \/>\n15.Blueberry Ice<br \/>\n16.Cool Mint<br \/>\n17.Strawberry Kiwi<br \/>\n18.Peach Mango<br \/>\n19.Pina Colada<br \/>\n20.Cherry Lychee<br \/>\n21.blueberry bubble gum<br \/>\n22. Melona<br \/>\n23. Borovnica kisla Respberry<br \/>\n24.grozdni led<br \/>\n25.blueberry Granatno jabolko<br \/>\n26.Mr modra<br \/>\n27. borovnica Respberry<br \/>\n28.Jagodni sladoled<br \/>\n29.cherry cola ice<br \/>\n30. Rde\u010di bik<br \/>\n31. Roza limonada<\/p>\n<p><img loading=\"lazy\" decoding=\"async\" class=\"alignnone size-full wp-image-12739\" title=\"RandM Tornado 8000 Puffs Vape za enkratno uporabo na debelo (21)\" src=\"https:\/\/www.vape4wholesale.com\/wp-content\/uploads\/2022\/08\/RandM-Tornado-8000-Puffs-Disposable-Vape-Wholesale-21.jpg\" alt=\"RandM Tornado 8000 Puffs Vape za enkratno uporabo na debelo (21)\" width=\"590\" height=\"504\" srcset=\"https:\/\/www.vape4wholesale.com\/wp-content\/uploads\/2022\/08\/RandM-Tornado-8000-Puffs-Disposable-Vape-Wholesale-21.jpg 590w, https:\/\/www.vape4wholesale.com\/wp-content\/uploads\/2022\/08\/RandM-Tornado-8000-Puffs-Disposable-Vape-Wholesale-21-510x436.jpg 510w, https:\/\/www.vape4wholesale.com\/wp-content\/uploads\/2022\/08\/RandM-Tornado-8000-Puffs-Disposable-Vape-Wholesale-21-64x55.jpg 64w, https:\/\/www.vape4wholesale.com\/wp-content\/uploads\/2022\/08\/RandM-Tornado-8000-Puffs-Disposable-Vape-Wholesale-21-300x256.jpg 300w\" sizes=\"auto, (max-width: 590px) 100vw, 590px\" \/> <img loading=\"lazy\" decoding=\"async\" class=\"alignnone size-full wp-image-12738\" title=\"RandM Tornado 8000 Puffs za enkratno uporabo Vape na debelo (20)\" src=\"https:\/\/www.vape4wholesale.com\/wp-content\/uploads\/2022\/08\/RandM-Tornado-8000-Puffs-Disposable-Vape-Wholesale-20.jpg\" alt=\"RandM Tornado 8000 Puffs za enkratno uporabo Vape na debelo (20)\" width=\"590\" height=\"590\" srcset=\"https:\/\/www.vape4wholesale.com\/wp-content\/uploads\/2022\/08\/RandM-Tornado-8000-Puffs-Disposable-Vape-Wholesale-20.jpg 590w, https:\/\/www.vape4wholesale.com\/wp-content\/uploads\/2022\/08\/RandM-Tornado-8000-Puffs-Disposable-Vape-Wholesale-20-247x247.jpg 247w, https:\/\/www.vape4wholesale.com\/wp-content\/uploads\/2022\/08\/RandM-Tornado-8000-Puffs-Disposable-Vape-Wholesale-20-100x100.jpg 100w, https:\/\/www.vape4wholesale.com\/wp-content\/uploads\/2022\/08\/RandM-Tornado-8000-Puffs-Disposable-Vape-Wholesale-20-510x510.jpg 510w, https:\/\/www.vape4wholesale.com\/wp-content\/uploads\/2022\/08\/RandM-Tornado-8000-Puffs-Disposable-Vape-Wholesale-20-64x64.jpg 64w, https:\/\/www.vape4wholesale.com\/wp-content\/uploads\/2022\/08\/RandM-Tornado-8000-Puffs-Disposable-Vape-Wholesale-20-300x300.jpg 300w, https:\/\/www.vape4wholesale.com\/wp-content\/uploads\/2022\/08\/RandM-Tornado-8000-Puffs-Disposable-Vape-Wholesale-20-150x150.jpg 150w\" sizes=\"auto, (max-width: 590px) 100vw, 590px\" \/> <img loading=\"lazy\" decoding=\"async\" class=\"alignnone size-full wp-image-12737\" title=\"RandM Tornado 8000 Puffs Vape za enkratno uporabo na debelo (19)\" src=\"https:\/\/www.vape4wholesale.com\/wp-content\/uploads\/2022\/08\/RandM-Tornado-8000-Puffs-Disposable-Vape-Wholesale-19.jpg\" alt=\"RandM Tornado 8000 Puffs Vape za enkratno uporabo na debelo (19)\" width=\"590\" height=\"590\" srcset=\"https:\/\/www.vape4wholesale.com\/wp-content\/uploads\/2022\/08\/RandM-Tornado-8000-Puffs-Disposable-Vape-Wholesale-19.jpg 590w, https:\/\/www.vape4wholesale.com\/wp-content\/uploads\/2022\/08\/RandM-Tornado-8000-Puffs-Disposable-Vape-Wholesale-19-247x247.jpg 247w, https:\/\/www.vape4wholesale.com\/wp-content\/uploads\/2022\/08\/RandM-Tornado-8000-Puffs-Disposable-Vape-Wholesale-19-100x100.jpg 100w, https:\/\/www.vape4wholesale.com\/wp-content\/uploads\/2022\/08\/RandM-Tornado-8000-Puffs-Disposable-Vape-Wholesale-19-510x510.jpg 510w, https:\/\/www.vape4wholesale.com\/wp-content\/uploads\/2022\/08\/RandM-Tornado-8000-Puffs-Disposable-Vape-Wholesale-19-64x64.jpg 64w, https:\/\/www.vape4wholesale.com\/wp-content\/uploads\/2022\/08\/RandM-Tornado-8000-Puffs-Disposable-Vape-Wholesale-19-300x300.jpg 300w, https:\/\/www.vape4wholesale.com\/wp-content\/uploads\/2022\/08\/RandM-Tornado-8000-Puffs-Disposable-Vape-Wholesale-19-150x150.jpg 150w\" sizes=\"auto, (max-width: 590px) 100vw, 590px\" \/> <img loading=\"lazy\" decoding=\"async\" class=\"alignnone size-full wp-image-12729\" title=\"RandM Tornado 8000 Puffs Vape za enkratno uporabo na debelo (11)\" src=\"https:\/\/www.vape4wholesale.com\/wp-content\/uploads\/2022\/08\/RandM-Tornado-8000-Puffs-Disposable-Vape-Wholesale-11.jpg\" alt=\"RandM Tornado 8000 Puffs Vape za enkratno uporabo na debelo (11)\" width=\"590\" height=\"590\" srcset=\"https:\/\/www.vape4wholesale.com\/wp-content\/uploads\/2022\/08\/RandM-Tornado-8000-Puffs-Disposable-Vape-Wholesale-11.jpg 590w, https:\/\/www.vape4wholesale.com\/wp-content\/uploads\/2022\/08\/RandM-Tornado-8000-Puffs-Disposable-Vape-Wholesale-11-247x247.jpg 247w, https:\/\/www.vape4wholesale.com\/wp-content\/uploads\/2022\/08\/RandM-Tornado-8000-Puffs-Disposable-Vape-Wholesale-11-100x100.jpg 100w, https:\/\/www.vape4wholesale.com\/wp-content\/uploads\/2022\/08\/RandM-Tornado-8000-Puffs-Disposable-Vape-Wholesale-11-510x510.jpg 510w, https:\/\/www.vape4wholesale.com\/wp-content\/uploads\/2022\/08\/RandM-Tornado-8000-Puffs-Disposable-Vape-Wholesale-11-64x64.jpg 64w, https:\/\/www.vape4wholesale.com\/wp-content\/uploads\/2022\/08\/RandM-Tornado-8000-Puffs-Disposable-Vape-Wholesale-11-300x300.jpg 300w, https:\/\/www.vape4wholesale.com\/wp-content\/uploads\/2022\/08\/RandM-Tornado-8000-Puffs-Disposable-Vape-Wholesale-11-150x150.jpg 150w\" sizes=\"auto, (max-width: 590px) 100vw, 590px\" \/> <img loading=\"lazy\" decoding=\"async\" class=\"alignnone size-full wp-image-12730\" title=\"RandM Tornado 8000 Puffs Vape za enkratno uporabo na debelo (12)\" src=\"https:\/\/www.vape4wholesale.com\/wp-content\/uploads\/2022\/08\/RandM-Tornado-8000-Puffs-Disposable-Vape-Wholesale-12.jpg\" alt=\"RandM Tornado 8000 Puffs Vape za enkratno uporabo na debelo (12)\" width=\"590\" height=\"590\" srcset=\"https:\/\/www.vape4wholesale.com\/wp-content\/uploads\/2022\/08\/RandM-Tornado-8000-Puffs-Disposable-Vape-Wholesale-12.jpg 590w, https:\/\/www.vape4wholesale.com\/wp-content\/uploads\/2022\/08\/RandM-Tornado-8000-Puffs-Disposable-Vape-Wholesale-12-247x247.jpg 247w, https:\/\/www.vape4wholesale.com\/wp-content\/uploads\/2022\/08\/RandM-Tornado-8000-Puffs-Disposable-Vape-Wholesale-12-100x100.jpg 100w, https:\/\/www.vape4wholesale.com\/wp-content\/uploads\/2022\/08\/RandM-Tornado-8000-Puffs-Disposable-Vape-Wholesale-12-510x510.jpg 510w, https:\/\/www.vape4wholesale.com\/wp-content\/uploads\/2022\/08\/RandM-Tornado-8000-Puffs-Disposable-Vape-Wholesale-12-64x64.jpg 64w, https:\/\/www.vape4wholesale.com\/wp-content\/uploads\/2022\/08\/RandM-Tornado-8000-Puffs-Disposable-Vape-Wholesale-12-300x300.jpg 300w, https:\/\/www.vape4wholesale.com\/wp-content\/uploads\/2022\/08\/RandM-Tornado-8000-Puffs-Disposable-Vape-Wholesale-12-150x150.jpg 150w\" sizes=\"auto, (max-width: 590px) 100vw, 590px\" \/> <img loading=\"lazy\" decoding=\"async\" class=\"alignnone size-full wp-image-12728\" title=\"RandM Tornado 8000 Puffs Vape za enkratno uporabo na debelo (10)\" src=\"https:\/\/www.vape4wholesale.com\/wp-content\/uploads\/2022\/08\/RandM-Tornado-8000-Puffs-Disposable-Vape-Wholesale-10.jpg\" alt=\"RandM Tornado 8000 Puffs Vape za enkratno uporabo na debelo (10)\" width=\"590\" height=\"590\" srcset=\"https:\/\/www.vape4wholesale.com\/wp-content\/uploads\/2022\/08\/RandM-Tornado-8000-Puffs-Disposable-Vape-Wholesale-10.jpg 590w, https:\/\/www.vape4wholesale.com\/wp-content\/uploads\/2022\/08\/RandM-Tornado-8000-Puffs-Disposable-Vape-Wholesale-10-247x247.jpg 247w, https:\/\/www.vape4wholesale.com\/wp-content\/uploads\/2022\/08\/RandM-Tornado-8000-Puffs-Disposable-Vape-Wholesale-10-100x100.jpg 100w, https:\/\/www.vape4wholesale.com\/wp-content\/uploads\/2022\/08\/RandM-Tornado-8000-Puffs-Disposable-Vape-Wholesale-10-510x510.jpg 510w, https:\/\/www.vape4wholesale.com\/wp-content\/uploads\/2022\/08\/RandM-Tornado-8000-Puffs-Disposable-Vape-Wholesale-10-64x64.jpg 64w, https:\/\/www.vape4wholesale.com\/wp-content\/uploads\/2022\/08\/RandM-Tornado-8000-Puffs-Disposable-Vape-Wholesale-10-300x300.jpg 300w, https:\/\/www.vape4wholesale.com\/wp-content\/uploads\/2022\/08\/RandM-Tornado-8000-Puffs-Disposable-Vape-Wholesale-10-150x150.jpg 150w\" sizes=\"auto, (max-width: 590px) 100vw, 590px\" \/> <img loading=\"lazy\" decoding=\"async\" class=\"alignnone size-full wp-image-12727\" title=\"RandM Tornado 8000 Puffs Vape za enkratno uporabo na debelo (9)\" src=\"https:\/\/www.vape4wholesale.com\/wp-content\/uploads\/2022\/08\/RandM-Tornado-8000-Puffs-Disposable-Vape-Wholesale-9.jpg\" alt=\"RandM Tornado 8000 Puffs Vape za enkratno uporabo na debelo (9)\" width=\"590\" height=\"590\" srcset=\"https:\/\/www.vape4wholesale.com\/wp-content\/uploads\/2022\/08\/RandM-Tornado-8000-Puffs-Disposable-Vape-Wholesale-9.jpg 590w, https:\/\/www.vape4wholesale.com\/wp-content\/uploads\/2022\/08\/RandM-Tornado-8000-Puffs-Disposable-Vape-Wholesale-9-247x247.jpg 247w, https:\/\/www.vape4wholesale.com\/wp-content\/uploads\/2022\/08\/RandM-Tornado-8000-Puffs-Disposable-Vape-Wholesale-9-100x100.jpg 100w, https:\/\/www.vape4wholesale.com\/wp-content\/uploads\/2022\/08\/RandM-Tornado-8000-Puffs-Disposable-Vape-Wholesale-9-510x510.jpg 510w, https:\/\/www.vape4wholesale.com\/wp-content\/uploads\/2022\/08\/RandM-Tornado-8000-Puffs-Disposable-Vape-Wholesale-9-64x64.jpg 64w, https:\/\/www.vape4wholesale.com\/wp-content\/uploads\/2022\/08\/RandM-Tornado-8000-Puffs-Disposable-Vape-Wholesale-9-300x300.jpg 300w, https:\/\/www.vape4wholesale.com\/wp-content\/uploads\/2022\/08\/RandM-Tornado-8000-Puffs-Disposable-Vape-Wholesale-9-150x150.jpg 150w\" sizes=\"auto, (max-width: 590px) 100vw, 590px\" \/> <img loading=\"lazy\" decoding=\"async\" class=\"alignnone size-full wp-image-12736\" title=\"RandM Tornado 8000 Puffs za enkratno uporabo Vape na debelo (18)\" src=\"https:\/\/www.vape4wholesale.com\/wp-content\/uploads\/2022\/08\/RandM-Tornado-8000-Puffs-Disposable-Vape-Wholesale-18.jpg\" alt=\"RandM Tornado 8000 Puffs za enkratno uporabo Vape na debelo (18)\" width=\"590\" height=\"590\" srcset=\"https:\/\/www.vape4wholesale.com\/wp-content\/uploads\/2022\/08\/RandM-Tornado-8000-Puffs-Disposable-Vape-Wholesale-18.jpg 590w, https:\/\/www.vape4wholesale.com\/wp-content\/uploads\/2022\/08\/RandM-Tornado-8000-Puffs-Disposable-Vape-Wholesale-18-247x247.jpg 247w, https:\/\/www.vape4wholesale.com\/wp-content\/uploads\/2022\/08\/RandM-Tornado-8000-Puffs-Disposable-Vape-Wholesale-18-100x100.jpg 100w, https:\/\/www.vape4wholesale.com\/wp-content\/uploads\/2022\/08\/RandM-Tornado-8000-Puffs-Disposable-Vape-Wholesale-18-510x510.jpg 510w, https:\/\/www.vape4wholesale.com\/wp-content\/uploads\/2022\/08\/RandM-Tornado-8000-Puffs-Disposable-Vape-Wholesale-18-64x64.jpg 64w, https:\/\/www.vape4wholesale.com\/wp-content\/uploads\/2022\/08\/RandM-Tornado-8000-Puffs-Disposable-Vape-Wholesale-18-300x300.jpg 300w, https:\/\/www.vape4wholesale.com\/wp-content\/uploads\/2022\/08\/RandM-Tornado-8000-Puffs-Disposable-Vape-Wholesale-18-150x150.jpg 150w\" sizes=\"auto, (max-width: 590px) 100vw, 590px\" \/><\/p>\n<p>&nbsp;<\/p>\n<p>&nbsp;<\/p>","protected":false},"excerpt":{"rendered":"[scf-template id=&#8217;11434&#8242;]\n","protected":false},"featured_media":12739,"comment_status":"open","ping_status":"closed","template":"","meta":[],"pwb-brand":[1270],"product_cat":[870],"product_tag":[22,24,180,342,343],"class_list":{"0":"post-5525","1":"product","2":"type-product","3":"status-publish","4":"has-post-thumbnail","6":"pwb-brand-randm","7":"product_cat-8000-10000-puffs","8":"product_tag-disposable","9":"product_tag-wholesale","10":"product_tag-randm-tornado","11":"product_tag-16-0ml","12":"product_tag-8000-puffs","13":"wcpa_has_options","15":"first","16":"outofstock","17":"shipping-taxable","18":"purchasable","19":"product-type-variable"},"aioseo_notices":[],"brands":[{"id":1270,"name":"Randm","slug":"randm"}],"_links":{"self":[{"href":"https:\/\/www.vape4wholesale.com\/sl\/wp-json\/wp\/v2\/product\/5525","targetHints":{"allow":["GET"]}}],"collection":[{"href":"https:\/\/www.vape4wholesale.com\/sl\/wp-json\/wp\/v2\/product"}],"about":[{"href":"https:\/\/www.vape4wholesale.com\/sl\/wp-json\/wp\/v2\/types\/product"}],"replies":[{"embeddable":true,"href":"https:\/\/www.vape4wholesale.com\/sl\/wp-json\/wp\/v2\/comments?post=5525"}],"wp:featuredmedia":[{"embeddable":true,"href":"https:\/\/www.vape4wholesale.com\/sl\/wp-json\/wp\/v2\/media\/12739"}],"wp:attachment":[{"href":"https:\/\/www.vape4wholesale.com\/sl\/wp-json\/wp\/v2\/media?parent=5525"}],"wp:term":[{"taxonomy":"pwb-brand","embeddable":true,"href":"https:\/\/www.vape4wholesale.com\/sl\/wp-json\/wp\/v2\/pwb-brand?post=5525"},{"taxonomy":"product_cat","embeddable":true,"href":"https:\/\/www.vape4wholesale.com\/sl\/wp-json\/wp\/v2\/product_cat?post=5525"},{"taxonomy":"product_tag","embeddable":true,"href":"https:\/\/www.vape4wholesale.com\/sl\/wp-json\/wp\/v2\/product_tag?post=5525"}],"curies":[{"name":"wp","href":"https:\/\/api.w.org\/{rel}","templated":true}]}}