{"id":5460,"date":"2022-08-04T09:54:49","date_gmt":"2022-08-04T01:54:49","guid":{"rendered":"https:\/\/www.vape4wholesale.com\/?post_type=product&#038;p=5460"},"modified":"2026-01-26T13:43:15","modified_gmt":"2026-01-26T13:43:15","slug":"randm-tornado-9000-puffs-diposable-vapes-debelo-2","status":"publish","type":"product","link":"https:\/\/www.vape4wholesale.com\/sl\/product\/randm-tornado-9000-puffs-diposable-vapes-wholesale","title":{"rendered":"RANDM Tornado 9000 Puffs Diposable Vapes na debelo"},"content":{"rendered":"<p><strong><a href=\"https:\/\/www.vape4wholesale.com\/sl\/product_brand\/randm\/\">RandM<\/a> Tornado 9000<\/strong>\u00a0je naprava za vape za enkratno uporabo s kul dizajnom, ki jo je mogo\u010de polniti. Vsebuje 18 ml nikotinske soli 0\/2\/3\/5% in omogo\u010da do 9000 vdihov. Izbirate lahko med 12 okusi. Vrata za polnjenje na dnu naprave zagotavljajo, da boste v rezervoarju vedno do konca izpilili \u0161e zadnjo kapljico e-soje.<\/p>\n<h2><b data-stringify-type=\"bold\">RandM Tornado 9000 Naprava za enkratno uporabo Lastnosti:<\/b><\/h2>\n<p>\u26110\/2\/3\/5% Nikotinska sol.<br \/>\n\u261118ML e-teko\u010dine.<br \/>\n\u2611Mesh Coil<br \/>\n\u2611Baterija za polnjenje<br \/>\n\u2611Vgrajena baterija 850 mAh.<br \/>\n\u261112 razpolo\u017eljivih okusov.<br \/>\n\u261110 kosov v \u0161katli z zaslonom.<br \/>\n\u2611200 kosov v \u0161katli.<\/p>\n<h2><b data-stringify-type=\"bold\">Na voljo so okusi:<\/b><\/h2>\n<p>01# Borovnica malina<br \/>\n02# Gospod Modri<br \/>\n03# Jagoda lubenica<br \/>\n04# Oran\u017ena soda<br \/>\n05# \u017dve\u010dilni gumi z lubenico<br \/>\n06# Rainbow Candy<br \/>\n07# Roza limonada<br \/>\n08# Ananas z breskvijo in mangom<br \/>\n09# Jagoda banana<br \/>\n10# Bujni led<br \/>\n11# Black Dragon Ice<br \/>\n12# Aloe grozdje<br \/>\n13# Blue Razz Ice<br \/>\n14# Kivi Pasijonka Guava<br \/>\n15# Gumijasti medvedek<br \/>\n16# Me\u0161ano jagodi\u010devje<br \/>\n17# Hladna meta<br \/>\n18# malina lubenica<br \/>\n19# Breskvova limonada<br \/>\n20# Guava Ice<br \/>\n21# Jagodna limonada<br \/>\n22# Arbuza Brazz Ice<br \/>\n23# Banana Custard<br \/>\n24# Breskev jagodi\u010devje<br \/>\n25# Jagodna krema<br \/>\n26# Sour Candy<br \/>\n27# Limona in limeta<br \/>\n28# \u010ce\u0161nja<br \/>\n29# Fizzy Cherry<br \/>\n30# Borovnica, \u010de\u0161nja, brusnica<br \/>\n31# Vimto<br \/>\n32# Kegljice<br \/>\n33# \u010crni led<br \/>\n34# Grozdje<br \/>\n35# Bluelicious Ice<br \/>\n36# Jagodni led<br \/>\n37# Blue Razz Kush<br \/>\n38# Ice Pop<br \/>\n39# Borovnica kisla malina<br \/>\n40# Ananas<br \/>\n41# Limonada iz \u010de\u0161njeve breskve<br \/>\n42# Jagoda malina \u010de\u0161nja led<br \/>\n43# Trojni mango<br \/>\n44# Jagoda malina led<br \/>\n45# Jagoda lubenica Bubblegum<br \/>\n46# Prime jagoda lubenica<br \/>\n47# Ledena lubenica<br \/>\n48# Borovni\u010dev led<br \/>\n49# Arbena Skittle<br \/>\n50# Slamnati mango<br \/>\n51# Jagodni pomp<br \/>\n52# Poletni breskov led<br \/>\n53# Cherry Berry<br \/>\n54# Cherry Cola<br \/>\n55# Prime Watermelon<br \/>\n56# Jagoda grozdje<br \/>\n57# Tigrova kri<br \/>\n58# Mineralna voda<\/p>\n<p><img loading=\"lazy\" decoding=\"async\" class=\"alignnone size-full wp-image-12645\" title=\"RandM Tornado 9000 Puffs Vape za enkratno uporabo na debelo (1)\" src=\"https:\/\/www.vape4wholesale.com\/wp-content\/uploads\/2022\/08\/RandM-Tornado-9000-Puffs-Disposable-Vape-Wholesale-1.png\" alt=\"RandM Tornado 9000 Puffs Vape za enkratno uporabo na debelo (1)\" width=\"590\" height=\"517\" srcset=\"https:\/\/www.vape4wholesale.com\/wp-content\/uploads\/2022\/08\/RandM-Tornado-9000-Puffs-Disposable-Vape-Wholesale-1.png 590w, https:\/\/www.vape4wholesale.com\/wp-content\/uploads\/2022\/08\/RandM-Tornado-9000-Puffs-Disposable-Vape-Wholesale-1-510x447.png 510w\" sizes=\"auto, (max-width: 590px) 100vw, 590px\" \/> \u00a0 \u00a0<img loading=\"lazy\" decoding=\"async\" class=\"alignnone size-full wp-image-12649\" title=\"RandM Tornado 9000 Puffs Vape za enkratno uporabo na debelo (5)\" src=\"https:\/\/www.vape4wholesale.com\/wp-content\/uploads\/2022\/08\/RandM-Tornado-9000-Puffs-Disposable-Vape-Wholesale-5.jpg\" alt=\"RandM Tornado 9000 Puffs Vape za enkratno uporabo na debelo (5)\" width=\"590\" height=\"590\" srcset=\"https:\/\/www.vape4wholesale.com\/wp-content\/uploads\/2022\/08\/RandM-Tornado-9000-Puffs-Disposable-Vape-Wholesale-5.jpg 590w, https:\/\/www.vape4wholesale.com\/wp-content\/uploads\/2022\/08\/RandM-Tornado-9000-Puffs-Disposable-Vape-Wholesale-5-247x247.jpg 247w, https:\/\/www.vape4wholesale.com\/wp-content\/uploads\/2022\/08\/RandM-Tornado-9000-Puffs-Disposable-Vape-Wholesale-5-100x100.jpg 100w, https:\/\/www.vape4wholesale.com\/wp-content\/uploads\/2022\/08\/RandM-Tornado-9000-Puffs-Disposable-Vape-Wholesale-5-510x510.jpg 510w, https:\/\/www.vape4wholesale.com\/wp-content\/uploads\/2022\/08\/RandM-Tornado-9000-Puffs-Disposable-Vape-Wholesale-5-64x64.jpg 64w, https:\/\/www.vape4wholesale.com\/wp-content\/uploads\/2022\/08\/RandM-Tornado-9000-Puffs-Disposable-Vape-Wholesale-5-300x300.jpg 300w, https:\/\/www.vape4wholesale.com\/wp-content\/uploads\/2022\/08\/RandM-Tornado-9000-Puffs-Disposable-Vape-Wholesale-5-150x150.jpg 150w\" sizes=\"auto, (max-width: 590px) 100vw, 590px\" \/><\/p>\n<h2>ZAKAJ MI?<\/h2>\r\n<ul>\r\n<li>Resni\u010dni, zanesljivi in strokovni vir za vape.<\/li>\r\n<li>100% Originalno jamstvo: Zavra\u010damo ponarejanje: zagotavljamo samo originalne in pristne izdelke.<\/li>\r\n<li>100% Zagotovilo za dostavo: 100%: uporabljamo najbolj\u0161i na\u010din po\u0161iljanja, da zagotovimo, da prejmete naro\u010dilo 100%.<\/li>\r\n<li>Po odpremi vam bomo posredovali \u0161tevilko za sledenje in nalepko za po\u0161iljanje ter spremljali blago, dokler ga ne podpi\u0161ete.<\/li>\r\n<li>Brez carinskih te\u017eav, brez tarif<\/li>\r\n<\/ul>","protected":false},"excerpt":{"rendered":"<div class=\"wsppc_div_block woocommerce_before_add_to_cart_form\">\r\n<p><strong><span style=\"color: #00a859;\">Clear customs<\/span> before delivery &amp; 100% Delivery Guarantee, Delivery in 19~25 days around.\u00a0<\/strong><\/p>\r\n<\/div>","protected":false},"featured_media":12645,"comment_status":"open","ping_status":"closed","template":"","meta":[],"pwb-brand":[1270],"product_cat":[870],"product_tag":[22,24,180,244,336],"class_list":{"0":"post-5460","1":"product","2":"type-product","3":"status-publish","4":"has-post-thumbnail","6":"pwb-brand-randm","7":"product_cat-8000-10000-puffs","8":"product_tag-disposable","9":"product_tag-wholesale","10":"product_tag-randm-tornado","11":"product_tag-18-0ml","12":"product_tag-9000-puffs","13":"wcpa_has_options","15":"first","16":"outofstock","17":"featured","18":"shipping-taxable","19":"purchasable","20":"product-type-variable"},"aioseo_notices":[],"brands":[{"id":1270,"name":"Randm","slug":"randm"}],"_links":{"self":[{"href":"https:\/\/www.vape4wholesale.com\/sl\/wp-json\/wp\/v2\/product\/5460","targetHints":{"allow":["GET"]}}],"collection":[{"href":"https:\/\/www.vape4wholesale.com\/sl\/wp-json\/wp\/v2\/product"}],"about":[{"href":"https:\/\/www.vape4wholesale.com\/sl\/wp-json\/wp\/v2\/types\/product"}],"replies":[{"embeddable":true,"href":"https:\/\/www.vape4wholesale.com\/sl\/wp-json\/wp\/v2\/comments?post=5460"}],"wp:featuredmedia":[{"embeddable":true,"href":"https:\/\/www.vape4wholesale.com\/sl\/wp-json\/wp\/v2\/media\/12645"}],"wp:attachment":[{"href":"https:\/\/www.vape4wholesale.com\/sl\/wp-json\/wp\/v2\/media?parent=5460"}],"wp:term":[{"taxonomy":"pwb-brand","embeddable":true,"href":"https:\/\/www.vape4wholesale.com\/sl\/wp-json\/wp\/v2\/pwb-brand?post=5460"},{"taxonomy":"product_cat","embeddable":true,"href":"https:\/\/www.vape4wholesale.com\/sl\/wp-json\/wp\/v2\/product_cat?post=5460"},{"taxonomy":"product_tag","embeddable":true,"href":"https:\/\/www.vape4wholesale.com\/sl\/wp-json\/wp\/v2\/product_tag?post=5460"}],"curies":[{"name":"wp","href":"https:\/\/api.w.org\/{rel}","templated":true}]}}