{"id":5324,"date":"2022-07-20T10:51:19","date_gmt":"2022-07-20T02:51:19","guid":{"rendered":"https:\/\/www.vape4wholesale.com\/?post_type=product&#038;p=5324"},"modified":"2026-01-26T13:43:35","modified_gmt":"2026-01-26T13:43:35","slug":"bang-xxl-2000-puffs-za-enkratno-uporabo-vape-na-debelo","status":"publish","type":"product","link":"https:\/\/www.vape4wholesale.com\/sl\/product\/bang-xxl-2000-puffs-disposable-vape-wholesale","title":{"rendered":"Bang XXL 2000 Puffs za enkratno uporabo Vape na debelo"},"content":{"rendered":"<p>. <a href=\"https:\/\/www.vape4wholesale.com\/sl\/product_brand\/bang\/\">Bang<\/a> XXL 2000 vape prihaja z baterijo 850mah, 6,5ml eliquid 2% \/ 5%, podpira max 2000 puffs, naro\u010dite na vape4wholesale, da dobite najbolj\u0161o ceno in hitro ladjo.<\/p>\n<p>Predstavljamo vam nov tehnolo\u0161ki vape za enkratno uporabo, znan kot\u00a0<strong>Bang XXL\u00a0<\/strong>Vape za enkratno uporabo. Ta vape je najnovej\u0161a vrsta blagovne znamke Bang. Ta vape ima 2000 vdihov na napravo, ki trajajo dlje kot razli\u010dni drugi enkratni vapeji bang na trgu. V povpre\u010dju lahko 2000 puhov porabite v enem tednu. Nape za enkratno uporabo Bang XXL so tiste vrhunske naprave za enkratno uporabo, ki zagotavljajo okusen okus v napravi z zelo visoko zmogljivostjo puhanja. \u010ceprav naprava nima gumbov, morate za vklop naprave le za\u010deti vapati. Vendar pa vsaka naprava Bang XXL proizvede pribli\u017eno 2000 puhov sadnega, so\u010dnega in metinega e-soksa, vsak okus teh vapov pa je zelo eksoti\u010dnega okusa. Okusne brbon\u010dice va\u0161ega jezika bodo za\u010dutile te eksoti\u010dne okuse in v vas pustile ob\u010dutek sre\u010de in veselja. Naprava za enkratno uporabo zato vsebuje neverjetne razli\u010dne okuse, kot so ledeni bananin e-sok, hladna meta itd., in te aromatizirane e-teko\u010dine se prena\u0161ajo v napravi, ki je enostavna za prena\u0161anje. Naprava je vnaprej napolnjena s 6,5 ml e-sijaja in vgrajeno dolgotrajno baterijo 800 mAh, ki je za enkratno uporabo. \u010ceprav je bila naprava za enkratno uporabo zasnovana tako, da omogo\u010da dolgotrajne e-\u017egane sokove z eksoti\u010dnim okusom. Naprava je zaradi razli\u010dnih kakovostnih lastnosti znana tudi kot sistem za vaping \"vse v enem\". Koli\u010dina nikotinske soli, ki je prisotna v e-teko\u010dini, lahko pove\u010da okus okusa v va\u0161i napravi. Mehanizem naprave je popolnoma samodejen in pri njeni uporabi ni nobenih zapletov.<\/p>\n<h2><strong>Bang XXL 2000 Puffs za enkratno uporabo Vape Lastnosti in specifikacije<\/strong><\/h2>\n<ul>\n<li>V vsaki napravi je na voljo 2.000 Puffov.<\/li>\n<li>Naprava je namenjena samo odraslim, starej\u0161im od 21 let, in ni namenjena mladoletnikom.<\/li>\n<li>Razmerje Vg\/Pg je 70\/30 oziroma me\u0161anica.<\/li>\n<li>Mo\u010d nikotina je 5% ALI 50MG.<\/li>\n<li>\u017divljenjska doba naprave je pribli\u017eno 2 leti.<\/li>\n<li>Kapaciteta e-sijaja v napravi je 6,5 ml.<\/li>\n<li>Zasnova je brez gumbov.<\/li>\n<li>Baterija z zmogljivostjo 850 mAh.<\/li>\n<li>Za napravo je zagotovljeno, da je 100% avtenti\u010dna.<\/li>\n<\/ul>\n<h2><strong>Okusi<\/strong><\/h2>\n<p>Jabol\u010dni led<br \/>\nBanana Ice<br \/>\nBorovni\u010dev led<br \/>\n\u017dve\u010dilni led<br \/>\nCola Ice<br \/>\nHladna meta<br \/>\nGrozdni led<br \/>\nGumijasti medvedek<br \/>\nMedena melona<br \/>\nLemon Ice<br \/>\nMango Guava<br \/>\nMe\u0161ano jagodi\u010devje<br \/>\nOran\u017ena soda<br \/>\nLedena breskev<br \/>\nPinacolada<br \/>\nPinapple Mango<br \/>\nRde\u010de jabolko<br \/>\nRde\u010da pasijonka Raz<br \/>\nJagoda Banana<br \/>\nJagodni sladoled<br \/>\nJagoda Wateymlon<br \/>\nVodni led Watermlon Ice<\/p>\n<h2><strong>Pakiranje in te\u017ea<\/strong><\/h2>\n<p>Velikost glavne \u0161katle: 44,5 * 43,5 * 27 mm, 300 kosov znotraj, 19,5 kg<\/p>\n<p><img loading=\"lazy\" decoding=\"async\" class=\"alignnone size-full wp-image-13104\" title=\"Bang XXL 2000 Puffs za enkratno uporabo Vape na debelo (4)\" src=\"https:\/\/www.vape4wholesale.com\/wp-content\/uploads\/2022\/07\/Bang-XXL-2000-Puffs-Disposable-Vape-Wholesale-4.jpg\" alt=\"Bang XXL 2000 Puffs za enkratno uporabo Vape na debelo (4)\" width=\"800\" height=\"800\" srcset=\"https:\/\/www.vape4wholesale.com\/wp-content\/uploads\/2022\/07\/Bang-XXL-2000-Puffs-Disposable-Vape-Wholesale-4.jpg 800w, https:\/\/www.vape4wholesale.com\/wp-content\/uploads\/2022\/07\/Bang-XXL-2000-Puffs-Disposable-Vape-Wholesale-4-247x247.jpg 247w, https:\/\/www.vape4wholesale.com\/wp-content\/uploads\/2022\/07\/Bang-XXL-2000-Puffs-Disposable-Vape-Wholesale-4-100x100.jpg 100w, https:\/\/www.vape4wholesale.com\/wp-content\/uploads\/2022\/07\/Bang-XXL-2000-Puffs-Disposable-Vape-Wholesale-4-510x510.jpg 510w\" sizes=\"auto, (max-width: 800px) 100vw, 800px\" \/> <img loading=\"lazy\" decoding=\"async\" class=\"alignnone size-full wp-image-13105\" title=\"Bang XXL 2000 Puffs za enkratno uporabo Vape na debelo (5)\" src=\"https:\/\/www.vape4wholesale.com\/wp-content\/uploads\/2022\/07\/Bang-XXL-2000-Puffs-Disposable-Vape-Wholesale-5.jpg\" alt=\"Bang XXL 2000 Puffs za enkratno uporabo Vape na debelo (5)\" width=\"800\" height=\"800\" srcset=\"https:\/\/www.vape4wholesale.com\/wp-content\/uploads\/2022\/07\/Bang-XXL-2000-Puffs-Disposable-Vape-Wholesale-5.jpg 800w, https:\/\/www.vape4wholesale.com\/wp-content\/uploads\/2022\/07\/Bang-XXL-2000-Puffs-Disposable-Vape-Wholesale-5-247x247.jpg 247w, https:\/\/www.vape4wholesale.com\/wp-content\/uploads\/2022\/07\/Bang-XXL-2000-Puffs-Disposable-Vape-Wholesale-5-100x100.jpg 100w, https:\/\/www.vape4wholesale.com\/wp-content\/uploads\/2022\/07\/Bang-XXL-2000-Puffs-Disposable-Vape-Wholesale-5-510x510.jpg 510w, https:\/\/www.vape4wholesale.com\/wp-content\/uploads\/2022\/07\/Bang-XXL-2000-Puffs-Disposable-Vape-Wholesale-5-64x64.jpg 64w, https:\/\/www.vape4wholesale.com\/wp-content\/uploads\/2022\/07\/Bang-XXL-2000-Puffs-Disposable-Vape-Wholesale-5-300x300.jpg 300w, https:\/\/www.vape4wholesale.com\/wp-content\/uploads\/2022\/07\/Bang-XXL-2000-Puffs-Disposable-Vape-Wholesale-5-150x150.jpg 150w, https:\/\/www.vape4wholesale.com\/wp-content\/uploads\/2022\/07\/Bang-XXL-2000-Puffs-Disposable-Vape-Wholesale-5-768x768.jpg 768w\" sizes=\"auto, (max-width: 800px) 100vw, 800px\" \/> <img loading=\"lazy\" decoding=\"async\" class=\"alignnone size-full wp-image-13106\" title=\"Bang XXL 2000 Puffs za enkratno uporabo Vape na debelo (6)\" src=\"https:\/\/www.vape4wholesale.com\/wp-content\/uploads\/2022\/07\/Bang-XXL-2000-Puffs-Disposable-Vape-Wholesale-6.jpg\" alt=\"Bang XXL 2000 Puffs za enkratno uporabo Vape na debelo (6)\" width=\"800\" height=\"800\" srcset=\"https:\/\/www.vape4wholesale.com\/wp-content\/uploads\/2022\/07\/Bang-XXL-2000-Puffs-Disposable-Vape-Wholesale-6.jpg 800w, https:\/\/www.vape4wholesale.com\/wp-content\/uploads\/2022\/07\/Bang-XXL-2000-Puffs-Disposable-Vape-Wholesale-6-247x247.jpg 247w, https:\/\/www.vape4wholesale.com\/wp-content\/uploads\/2022\/07\/Bang-XXL-2000-Puffs-Disposable-Vape-Wholesale-6-100x100.jpg 100w, https:\/\/www.vape4wholesale.com\/wp-content\/uploads\/2022\/07\/Bang-XXL-2000-Puffs-Disposable-Vape-Wholesale-6-510x510.jpg 510w, https:\/\/www.vape4wholesale.com\/wp-content\/uploads\/2022\/07\/Bang-XXL-2000-Puffs-Disposable-Vape-Wholesale-6-64x64.jpg 64w, https:\/\/www.vape4wholesale.com\/wp-content\/uploads\/2022\/07\/Bang-XXL-2000-Puffs-Disposable-Vape-Wholesale-6-300x300.jpg 300w, https:\/\/www.vape4wholesale.com\/wp-content\/uploads\/2022\/07\/Bang-XXL-2000-Puffs-Disposable-Vape-Wholesale-6-150x150.jpg 150w, https:\/\/www.vape4wholesale.com\/wp-content\/uploads\/2022\/07\/Bang-XXL-2000-Puffs-Disposable-Vape-Wholesale-6-768x768.jpg 768w\" sizes=\"auto, (max-width: 800px) 100vw, 800px\" \/> <img loading=\"lazy\" decoding=\"async\" class=\"alignnone size-full wp-image-13102\" title=\"Bang XXL 2000 Puffs za enkratno uporabo Vape na debelo (2)\" src=\"https:\/\/www.vape4wholesale.com\/wp-content\/uploads\/2022\/07\/Bang-XXL-2000-Puffs-Disposable-Vape-Wholesale-2.jpg\" alt=\"Bang XXL 2000 Puffs za enkratno uporabo Vape na debelo (2)\" width=\"800\" height=\"800\" srcset=\"https:\/\/www.vape4wholesale.com\/wp-content\/uploads\/2022\/07\/Bang-XXL-2000-Puffs-Disposable-Vape-Wholesale-2.jpg 800w, https:\/\/www.vape4wholesale.com\/wp-content\/uploads\/2022\/07\/Bang-XXL-2000-Puffs-Disposable-Vape-Wholesale-2-247x247.jpg 247w, https:\/\/www.vape4wholesale.com\/wp-content\/uploads\/2022\/07\/Bang-XXL-2000-Puffs-Disposable-Vape-Wholesale-2-100x100.jpg 100w, https:\/\/www.vape4wholesale.com\/wp-content\/uploads\/2022\/07\/Bang-XXL-2000-Puffs-Disposable-Vape-Wholesale-2-510x510.jpg 510w\" sizes=\"auto, (max-width: 800px) 100vw, 800px\" \/> <img loading=\"lazy\" decoding=\"async\" class=\"alignnone size-full wp-image-13101\" title=\"Bang XXL 2000 Puffs za enkratno uporabo Vape na debelo (1)\" src=\"https:\/\/www.vape4wholesale.com\/wp-content\/uploads\/2022\/07\/Bang-XXL-2000-Puffs-Disposable-Vape-Wholesale-1.jpg\" alt=\"Bang XXL 2000 Puffs za enkratno uporabo Vape na debelo (1)\" width=\"800\" height=\"800\" srcset=\"https:\/\/www.vape4wholesale.com\/wp-content\/uploads\/2022\/07\/Bang-XXL-2000-Puffs-Disposable-Vape-Wholesale-1.jpg 800w, https:\/\/www.vape4wholesale.com\/wp-content\/uploads\/2022\/07\/Bang-XXL-2000-Puffs-Disposable-Vape-Wholesale-1-247x247.jpg 247w, https:\/\/www.vape4wholesale.com\/wp-content\/uploads\/2022\/07\/Bang-XXL-2000-Puffs-Disposable-Vape-Wholesale-1-100x100.jpg 100w, https:\/\/www.vape4wholesale.com\/wp-content\/uploads\/2022\/07\/Bang-XXL-2000-Puffs-Disposable-Vape-Wholesale-1-510x510.jpg 510w, https:\/\/www.vape4wholesale.com\/wp-content\/uploads\/2022\/07\/Bang-XXL-2000-Puffs-Disposable-Vape-Wholesale-1-64x64.jpg 64w, https:\/\/www.vape4wholesale.com\/wp-content\/uploads\/2022\/07\/Bang-XXL-2000-Puffs-Disposable-Vape-Wholesale-1-300x300.jpg 300w, https:\/\/www.vape4wholesale.com\/wp-content\/uploads\/2022\/07\/Bang-XXL-2000-Puffs-Disposable-Vape-Wholesale-1-150x150.jpg 150w, https:\/\/www.vape4wholesale.com\/wp-content\/uploads\/2022\/07\/Bang-XXL-2000-Puffs-Disposable-Vape-Wholesale-1-768x768.jpg 768w\" sizes=\"auto, (max-width: 800px) 100vw, 800px\" \/> <img loading=\"lazy\" decoding=\"async\" class=\"alignnone size-full wp-image-13103\" title=\"Bang XXL 2000 Puffs za enkratno uporabo Vape na debelo (3)\" src=\"https:\/\/www.vape4wholesale.com\/wp-content\/uploads\/2022\/07\/Bang-XXL-2000-Puffs-Disposable-Vape-Wholesale-3.jpg\" alt=\"Bang XXL 2000 Puffs za enkratno uporabo Vape na debelo (3)\" width=\"800\" height=\"800\" srcset=\"https:\/\/www.vape4wholesale.com\/wp-content\/uploads\/2022\/07\/Bang-XXL-2000-Puffs-Disposable-Vape-Wholesale-3.jpg 800w, https:\/\/www.vape4wholesale.com\/wp-content\/uploads\/2022\/07\/Bang-XXL-2000-Puffs-Disposable-Vape-Wholesale-3-247x247.jpg 247w, https:\/\/www.vape4wholesale.com\/wp-content\/uploads\/2022\/07\/Bang-XXL-2000-Puffs-Disposable-Vape-Wholesale-3-100x100.jpg 100w, https:\/\/www.vape4wholesale.com\/wp-content\/uploads\/2022\/07\/Bang-XXL-2000-Puffs-Disposable-Vape-Wholesale-3-510x510.jpg 510w, https:\/\/www.vape4wholesale.com\/wp-content\/uploads\/2022\/07\/Bang-XXL-2000-Puffs-Disposable-Vape-Wholesale-3-64x64.jpg 64w, https:\/\/www.vape4wholesale.com\/wp-content\/uploads\/2022\/07\/Bang-XXL-2000-Puffs-Disposable-Vape-Wholesale-3-300x300.jpg 300w, https:\/\/www.vape4wholesale.com\/wp-content\/uploads\/2022\/07\/Bang-XXL-2000-Puffs-Disposable-Vape-Wholesale-3-150x150.jpg 150w, https:\/\/www.vape4wholesale.com\/wp-content\/uploads\/2022\/07\/Bang-XXL-2000-Puffs-Disposable-Vape-Wholesale-3-768x768.jpg 768w\" sizes=\"auto, (max-width: 800px) 100vw, 800px\" \/><\/p>","protected":false},"excerpt":{"rendered":"[scf-template id=&#8217;11434&#8242;]\n","protected":false},"featured_media":13102,"comment_status":"open","ping_status":"closed","template":"","meta":[],"pwb-brand":[1275],"product_cat":[25],"product_tag":[22,24,164,167,249],"class_list":{"0":"post-5324","1":"product","2":"type-product","3":"status-publish","4":"has-post-thumbnail","6":"pwb-brand-bang","7":"product_cat-2000-3000-puffs","8":"product_tag-disposable","9":"product_tag-wholesale","10":"product_tag-2000-puffs","11":"product_tag-6-5ml","12":"product_tag-bang","13":"wcpa_has_options","15":"first","16":"outofstock","17":"shipping-taxable","18":"purchasable","19":"product-type-variable"},"aioseo_notices":[],"brands":[{"id":1275,"name":"Bang","slug":"bang"}],"_links":{"self":[{"href":"https:\/\/www.vape4wholesale.com\/sl\/wp-json\/wp\/v2\/product\/5324","targetHints":{"allow":["GET"]}}],"collection":[{"href":"https:\/\/www.vape4wholesale.com\/sl\/wp-json\/wp\/v2\/product"}],"about":[{"href":"https:\/\/www.vape4wholesale.com\/sl\/wp-json\/wp\/v2\/types\/product"}],"replies":[{"embeddable":true,"href":"https:\/\/www.vape4wholesale.com\/sl\/wp-json\/wp\/v2\/comments?post=5324"}],"wp:featuredmedia":[{"embeddable":true,"href":"https:\/\/www.vape4wholesale.com\/sl\/wp-json\/wp\/v2\/media\/13102"}],"wp:attachment":[{"href":"https:\/\/www.vape4wholesale.com\/sl\/wp-json\/wp\/v2\/media?parent=5324"}],"wp:term":[{"taxonomy":"pwb-brand","embeddable":true,"href":"https:\/\/www.vape4wholesale.com\/sl\/wp-json\/wp\/v2\/pwb-brand?post=5324"},{"taxonomy":"product_cat","embeddable":true,"href":"https:\/\/www.vape4wholesale.com\/sl\/wp-json\/wp\/v2\/product_cat?post=5324"},{"taxonomy":"product_tag","embeddable":true,"href":"https:\/\/www.vape4wholesale.com\/sl\/wp-json\/wp\/v2\/product_tag?post=5324"}],"curies":[{"name":"wp","href":"https:\/\/api.w.org\/{rel}","templated":true}]}}