{"id":4924,"date":"2022-06-11T08:43:58","date_gmt":"2022-06-11T00:43:58","guid":{"rendered":"https:\/\/www.vape4wholesale.com\/?post_type=product&#038;p=4924"},"modified":"2026-01-26T13:43:42","modified_gmt":"2026-01-26T13:43:42","slug":"elf-bar-bc3000-za-enkratno-uporabo-vape-na-debelo","status":"publish","type":"product","link":"https:\/\/www.vape4wholesale.com\/sl\/product\/elf-bar-bc3000-disposable-vape-wholesale","title":{"rendered":"Elf Bar BC3000 Vape za enkratno uporabo na debelo"},"content":{"rendered":"<p>. <strong>Elf bar BC3000 naprava za enkratno uporabo<\/strong> ima 10 ml vnaprej napolnjenega soka z nikotinsko mo\u010djo 5% in okusnim okusom. Sestavljen je iz vgrajene baterije s kapaciteto 650 mAh za ponovno polnjenje. Naprava Elf bar BC3000 za enkratno uporabo s podi, ki jo odlikujeta oblika v obliki zastavice in kompaktna velikost, vam bo prinesla odli\u010dno izku\u0161njo vapinga.<\/p>\n<h2><strong>Elf Bar BC3000 Parametri za enkratno uporabo Vape<\/strong><\/h2>\n<p>Velikost: 69 mm x 41 mm x 19 mm<br \/>\nKapaciteta e-teko\u010dine: 10ml<br \/>\nMo\u010d nikotina: 50 mg (5%)<br \/>\nZmogljivost baterije: 650 mAh<br \/>\nPuffs: 3000puffs<\/p>\n<h2><strong>Zna\u010dilnosti<\/strong><\/h2>\n<p>Zasnova v obliki zastavice in kompaktna velikost<br \/>\nDvojna tuljava z izjemnimi okusi za naj\u010distej\u0161i okus<br \/>\nBaterija za ponovno polnjenje s kapaciteto 650 mAh in 10 ml vnaprej napolnjen pod<br \/>\n3000puffs, majhna \u0161katla z veliko mo\u010djo<br \/>\nKontrastna barvna kolokacija prina\u0161a ve\u010d u\u017eitka<\/p>\n<h2><strong>Okusi<\/strong><\/h2>\n<p>Ananasov led<br \/>\nJagodni led<br \/>\njagoda kivi<br \/>\nLed iz lubenice<br \/>\nJagodni ananas kokos<br \/>\nMango marelica breskev<br \/>\nTrojna melona<br \/>\nSakura Grape<br \/>\nRde\u010di mojito<br \/>\nBrusnica Grozdje<br \/>\nEnergija<br \/>\nBlue Razz Ice<br \/>\nCitronska meta<br \/>\nKivi Pasijonka Guava<br \/>\nMango breskev<br \/>\nJagoda Mango<br \/>\nGuava Ice<br \/>\nBreskev mango lubenica<\/p>\n<p><img loading=\"lazy\" decoding=\"async\" class=\"alignnone size-full wp-image-13366\" title=\"Elf Bar BC3000 Diposable Vape na debelo 38\" src=\"https:\/\/www.vape4wholesale.com\/wp-content\/uploads\/2022\/06\/Elf-Bar-BC3000-Diposable-Vape-Wholesale-38.jpg\" alt=\"Elf Bar BC3000 Diposable Vape na debelo 38\" width=\"600\" height=\"600\" srcset=\"https:\/\/www.vape4wholesale.com\/wp-content\/uploads\/2022\/06\/Elf-Bar-BC3000-Diposable-Vape-Wholesale-38.jpg 600w, https:\/\/www.vape4wholesale.com\/wp-content\/uploads\/2022\/06\/Elf-Bar-BC3000-Diposable-Vape-Wholesale-38-247x247.jpg 247w, https:\/\/www.vape4wholesale.com\/wp-content\/uploads\/2022\/06\/Elf-Bar-BC3000-Diposable-Vape-Wholesale-38-100x100.jpg 100w, https:\/\/www.vape4wholesale.com\/wp-content\/uploads\/2022\/06\/Elf-Bar-BC3000-Diposable-Vape-Wholesale-38-510x510.jpg 510w\" sizes=\"auto, (max-width: 600px) 100vw, 600px\" \/><img loading=\"lazy\" decoding=\"async\" class=\"alignnone size-full wp-image-13365\" title=\"Elf Bar BC3000 Diposable Vape na debelo 37\" src=\"https:\/\/www.vape4wholesale.com\/wp-content\/uploads\/2022\/06\/Elf-Bar-BC3000-Diposable-Vape-Wholesale-37.jpg\" alt=\"Elf Bar BC3000 Diposable Vape na debelo 37\" width=\"600\" height=\"600\" srcset=\"https:\/\/www.vape4wholesale.com\/wp-content\/uploads\/2022\/06\/Elf-Bar-BC3000-Diposable-Vape-Wholesale-37.jpg 600w, https:\/\/www.vape4wholesale.com\/wp-content\/uploads\/2022\/06\/Elf-Bar-BC3000-Diposable-Vape-Wholesale-37-247x247.jpg 247w, https:\/\/www.vape4wholesale.com\/wp-content\/uploads\/2022\/06\/Elf-Bar-BC3000-Diposable-Vape-Wholesale-37-100x100.jpg 100w, https:\/\/www.vape4wholesale.com\/wp-content\/uploads\/2022\/06\/Elf-Bar-BC3000-Diposable-Vape-Wholesale-37-510x510.jpg 510w, https:\/\/www.vape4wholesale.com\/wp-content\/uploads\/2022\/06\/Elf-Bar-BC3000-Diposable-Vape-Wholesale-37-64x64.jpg 64w, https:\/\/www.vape4wholesale.com\/wp-content\/uploads\/2022\/06\/Elf-Bar-BC3000-Diposable-Vape-Wholesale-37-300x300.jpg 300w, https:\/\/www.vape4wholesale.com\/wp-content\/uploads\/2022\/06\/Elf-Bar-BC3000-Diposable-Vape-Wholesale-37-150x150.jpg 150w\" sizes=\"auto, (max-width: 600px) 100vw, 600px\" \/> <img loading=\"lazy\" decoding=\"async\" class=\"alignnone size-full wp-image-13364\" title=\"Elf Bar BC3000 Diposable Vape na debelo 36\" src=\"https:\/\/www.vape4wholesale.com\/wp-content\/uploads\/2022\/06\/Elf-Bar-BC3000-Diposable-Vape-Wholesale-36.jpg\" alt=\"Elf Bar BC3000 Diposable Vape na debelo 36\" width=\"600\" height=\"600\" srcset=\"https:\/\/www.vape4wholesale.com\/wp-content\/uploads\/2022\/06\/Elf-Bar-BC3000-Diposable-Vape-Wholesale-36.jpg 600w, https:\/\/www.vape4wholesale.com\/wp-content\/uploads\/2022\/06\/Elf-Bar-BC3000-Diposable-Vape-Wholesale-36-247x247.jpg 247w, https:\/\/www.vape4wholesale.com\/wp-content\/uploads\/2022\/06\/Elf-Bar-BC3000-Diposable-Vape-Wholesale-36-100x100.jpg 100w, https:\/\/www.vape4wholesale.com\/wp-content\/uploads\/2022\/06\/Elf-Bar-BC3000-Diposable-Vape-Wholesale-36-510x510.jpg 510w\" sizes=\"auto, (max-width: 600px) 100vw, 600px\" \/> <img loading=\"lazy\" decoding=\"async\" class=\"alignnone size-full wp-image-13363\" title=\"Elf Bar BC3000 Diposable Vape na debelo 34\" src=\"https:\/\/www.vape4wholesale.com\/wp-content\/uploads\/2022\/06\/Elf-Bar-BC3000-Diposable-Vape-Wholesale-34.jpg\" alt=\"Elf Bar BC3000 Diposable Vape na debelo 34\" width=\"600\" height=\"600\" srcset=\"https:\/\/www.vape4wholesale.com\/wp-content\/uploads\/2022\/06\/Elf-Bar-BC3000-Diposable-Vape-Wholesale-34.jpg 600w, https:\/\/www.vape4wholesale.com\/wp-content\/uploads\/2022\/06\/Elf-Bar-BC3000-Diposable-Vape-Wholesale-34-247x247.jpg 247w, https:\/\/www.vape4wholesale.com\/wp-content\/uploads\/2022\/06\/Elf-Bar-BC3000-Diposable-Vape-Wholesale-34-100x100.jpg 100w, https:\/\/www.vape4wholesale.com\/wp-content\/uploads\/2022\/06\/Elf-Bar-BC3000-Diposable-Vape-Wholesale-34-510x510.jpg 510w, https:\/\/www.vape4wholesale.com\/wp-content\/uploads\/2022\/06\/Elf-Bar-BC3000-Diposable-Vape-Wholesale-34-64x64.jpg 64w, https:\/\/www.vape4wholesale.com\/wp-content\/uploads\/2022\/06\/Elf-Bar-BC3000-Diposable-Vape-Wholesale-34-300x300.jpg 300w, https:\/\/www.vape4wholesale.com\/wp-content\/uploads\/2022\/06\/Elf-Bar-BC3000-Diposable-Vape-Wholesale-34-150x150.jpg 150w\" sizes=\"auto, (max-width: 600px) 100vw, 600px\" \/> <img loading=\"lazy\" decoding=\"async\" class=\"alignnone size-full wp-image-13362\" title=\"Elf Bar BC3000 Diposable Vape na debelo 32\" src=\"https:\/\/www.vape4wholesale.com\/wp-content\/uploads\/2022\/06\/Elf-Bar-BC3000-Diposable-Vape-Wholesale-32.jpg\" alt=\"Elf Bar BC3000 Diposable Vape na debelo 32\" width=\"600\" height=\"600\" srcset=\"https:\/\/www.vape4wholesale.com\/wp-content\/uploads\/2022\/06\/Elf-Bar-BC3000-Diposable-Vape-Wholesale-32.jpg 600w, https:\/\/www.vape4wholesale.com\/wp-content\/uploads\/2022\/06\/Elf-Bar-BC3000-Diposable-Vape-Wholesale-32-247x247.jpg 247w, https:\/\/www.vape4wholesale.com\/wp-content\/uploads\/2022\/06\/Elf-Bar-BC3000-Diposable-Vape-Wholesale-32-100x100.jpg 100w, https:\/\/www.vape4wholesale.com\/wp-content\/uploads\/2022\/06\/Elf-Bar-BC3000-Diposable-Vape-Wholesale-32-510x510.jpg 510w, https:\/\/www.vape4wholesale.com\/wp-content\/uploads\/2022\/06\/Elf-Bar-BC3000-Diposable-Vape-Wholesale-32-64x64.jpg 64w, https:\/\/www.vape4wholesale.com\/wp-content\/uploads\/2022\/06\/Elf-Bar-BC3000-Diposable-Vape-Wholesale-32-300x300.jpg 300w, https:\/\/www.vape4wholesale.com\/wp-content\/uploads\/2022\/06\/Elf-Bar-BC3000-Diposable-Vape-Wholesale-32-150x150.jpg 150w\" sizes=\"auto, (max-width: 600px) 100vw, 600px\" \/> <img loading=\"lazy\" decoding=\"async\" class=\"alignnone size-full wp-image-13361\" title=\"Elf Bar BC3000 Diposable Vape na debelo 29\" src=\"https:\/\/www.vape4wholesale.com\/wp-content\/uploads\/2022\/06\/Elf-Bar-BC3000-Diposable-Vape-Wholesale-29.jpg\" alt=\"Elf Bar BC3000 Diposable Vape na debelo 29\" width=\"600\" height=\"600\" srcset=\"https:\/\/www.vape4wholesale.com\/wp-content\/uploads\/2022\/06\/Elf-Bar-BC3000-Diposable-Vape-Wholesale-29.jpg 600w, https:\/\/www.vape4wholesale.com\/wp-content\/uploads\/2022\/06\/Elf-Bar-BC3000-Diposable-Vape-Wholesale-29-247x247.jpg 247w, https:\/\/www.vape4wholesale.com\/wp-content\/uploads\/2022\/06\/Elf-Bar-BC3000-Diposable-Vape-Wholesale-29-100x100.jpg 100w, https:\/\/www.vape4wholesale.com\/wp-content\/uploads\/2022\/06\/Elf-Bar-BC3000-Diposable-Vape-Wholesale-29-510x510.jpg 510w, https:\/\/www.vape4wholesale.com\/wp-content\/uploads\/2022\/06\/Elf-Bar-BC3000-Diposable-Vape-Wholesale-29-64x64.jpg 64w, https:\/\/www.vape4wholesale.com\/wp-content\/uploads\/2022\/06\/Elf-Bar-BC3000-Diposable-Vape-Wholesale-29-300x300.jpg 300w, https:\/\/www.vape4wholesale.com\/wp-content\/uploads\/2022\/06\/Elf-Bar-BC3000-Diposable-Vape-Wholesale-29-150x150.jpg 150w\" sizes=\"auto, (max-width: 600px) 100vw, 600px\" \/> <img loading=\"lazy\" decoding=\"async\" class=\"alignnone size-full wp-image-13360\" title=\"Elf Bar BC3000 Diposable Vape na debelo 28\" src=\"https:\/\/www.vape4wholesale.com\/wp-content\/uploads\/2022\/06\/Elf-Bar-BC3000-Diposable-Vape-Wholesale-28.jpg\" alt=\"Elf Bar BC3000 Diposable Vape na debelo 28\" width=\"600\" height=\"600\" srcset=\"https:\/\/www.vape4wholesale.com\/wp-content\/uploads\/2022\/06\/Elf-Bar-BC3000-Diposable-Vape-Wholesale-28.jpg 600w, https:\/\/www.vape4wholesale.com\/wp-content\/uploads\/2022\/06\/Elf-Bar-BC3000-Diposable-Vape-Wholesale-28-247x247.jpg 247w, https:\/\/www.vape4wholesale.com\/wp-content\/uploads\/2022\/06\/Elf-Bar-BC3000-Diposable-Vape-Wholesale-28-100x100.jpg 100w, https:\/\/www.vape4wholesale.com\/wp-content\/uploads\/2022\/06\/Elf-Bar-BC3000-Diposable-Vape-Wholesale-28-510x510.jpg 510w, https:\/\/www.vape4wholesale.com\/wp-content\/uploads\/2022\/06\/Elf-Bar-BC3000-Diposable-Vape-Wholesale-28-64x64.jpg 64w, https:\/\/www.vape4wholesale.com\/wp-content\/uploads\/2022\/06\/Elf-Bar-BC3000-Diposable-Vape-Wholesale-28-300x300.jpg 300w, https:\/\/www.vape4wholesale.com\/wp-content\/uploads\/2022\/06\/Elf-Bar-BC3000-Diposable-Vape-Wholesale-28-150x150.jpg 150w\" sizes=\"auto, (max-width: 600px) 100vw, 600px\" \/> <img loading=\"lazy\" decoding=\"async\" class=\"alignnone size-full wp-image-13359\" title=\"Elf Bar BC3000 Diposable Vape na debelo 26\" src=\"https:\/\/www.vape4wholesale.com\/wp-content\/uploads\/2022\/06\/Elf-Bar-BC3000-Diposable-Vape-Wholesale-26.jpg\" alt=\"Elf Bar BC3000 Diposable Vape na debelo 26\" width=\"600\" height=\"600\" srcset=\"https:\/\/www.vape4wholesale.com\/wp-content\/uploads\/2022\/06\/Elf-Bar-BC3000-Diposable-Vape-Wholesale-26.jpg 600w, https:\/\/www.vape4wholesale.com\/wp-content\/uploads\/2022\/06\/Elf-Bar-BC3000-Diposable-Vape-Wholesale-26-247x247.jpg 247w, https:\/\/www.vape4wholesale.com\/wp-content\/uploads\/2022\/06\/Elf-Bar-BC3000-Diposable-Vape-Wholesale-26-100x100.jpg 100w, https:\/\/www.vape4wholesale.com\/wp-content\/uploads\/2022\/06\/Elf-Bar-BC3000-Diposable-Vape-Wholesale-26-510x510.jpg 510w, https:\/\/www.vape4wholesale.com\/wp-content\/uploads\/2022\/06\/Elf-Bar-BC3000-Diposable-Vape-Wholesale-26-64x64.jpg 64w, https:\/\/www.vape4wholesale.com\/wp-content\/uploads\/2022\/06\/Elf-Bar-BC3000-Diposable-Vape-Wholesale-26-300x300.jpg 300w, https:\/\/www.vape4wholesale.com\/wp-content\/uploads\/2022\/06\/Elf-Bar-BC3000-Diposable-Vape-Wholesale-26-150x150.jpg 150w\" sizes=\"auto, (max-width: 600px) 100vw, 600px\" \/> <img loading=\"lazy\" decoding=\"async\" class=\"alignnone size-full wp-image-13358\" title=\"Elf Bar BC3000 Diposable Vape na debelo 24\" src=\"https:\/\/www.vape4wholesale.com\/wp-content\/uploads\/2022\/06\/Elf-Bar-BC3000-Diposable-Vape-Wholesale-24.jpg\" alt=\"Elf Bar BC3000 Diposable Vape na debelo 24\" width=\"600\" height=\"600\" srcset=\"https:\/\/www.vape4wholesale.com\/wp-content\/uploads\/2022\/06\/Elf-Bar-BC3000-Diposable-Vape-Wholesale-24.jpg 600w, https:\/\/www.vape4wholesale.com\/wp-content\/uploads\/2022\/06\/Elf-Bar-BC3000-Diposable-Vape-Wholesale-24-247x247.jpg 247w, https:\/\/www.vape4wholesale.com\/wp-content\/uploads\/2022\/06\/Elf-Bar-BC3000-Diposable-Vape-Wholesale-24-100x100.jpg 100w, https:\/\/www.vape4wholesale.com\/wp-content\/uploads\/2022\/06\/Elf-Bar-BC3000-Diposable-Vape-Wholesale-24-510x510.jpg 510w, https:\/\/www.vape4wholesale.com\/wp-content\/uploads\/2022\/06\/Elf-Bar-BC3000-Diposable-Vape-Wholesale-24-64x64.jpg 64w, https:\/\/www.vape4wholesale.com\/wp-content\/uploads\/2022\/06\/Elf-Bar-BC3000-Diposable-Vape-Wholesale-24-300x300.jpg 300w, https:\/\/www.vape4wholesale.com\/wp-content\/uploads\/2022\/06\/Elf-Bar-BC3000-Diposable-Vape-Wholesale-24-150x150.jpg 150w\" sizes=\"auto, (max-width: 600px) 100vw, 600px\" \/> <img loading=\"lazy\" decoding=\"async\" class=\"alignnone size-full wp-image-13354\" title=\"Elf Bar BC3000 Diposable Vape na debelo 3\" src=\"https:\/\/www.vape4wholesale.com\/wp-content\/uploads\/2022\/06\/Elf-Bar-BC3000-Diposable-Vape-Wholesale-3.jpg\" alt=\"Elf Bar BC3000 Diposable Vape na debelo 3\" width=\"600\" height=\"600\" srcset=\"https:\/\/www.vape4wholesale.com\/wp-content\/uploads\/2022\/06\/Elf-Bar-BC3000-Diposable-Vape-Wholesale-3.jpg 600w, https:\/\/www.vape4wholesale.com\/wp-content\/uploads\/2022\/06\/Elf-Bar-BC3000-Diposable-Vape-Wholesale-3-247x247.jpg 247w, https:\/\/www.vape4wholesale.com\/wp-content\/uploads\/2022\/06\/Elf-Bar-BC3000-Diposable-Vape-Wholesale-3-100x100.jpg 100w, https:\/\/www.vape4wholesale.com\/wp-content\/uploads\/2022\/06\/Elf-Bar-BC3000-Diposable-Vape-Wholesale-3-510x510.jpg 510w, https:\/\/www.vape4wholesale.com\/wp-content\/uploads\/2022\/06\/Elf-Bar-BC3000-Diposable-Vape-Wholesale-3-64x64.jpg 64w, https:\/\/www.vape4wholesale.com\/wp-content\/uploads\/2022\/06\/Elf-Bar-BC3000-Diposable-Vape-Wholesale-3-300x300.jpg 300w, https:\/\/www.vape4wholesale.com\/wp-content\/uploads\/2022\/06\/Elf-Bar-BC3000-Diposable-Vape-Wholesale-3-150x150.jpg 150w\" sizes=\"auto, (max-width: 600px) 100vw, 600px\" \/> <img loading=\"lazy\" decoding=\"async\" class=\"alignnone size-full wp-image-13355\" title=\"Elf Bar BC3000 Diposable Vape na debelo 6\" src=\"https:\/\/www.vape4wholesale.com\/wp-content\/uploads\/2022\/06\/Elf-Bar-BC3000-Diposable-Vape-Wholesale-6.jpg\" alt=\"Elf Bar BC3000 Diposable Vape na debelo 6\" width=\"600\" height=\"600\" srcset=\"https:\/\/www.vape4wholesale.com\/wp-content\/uploads\/2022\/06\/Elf-Bar-BC3000-Diposable-Vape-Wholesale-6.jpg 600w, https:\/\/www.vape4wholesale.com\/wp-content\/uploads\/2022\/06\/Elf-Bar-BC3000-Diposable-Vape-Wholesale-6-247x247.jpg 247w, https:\/\/www.vape4wholesale.com\/wp-content\/uploads\/2022\/06\/Elf-Bar-BC3000-Diposable-Vape-Wholesale-6-100x100.jpg 100w, https:\/\/www.vape4wholesale.com\/wp-content\/uploads\/2022\/06\/Elf-Bar-BC3000-Diposable-Vape-Wholesale-6-510x510.jpg 510w, https:\/\/www.vape4wholesale.com\/wp-content\/uploads\/2022\/06\/Elf-Bar-BC3000-Diposable-Vape-Wholesale-6-64x64.jpg 64w, https:\/\/www.vape4wholesale.com\/wp-content\/uploads\/2022\/06\/Elf-Bar-BC3000-Diposable-Vape-Wholesale-6-300x300.jpg 300w, https:\/\/www.vape4wholesale.com\/wp-content\/uploads\/2022\/06\/Elf-Bar-BC3000-Diposable-Vape-Wholesale-6-150x150.jpg 150w\" sizes=\"auto, (max-width: 600px) 100vw, 600px\" \/> <img loading=\"lazy\" decoding=\"async\" class=\"alignnone size-full wp-image-13356\" title=\"Elf Bar BC3000 Diposable Vape na debelo 15\" src=\"https:\/\/www.vape4wholesale.com\/wp-content\/uploads\/2022\/06\/Elf-Bar-BC3000-Diposable-Vape-Wholesale-15.jpg\" alt=\"Elf Bar BC3000 Diposable Vape na debelo 15\" width=\"600\" height=\"600\" srcset=\"https:\/\/www.vape4wholesale.com\/wp-content\/uploads\/2022\/06\/Elf-Bar-BC3000-Diposable-Vape-Wholesale-15.jpg 600w, https:\/\/www.vape4wholesale.com\/wp-content\/uploads\/2022\/06\/Elf-Bar-BC3000-Diposable-Vape-Wholesale-15-247x247.jpg 247w, https:\/\/www.vape4wholesale.com\/wp-content\/uploads\/2022\/06\/Elf-Bar-BC3000-Diposable-Vape-Wholesale-15-100x100.jpg 100w, https:\/\/www.vape4wholesale.com\/wp-content\/uploads\/2022\/06\/Elf-Bar-BC3000-Diposable-Vape-Wholesale-15-510x510.jpg 510w, https:\/\/www.vape4wholesale.com\/wp-content\/uploads\/2022\/06\/Elf-Bar-BC3000-Diposable-Vape-Wholesale-15-64x64.jpg 64w, https:\/\/www.vape4wholesale.com\/wp-content\/uploads\/2022\/06\/Elf-Bar-BC3000-Diposable-Vape-Wholesale-15-300x300.jpg 300w, https:\/\/www.vape4wholesale.com\/wp-content\/uploads\/2022\/06\/Elf-Bar-BC3000-Diposable-Vape-Wholesale-15-150x150.jpg 150w\" sizes=\"auto, (max-width: 600px) 100vw, 600px\" \/> <img loading=\"lazy\" decoding=\"async\" class=\"alignnone size-full wp-image-13357\" title=\"Elf Bar BC3000 Diposable Vape na debelo 22\" src=\"https:\/\/www.vape4wholesale.com\/wp-content\/uploads\/2022\/06\/Elf-Bar-BC3000-Diposable-Vape-Wholesale-22.jpg\" alt=\"Elf Bar BC3000 Diposable Vape na debelo 22\" width=\"600\" height=\"600\" srcset=\"https:\/\/www.vape4wholesale.com\/wp-content\/uploads\/2022\/06\/Elf-Bar-BC3000-Diposable-Vape-Wholesale-22.jpg 600w, https:\/\/www.vape4wholesale.com\/wp-content\/uploads\/2022\/06\/Elf-Bar-BC3000-Diposable-Vape-Wholesale-22-247x247.jpg 247w, https:\/\/www.vape4wholesale.com\/wp-content\/uploads\/2022\/06\/Elf-Bar-BC3000-Diposable-Vape-Wholesale-22-100x100.jpg 100w, https:\/\/www.vape4wholesale.com\/wp-content\/uploads\/2022\/06\/Elf-Bar-BC3000-Diposable-Vape-Wholesale-22-510x510.jpg 510w, https:\/\/www.vape4wholesale.com\/wp-content\/uploads\/2022\/06\/Elf-Bar-BC3000-Diposable-Vape-Wholesale-22-64x64.jpg 64w, https:\/\/www.vape4wholesale.com\/wp-content\/uploads\/2022\/06\/Elf-Bar-BC3000-Diposable-Vape-Wholesale-22-300x300.jpg 300w, https:\/\/www.vape4wholesale.com\/wp-content\/uploads\/2022\/06\/Elf-Bar-BC3000-Diposable-Vape-Wholesale-22-150x150.jpg 150w\" sizes=\"auto, (max-width: 600px) 100vw, 600px\" \/> <img loading=\"lazy\" decoding=\"async\" class=\"alignnone size-full wp-image-13353\" title=\"Elf Bar BC3000 Diposable Vape na debelo 2\" src=\"https:\/\/www.vape4wholesale.com\/wp-content\/uploads\/2022\/06\/Elf-Bar-BC3000-Diposable-Vape-Wholesale-2.jpg\" alt=\"Elf Bar BC3000 Diposable Vape na debelo 2\" width=\"600\" height=\"600\" srcset=\"https:\/\/www.vape4wholesale.com\/wp-content\/uploads\/2022\/06\/Elf-Bar-BC3000-Diposable-Vape-Wholesale-2.jpg 600w, https:\/\/www.vape4wholesale.com\/wp-content\/uploads\/2022\/06\/Elf-Bar-BC3000-Diposable-Vape-Wholesale-2-247x247.jpg 247w, https:\/\/www.vape4wholesale.com\/wp-content\/uploads\/2022\/06\/Elf-Bar-BC3000-Diposable-Vape-Wholesale-2-100x100.jpg 100w, https:\/\/www.vape4wholesale.com\/wp-content\/uploads\/2022\/06\/Elf-Bar-BC3000-Diposable-Vape-Wholesale-2-510x510.jpg 510w, https:\/\/www.vape4wholesale.com\/wp-content\/uploads\/2022\/06\/Elf-Bar-BC3000-Diposable-Vape-Wholesale-2-64x64.jpg 64w, https:\/\/www.vape4wholesale.com\/wp-content\/uploads\/2022\/06\/Elf-Bar-BC3000-Diposable-Vape-Wholesale-2-300x300.jpg 300w, https:\/\/www.vape4wholesale.com\/wp-content\/uploads\/2022\/06\/Elf-Bar-BC3000-Diposable-Vape-Wholesale-2-150x150.jpg 150w\" sizes=\"auto, (max-width: 600px) 100vw, 600px\" \/><\/p>\n<p>&nbsp;<\/p>","protected":false},"excerpt":{"rendered":"[scf-template id=&#8217;11434&#8242;]\n<p>100% Orignal with QR Code<\/p>\n","protected":false},"featured_media":13366,"comment_status":"open","ping_status":"closed","template":"","meta":[],"pwb-brand":[1278],"product_cat":[85],"product_tag":[22,24,60,210,211],"class_list":{"0":"post-4924","1":"product","2":"type-product","3":"status-publish","4":"has-post-thumbnail","6":"pwb-brand-elf-bar","7":"product_cat-3000-4000-puffs","8":"product_tag-disposable","9":"product_tag-wholesale","10":"product_tag-elf-bar","11":"product_tag-10-0ml","12":"product_tag-3000-puffs","14":"first","15":"outofstock","16":"shipping-taxable","17":"purchasable","18":"product-type-variable"},"aioseo_notices":[],"brands":[{"id":1278,"name":"Bar Elf","slug":"elfov-bar"}],"_links":{"self":[{"href":"https:\/\/www.vape4wholesale.com\/sl\/wp-json\/wp\/v2\/product\/4924","targetHints":{"allow":["GET"]}}],"collection":[{"href":"https:\/\/www.vape4wholesale.com\/sl\/wp-json\/wp\/v2\/product"}],"about":[{"href":"https:\/\/www.vape4wholesale.com\/sl\/wp-json\/wp\/v2\/types\/product"}],"replies":[{"embeddable":true,"href":"https:\/\/www.vape4wholesale.com\/sl\/wp-json\/wp\/v2\/comments?post=4924"}],"wp:featuredmedia":[{"embeddable":true,"href":"https:\/\/www.vape4wholesale.com\/sl\/wp-json\/wp\/v2\/media\/13366"}],"wp:attachment":[{"href":"https:\/\/www.vape4wholesale.com\/sl\/wp-json\/wp\/v2\/media?parent=4924"}],"wp:term":[{"taxonomy":"pwb-brand","embeddable":true,"href":"https:\/\/www.vape4wholesale.com\/sl\/wp-json\/wp\/v2\/pwb-brand?post=4924"},{"taxonomy":"product_cat","embeddable":true,"href":"https:\/\/www.vape4wholesale.com\/sl\/wp-json\/wp\/v2\/product_cat?post=4924"},{"taxonomy":"product_tag","embeddable":true,"href":"https:\/\/www.vape4wholesale.com\/sl\/wp-json\/wp\/v2\/product_tag?post=4924"}],"curies":[{"name":"wp","href":"https:\/\/api.w.org\/{rel}","templated":true}]}}