{"id":4681,"date":"2021-05-21T14:04:07","date_gmt":"2021-05-21T06:04:07","guid":{"rendered":"https:\/\/www.vape4wholesale.com\/?post_type=product&#038;p=4681"},"modified":"2026-01-26T13:43:56","modified_gmt":"2026-01-26T13:43:56","slug":"elf-bar-3600-za-enkratno-uporabo-vape-na-debelo","status":"publish","type":"product","link":"https:\/\/www.vape4wholesale.com\/sl\/product\/elf-bar-3600-disposable-vape-wholesale","title":{"rendered":"Elf Bar 3600 Vape za enkratno uporabo na debelo"},"content":{"rendered":"<p>. <strong><a href=\"https:\/\/www.vape4wholesale.com\/sl\/product_brand\/elfov-bar\/\">Bar Elf<\/a> 3600 Vape za enkratno uporabo<\/strong> prilo\u017eena je baterija s 650 mAh, kabel za hitro polnjenje Type-C in 10,6 ml prednapetosti. Na debelo pri Vape4Wholesale, Zaradi kapacitete e-teko\u010dine kraljevske velikosti lahko Elf bar 3600 prinese pribli\u017eno 3600 velikih puhov. Naprava Elf bar 3600 za enkratno uporabo v obliki podov pa je izdelana v domi\u0161ljenem dizajnu z gradientnimi barvami za vsakodnevno izbiro. Poleg tega naprava Elf bar 3600 uporablja napredno dvojno spiralo, ki zagotavlja najbolj gladek pretok zraka in odli\u010den okus. Priskrbite si napravo Elf bar 3600 Disposable Pod Device in u\u017eivajte v neverjetnem okusu.<\/p>\n<h2><strong>Elf Bar 3600 Parametri za enkratno uporabo Vape<\/strong><\/h2>\n<ul>\n<li>Velikost: \u03c625x112mm<\/li>\n<li>Kapaciteta e-teko\u010dine: 10.6ml<\/li>\n<li>Mo\u010d nikotina: 20 mg (2%)<\/li>\n<li>Zmogljivost baterije: 650 mAh<\/li>\n<li>Puffi: 3600 puffov<\/li>\n<\/ul>\n<h2><strong>Zna\u010dilnosti<\/strong><\/h2>\n<p>Baterija za ponovno polnjenje s kapaciteto 650 mAh in 10,6 ml vnaprej napolnjenega soka<br \/>\nGladek okus, ki izvira iz narave<br \/>\nZasnova za polnjenje tipa C za dolgotrajno vaping<br \/>\nNapredna dvojna tuljava za najbolj gladek pretok zraka in odli\u010den okus<br \/>\nFantasti\u010dno oblikovanje z gradientnimi barvami<\/p>\n<h2><strong>Pakiranje\/te\u017ea<\/strong><\/h2>\n<ul>\n<li>1 kos \/ paket, 10 paketov \/ \u0161katla<\/li>\n<li>400\/karton, te\u017ea: 28 kg<\/li>\n<\/ul>\n<h2><strong>Elf Bar 3600 okusov<\/strong><\/h2>\n<div class=\"vi-wpvs-option-wrap vi-wpvs-option-wrap-default\" data-attribute_label=\"Banana Ice\" data-attribute_value=\"banana-ice-2\">\n<div class=\"vi-wpvs-option-wrap vi-wpvs-option-wrap-selected\" data-attribute_label=\"Banana Milk\" data-attribute_value=\"banana-milk\">\n<div class=\"vi-wpvs-option-wrap vi-wpvs-option-wrap-selected\" data-attribute_label=\"Banana Milk\" data-attribute_value=\"banana-milk\"><span class=\"vi-wpvs-option vi-wpvs-option-button\">Bananino mleko<\/span><\/div>\n<div class=\"vi-wpvs-option-wrap vi-wpvs-option-wrap-default\" data-attribute_label=\"Berry Peach\" data-attribute_value=\"berry-peach\"><span class=\"vi-wpvs-option vi-wpvs-option-button\">jagodi\u010devje breskev<\/span><\/div>\n<div class=\"vi-wpvs-option-wrap vi-wpvs-option-wrap-default\" data-attribute_label=\"Blue Razz Lemonade\" data-attribute_value=\"blue-razz-lemonade\"><span class=\"vi-wpvs-option vi-wpvs-option-button\">Modra limonada Razz<\/span><\/div>\n<div class=\"vi-wpvs-option-wrap vi-wpvs-option-wrap-default\" data-attribute_label=\"Jelly Bear\" data-attribute_value=\"jelly-bear\"><span class=\"vi-wpvs-option vi-wpvs-option-button\">Medvedek Jelly<\/span><\/div>\n<div class=\"vi-wpvs-option-wrap vi-wpvs-option-wrap-default\" data-attribute_label=\"Kiwi Passion Fruit Guava\" data-attribute_value=\"kiwi-passion-fruit-guava\"><span class=\"vi-wpvs-option vi-wpvs-option-button\">Kivi Pasijonka Guava<\/span><\/div>\n<div class=\"vi-wpvs-option-wrap vi-wpvs-option-wrap-default\" data-attribute_label=\"Mango Peach Watermelon\" data-attribute_value=\"mango-peach-watermelon\"><span class=\"vi-wpvs-option vi-wpvs-option-button\">Mango breskev lubenica<\/span><\/div>\n<div class=\"vi-wpvs-option-wrap vi-wpvs-option-wrap-default\" data-attribute_label=\"Peach Mango Guava\" data-attribute_value=\"peach-mango-guava\"><span class=\"vi-wpvs-option vi-wpvs-option-button\">Breskev Mango Guava<\/span><\/div>\n<div class=\"vi-wpvs-option-wrap vi-wpvs-option-wrap-default\" data-attribute_label=\"Pineapple Mango Orange\" data-attribute_value=\"pineapple-mango-orange\"><span class=\"vi-wpvs-option vi-wpvs-option-button\">Ananas Mango Pomaran\u010da<\/span><\/div>\n<div class=\"vi-wpvs-option-wrap vi-wpvs-option-wrap-default\" data-attribute_label=\"Russian Cream\" data-attribute_value=\"russian-cream\"><span class=\"vi-wpvs-option vi-wpvs-option-button\">Ruska smetana<\/span><\/div>\n<div class=\"vi-wpvs-option-wrap vi-wpvs-option-wrap-default\" data-attribute_label=\"Sour Apple\" data-attribute_value=\"sour-apple\"><span class=\"vi-wpvs-option vi-wpvs-option-button\">Kislo jabolko<\/span><\/div>\n<div class=\"vi-wpvs-option-wrap vi-wpvs-option-wrap-default\" data-attribute_label=\"Strawberry Kiwi\" data-attribute_value=\"strawberry-kiwi\"><span class=\"vi-wpvs-option vi-wpvs-option-button\">jagoda kivi<\/span><\/div>\n<div class=\"vi-wpvs-option-wrap vi-wpvs-option-wrap-default\" data-attribute_label=\"Watermelon Lemon\" data-attribute_value=\"watermelon-lemon\"><span class=\"vi-wpvs-option vi-wpvs-option-button\">lubenica Lemon<\/span><\/div>\n<\/div>\n<\/div>\n<div data-attribute_label=\"Watermelon Lemon\" data-attribute_value=\"watermelon-lemon\"><\/div>\n<div data-attribute_label=\"Watermelon Lemon\" data-attribute_value=\"watermelon-lemon\">\u00a0 \u00a0\u00a0\u00a0<img loading=\"lazy\" decoding=\"async\" class=\"size-full wp-image-13537 aligncenter\" title=\"ELF BAR 3600 Vape za enkratno uporabo na debelo 25\" src=\"https:\/\/www.vape4wholesale.com\/wp-content\/uploads\/2021\/05\/ELF-BAR-3600-Disposable-Vape-Wholesale-25.jpg\" alt=\"ELF BAR 3600 Vape za enkratno uporabo na debelo 25\" width=\"1000\" height=\"1000\" srcset=\"https:\/\/www.vape4wholesale.com\/wp-content\/uploads\/2021\/05\/ELF-BAR-3600-Disposable-Vape-Wholesale-25.jpg 1000w, https:\/\/www.vape4wholesale.com\/wp-content\/uploads\/2021\/05\/ELF-BAR-3600-Disposable-Vape-Wholesale-25-247x247.jpg 247w, https:\/\/www.vape4wholesale.com\/wp-content\/uploads\/2021\/05\/ELF-BAR-3600-Disposable-Vape-Wholesale-25-100x100.jpg 100w, https:\/\/www.vape4wholesale.com\/wp-content\/uploads\/2021\/05\/ELF-BAR-3600-Disposable-Vape-Wholesale-25-510x510.jpg 510w, https:\/\/www.vape4wholesale.com\/wp-content\/uploads\/2021\/05\/ELF-BAR-3600-Disposable-Vape-Wholesale-25-64x64.jpg 64w, https:\/\/www.vape4wholesale.com\/wp-content\/uploads\/2021\/05\/ELF-BAR-3600-Disposable-Vape-Wholesale-25-300x300.jpg 300w, https:\/\/www.vape4wholesale.com\/wp-content\/uploads\/2021\/05\/ELF-BAR-3600-Disposable-Vape-Wholesale-25-150x150.jpg 150w, https:\/\/www.vape4wholesale.com\/wp-content\/uploads\/2021\/05\/ELF-BAR-3600-Disposable-Vape-Wholesale-25-768x768.jpg 768w\" sizes=\"auto, (max-width: 1000px) 100vw, 1000px\" \/><\/div>\n<div data-attribute_label=\"Watermelon Lemon\" data-attribute_value=\"watermelon-lemon\"><h2>ZAKAJ MI?<\/h2>\r\n<ul>\r\n<li>Resni\u010dni, zanesljivi in strokovni vir za vape.<\/li>\r\n<li>100% Originalno jamstvo: Zavra\u010damo ponarejanje: zagotavljamo samo originalne in pristne izdelke.<\/li>\r\n<li>100% Zagotovilo za dostavo: 100%: uporabljamo najbolj\u0161i na\u010din po\u0161iljanja, da zagotovimo, da prejmete naro\u010dilo 100%.<\/li>\r\n<li>Po odpremi vam bomo posredovali \u0161tevilko za sledenje in nalepko za po\u0161iljanje ter spremljali blago, dokler ga ne podpi\u0161ete.<\/li>\r\n<li>Brez carinskih te\u017eav, brez tarif<\/li>\r\n<\/ul><\/div>","protected":false},"excerpt":{"rendered":"<div class=\"wsppc_div_block woocommerce_before_add_to_cart_form\">\r\n<p><strong><span style=\"color: #00a859;\">Opraviti carinsko po\u0161to<\/span> pred dostavo &amp; 100% Garancija dostave, Dostava v pribli\u017eno 19\u201325 dneh.\u00a0<\/strong><\/p>\r\n<\/div>\n<p>100% Izvirni Elf Bar s kodo QR<\/p>","protected":false},"featured_media":13524,"comment_status":"open","ping_status":"closed","template":"","meta":[],"pwb-brand":[1278],"product_cat":[85],"product_tag":[22,24,60,78,158],"class_list":{"0":"post-4681","1":"product","2":"type-product","3":"status-publish","4":"has-post-thumbnail","6":"pwb-brand-elf-bar","7":"product_cat-3000-4000-puffs","8":"product_tag-disposable","9":"product_tag-wholesale","10":"product_tag-elf-bar","11":"product_tag-10-8ml","12":"product_tag-3600-puffs","14":"first","15":"instock","16":"shipping-taxable","17":"purchasable","18":"product-type-variable"},"aioseo_notices":[],"brands":[{"id":1278,"name":"Bar Elf","slug":"elfov-bar"}],"_links":{"self":[{"href":"https:\/\/www.vape4wholesale.com\/sl\/wp-json\/wp\/v2\/product\/4681","targetHints":{"allow":["GET"]}}],"collection":[{"href":"https:\/\/www.vape4wholesale.com\/sl\/wp-json\/wp\/v2\/product"}],"about":[{"href":"https:\/\/www.vape4wholesale.com\/sl\/wp-json\/wp\/v2\/types\/product"}],"replies":[{"embeddable":true,"href":"https:\/\/www.vape4wholesale.com\/sl\/wp-json\/wp\/v2\/comments?post=4681"}],"wp:featuredmedia":[{"embeddable":true,"href":"https:\/\/www.vape4wholesale.com\/sl\/wp-json\/wp\/v2\/media\/13524"}],"wp:attachment":[{"href":"https:\/\/www.vape4wholesale.com\/sl\/wp-json\/wp\/v2\/media?parent=4681"}],"wp:term":[{"taxonomy":"pwb-brand","embeddable":true,"href":"https:\/\/www.vape4wholesale.com\/sl\/wp-json\/wp\/v2\/pwb-brand?post=4681"},{"taxonomy":"product_cat","embeddable":true,"href":"https:\/\/www.vape4wholesale.com\/sl\/wp-json\/wp\/v2\/product_cat?post=4681"},{"taxonomy":"product_tag","embeddable":true,"href":"https:\/\/www.vape4wholesale.com\/sl\/wp-json\/wp\/v2\/product_tag?post=4681"}],"curies":[{"name":"wp","href":"https:\/\/api.w.org\/{rel}","templated":true}]}}