{"id":4537,"date":"2021-05-21T11:32:47","date_gmt":"2021-05-21T03:32:47","guid":{"rendered":"https:\/\/www.vape4wholesale.com\/?post_type=product&#038;p=4537"},"modified":"2026-01-26T13:43:58","modified_gmt":"2026-01-26T13:43:58","slug":"elf-bar-lux-800-puffs-enkratno-vape-debelo","status":"publish","type":"product","link":"https:\/\/www.vape4wholesale.com\/sl\/product\/elf-bar-lux-800-puffs-disposable-vape-wholesale","title":{"rendered":"Elf Bar Lux 800 Puffs za enkratno uporabo Vape na debelo"},"content":{"rendered":"<p>. <strong><a href=\"https:\/\/www.vape4wholesale.com\/sl\/product_brand\/elfov-bar\/\">Bar Elf<\/a> Lux 800 Vape<\/strong> je ob\u010dutljiv vnaprej napolnjen vape za enkratno uporabo s tankim ohi\u0161jem, sestavljen iz baterije 550 mAh in 3,2 ml vnaprej napolnjenega stroka, ki omogo\u010da najve\u010d 800 vdihov. Natan\u010den pretok zraka deluje skupaj z odli\u010dno napetostjo, da vam zagotovi primeren okus. Skupaj z nikotinsko mo\u010djo 5% in hitrim aktiviranjem vle\u010denja je ta Elf Bar Lux 800 primerna izbira za va\u0161e vsakodnevno vapanje.<\/p>\n<h2><strong>Elf Bar Lux 800 Puffs za enkratno uporabo Vape Parametri<\/strong><\/h2>\n<ul>\n<li>Velikost: 16 x 104 mm<\/li>\n<li>Kapaciteta e-su\u0161ice: 3,2 ml<\/li>\n<li>Mo\u010d nikotina: 5%, 2% SE<\/li>\n<li>Baterija: 550 mAh<\/li>\n<li>Puffs: 800 Puffs<\/li>\n<\/ul>\n<h2><strong>Elf Bar Lux 800 Lastnosti<\/strong><\/h2>\n<p>Eleganten vnaprej napolnjen sistem s podi za enkratno uporabo s tankim ohi\u0161jem<br \/>\nKompaktna zasnova in \u017eepu prijazna velikost za enostavno prena\u0161anje<br \/>\nRazli\u010dni okusni e-sokovi, ki prina\u0161ajo odli\u010den okus<br \/>\nVgrajena baterija 550 mAh za 800 Puffs<br \/>\n3,2 ml vnaprej napolnjen pod z vgrajeno tuljavo<\/p>\n<h2><strong>Pakiranje\/te\u017ea<\/strong><\/h2>\n<ul>\n<li>1 kos \/ paket, 10 paketov \/ \u0161katla<\/li>\n<li>400\/karton, te\u017ea: 17 kg<\/li>\n<\/ul>\n<h2><strong>Okusi<\/strong><\/h2>\n<div class=\"vi-wpvs-option-wrap vi-wpvs-option-wrap-default\" data-attribute_label=\"Banana Ice\" data-attribute_value=\"banana-ice-2\"><span class=\"vi-wpvs-option vi-wpvs-option-button\">Banana Ice<\/span><\/div>\n<div class=\"vi-wpvs-option-wrap vi-wpvs-option-wrap-default\" data-attribute_label=\"Banana Milk\" data-attribute_value=\"banana-milk\"><span class=\"vi-wpvs-option vi-wpvs-option-button\">Bananino mleko<\/span><\/div>\n<div class=\"vi-wpvs-option-wrap vi-wpvs-option-wrap-default\" data-attribute_label=\"Blueberry\" data-attribute_value=\"blueberry\"><span class=\"vi-wpvs-option vi-wpvs-option-button\">Borovnice<\/span><\/div>\n<div class=\"vi-wpvs-option-wrap vi-wpvs-option-wrap-default\" data-attribute_label=\"Coffee Tobacco\" data-attribute_value=\"coffee-tobacco\"><span class=\"vi-wpvs-option vi-wpvs-option-button\">Toba\u010dna kava<\/span><\/div>\n<div class=\"vi-wpvs-option-wrap vi-wpvs-option-wrap-default\" data-attribute_label=\"Grape\" data-attribute_value=\"grape\"><span class=\"vi-wpvs-option vi-wpvs-option-button\">Grozdje<\/span><\/div>\n<div class=\"vi-wpvs-option-wrap vi-wpvs-option-wrap-default\" data-attribute_label=\"Grapes Energy\" data-attribute_value=\"grapes-energy\"><span class=\"vi-wpvs-option vi-wpvs-option-button\">Grozdje Energija<\/span><\/div>\n<div class=\"vi-wpvs-option-wrap vi-wpvs-option-wrap-default\" data-attribute_label=\"Kiwi Passion Fruit Guava\" data-attribute_value=\"kiwi-passion-fruit-guava\"><span class=\"vi-wpvs-option vi-wpvs-option-button\">Kivi Pasijonka Guava<\/span><\/div>\n<div class=\"vi-wpvs-option-wrap vi-wpvs-option-wrap-default\" data-attribute_label=\"Mango\" data-attribute_value=\"mango\"><span class=\"vi-wpvs-option vi-wpvs-option-button\">Mango<\/span><\/div>\n<div class=\"vi-wpvs-option-wrap vi-wpvs-option-wrap-default\" data-attribute_label=\"Mango Peach Watermelon\" data-attribute_value=\"mango-peach-watermelon\"><span class=\"vi-wpvs-option vi-wpvs-option-button\">Mango breskev lubenica<\/span><\/div>\n<div class=\"vi-wpvs-option-wrap vi-wpvs-option-wrap-default\" data-attribute_label=\"Peach Ice\" data-attribute_value=\"peach-ice-2\"><span class=\"vi-wpvs-option vi-wpvs-option-button\">Ledena breskev<\/span><\/div>\n<div class=\"vi-wpvs-option-wrap vi-wpvs-option-wrap-default\" data-attribute_label=\"Peach Mango Guava\" data-attribute_value=\"peach-mango-guava\"><span class=\"vi-wpvs-option vi-wpvs-option-button\">Breskev Mango Guava<\/span><\/div>\n<div class=\"vi-wpvs-option-wrap vi-wpvs-option-wrap-default\" data-attribute_label=\"Pink Lemonade\" data-attribute_value=\"pink-lemonade\"><span class=\"vi-wpvs-option vi-wpvs-option-button\">Roza limonada<\/span><\/div>\n<div class=\"vi-wpvs-option-wrap vi-wpvs-option-wrap-selected\" data-attribute_label=\"Sour Apple\" data-attribute_value=\"sour-apple\"><span class=\"vi-wpvs-option vi-wpvs-option-button\">Kislo jabolko<\/span><\/div>\n<div class=\"vi-wpvs-option-wrap vi-wpvs-option-wrap-default\" data-attribute_label=\"Strawberry Banana\" data-attribute_value=\"strawberry-banana\"><span class=\"vi-wpvs-option vi-wpvs-option-button\">Jagoda Banana<\/span><\/div>\n<div class=\"vi-wpvs-option-wrap vi-wpvs-option-wrap-default\" data-attribute_label=\"strawberry energy\" data-attribute_value=\"strawberry-energy\"><span class=\"vi-wpvs-option vi-wpvs-option-button\">jagodna energija<\/span><\/div>\n<div class=\"vi-wpvs-option-wrap vi-wpvs-option-wrap-default\" data-attribute_label=\"Strawberry Grape\" data-attribute_value=\"strawberry-grape\"><span class=\"vi-wpvs-option vi-wpvs-option-button\">jagoda grozdje<\/span><\/div>\n<div class=\"vi-wpvs-option-wrap vi-wpvs-option-wrap-default\" data-attribute_label=\"Strawberry Ice\" data-attribute_value=\"strawberry-ice-2\"><span class=\"vi-wpvs-option vi-wpvs-option-button\">Jagodni led<\/span><\/div>\n<div class=\"vi-wpvs-option-wrap vi-wpvs-option-wrap-hover\" data-attribute_label=\"Watermelon\" data-attribute_value=\"watermelon\"><span class=\"vi-wpvs-option vi-wpvs-option-button\">Melona<\/span><\/div>\n<div data-attribute_label=\"Watermelon\" data-attribute_value=\"watermelon\"><\/div>","protected":false},"excerpt":{"rendered":"<div class=\"wsppc_div_block woocommerce_before_add_to_cart_form\">\r\n<p><strong><span style=\"color: #00a859;\">Opraviti carinsko po\u0161to<\/span> pred dostavo &amp; 100% Garancija dostave, Dostava v pribli\u017eno 19\u201325 dneh.\u00a0<\/strong><\/p>\r\n<\/div>\n<p>100% Izvirni Elf Bar s kodo QR<\/p>","protected":false},"featured_media":26794,"comment_status":"open","ping_status":"closed","template":"","meta":[],"pwb-brand":[1278],"product_cat":[48],"product_tag":[60,87,90,22,24],"class_list":{"0":"post-4537","1":"product","2":"type-product","3":"status-publish","4":"has-post-thumbnail","6":"pwb-brand-elf-bar","7":"product_cat-below-2000-puffs","8":"product_tag-elf-bar","9":"product_tag-3-2ml","10":"product_tag-800-puffs","11":"product_tag-disposable","12":"product_tag-wholesale","14":"first","15":"instock","16":"shipping-taxable","17":"purchasable","18":"product-type-variable"},"aioseo_notices":[],"brands":[{"id":1278,"name":"Bar Elf","slug":"elfov-bar"}],"_links":{"self":[{"href":"https:\/\/www.vape4wholesale.com\/sl\/wp-json\/wp\/v2\/product\/4537","targetHints":{"allow":["GET"]}}],"collection":[{"href":"https:\/\/www.vape4wholesale.com\/sl\/wp-json\/wp\/v2\/product"}],"about":[{"href":"https:\/\/www.vape4wholesale.com\/sl\/wp-json\/wp\/v2\/types\/product"}],"replies":[{"embeddable":true,"href":"https:\/\/www.vape4wholesale.com\/sl\/wp-json\/wp\/v2\/comments?post=4537"}],"wp:featuredmedia":[{"embeddable":true,"href":"https:\/\/www.vape4wholesale.com\/sl\/wp-json\/wp\/v2\/media\/26794"}],"wp:attachment":[{"href":"https:\/\/www.vape4wholesale.com\/sl\/wp-json\/wp\/v2\/media?parent=4537"}],"wp:term":[{"taxonomy":"pwb-brand","embeddable":true,"href":"https:\/\/www.vape4wholesale.com\/sl\/wp-json\/wp\/v2\/pwb-brand?post=4537"},{"taxonomy":"product_cat","embeddable":true,"href":"https:\/\/www.vape4wholesale.com\/sl\/wp-json\/wp\/v2\/product_cat?post=4537"},{"taxonomy":"product_tag","embeddable":true,"href":"https:\/\/www.vape4wholesale.com\/sl\/wp-json\/wp\/v2\/product_tag?post=4537"}],"curies":[{"name":"wp","href":"https:\/\/api.w.org\/{rel}","templated":true}]}}