{"id":3519,"date":"2021-05-18T21:03:19","date_gmt":"2021-05-18T13:03:19","guid":{"rendered":"https:\/\/www.vape4wholesale.com\/?post_type=product&#038;p=3519"},"modified":"2026-01-26T13:44:02","modified_gmt":"2026-01-26T13:44:02","slug":"elf-bar-2500-za-enkratno-uporabo-vape-na-debelo","status":"publish","type":"product","link":"https:\/\/www.vape4wholesale.com\/sl\/product\/elf-bar-2500-disposable-vape-wholesale","title":{"rendered":"Elf Bar 2500 Vape za enkratno uporabo na debelo"},"content":{"rendered":"<p><a href=\"https:\/\/www.vape4wholesale.com\/sl\/product_brand\/elfov-bar\/\">Bar Elf<\/a> 2500 Vape za enkratno uporabo je opremljen z baterijo 1400 mAh in 8 ml e-soje z razli\u010dnimi okusi. vsebuje 5% ali 2% slanega niklja, podpira do 2500 puffov.<\/p>\n<p><span class=\"src\" data-group=\"0-0\">Zagotavlja lahko stabilno izhodno mo\u010d in bogat okus vsakega puffa.<\/span><span class=\"src\" data-group=\"0-1\">\u00a0vam omogo\u010da najbolj gladko in polno izku\u0161njo e-cigarete za enkratno uporabo.<\/span><\/p>\n<h2>Elf Bar 2500 Vape za enkratno uporabo Quick Detail<\/h2>\n<p>Velikost: 108 x 23 mm<br \/>\nKapaciteta e-teko\u010dine: 8ml<br \/>\nMo\u010d nikotina: 5%\/2%\/2%SE<br \/>\nZmogljivost baterije: 1400 mAh<br \/>\nPuffs: 2500 Puffs<\/p>\n<h2>Prednosti<\/h2>\n<p>Vertikalna struktura dvojne tuljave zagotavlja \u010distost okusa<br \/>\nVe\u010dja zmogljivost baterije in ve\u010dja zmogljivost e-teko\u010dine<br \/>\nElegantni gradienti z gladkim ob\u010dutkom v roki<br \/>\nVe\u010d sadnih okusov ustreza razli\u010dnim potrebam<\/p>\n<h2>Okusi<\/h2>\n<p>Bananino mleko<br \/>\nModra limonada Razz<br \/>\nSo\u010dna breskev<br \/>\nRoza limonada<br \/>\nJagodni led<br \/>\nKislo jabolko<br \/>\nKokosova melona<br \/>\nBreskev Mango Guava<br \/>\nMango breskev lubenica<br \/>\nGrozdna energija<\/p>\n<p><img loading=\"lazy\" decoding=\"async\" class=\"alignnone size-full wp-image-26795\" title=\"Elf Bar 2500 Vape za enkratno uporabo na debelo pakiran (16)\" src=\"https:\/\/www.vape4wholesale.com\/wp-content\/uploads\/2021\/05\/Elf-Bar-2500-Disposable-Vape-Wholesale_Packed-16-1.jpg\" alt=\"Elf Bar 2500 Vape za enkratno uporabo na debelo pakiran (16)\" width=\"600\" height=\"600\" srcset=\"https:\/\/www.vape4wholesale.com\/wp-content\/uploads\/2021\/05\/Elf-Bar-2500-Disposable-Vape-Wholesale_Packed-16-1.jpg 600w, https:\/\/www.vape4wholesale.com\/wp-content\/uploads\/2021\/05\/Elf-Bar-2500-Disposable-Vape-Wholesale_Packed-16-1-300x300.jpg 300w, https:\/\/www.vape4wholesale.com\/wp-content\/uploads\/2021\/05\/Elf-Bar-2500-Disposable-Vape-Wholesale_Packed-16-1-150x150.jpg 150w, https:\/\/www.vape4wholesale.com\/wp-content\/uploads\/2021\/05\/Elf-Bar-2500-Disposable-Vape-Wholesale_Packed-16-1-12x12.jpg 12w, https:\/\/www.vape4wholesale.com\/wp-content\/uploads\/2021\/05\/Elf-Bar-2500-Disposable-Vape-Wholesale_Packed-16-1-247x247.jpg 247w, https:\/\/www.vape4wholesale.com\/wp-content\/uploads\/2021\/05\/Elf-Bar-2500-Disposable-Vape-Wholesale_Packed-16-1-510x510.jpg 510w, https:\/\/www.vape4wholesale.com\/wp-content\/uploads\/2021\/05\/Elf-Bar-2500-Disposable-Vape-Wholesale_Packed-16-1-100x100.jpg 100w\" sizes=\"auto, (max-width: 600px) 100vw, 600px\" \/><\/p>","protected":false},"excerpt":{"rendered":"<div class=\"wsppc_div_block woocommerce_before_add_to_cart_form\">\r\n<p><strong><span style=\"color: #00a859;\">Opraviti carinsko po\u0161to<\/span> pred dostavo &amp; 100% Garancija dostave, Dostava v pribli\u017eno 19\u201325 dneh.\u00a0<\/strong><\/p>\r\n<\/div>","protected":false},"featured_media":26795,"comment_status":"open","ping_status":"closed","template":"","meta":[],"pwb-brand":[1278],"product_cat":[25],"product_tag":[22,24,27,60,70],"class_list":{"0":"post-3519","1":"product","2":"type-product","3":"status-publish","4":"has-post-thumbnail","6":"pwb-brand-elf-bar","7":"product_cat-2000-3000-puffs","8":"product_tag-disposable","9":"product_tag-wholesale","10":"product_tag-2500-puffs","11":"product_tag-elf-bar","12":"product_tag-8-0ml","14":"first","15":"instock","16":"shipping-taxable","17":"purchasable","18":"product-type-variable"},"aioseo_notices":[],"brands":[{"id":1278,"name":"Bar Elf","slug":"elfov-bar"}],"_links":{"self":[{"href":"https:\/\/www.vape4wholesale.com\/sl\/wp-json\/wp\/v2\/product\/3519","targetHints":{"allow":["GET"]}}],"collection":[{"href":"https:\/\/www.vape4wholesale.com\/sl\/wp-json\/wp\/v2\/product"}],"about":[{"href":"https:\/\/www.vape4wholesale.com\/sl\/wp-json\/wp\/v2\/types\/product"}],"replies":[{"embeddable":true,"href":"https:\/\/www.vape4wholesale.com\/sl\/wp-json\/wp\/v2\/comments?post=3519"}],"wp:featuredmedia":[{"embeddable":true,"href":"https:\/\/www.vape4wholesale.com\/sl\/wp-json\/wp\/v2\/media\/26795"}],"wp:attachment":[{"href":"https:\/\/www.vape4wholesale.com\/sl\/wp-json\/wp\/v2\/media?parent=3519"}],"wp:term":[{"taxonomy":"pwb-brand","embeddable":true,"href":"https:\/\/www.vape4wholesale.com\/sl\/wp-json\/wp\/v2\/pwb-brand?post=3519"},{"taxonomy":"product_cat","embeddable":true,"href":"https:\/\/www.vape4wholesale.com\/sl\/wp-json\/wp\/v2\/product_cat?post=3519"},{"taxonomy":"product_tag","embeddable":true,"href":"https:\/\/www.vape4wholesale.com\/sl\/wp-json\/wp\/v2\/product_tag?post=3519"}],"curies":[{"name":"wp","href":"https:\/\/api.w.org\/{rel}","templated":true}]}}